{"id":183,"date":"2023-07-05T08:38:27","date_gmt":"2023-07-05T06:38:27","guid":{"rendered":"http:\/\/toypek.eu\/shop\/"},"modified":"2023-07-05T11:44:16","modified_gmt":"2023-07-05T11:44:16","slug":"produktauswahl","status":"publish","type":"page","link":"https:\/\/toypek.eu\/de\/produktauswahl\/","title":{"rendered":"Produktauswahl"},"content":{"rendered":"","protected":false},"excerpt":{"rendered":"","protected":false},"author":5,"featured_media":0,"parent":0,"menu_order":0,"comment_status":"closed","ping_status":"closed","template":"","meta":{"_acf_changed":false,"_joinchat":[],"footnotes":""},"class_list":["post-183","page","type-page","status-publish","hentry"],"acf":[],"yoast_head":"<!-- This site is optimized with the Yoast SEO Premium plugin v20.8 (Yoast SEO v27.3) - https:\/\/yoast.com\/product\/yoast-seo-premium-wordpress\/ -->\n<title>Entdecken Sie hier unsere Auswahl an mobilen Sanit\u00e4rprodukten!<\/title>\n<meta name=\"description\" content=\"Der Kauf einer tragbaren Toilette erfordert sorgf\u00e4ltige \u00dcberlegungen anstelle einer impulsiven Entscheidung. Es gibt mehrere Faktoren zu beachten, wenn Sie eine tragbare Toilette ausw\u00e4hlen. Toypek.eu hat sich darauf spezialisiert, mobile Toiletten zu entwickeln, die speziell auf die Bed\u00fcrfnisse und Vorlieben des Marktes f\u00fcr mobile sanit\u00e4re Einrichtungen zugeschnitten sind.\" \/>\n<meta name=\"robots\" content=\"index, follow, max-snippet:-1, max-image-preview:large, max-video-preview:-1\" \/>\n<link rel=\"canonical\" href=\"https:\/\/toypek.eu\/de\/produktauswahl\/\" \/>\n<meta property=\"og:locale\" content=\"de_DE\" \/>\n<meta property=\"og:type\" content=\"article\" \/>\n<meta property=\"og:title\" content=\"Produktauswahl\" \/>\n<meta property=\"og:description\" content=\"Der Kauf einer tragbaren Toilette erfordert sorgf\u00e4ltige \u00dcberlegungen anstelle einer impulsiven Entscheidung. Es gibt mehrere Faktoren zu beachten, wenn Sie eine tragbare Toilette ausw\u00e4hlen. Toypek.eu hat sich darauf spezialisiert, mobile Toiletten zu entwickeln, die speziell auf die Bed\u00fcrfnisse und Vorlieben des Marktes f\u00fcr mobile sanit\u00e4re Einrichtungen zugeschnitten sind.\" \/>\n<meta property=\"og:url\" content=\"https:\/\/toypek.eu\/de\/produktauswahl\/\" \/>\n<meta property=\"og:site_name\" content=\"Toypek\" \/>\n<meta property=\"article:modified_time\" content=\"2023-07-05T11:44:16+00:00\" \/>\n<meta name=\"twitter:card\" content=\"summary_large_image\" \/>\n<script type=\"application\/ld+json\" class=\"yoast-schema-graph\">{\"@context\":\"https:\\\/\\\/schema.org\",\"@graph\":[{\"@type\":\"WebPage\",\"@id\":\"https:\\\/\\\/toypek.eu\\\/de\\\/produktauswahl\\\/\",\"url\":\"https:\\\/\\\/toypek.eu\\\/de\\\/produktauswahl\\\/\",\"name\":\"Entdecken Sie hier unsere Auswahl an mobilen Sanit\u00e4rprodukten!\",\"isPartOf\":{\"@id\":\"https:\\\/\\\/toypek.eu\\\/de\\\/#website\"},\"datePublished\":\"2023-07-05T06:38:27+00:00\",\"dateModified\":\"2023-07-05T11:44:16+00:00\",\"description\":\"Der Kauf einer tragbaren Toilette erfordert sorgf\u00e4ltige \u00dcberlegungen anstelle einer impulsiven Entscheidung. Es gibt mehrere Faktoren zu beachten, wenn Sie eine tragbare Toilette ausw\u00e4hlen. Toypek.eu hat sich darauf spezialisiert, mobile Toiletten zu entwickeln, die speziell auf die Bed\u00fcrfnisse und Vorlieben des Marktes f\u00fcr mobile sanit\u00e4re Einrichtungen zugeschnitten sind.\",\"breadcrumb\":{\"@id\":\"https:\\\/\\\/toypek.eu\\\/de\\\/produktauswahl\\\/#breadcrumb\"},\"inLanguage\":\"de\",\"potentialAction\":[{\"@type\":\"ReadAction\",\"target\":[\"https:\\\/\\\/toypek.eu\\\/de\\\/produktauswahl\\\/\"]}]},{\"@type\":\"BreadcrumbList\",\"@id\":\"https:\\\/\\\/toypek.eu\\\/de\\\/produktauswahl\\\/#breadcrumb\",\"itemListElement\":[{\"@type\":\"ListItem\",\"position\":1,\"name\":\"Home\",\"item\":\"https:\\\/\\\/toypek.eu\\\/de\\\/\"},{\"@type\":\"ListItem\",\"position\":2,\"name\":\"Produktauswahl\"}]},{\"@type\":\"WebSite\",\"@id\":\"https:\\\/\\\/toypek.eu\\\/de\\\/#website\",\"url\":\"https:\\\/\\\/toypek.eu\\\/de\\\/\",\"name\":\"Toypek\",\"description\":\"\",\"potentialAction\":[{\"@type\":\"SearchAction\",\"target\":{\"@type\":\"EntryPoint\",\"urlTemplate\":\"https:\\\/\\\/toypek.eu\\\/de\\\/?s={search_term_string}\"},\"query-input\":{\"@type\":\"PropertyValueSpecification\",\"valueRequired\":true,\"valueName\":\"search_term_string\"}}],\"inLanguage\":\"de\"}]}<\/script>\n<!-- \/ Yoast SEO Premium plugin. -->","yoast_head_json":{"title":"Entdecken Sie hier unsere Auswahl an mobilen Sanit\u00e4rprodukten!","description":"Der Kauf einer tragbaren Toilette erfordert sorgf\u00e4ltige \u00dcberlegungen anstelle einer impulsiven Entscheidung. Es gibt mehrere Faktoren zu beachten, wenn Sie eine tragbare Toilette ausw\u00e4hlen. Toypek.eu hat sich darauf spezialisiert, mobile Toiletten zu entwickeln, die speziell auf die Bed\u00fcrfnisse und Vorlieben des Marktes f\u00fcr mobile sanit\u00e4re Einrichtungen zugeschnitten sind.","robots":{"index":"index","follow":"follow","max-snippet":"max-snippet:-1","max-image-preview":"max-image-preview:large","max-video-preview":"max-video-preview:-1"},"canonical":"https:\/\/toypek.eu\/de\/produktauswahl\/","og_locale":"de_DE","og_type":"article","og_title":"Produktauswahl","og_description":"Der Kauf einer tragbaren Toilette erfordert sorgf\u00e4ltige \u00dcberlegungen anstelle einer impulsiven Entscheidung. Es gibt mehrere Faktoren zu beachten, wenn Sie eine tragbare Toilette ausw\u00e4hlen. Toypek.eu hat sich darauf spezialisiert, mobile Toiletten zu entwickeln, die speziell auf die Bed\u00fcrfnisse und Vorlieben des Marktes f\u00fcr mobile sanit\u00e4re Einrichtungen zugeschnitten sind.","og_url":"https:\/\/toypek.eu\/de\/produktauswahl\/","og_site_name":"Toypek","article_modified_time":"2023-07-05T11:44:16+00:00","twitter_card":"summary_large_image","schema":{"@context":"https:\/\/schema.org","@graph":[{"@type":"WebPage","@id":"https:\/\/toypek.eu\/de\/produktauswahl\/","url":"https:\/\/toypek.eu\/de\/produktauswahl\/","name":"Entdecken Sie hier unsere Auswahl an mobilen Sanit\u00e4rprodukten!","isPartOf":{"@id":"https:\/\/toypek.eu\/de\/#website"},"datePublished":"2023-07-05T06:38:27+00:00","dateModified":"2023-07-05T11:44:16+00:00","description":"Der Kauf einer tragbaren Toilette erfordert sorgf\u00e4ltige \u00dcberlegungen anstelle einer impulsiven Entscheidung. Es gibt mehrere Faktoren zu beachten, wenn Sie eine tragbare Toilette ausw\u00e4hlen. Toypek.eu hat sich darauf spezialisiert, mobile Toiletten zu entwickeln, die speziell auf die Bed\u00fcrfnisse und Vorlieben des Marktes f\u00fcr mobile sanit\u00e4re Einrichtungen zugeschnitten sind.","breadcrumb":{"@id":"https:\/\/toypek.eu\/de\/produktauswahl\/#breadcrumb"},"inLanguage":"de","potentialAction":[{"@type":"ReadAction","target":["https:\/\/toypek.eu\/de\/produktauswahl\/"]}]},{"@type":"BreadcrumbList","@id":"https:\/\/toypek.eu\/de\/produktauswahl\/#breadcrumb","itemListElement":[{"@type":"ListItem","position":1,"name":"Home","item":"https:\/\/toypek.eu\/de\/"},{"@type":"ListItem","position":2,"name":"Produktauswahl"}]},{"@type":"WebSite","@id":"https:\/\/toypek.eu\/de\/#website","url":"https:\/\/toypek.eu\/de\/","name":"Toypek","description":"","potentialAction":[{"@type":"SearchAction","target":{"@type":"EntryPoint","urlTemplate":"https:\/\/toypek.eu\/de\/?s={search_term_string}"},"query-input":{"@type":"PropertyValueSpecification","valueRequired":true,"valueName":"search_term_string"}}],"inLanguage":"de"}]}},"_links":{"self":[{"href":"https:\/\/toypek.eu\/de\/wp-json\/wp\/v2\/pages\/183","targetHints":{"allow":["GET"]}}],"collection":[{"href":"https:\/\/toypek.eu\/de\/wp-json\/wp\/v2\/pages"}],"about":[{"href":"https:\/\/toypek.eu\/de\/wp-json\/wp\/v2\/types\/page"}],"author":[{"embeddable":true,"href":"https:\/\/toypek.eu\/de\/wp-json\/wp\/v2\/users\/5"}],"replies":[{"embeddable":true,"href":"https:\/\/toypek.eu\/de\/wp-json\/wp\/v2\/comments?post=183"}],"version-history":[{"count":0,"href":"https:\/\/toypek.eu\/de\/wp-json\/wp\/v2\/pages\/183\/revisions"}],"wp:attachment":[{"href":"https:\/\/toypek.eu\/de\/wp-json\/wp\/v2\/media?parent=183"}],"curies":[{"name":"wp","href":"https:\/\/api.w.org\/{rel}","templated":true}]}}