{"id":10735,"date":"2023-06-09T14:11:18","date_gmt":"2023-06-09T12:11:18","guid":{"rendered":"http:\/\/toypek.eu\/product\/stack-urinal-4pers-2\/"},"modified":"2025-11-07T10:27:28","modified_gmt":"2025-11-07T09:27:28","slug":"mobiles-stapelurinal-4-personen","status":"publish","type":"product","link":"https:\/\/toypek.eu\/de\/produkt\/mobiles-stapelurinal-4-personen\/","title":{"rendered":"Mobiles Stapelurinal f\u00fcr 4 Personen"},"content":{"rendered":"\n<p>\nUnsere stapelbaren Urinale f&uuml;r 4 Personen sind speziell f&uuml;r Veranstaltungen entwickelt, um Transportkosten f&uuml;r Vermieter zu reduzieren. Durch das stapelbare Design k&ouml;nnen mehrere Urinale gleichzeitig transportiert werden. Sie sind leicht zu befestigen und ben&ouml;tigen dank ihrer kompakten Abmessungen kaum mehr Platz als eine einzelne mobile Toilette. Das Stapelurinal f&uuml;r 4 Personen bietet Platz f&uuml;r bis zu vier Benutzer gleichzeitig.\n<\/p>\n<h2>Vorteile unseres Stapelurinals f&uuml;r 4 Personen:<\/h2>\n<ul>\n<li>Einfaches Be- und Entladen des mobilen Urinals<\/li>\n<li>Kompakte Ma&szlig;e f&uuml;r minimalen Platzbedarf beim Transport<\/li>\n<li>Bequeme Entleerung &uuml;ber eine Kunststoffkappe mit Anschlussm&ouml;glichkeit f&uuml;r Vakuumschlauch<\/li>\n<li>Leichtes Gewicht (40 kg) &ndash; einfach von Hand zu bewegen<\/li>\n<li>Stapelbar bis zu vier Einheiten<\/li>\n<li>Erh&auml;ltlich in f&uuml;nf verschiedenen Farben<\/li>\n<\/ul>\n\n","protected":false},"excerpt":{"rendered":"<p>Das stapelbare Urinal f\u00fcr 4 Personen ist die ideale mobile L\u00f6sung f\u00fcr Veranstaltungen. Es l\u00e4sst sich bis zu viermal \u00fcbereinander stapeln, was Lagerung und Transport besonders einfach macht. Die leichten Einheiten sind bequem zu entleeren und in f\u00fcnf Farben erh\u00e4ltlich: Grau, Blau, Gr\u00fcn, Rot und Limone.<\/p>\n","protected":false},"featured_media":10329,"comment_status":"open","ping_status":"closed","template":"","meta":{"_acf_changed":false,"_joinchat":[]},"product_brand":[],"product_cat":[94],"product_tag":[],"class_list":{"0":"post-10735","1":"product","2":"type-product","3":"status-publish","4":"has-post-thumbnail","6":"product_cat-mobile-urinal","8":"first","9":"instock","10":"shipping-taxable","11":"product-type-variable"},"acf":[],"yoast_head":"<!-- This site is optimized with the Yoast SEO Premium plugin v20.8 (Yoast SEO v27.3) - https:\/\/yoast.com\/product\/yoast-seo-premium-wordpress\/ -->\n<title>Mobiles Stapelurinal f\u00fcr 4 Personen - Toypek<\/title>\n<meta name=\"description\" content=\"Stapelbares Urinal f\u00fcr 4 Personen, stapelbar bis zu vier Einheiten und leicht zu transportieren. Mobiles Urinal kaufen und Preis entdecken.\" \/>\n<meta name=\"robots\" content=\"index, follow, max-snippet:-1, max-image-preview:large, max-video-preview:-1\" \/>\n<link rel=\"canonical\" href=\"https:\/\/toypek.eu\/de\/produkt\/mobiles-stapelurinal-4-personen\/\" \/>\n<meta property=\"og:locale\" content=\"de_DE\" \/>\n<meta property=\"og:type\" content=\"article\" \/>\n<meta property=\"og:title\" content=\"Mobiles Stapelurinal f\u00fcr 4 Personen\" \/>\n<meta property=\"og:description\" content=\"Stapelbares Urinal f\u00fcr 4 Personen, stapelbar bis zu vier Einheiten und leicht zu transportieren. Mobiles Urinal kaufen und Preis entdecken.\" \/>\n<meta property=\"og:url\" content=\"https:\/\/toypek.eu\/de\/produkt\/mobiles-stapelurinal-4-personen\/\" \/>\n<meta property=\"og:site_name\" content=\"Toypek\" \/>\n<meta property=\"article:modified_time\" content=\"2025-11-07T09:27:28+00:00\" \/>\n<meta property=\"og:image\" content=\"https:\/\/cdn.toypek.eu\/images\/tp-img-132.png\" \/>\n\t<meta property=\"og:image:width\" content=\"1000\" \/>\n\t<meta property=\"og:image:height\" content=\"1000\" \/>\n\t<meta property=\"og:image:type\" content=\"image\/png\" \/>\n<meta name=\"twitter:card\" content=\"summary_large_image\" \/>\n<meta name=\"twitter:label1\" content=\"Gesch\u00e4tzte Lesezeit\" \/>\n\t<meta name=\"twitter:data1\" content=\"1\u00a0Minute\" \/>\n<script type=\"application\/ld+json\" class=\"yoast-schema-graph\">{\"@context\":\"https:\\\/\\\/schema.org\",\"@graph\":[{\"@type\":\"WebPage\",\"@id\":\"https:\\\/\\\/toypek.eu\\\/de\\\/produkt\\\/mobiles-stapelurinal-4-personen\\\/\",\"url\":\"https:\\\/\\\/toypek.eu\\\/de\\\/produkt\\\/mobiles-stapelurinal-4-personen\\\/\",\"name\":\"Mobiles Stapelurinal f\u00fcr 4 Personen - Toypek\",\"isPartOf\":{\"@id\":\"https:\\\/\\\/toypek.eu\\\/de\\\/#website\"},\"primaryImageOfPage\":{\"@id\":\"https:\\\/\\\/toypek.eu\\\/de\\\/produkt\\\/mobiles-stapelurinal-4-personen\\\/#primaryimage\"},\"image\":{\"@id\":\"https:\\\/\\\/toypek.eu\\\/de\\\/produkt\\\/mobiles-stapelurinal-4-personen\\\/#primaryimage\"},\"thumbnailUrl\":\"https:\\\/\\\/cdn.toypek.eu\\\/images\\\/tp-img-132.png\",\"datePublished\":\"2023-06-09T12:11:18+00:00\",\"dateModified\":\"2025-11-07T09:27:28+00:00\",\"description\":\"Stapelbares Urinal f\u00fcr 4 Personen, stapelbar bis zu vier Einheiten und leicht zu transportieren. Mobiles Urinal kaufen und Preis entdecken.\",\"breadcrumb\":{\"@id\":\"https:\\\/\\\/toypek.eu\\\/de\\\/produkt\\\/mobiles-stapelurinal-4-personen\\\/#breadcrumb\"},\"inLanguage\":\"de\",\"potentialAction\":[{\"@type\":\"ReadAction\",\"target\":[\"https:\\\/\\\/toypek.eu\\\/de\\\/produkt\\\/mobiles-stapelurinal-4-personen\\\/\"]}]},{\"@type\":\"ImageObject\",\"inLanguage\":\"de\",\"@id\":\"https:\\\/\\\/toypek.eu\\\/de\\\/produkt\\\/mobiles-stapelurinal-4-personen\\\/#primaryimage\",\"url\":\"https:\\\/\\\/cdn.toypek.eu\\\/images\\\/tp-img-132.png\",\"contentUrl\":\"https:\\\/\\\/cdn.toypek.eu\\\/images\\\/tp-img-132.png\",\"width\":1000,\"height\":1000},{\"@type\":\"BreadcrumbList\",\"@id\":\"https:\\\/\\\/toypek.eu\\\/de\\\/produkt\\\/mobiles-stapelurinal-4-personen\\\/#breadcrumb\",\"itemListElement\":[{\"@type\":\"ListItem\",\"position\":1,\"name\":\"Home\",\"item\":\"https:\\\/\\\/toypek.eu\\\/de\\\/\"},{\"@type\":\"ListItem\",\"position\":2,\"name\":\"Produktauswahl\",\"item\":\"https:\\\/\\\/toypek.eu\\\/de\\\/produktauswahl\\\/\"},{\"@type\":\"ListItem\",\"position\":3,\"name\":\"Mobiles Stapelurinal f\u00fcr 4 Personen\"}]},{\"@type\":\"WebSite\",\"@id\":\"https:\\\/\\\/toypek.eu\\\/de\\\/#website\",\"url\":\"https:\\\/\\\/toypek.eu\\\/de\\\/\",\"name\":\"Toypek\",\"description\":\"\",\"potentialAction\":[{\"@type\":\"SearchAction\",\"target\":{\"@type\":\"EntryPoint\",\"urlTemplate\":\"https:\\\/\\\/toypek.eu\\\/de\\\/?s={search_term_string}\"},\"query-input\":{\"@type\":\"PropertyValueSpecification\",\"valueRequired\":true,\"valueName\":\"search_term_string\"}}],\"inLanguage\":\"de\"}]}<\/script>\n<!-- \/ Yoast SEO Premium plugin. -->","yoast_head_json":{"title":"Mobiles Stapelurinal f\u00fcr 4 Personen - Toypek","description":"Stapelbares Urinal f\u00fcr 4 Personen, stapelbar bis zu vier Einheiten und leicht zu transportieren. Mobiles Urinal kaufen und Preis entdecken.","robots":{"index":"index","follow":"follow","max-snippet":"max-snippet:-1","max-image-preview":"max-image-preview:large","max-video-preview":"max-video-preview:-1"},"canonical":"https:\/\/toypek.eu\/de\/produkt\/mobiles-stapelurinal-4-personen\/","og_locale":"de_DE","og_type":"article","og_title":"Mobiles Stapelurinal f\u00fcr 4 Personen","og_description":"Stapelbares Urinal f\u00fcr 4 Personen, stapelbar bis zu vier Einheiten und leicht zu transportieren. Mobiles Urinal kaufen und Preis entdecken.","og_url":"https:\/\/toypek.eu\/de\/produkt\/mobiles-stapelurinal-4-personen\/","og_site_name":"Toypek","article_modified_time":"2025-11-07T09:27:28+00:00","og_image":[{"width":1000,"height":1000,"url":"https:\/\/cdn.toypek.eu\/images\/tp-img-132.png","type":"image\/png"}],"twitter_card":"summary_large_image","twitter_misc":{"Gesch\u00e4tzte Lesezeit":"1\u00a0Minute"},"schema":{"@context":"https:\/\/schema.org","@graph":[{"@type":"WebPage","@id":"https:\/\/toypek.eu\/de\/produkt\/mobiles-stapelurinal-4-personen\/","url":"https:\/\/toypek.eu\/de\/produkt\/mobiles-stapelurinal-4-personen\/","name":"Mobiles Stapelurinal f\u00fcr 4 Personen - Toypek","isPartOf":{"@id":"https:\/\/toypek.eu\/de\/#website"},"primaryImageOfPage":{"@id":"https:\/\/toypek.eu\/de\/produkt\/mobiles-stapelurinal-4-personen\/#primaryimage"},"image":{"@id":"https:\/\/toypek.eu\/de\/produkt\/mobiles-stapelurinal-4-personen\/#primaryimage"},"thumbnailUrl":"https:\/\/cdn.toypek.eu\/images\/tp-img-132.png","datePublished":"2023-06-09T12:11:18+00:00","dateModified":"2025-11-07T09:27:28+00:00","description":"Stapelbares Urinal f\u00fcr 4 Personen, stapelbar bis zu vier Einheiten und leicht zu transportieren. Mobiles Urinal kaufen und Preis entdecken.","breadcrumb":{"@id":"https:\/\/toypek.eu\/de\/produkt\/mobiles-stapelurinal-4-personen\/#breadcrumb"},"inLanguage":"de","potentialAction":[{"@type":"ReadAction","target":["https:\/\/toypek.eu\/de\/produkt\/mobiles-stapelurinal-4-personen\/"]}]},{"@type":"ImageObject","inLanguage":"de","@id":"https:\/\/toypek.eu\/de\/produkt\/mobiles-stapelurinal-4-personen\/#primaryimage","url":"https:\/\/cdn.toypek.eu\/images\/tp-img-132.png","contentUrl":"https:\/\/cdn.toypek.eu\/images\/tp-img-132.png","width":1000,"height":1000},{"@type":"BreadcrumbList","@id":"https:\/\/toypek.eu\/de\/produkt\/mobiles-stapelurinal-4-personen\/#breadcrumb","itemListElement":[{"@type":"ListItem","position":1,"name":"Home","item":"https:\/\/toypek.eu\/de\/"},{"@type":"ListItem","position":2,"name":"Produktauswahl","item":"https:\/\/toypek.eu\/de\/produktauswahl\/"},{"@type":"ListItem","position":3,"name":"Mobiles Stapelurinal f\u00fcr 4 Personen"}]},{"@type":"WebSite","@id":"https:\/\/toypek.eu\/de\/#website","url":"https:\/\/toypek.eu\/de\/","name":"Toypek","description":"","potentialAction":[{"@type":"SearchAction","target":{"@type":"EntryPoint","urlTemplate":"https:\/\/toypek.eu\/de\/?s={search_term_string}"},"query-input":{"@type":"PropertyValueSpecification","valueRequired":true,"valueName":"search_term_string"}}],"inLanguage":"de"}]}},"_links":{"self":[{"href":"https:\/\/toypek.eu\/de\/wp-json\/wp\/v2\/product\/10735","targetHints":{"allow":["GET"]}}],"collection":[{"href":"https:\/\/toypek.eu\/de\/wp-json\/wp\/v2\/product"}],"about":[{"href":"https:\/\/toypek.eu\/de\/wp-json\/wp\/v2\/types\/product"}],"replies":[{"embeddable":true,"href":"https:\/\/toypek.eu\/de\/wp-json\/wp\/v2\/comments?post=10735"}],"wp:featuredmedia":[{"embeddable":true,"href":"https:\/\/toypek.eu\/de\/wp-json\/wp\/v2\/media\/10329"}],"wp:attachment":[{"href":"https:\/\/toypek.eu\/de\/wp-json\/wp\/v2\/media?parent=10735"}],"wp:term":[{"taxonomy":"product_brand","embeddable":true,"href":"https:\/\/toypek.eu\/de\/wp-json\/wp\/v2\/product_brand?post=10735"},{"taxonomy":"product_cat","embeddable":true,"href":"https:\/\/toypek.eu\/de\/wp-json\/wp\/v2\/product_cat?post=10735"},{"taxonomy":"product_tag","embeddable":true,"href":"https:\/\/toypek.eu\/de\/wp-json\/wp\/v2\/product_tag?post=10735"}],"curies":[{"name":"wp","href":"https:\/\/api.w.org\/{rel}","templated":true}]}}