{"id":11208,"date":"2023-06-09T12:27:10","date_gmt":"2023-06-09T10:27:10","guid":{"rendered":"http:\/\/toypek.eu\/product\/plaszuil-pee6-2\/"},"modified":"2025-10-09T15:21:58","modified_gmt":"2025-10-09T13:21:58","slug":"mobiles-urinal-6-personen","status":"publish","type":"product","link":"https:\/\/toypek.eu\/de\/produkt\/mobiles-urinal-6-personen\/","title":{"rendered":"Mobiles urinal f\u00fcr 6 Personen"},"content":{"rendered":"\n<p>\nDas mobile Urinal f&uuml;r 6 Personen ist eine robuste und praktische L&ouml;sung f&uuml;r gro&szlig;e Veranstaltungen, Festivals oder Baustellen. Es bietet sechs gleichzeitige Urinalpl&auml;tze in einer kompakten und leicht transportierbaren Einheit. Dank seines durchdachten Designs l&auml;sst es sich schnell aufstellen und problemlos an verschiedene Einsatzorte bringen.\n<\/p>\n<p>\nGefertigt im Rotationsgussverfahren aus hochwertigem Polyethylen (PE), &uuml;berzeugt das Urinal durch Langlebigkeit und Stabilit&auml;t. Jede Einheit hat ein Fassungsverm&ouml;gen von 500 Litern, was etwa 1.875 Benutzungen entspricht, bevor eine Entleerung erforderlich ist. Trotz der hohen Kapazit&auml;t wiegt das Modell nur 120 kg, sodass bis zu 14 Einheiten auf einem LKW transportiert werden k&ouml;nnen. Das ergibt insgesamt 84 gleichzeitig nutzbare Urinalpl&auml;tze pro Transportfahrt.\n<\/p>\n<p>\nAufgrund des Rotationsgussverfahrens ist das mobile Urinal f&uuml;r 6 Personen ausschlie&szlig;lich in einer Mindestbestellmenge von sechs St&uuml;ck erh&auml;ltlich. Damit eignet es sich ideal f&uuml;r professionelle Vermieter, die Wert auf Effizienz, Kapazit&auml;t und einfache Logistik legen.<\/p>\n\n","protected":false},"excerpt":{"rendered":"<p>Fordern Sie jetzt ein Angebot f\u00fcr unsere Open-Air-Urinall\u00f6sung an. Beim Kauf mobiler Urinale ist es wichtig, den Verwendungszweck und den Transport f\u00fcr den Vermietungseinsatz sorgf\u00e4ltig zu ber\u00fccksichtigen. Unsere Urinale werden h\u00e4ufig bei Partys, Festivals und Veranstaltungen eingesetzt. Stellen Sie jetzt Ihr eigenes mobiles Urinal zusammen.<\/p>\n","protected":false},"featured_media":11144,"comment_status":"open","ping_status":"closed","template":"","meta":{"_acf_changed":false,"_joinchat":[]},"product_brand":[],"product_cat":[94],"product_tag":[],"class_list":{"0":"post-11208","1":"product","2":"type-product","3":"status-publish","4":"has-post-thumbnail","6":"product_cat-mobile-urinal","8":"first","9":"instock","10":"shipping-taxable","11":"product-type-simple"},"acf":[],"yoast_head":"<!-- This site is optimized with the Yoast SEO Premium plugin v20.8 (Yoast SEO v27.3) - https:\/\/yoast.com\/product\/yoast-seo-premium-wordpress\/ -->\n<title>Mobiles urinal f\u00fcr 6 Personen - Toypek<\/title>\n<meta name=\"description\" content=\"Kaufen Sie ein Urinal f\u00fcr 6 Personen bei Toypek \u2013 perfekt f\u00fcr Veranstaltungen und Baustellen. Robuste, mobile Urinale f\u00fcr die Vermietung.\" \/>\n<meta name=\"robots\" content=\"noindex, follow\" \/>\n<meta property=\"og:locale\" content=\"de_DE\" \/>\n<meta property=\"og:type\" content=\"article\" \/>\n<meta property=\"og:title\" content=\"Mobiles urinal f\u00fcr 6 Personen\" \/>\n<meta property=\"og:description\" content=\"Kaufen Sie ein Urinal f\u00fcr 6 Personen bei Toypek \u2013 perfekt f\u00fcr Veranstaltungen und Baustellen. Robuste, mobile Urinale f\u00fcr die Vermietung.\" \/>\n<meta property=\"og:url\" content=\"https:\/\/toypek.eu\/de\/produkt\/mobiles-urinal-6-personen\/\" \/>\n<meta property=\"og:site_name\" content=\"Toypek\" \/>\n<meta property=\"article:modified_time\" content=\"2025-10-09T13:21:58+00:00\" \/>\n<meta property=\"og:image\" content=\"https:\/\/cdn.toypek.eu\/images\/tp-img-228.png\" \/>\n\t<meta property=\"og:image:width\" content=\"1000\" \/>\n\t<meta property=\"og:image:height\" content=\"1000\" \/>\n\t<meta property=\"og:image:type\" content=\"image\/png\" \/>\n<meta name=\"twitter:card\" content=\"summary_large_image\" \/>\n<meta name=\"twitter:label1\" content=\"Gesch\u00e4tzte Lesezeit\" \/>\n\t<meta name=\"twitter:data1\" content=\"1\u00a0Minute\" \/>\n<script type=\"application\/ld+json\" class=\"yoast-schema-graph\">{\"@context\":\"https:\\\/\\\/schema.org\",\"@graph\":[{\"@type\":\"WebPage\",\"@id\":\"https:\\\/\\\/toypek.eu\\\/de\\\/produkt\\\/mobiles-urinal-6-personen\\\/\",\"url\":\"https:\\\/\\\/toypek.eu\\\/de\\\/produkt\\\/mobiles-urinal-6-personen\\\/\",\"name\":\"Mobiles urinal f\u00fcr 6 Personen - Toypek\",\"isPartOf\":{\"@id\":\"https:\\\/\\\/toypek.eu\\\/de\\\/#website\"},\"primaryImageOfPage\":{\"@id\":\"https:\\\/\\\/toypek.eu\\\/de\\\/produkt\\\/mobiles-urinal-6-personen\\\/#primaryimage\"},\"image\":{\"@id\":\"https:\\\/\\\/toypek.eu\\\/de\\\/produkt\\\/mobiles-urinal-6-personen\\\/#primaryimage\"},\"thumbnailUrl\":\"https:\\\/\\\/cdn.toypek.eu\\\/images\\\/tp-img-228.png\",\"datePublished\":\"2023-06-09T10:27:10+00:00\",\"dateModified\":\"2025-10-09T13:21:58+00:00\",\"description\":\"Kaufen Sie ein Urinal f\u00fcr 6 Personen bei Toypek \u2013 perfekt f\u00fcr Veranstaltungen und Baustellen. Robuste, mobile Urinale f\u00fcr die Vermietung.\",\"breadcrumb\":{\"@id\":\"https:\\\/\\\/toypek.eu\\\/de\\\/produkt\\\/mobiles-urinal-6-personen\\\/#breadcrumb\"},\"inLanguage\":\"de\",\"potentialAction\":[{\"@type\":\"ReadAction\",\"target\":[\"https:\\\/\\\/toypek.eu\\\/de\\\/produkt\\\/mobiles-urinal-6-personen\\\/\"]}]},{\"@type\":\"ImageObject\",\"inLanguage\":\"de\",\"@id\":\"https:\\\/\\\/toypek.eu\\\/de\\\/produkt\\\/mobiles-urinal-6-personen\\\/#primaryimage\",\"url\":\"https:\\\/\\\/cdn.toypek.eu\\\/images\\\/tp-img-228.png\",\"contentUrl\":\"https:\\\/\\\/cdn.toypek.eu\\\/images\\\/tp-img-228.png\",\"width\":1000,\"height\":1000},{\"@type\":\"BreadcrumbList\",\"@id\":\"https:\\\/\\\/toypek.eu\\\/de\\\/produkt\\\/mobiles-urinal-6-personen\\\/#breadcrumb\",\"itemListElement\":[{\"@type\":\"ListItem\",\"position\":1,\"name\":\"Home\",\"item\":\"https:\\\/\\\/toypek.eu\\\/de\\\/\"},{\"@type\":\"ListItem\",\"position\":2,\"name\":\"Produktauswahl\",\"item\":\"https:\\\/\\\/toypek.eu\\\/de\\\/produktauswahl\\\/\"},{\"@type\":\"ListItem\",\"position\":3,\"name\":\"Mobiles urinal f\u00fcr 6 Personen\"}]},{\"@type\":\"WebSite\",\"@id\":\"https:\\\/\\\/toypek.eu\\\/de\\\/#website\",\"url\":\"https:\\\/\\\/toypek.eu\\\/de\\\/\",\"name\":\"Toypek\",\"description\":\"\",\"potentialAction\":[{\"@type\":\"SearchAction\",\"target\":{\"@type\":\"EntryPoint\",\"urlTemplate\":\"https:\\\/\\\/toypek.eu\\\/de\\\/?s={search_term_string}\"},\"query-input\":{\"@type\":\"PropertyValueSpecification\",\"valueRequired\":true,\"valueName\":\"search_term_string\"}}],\"inLanguage\":\"de\"}]}<\/script>\n<!-- \/ Yoast SEO Premium plugin. -->","yoast_head_json":{"title":"Mobiles urinal f\u00fcr 6 Personen - Toypek","description":"Kaufen Sie ein Urinal f\u00fcr 6 Personen bei Toypek \u2013 perfekt f\u00fcr Veranstaltungen und Baustellen. Robuste, mobile Urinale f\u00fcr die Vermietung.","robots":{"index":"noindex","follow":"follow"},"og_locale":"de_DE","og_type":"article","og_title":"Mobiles urinal f\u00fcr 6 Personen","og_description":"Kaufen Sie ein Urinal f\u00fcr 6 Personen bei Toypek \u2013 perfekt f\u00fcr Veranstaltungen und Baustellen. Robuste, mobile Urinale f\u00fcr die Vermietung.","og_url":"https:\/\/toypek.eu\/de\/produkt\/mobiles-urinal-6-personen\/","og_site_name":"Toypek","article_modified_time":"2025-10-09T13:21:58+00:00","og_image":[{"width":1000,"height":1000,"url":"https:\/\/cdn.toypek.eu\/images\/tp-img-228.png","type":"image\/png"}],"twitter_card":"summary_large_image","twitter_misc":{"Gesch\u00e4tzte Lesezeit":"1\u00a0Minute"},"schema":{"@context":"https:\/\/schema.org","@graph":[{"@type":"WebPage","@id":"https:\/\/toypek.eu\/de\/produkt\/mobiles-urinal-6-personen\/","url":"https:\/\/toypek.eu\/de\/produkt\/mobiles-urinal-6-personen\/","name":"Mobiles urinal f\u00fcr 6 Personen - Toypek","isPartOf":{"@id":"https:\/\/toypek.eu\/de\/#website"},"primaryImageOfPage":{"@id":"https:\/\/toypek.eu\/de\/produkt\/mobiles-urinal-6-personen\/#primaryimage"},"image":{"@id":"https:\/\/toypek.eu\/de\/produkt\/mobiles-urinal-6-personen\/#primaryimage"},"thumbnailUrl":"https:\/\/cdn.toypek.eu\/images\/tp-img-228.png","datePublished":"2023-06-09T10:27:10+00:00","dateModified":"2025-10-09T13:21:58+00:00","description":"Kaufen Sie ein Urinal f\u00fcr 6 Personen bei Toypek \u2013 perfekt f\u00fcr Veranstaltungen und Baustellen. Robuste, mobile Urinale f\u00fcr die Vermietung.","breadcrumb":{"@id":"https:\/\/toypek.eu\/de\/produkt\/mobiles-urinal-6-personen\/#breadcrumb"},"inLanguage":"de","potentialAction":[{"@type":"ReadAction","target":["https:\/\/toypek.eu\/de\/produkt\/mobiles-urinal-6-personen\/"]}]},{"@type":"ImageObject","inLanguage":"de","@id":"https:\/\/toypek.eu\/de\/produkt\/mobiles-urinal-6-personen\/#primaryimage","url":"https:\/\/cdn.toypek.eu\/images\/tp-img-228.png","contentUrl":"https:\/\/cdn.toypek.eu\/images\/tp-img-228.png","width":1000,"height":1000},{"@type":"BreadcrumbList","@id":"https:\/\/toypek.eu\/de\/produkt\/mobiles-urinal-6-personen\/#breadcrumb","itemListElement":[{"@type":"ListItem","position":1,"name":"Home","item":"https:\/\/toypek.eu\/de\/"},{"@type":"ListItem","position":2,"name":"Produktauswahl","item":"https:\/\/toypek.eu\/de\/produktauswahl\/"},{"@type":"ListItem","position":3,"name":"Mobiles urinal f\u00fcr 6 Personen"}]},{"@type":"WebSite","@id":"https:\/\/toypek.eu\/de\/#website","url":"https:\/\/toypek.eu\/de\/","name":"Toypek","description":"","potentialAction":[{"@type":"SearchAction","target":{"@type":"EntryPoint","urlTemplate":"https:\/\/toypek.eu\/de\/?s={search_term_string}"},"query-input":{"@type":"PropertyValueSpecification","valueRequired":true,"valueName":"search_term_string"}}],"inLanguage":"de"}]}},"_links":{"self":[{"href":"https:\/\/toypek.eu\/de\/wp-json\/wp\/v2\/product\/11208","targetHints":{"allow":["GET"]}}],"collection":[{"href":"https:\/\/toypek.eu\/de\/wp-json\/wp\/v2\/product"}],"about":[{"href":"https:\/\/toypek.eu\/de\/wp-json\/wp\/v2\/types\/product"}],"replies":[{"embeddable":true,"href":"https:\/\/toypek.eu\/de\/wp-json\/wp\/v2\/comments?post=11208"}],"wp:featuredmedia":[{"embeddable":true,"href":"https:\/\/toypek.eu\/de\/wp-json\/wp\/v2\/media\/11144"}],"wp:attachment":[{"href":"https:\/\/toypek.eu\/de\/wp-json\/wp\/v2\/media?parent=11208"}],"wp:term":[{"taxonomy":"product_brand","embeddable":true,"href":"https:\/\/toypek.eu\/de\/wp-json\/wp\/v2\/product_brand?post=11208"},{"taxonomy":"product_cat","embeddable":true,"href":"https:\/\/toypek.eu\/de\/wp-json\/wp\/v2\/product_cat?post=11208"},{"taxonomy":"product_tag","embeddable":true,"href":"https:\/\/toypek.eu\/de\/wp-json\/wp\/v2\/product_tag?post=11208"}],"curies":[{"name":"wp","href":"https:\/\/api.w.org\/{rel}","templated":true}]}}