{"id":11222,"date":"2023-06-09T13:21:17","date_gmt":"2023-06-09T11:21:17","guid":{"rendered":"http:\/\/toypek.eu\/product\/toypek-sanitaire-unit-2\/"},"modified":"2025-10-09T10:42:24","modified_gmt":"2025-10-09T08:42:24","slug":"kunststoff-toilettenkabine-mit-kanalanschluss","status":"publish","type":"product","link":"https:\/\/toypek.eu\/de\/produkt\/kunststoff-toilettenkabine-mit-kanalanschluss\/","title":{"rendered":"Kunststoff Toilettenkabine (mit Kanalanschluss)"},"content":{"rendered":"\n<p>\nUnsere mobilen Toilettenkabinen sind in vier Farben erh&auml;ltlich: Blau, Gr&uuml;n, Rot und Orange. Fordern Sie ein unverbindliches Angebot an, um den Preis Ihrer mobilen Sanit&auml;reinheit zu erfahren. Wir bieten stets das passende mobile Toilettenhaus aus Kunststoff zum Verkauf &ndash; robust, vandalismussicher und leicht zu transportieren. Diese Modelle eignen sich ideal f&uuml;r Vermietungsunternehmen, insbesondere bei langfristigen Mietvertr&auml;gen mit Wasser- und Kanalanschluss. Wasser- und Abwassersysteme geh&ouml;ren zu den wichtigsten Anforderungen auf Baustellen, und unsere Einheiten bieten eine komfortable, langlebige und pflegeleichte L&ouml;sung f&uuml;r Projekte mit l&auml;ngerer Laufzeit.\n<\/p>\n<h2>Die Vorteile unserer Toilettenkabinen<\/h2>\n<p>\nBevor Sie ein Baustellen-WC kaufen, sollten Sie sich &uuml;ber die wichtigsten Merkmale und Vorteile informieren. Unsere mobilen WC-Kabinen bieten Ihnen:\n<\/p>\n<ul>\n<li>Einfache Handhabung mit einem Gabelstapler oder manuell, wenn Sie bei <a href=\"https:\/\/toypek.eu\/de\/\">Toypek.eu<\/a> kaufen.<\/li>\n<li>Unkomplizierte Installation mit Wasseranschluss (Gardena-Kupplung an der R&uuml;ckseite) und Abfluss &uuml;ber ein 110-mm-Kanalrohr.<\/li>\n<li>Leichte Konstruktion mit einem Gewicht von nur ca. 90 kg.<\/li>\n<li>Vandalismussichere Bauweise aus langlebigen Materialien f&uuml;r eine lange Lebensdauer und einfache Reinigung.<\/li>\n<\/ul>\n<h3>Toypek &ndash; Ihr Partner f&uuml;r mobile Toilettenkabinen<\/h3>\n<p>\nSuchen Sie mobile Toiletten zum Kauf? Unsere mobilen Toilettenkabinen sind die ideale L&ouml;sung f&uuml;r den Einsatz auf Baustellen, in Lagerhallen, H&auml;fen, auf Campingpl&auml;tzen oder &uuml;berall dort, wo feste Anschl&uuml;sse vorhanden sind. Die Einheiten k&ouml;nnen unmontiert geliefert werden, wir empfehlen jedoch die vormontierte Ausf&uuml;hrung f&uuml;r eine sofortige Nutzung. Bei Fragen oder weiteren Informationen zu unserer <a href=\"https:\/\/toypek.eu\/de\/produkt\/mobile-toilette-kaufen\/\">mobilen Toilette<\/a> steht Ihnen unser Team jederzeit gerne zur Verf&uuml;gung.\n<\/p>\n<p><em><br>\nIndividuelle Anpassungen und Sonderw&uuml;nsche sind nach Absprache jederzeit m&ouml;glich.<br>\n<\/em><\/p>\n\n","protected":false},"excerpt":{"rendered":"<p>Wenn Sie eine Toilettenkabine kaufen m\u00f6chten, sollte sie genau zu Ihren Anforderungen passen. Bei <a href=\"https:\/\/toypek.eu\/de\/\">Toypek.eu<\/a> k\u00f6nnen Sie Ihre mobile WC-Anlage individuell gestalten \u2013 w\u00e4hlen Sie Ihre bevorzugte Farbe, zus\u00e4tzliche Optionen und die gew\u00fcnschte St\u00fcckzahl. Wir erstellen ma\u00dfgeschneiderte Angebote f\u00fcr unsere mobilen Sanit\u00e4ranlagen und fertigen Ihre Einheit auf Wunsch sogar in Ihrer Lieblingsfarbe.<\/p>\n","protected":false},"featured_media":12315,"comment_status":"open","ping_status":"closed","template":"","meta":{"_acf_changed":false,"_joinchat":[]},"product_brand":[],"product_cat":[95,93],"product_tag":[],"class_list":{"0":"post-11222","1":"product","2":"type-product","3":"status-publish","4":"has-post-thumbnail","6":"product_cat-mobile-sanitarkabinen","7":"product_cat-mobile-toilettenkabinen","9":"first","10":"instock","11":"shipping-taxable","12":"product-type-variable"},"acf":[],"yoast_head":"<!-- This site is optimized with the Yoast SEO Premium plugin v20.8 (Yoast SEO v27.3) - https:\/\/yoast.com\/product\/yoast-seo-premium-wordpress\/ -->\n<title>Mobile toilettenkabine (mit Kanalanschluss) kaufen | Toypek<\/title>\n<meta name=\"description\" content=\"Toilettenkabinen kaufen bei Toypek \u2013 zuverl\u00e4ssige WC Kabine f\u00fcr die Vermietung. Ideal f\u00fcr Events, Baustellen und mehr. Robuste Qualit\u00e4t, jetzt entdecken!\" \/>\n<meta name=\"robots\" content=\"noindex, follow\" \/>\n<meta property=\"og:locale\" content=\"de_DE\" \/>\n<meta property=\"og:type\" content=\"article\" \/>\n<meta property=\"og:title\" content=\"Kunststoff Toilettenkabine (mit Kanalanschluss)\" \/>\n<meta property=\"og:description\" content=\"Toilettenkabinen kaufen bei Toypek \u2013 zuverl\u00e4ssige WC Kabine f\u00fcr die Vermietung. Ideal f\u00fcr Events, Baustellen und mehr. Robuste Qualit\u00e4t, jetzt entdecken!\" \/>\n<meta property=\"og:url\" content=\"https:\/\/toypek.eu\/de\/produkt\/kunststoff-toilettenkabine-mit-kanalanschluss\/\" \/>\n<meta property=\"og:site_name\" content=\"Toypek\" \/>\n<meta property=\"article:modified_time\" content=\"2025-10-09T08:42:24+00:00\" \/>\n<meta property=\"og:image\" content=\"https:\/\/cdn.toypek.eu\/images\/tp-img-01-48.png\" \/>\n\t<meta property=\"og:image:width\" content=\"1000\" \/>\n\t<meta property=\"og:image:height\" content=\"1000\" \/>\n\t<meta property=\"og:image:type\" content=\"image\/png\" \/>\n<meta name=\"twitter:card\" content=\"summary_large_image\" \/>\n<meta name=\"twitter:label1\" content=\"Gesch\u00e4tzte Lesezeit\" \/>\n\t<meta name=\"twitter:data1\" content=\"2\u00a0Minuten\" \/>\n<script type=\"application\/ld+json\" class=\"yoast-schema-graph\">{\"@context\":\"https:\\\/\\\/schema.org\",\"@graph\":[{\"@type\":\"WebPage\",\"@id\":\"https:\\\/\\\/toypek.eu\\\/de\\\/produkt\\\/kunststoff-toilettenkabine-mit-kanalanschluss\\\/\",\"url\":\"https:\\\/\\\/toypek.eu\\\/de\\\/produkt\\\/kunststoff-toilettenkabine-mit-kanalanschluss\\\/\",\"name\":\"Mobile toilettenkabine (mit Kanalanschluss) kaufen | Toypek\",\"isPartOf\":{\"@id\":\"https:\\\/\\\/toypek.eu\\\/de\\\/#website\"},\"primaryImageOfPage\":{\"@id\":\"https:\\\/\\\/toypek.eu\\\/de\\\/produkt\\\/kunststoff-toilettenkabine-mit-kanalanschluss\\\/#primaryimage\"},\"image\":{\"@id\":\"https:\\\/\\\/toypek.eu\\\/de\\\/produkt\\\/kunststoff-toilettenkabine-mit-kanalanschluss\\\/#primaryimage\"},\"thumbnailUrl\":\"https:\\\/\\\/cdn.toypek.eu\\\/images\\\/tp-img-01-48.png\",\"datePublished\":\"2023-06-09T11:21:17+00:00\",\"dateModified\":\"2025-10-09T08:42:24+00:00\",\"description\":\"Toilettenkabinen kaufen bei Toypek \u2013 zuverl\u00e4ssige WC Kabine f\u00fcr die Vermietung. Ideal f\u00fcr Events, Baustellen und mehr. Robuste Qualit\u00e4t, jetzt entdecken!\",\"breadcrumb\":{\"@id\":\"https:\\\/\\\/toypek.eu\\\/de\\\/produkt\\\/kunststoff-toilettenkabine-mit-kanalanschluss\\\/#breadcrumb\"},\"inLanguage\":\"de\",\"potentialAction\":[{\"@type\":\"ReadAction\",\"target\":[\"https:\\\/\\\/toypek.eu\\\/de\\\/produkt\\\/kunststoff-toilettenkabine-mit-kanalanschluss\\\/\"]}]},{\"@type\":\"ImageObject\",\"inLanguage\":\"de\",\"@id\":\"https:\\\/\\\/toypek.eu\\\/de\\\/produkt\\\/kunststoff-toilettenkabine-mit-kanalanschluss\\\/#primaryimage\",\"url\":\"https:\\\/\\\/cdn.toypek.eu\\\/images\\\/tp-img-01-48.png\",\"contentUrl\":\"https:\\\/\\\/cdn.toypek.eu\\\/images\\\/tp-img-01-48.png\",\"width\":1000,\"height\":1000,\"caption\":\"S\"},{\"@type\":\"BreadcrumbList\",\"@id\":\"https:\\\/\\\/toypek.eu\\\/de\\\/produkt\\\/kunststoff-toilettenkabine-mit-kanalanschluss\\\/#breadcrumb\",\"itemListElement\":[{\"@type\":\"ListItem\",\"position\":1,\"name\":\"Home\",\"item\":\"https:\\\/\\\/toypek.eu\\\/de\\\/\"},{\"@type\":\"ListItem\",\"position\":2,\"name\":\"Produktauswahl\",\"item\":\"https:\\\/\\\/toypek.eu\\\/de\\\/produktauswahl\\\/\"},{\"@type\":\"ListItem\",\"position\":3,\"name\":\"Kunststoff Toilettenkabine (mit Kanalanschluss)\"}]},{\"@type\":\"WebSite\",\"@id\":\"https:\\\/\\\/toypek.eu\\\/de\\\/#website\",\"url\":\"https:\\\/\\\/toypek.eu\\\/de\\\/\",\"name\":\"Toypek\",\"description\":\"\",\"potentialAction\":[{\"@type\":\"SearchAction\",\"target\":{\"@type\":\"EntryPoint\",\"urlTemplate\":\"https:\\\/\\\/toypek.eu\\\/de\\\/?s={search_term_string}\"},\"query-input\":{\"@type\":\"PropertyValueSpecification\",\"valueRequired\":true,\"valueName\":\"search_term_string\"}}],\"inLanguage\":\"de\"}]}<\/script>\n<!-- \/ Yoast SEO Premium plugin. -->","yoast_head_json":{"title":"Mobile toilettenkabine (mit Kanalanschluss) kaufen | Toypek","description":"Toilettenkabinen kaufen bei Toypek \u2013 zuverl\u00e4ssige WC Kabine f\u00fcr die Vermietung. Ideal f\u00fcr Events, Baustellen und mehr. Robuste Qualit\u00e4t, jetzt entdecken!","robots":{"index":"noindex","follow":"follow"},"og_locale":"de_DE","og_type":"article","og_title":"Kunststoff Toilettenkabine (mit Kanalanschluss)","og_description":"Toilettenkabinen kaufen bei Toypek \u2013 zuverl\u00e4ssige WC Kabine f\u00fcr die Vermietung. Ideal f\u00fcr Events, Baustellen und mehr. Robuste Qualit\u00e4t, jetzt entdecken!","og_url":"https:\/\/toypek.eu\/de\/produkt\/kunststoff-toilettenkabine-mit-kanalanschluss\/","og_site_name":"Toypek","article_modified_time":"2025-10-09T08:42:24+00:00","og_image":[{"width":1000,"height":1000,"url":"https:\/\/cdn.toypek.eu\/images\/tp-img-01-48.png","type":"image\/png"}],"twitter_card":"summary_large_image","twitter_misc":{"Gesch\u00e4tzte Lesezeit":"2\u00a0Minuten"},"schema":{"@context":"https:\/\/schema.org","@graph":[{"@type":"WebPage","@id":"https:\/\/toypek.eu\/de\/produkt\/kunststoff-toilettenkabine-mit-kanalanschluss\/","url":"https:\/\/toypek.eu\/de\/produkt\/kunststoff-toilettenkabine-mit-kanalanschluss\/","name":"Mobile toilettenkabine (mit Kanalanschluss) kaufen | Toypek","isPartOf":{"@id":"https:\/\/toypek.eu\/de\/#website"},"primaryImageOfPage":{"@id":"https:\/\/toypek.eu\/de\/produkt\/kunststoff-toilettenkabine-mit-kanalanschluss\/#primaryimage"},"image":{"@id":"https:\/\/toypek.eu\/de\/produkt\/kunststoff-toilettenkabine-mit-kanalanschluss\/#primaryimage"},"thumbnailUrl":"https:\/\/cdn.toypek.eu\/images\/tp-img-01-48.png","datePublished":"2023-06-09T11:21:17+00:00","dateModified":"2025-10-09T08:42:24+00:00","description":"Toilettenkabinen kaufen bei Toypek \u2013 zuverl\u00e4ssige WC Kabine f\u00fcr die Vermietung. Ideal f\u00fcr Events, Baustellen und mehr. Robuste Qualit\u00e4t, jetzt entdecken!","breadcrumb":{"@id":"https:\/\/toypek.eu\/de\/produkt\/kunststoff-toilettenkabine-mit-kanalanschluss\/#breadcrumb"},"inLanguage":"de","potentialAction":[{"@type":"ReadAction","target":["https:\/\/toypek.eu\/de\/produkt\/kunststoff-toilettenkabine-mit-kanalanschluss\/"]}]},{"@type":"ImageObject","inLanguage":"de","@id":"https:\/\/toypek.eu\/de\/produkt\/kunststoff-toilettenkabine-mit-kanalanschluss\/#primaryimage","url":"https:\/\/cdn.toypek.eu\/images\/tp-img-01-48.png","contentUrl":"https:\/\/cdn.toypek.eu\/images\/tp-img-01-48.png","width":1000,"height":1000,"caption":"S"},{"@type":"BreadcrumbList","@id":"https:\/\/toypek.eu\/de\/produkt\/kunststoff-toilettenkabine-mit-kanalanschluss\/#breadcrumb","itemListElement":[{"@type":"ListItem","position":1,"name":"Home","item":"https:\/\/toypek.eu\/de\/"},{"@type":"ListItem","position":2,"name":"Produktauswahl","item":"https:\/\/toypek.eu\/de\/produktauswahl\/"},{"@type":"ListItem","position":3,"name":"Kunststoff Toilettenkabine (mit Kanalanschluss)"}]},{"@type":"WebSite","@id":"https:\/\/toypek.eu\/de\/#website","url":"https:\/\/toypek.eu\/de\/","name":"Toypek","description":"","potentialAction":[{"@type":"SearchAction","target":{"@type":"EntryPoint","urlTemplate":"https:\/\/toypek.eu\/de\/?s={search_term_string}"},"query-input":{"@type":"PropertyValueSpecification","valueRequired":true,"valueName":"search_term_string"}}],"inLanguage":"de"}]}},"_links":{"self":[{"href":"https:\/\/toypek.eu\/de\/wp-json\/wp\/v2\/product\/11222","targetHints":{"allow":["GET"]}}],"collection":[{"href":"https:\/\/toypek.eu\/de\/wp-json\/wp\/v2\/product"}],"about":[{"href":"https:\/\/toypek.eu\/de\/wp-json\/wp\/v2\/types\/product"}],"replies":[{"embeddable":true,"href":"https:\/\/toypek.eu\/de\/wp-json\/wp\/v2\/comments?post=11222"}],"wp:featuredmedia":[{"embeddable":true,"href":"https:\/\/toypek.eu\/de\/wp-json\/wp\/v2\/media\/12315"}],"wp:attachment":[{"href":"https:\/\/toypek.eu\/de\/wp-json\/wp\/v2\/media?parent=11222"}],"wp:term":[{"taxonomy":"product_brand","embeddable":true,"href":"https:\/\/toypek.eu\/de\/wp-json\/wp\/v2\/product_brand?post=11222"},{"taxonomy":"product_cat","embeddable":true,"href":"https:\/\/toypek.eu\/de\/wp-json\/wp\/v2\/product_cat?post=11222"},{"taxonomy":"product_tag","embeddable":true,"href":"https:\/\/toypek.eu\/de\/wp-json\/wp\/v2\/product_tag?post=11222"}],"curies":[{"name":"wp","href":"https:\/\/api.w.org\/{rel}","templated":true}]}}