{"id":11623,"date":"2023-06-22T07:55:01","date_gmt":"2023-06-22T07:55:01","guid":{"rendered":"http:\/\/toypek.eu\/product\/3-rolhouder-2\/"},"modified":"2025-10-09T11:17:30","modified_gmt":"2025-10-09T09:17:30","slug":"toilettenpapierhalter-3-rollen","status":"publish","type":"product","link":"https:\/\/toypek.eu\/de\/produkt\/toilettenpapierhalter-3-rollen\/","title":{"rendered":"Toilettenpapierhalter (3 rollen)"},"content":{"rendered":"\n<p>Stellen Sie Ihre mobile Toilette ganz nach Ihren W&uuml;nschen zusammen. Unsere Toilettenkabinen k&ouml;nnen vollst&auml;ndig individuell konfiguriert werden, einschlie&szlig;lich der Ausstattung mit einem Toilettenpapierhalter (3 Rollen). Beim Kauf einer mobilen Toilette sollten Sie ber&uuml;cksichtigen, wof&uuml;r Sie sie verwenden m&ouml;chten, welche Farbe, welche zus&auml;tzlichen Optionen und welche Mengen Sie ben&ouml;tigen. Auf Wunsch k&ouml;nnen die Toilettenkabinen sogar vollst&auml;ndig in Ihrer eigenen Farbe hergestellt werden.<\/p>\n\n","protected":false},"excerpt":{"rendered":"<p>Stellen Sie Ihre mobile Toilette ganz nach Ihren W\u00fcnschen zusammen. Unsere Toilettenkabinen k\u00f6nnen vollst\u00e4ndig individuell konfiguriert werden, auch mit einem Toilettenpapierhalter (3 Rollen). Beim Kauf einer mobilen Toilette sollten Sie \u00fcberlegen, wof\u00fcr Sie sie verwenden m\u00f6chten, welche Farbe, welche Zusatzoptionen und welche St\u00fcckzahl Sie ben\u00f6tigen. Auf Wunsch k\u00f6nnen die Toilettenkabinen sogar vollst\u00e4ndig in Ihrer eigenen Farbe gefertigt werden.<\/p>\n","protected":false},"featured_media":11605,"comment_status":"open","ping_status":"closed","template":"","meta":{"_acf_changed":false,"_joinchat":[]},"product_brand":[],"product_cat":[93],"product_tag":[],"class_list":{"0":"post-11623","1":"product","2":"type-product","3":"status-publish","4":"has-post-thumbnail","6":"product_cat-mobile-toilettenkabinen","8":"first","9":"instock","10":"shipping-taxable","11":"product-type-simple"},"acf":[],"yoast_head":"<!-- This site is optimized with the Yoast SEO Premium plugin v20.8 (Yoast SEO v27.3) - https:\/\/yoast.com\/product\/yoast-seo-premium-wordpress\/ -->\n<title>Toilettenpapierhalter (3 rollen) - Toypek<\/title>\n<meta name=\"description\" content=\"Toilettenpapierhalter (3 Rollen) f\u00fcr mobile Toiletten. Praktisch, robust und ideal f\u00fcr jede Toilettenkabine mit 3 Rollen.\" \/>\n<meta name=\"robots\" content=\"index, follow, max-snippet:-1, max-image-preview:large, max-video-preview:-1\" \/>\n<link rel=\"canonical\" href=\"https:\/\/toypek.eu\/de\/produkt\/toilettenpapierhalter-3-rollen\/\" \/>\n<meta property=\"og:locale\" content=\"de_DE\" \/>\n<meta property=\"og:type\" content=\"article\" \/>\n<meta property=\"og:title\" content=\"Toilettenpapierhalter (3 rollen)\" \/>\n<meta property=\"og:description\" content=\"Toilettenpapierhalter (3 Rollen) f\u00fcr mobile Toiletten. Praktisch, robust und ideal f\u00fcr jede Toilettenkabine mit 3 Rollen.\" \/>\n<meta property=\"og:url\" content=\"https:\/\/toypek.eu\/de\/produkt\/toilettenpapierhalter-3-rollen\/\" \/>\n<meta property=\"og:site_name\" content=\"Toypek\" \/>\n<meta property=\"article:modified_time\" content=\"2025-10-09T09:17:30+00:00\" \/>\n<meta property=\"og:image\" content=\"https:\/\/cdn.toypek.eu\/images\/a377d9c4-f280-4ac5-bc4e-3973acbc2655.jpg\" \/>\n\t<meta property=\"og:image:width\" content=\"1692\" \/>\n\t<meta property=\"og:image:height\" content=\"867\" \/>\n\t<meta property=\"og:image:type\" content=\"image\/jpeg\" \/>\n<meta name=\"twitter:card\" content=\"summary_large_image\" \/>\n<meta name=\"twitter:label1\" content=\"Gesch\u00e4tzte Lesezeit\" \/>\n\t<meta name=\"twitter:data1\" content=\"1\u00a0Minute\" \/>\n<script type=\"application\/ld+json\" class=\"yoast-schema-graph\">{\"@context\":\"https:\\\/\\\/schema.org\",\"@graph\":[{\"@type\":\"WebPage\",\"@id\":\"https:\\\/\\\/toypek.eu\\\/de\\\/produkt\\\/toilettenpapierhalter-3-rollen\\\/\",\"url\":\"https:\\\/\\\/toypek.eu\\\/de\\\/produkt\\\/toilettenpapierhalter-3-rollen\\\/\",\"name\":\"Toilettenpapierhalter (3 rollen) - Toypek\",\"isPartOf\":{\"@id\":\"https:\\\/\\\/toypek.eu\\\/de\\\/#website\"},\"primaryImageOfPage\":{\"@id\":\"https:\\\/\\\/toypek.eu\\\/de\\\/produkt\\\/toilettenpapierhalter-3-rollen\\\/#primaryimage\"},\"image\":{\"@id\":\"https:\\\/\\\/toypek.eu\\\/de\\\/produkt\\\/toilettenpapierhalter-3-rollen\\\/#primaryimage\"},\"thumbnailUrl\":\"https:\\\/\\\/cdn.toypek.eu\\\/images\\\/a377d9c4-f280-4ac5-bc4e-3973acbc2655.jpg\",\"datePublished\":\"2023-06-22T07:55:01+00:00\",\"dateModified\":\"2025-10-09T09:17:30+00:00\",\"description\":\"Toilettenpapierhalter (3 Rollen) f\u00fcr mobile Toiletten. Praktisch, robust und ideal f\u00fcr jede Toilettenkabine mit 3 Rollen.\",\"breadcrumb\":{\"@id\":\"https:\\\/\\\/toypek.eu\\\/de\\\/produkt\\\/toilettenpapierhalter-3-rollen\\\/#breadcrumb\"},\"inLanguage\":\"de\",\"potentialAction\":[{\"@type\":\"ReadAction\",\"target\":[\"https:\\\/\\\/toypek.eu\\\/de\\\/produkt\\\/toilettenpapierhalter-3-rollen\\\/\"]}]},{\"@type\":\"ImageObject\",\"inLanguage\":\"de\",\"@id\":\"https:\\\/\\\/toypek.eu\\\/de\\\/produkt\\\/toilettenpapierhalter-3-rollen\\\/#primaryimage\",\"url\":\"https:\\\/\\\/cdn.toypek.eu\\\/images\\\/a377d9c4-f280-4ac5-bc4e-3973acbc2655.jpg\",\"contentUrl\":\"https:\\\/\\\/cdn.toypek.eu\\\/images\\\/a377d9c4-f280-4ac5-bc4e-3973acbc2655.jpg\",\"width\":1692,\"height\":867,\"caption\":\"3 roll toiletrolhouder\"},{\"@type\":\"BreadcrumbList\",\"@id\":\"https:\\\/\\\/toypek.eu\\\/de\\\/produkt\\\/toilettenpapierhalter-3-rollen\\\/#breadcrumb\",\"itemListElement\":[{\"@type\":\"ListItem\",\"position\":1,\"name\":\"Home\",\"item\":\"https:\\\/\\\/toypek.eu\\\/de\\\/\"},{\"@type\":\"ListItem\",\"position\":2,\"name\":\"Produktauswahl\",\"item\":\"https:\\\/\\\/toypek.eu\\\/de\\\/produktauswahl\\\/\"},{\"@type\":\"ListItem\",\"position\":3,\"name\":\"Toilettenpapierhalter (3 rollen)\"}]},{\"@type\":\"WebSite\",\"@id\":\"https:\\\/\\\/toypek.eu\\\/de\\\/#website\",\"url\":\"https:\\\/\\\/toypek.eu\\\/de\\\/\",\"name\":\"Toypek\",\"description\":\"\",\"potentialAction\":[{\"@type\":\"SearchAction\",\"target\":{\"@type\":\"EntryPoint\",\"urlTemplate\":\"https:\\\/\\\/toypek.eu\\\/de\\\/?s={search_term_string}\"},\"query-input\":{\"@type\":\"PropertyValueSpecification\",\"valueRequired\":true,\"valueName\":\"search_term_string\"}}],\"inLanguage\":\"de\"}]}<\/script>\n<!-- \/ Yoast SEO Premium plugin. -->","yoast_head_json":{"title":"Toilettenpapierhalter (3 rollen) - Toypek","description":"Toilettenpapierhalter (3 Rollen) f\u00fcr mobile Toiletten. Praktisch, robust und ideal f\u00fcr jede Toilettenkabine mit 3 Rollen.","robots":{"index":"index","follow":"follow","max-snippet":"max-snippet:-1","max-image-preview":"max-image-preview:large","max-video-preview":"max-video-preview:-1"},"canonical":"https:\/\/toypek.eu\/de\/produkt\/toilettenpapierhalter-3-rollen\/","og_locale":"de_DE","og_type":"article","og_title":"Toilettenpapierhalter (3 rollen)","og_description":"Toilettenpapierhalter (3 Rollen) f\u00fcr mobile Toiletten. Praktisch, robust und ideal f\u00fcr jede Toilettenkabine mit 3 Rollen.","og_url":"https:\/\/toypek.eu\/de\/produkt\/toilettenpapierhalter-3-rollen\/","og_site_name":"Toypek","article_modified_time":"2025-10-09T09:17:30+00:00","og_image":[{"width":1692,"height":867,"url":"https:\/\/cdn.toypek.eu\/images\/a377d9c4-f280-4ac5-bc4e-3973acbc2655.jpg","type":"image\/jpeg"}],"twitter_card":"summary_large_image","twitter_misc":{"Gesch\u00e4tzte Lesezeit":"1\u00a0Minute"},"schema":{"@context":"https:\/\/schema.org","@graph":[{"@type":"WebPage","@id":"https:\/\/toypek.eu\/de\/produkt\/toilettenpapierhalter-3-rollen\/","url":"https:\/\/toypek.eu\/de\/produkt\/toilettenpapierhalter-3-rollen\/","name":"Toilettenpapierhalter (3 rollen) - Toypek","isPartOf":{"@id":"https:\/\/toypek.eu\/de\/#website"},"primaryImageOfPage":{"@id":"https:\/\/toypek.eu\/de\/produkt\/toilettenpapierhalter-3-rollen\/#primaryimage"},"image":{"@id":"https:\/\/toypek.eu\/de\/produkt\/toilettenpapierhalter-3-rollen\/#primaryimage"},"thumbnailUrl":"https:\/\/cdn.toypek.eu\/images\/a377d9c4-f280-4ac5-bc4e-3973acbc2655.jpg","datePublished":"2023-06-22T07:55:01+00:00","dateModified":"2025-10-09T09:17:30+00:00","description":"Toilettenpapierhalter (3 Rollen) f\u00fcr mobile Toiletten. Praktisch, robust und ideal f\u00fcr jede Toilettenkabine mit 3 Rollen.","breadcrumb":{"@id":"https:\/\/toypek.eu\/de\/produkt\/toilettenpapierhalter-3-rollen\/#breadcrumb"},"inLanguage":"de","potentialAction":[{"@type":"ReadAction","target":["https:\/\/toypek.eu\/de\/produkt\/toilettenpapierhalter-3-rollen\/"]}]},{"@type":"ImageObject","inLanguage":"de","@id":"https:\/\/toypek.eu\/de\/produkt\/toilettenpapierhalter-3-rollen\/#primaryimage","url":"https:\/\/cdn.toypek.eu\/images\/a377d9c4-f280-4ac5-bc4e-3973acbc2655.jpg","contentUrl":"https:\/\/cdn.toypek.eu\/images\/a377d9c4-f280-4ac5-bc4e-3973acbc2655.jpg","width":1692,"height":867,"caption":"3 roll toiletrolhouder"},{"@type":"BreadcrumbList","@id":"https:\/\/toypek.eu\/de\/produkt\/toilettenpapierhalter-3-rollen\/#breadcrumb","itemListElement":[{"@type":"ListItem","position":1,"name":"Home","item":"https:\/\/toypek.eu\/de\/"},{"@type":"ListItem","position":2,"name":"Produktauswahl","item":"https:\/\/toypek.eu\/de\/produktauswahl\/"},{"@type":"ListItem","position":3,"name":"Toilettenpapierhalter (3 rollen)"}]},{"@type":"WebSite","@id":"https:\/\/toypek.eu\/de\/#website","url":"https:\/\/toypek.eu\/de\/","name":"Toypek","description":"","potentialAction":[{"@type":"SearchAction","target":{"@type":"EntryPoint","urlTemplate":"https:\/\/toypek.eu\/de\/?s={search_term_string}"},"query-input":{"@type":"PropertyValueSpecification","valueRequired":true,"valueName":"search_term_string"}}],"inLanguage":"de"}]}},"_links":{"self":[{"href":"https:\/\/toypek.eu\/de\/wp-json\/wp\/v2\/product\/11623","targetHints":{"allow":["GET"]}}],"collection":[{"href":"https:\/\/toypek.eu\/de\/wp-json\/wp\/v2\/product"}],"about":[{"href":"https:\/\/toypek.eu\/de\/wp-json\/wp\/v2\/types\/product"}],"replies":[{"embeddable":true,"href":"https:\/\/toypek.eu\/de\/wp-json\/wp\/v2\/comments?post=11623"}],"wp:featuredmedia":[{"embeddable":true,"href":"https:\/\/toypek.eu\/de\/wp-json\/wp\/v2\/media\/11605"}],"wp:attachment":[{"href":"https:\/\/toypek.eu\/de\/wp-json\/wp\/v2\/media?parent=11623"}],"wp:term":[{"taxonomy":"product_brand","embeddable":true,"href":"https:\/\/toypek.eu\/de\/wp-json\/wp\/v2\/product_brand?post=11623"},{"taxonomy":"product_cat","embeddable":true,"href":"https:\/\/toypek.eu\/de\/wp-json\/wp\/v2\/product_cat?post=11623"},{"taxonomy":"product_tag","embeddable":true,"href":"https:\/\/toypek.eu\/de\/wp-json\/wp\/v2\/product_tag?post=11623"}],"curies":[{"name":"wp","href":"https:\/\/api.w.org\/{rel}","templated":true}]}}