{"id":11657,"date":"2023-06-09T14:05:04","date_gmt":"2023-06-09T14:05:04","guid":{"rendered":"http:\/\/toypek.eu\/product\/flush-systeem-2\/"},"modified":"2025-10-09T12:50:53","modified_gmt":"2025-10-09T10:50:53","slug":"spuelsystem","status":"publish","type":"product","link":"https:\/\/toypek.eu\/de\/produkt\/spuelsystem\/","title":{"rendered":"Sp\u00fclsystem"},"content":{"rendered":"\n<p>\nUnser mobiles Toilettensp&uuml;lsystem kann problemlos an allen Toypek-Kabinen angebracht werden. Es handelt sich um ein Umlaufsp&uuml;lsystem, bei dem der Benutzer nicht in den Tankboden der mobilen Toilette sieht, sondern nur eine schwarze Abdeckung. Durch eine Handpumpe wird das Wasser bei jedem Bet&auml;tigen des Hebels zirkuliert. Der Sp&uuml;lhebel befindet sich bequem auf der linken Seite.\n<\/p>\n<p>\nDieses System sorgt f&uuml;r ein frischeres und komfortableres Nutzungserlebnis und vermittelt den Nutzern ein Gef&uuml;hl von Sauberkeit und Luxus. Zudem reduziert es den Wasserverbrauch und gew&auml;hrleistet eine effiziente Sp&uuml;lung ohne unn&ouml;tige Verschwendung. Die Installation ist einfach und schnell durchf&uuml;hrbar.<\/p>\n\n","protected":false},"excerpt":{"rendered":"<p>Passen Sie Ihre mobile Toilette ganz nach Ihren W\u00fcnschen an. Unsere Toilettenkabinen k\u00f6nnen individuell konfiguriert werden, auch mit unserem praktischen Sp\u00fclsystem. Beim Kauf einer mobilen Toilette sollten Sie den Verwendungszweck, die gew\u00fcnschte Farbe, zus\u00e4tzliche Optionen und die ben\u00f6tigte St\u00fcckzahl ber\u00fccksichtigen. Auf Wunsch k\u00f6nnen die Kabinen sogar in Ihrer eigenen Farbe gefertigt werden.<\/p>\n","protected":false},"featured_media":11641,"comment_status":"open","ping_status":"closed","template":"","meta":{"_acf_changed":false,"_joinchat":[]},"product_brand":[],"product_cat":[97],"product_tag":[],"class_list":{"0":"post-11657","1":"product","2":"type-product","3":"status-publish","4":"has-post-thumbnail","6":"product_cat-spulsystem","8":"first","9":"instock","10":"shipping-taxable","11":"product-type-simple"},"acf":[],"yoast_head":"<!-- This site is optimized with the Yoast SEO Premium plugin v20.8 (Yoast SEO v27.3) - https:\/\/yoast.com\/product\/yoast-seo-premium-wordpress\/ -->\n<title>Mobiles Sp\u00fclsystem kaufen f\u00fcr Toilettenkabinen? - Toypek<\/title>\n<meta name=\"description\" content=\"Mobiles Sp\u00fclsystem kaufen f\u00fcr Toilettenkabinen? Das Sp\u00fclsystem sorgt f\u00fcr Komfort, Hygiene und ein luxuri\u00f6ses Erscheinungsbild. Jetzt Preis entdecken.\" \/>\n<meta name=\"robots\" content=\"index, follow, max-snippet:-1, max-image-preview:large, max-video-preview:-1\" \/>\n<link rel=\"canonical\" href=\"https:\/\/toypek.eu\/de\/produkt\/spuelsystem\/\" \/>\n<meta property=\"og:locale\" content=\"de_DE\" \/>\n<meta property=\"og:type\" content=\"article\" \/>\n<meta property=\"og:title\" content=\"Sp\u00fclsystem\" \/>\n<meta property=\"og:description\" content=\"Mobiles Sp\u00fclsystem kaufen f\u00fcr Toilettenkabinen? Das Sp\u00fclsystem sorgt f\u00fcr Komfort, Hygiene und ein luxuri\u00f6ses Erscheinungsbild. Jetzt Preis entdecken.\" \/>\n<meta property=\"og:url\" content=\"https:\/\/toypek.eu\/de\/produkt\/spuelsystem\/\" \/>\n<meta property=\"og:site_name\" content=\"Toypek\" \/>\n<meta property=\"article:modified_time\" content=\"2025-10-09T10:50:53+00:00\" \/>\n<meta property=\"og:image\" content=\"https:\/\/cdn.toypek.eu\/images\/Flush-systeem.jpg\" \/>\n\t<meta property=\"og:image:width\" content=\"1024\" \/>\n\t<meta property=\"og:image:height\" content=\"1024\" \/>\n\t<meta property=\"og:image:type\" content=\"image\/jpeg\" \/>\n<meta name=\"twitter:card\" content=\"summary_large_image\" \/>\n<meta name=\"twitter:label1\" content=\"Gesch\u00e4tzte Lesezeit\" \/>\n\t<meta name=\"twitter:data1\" content=\"1\u00a0Minute\" \/>\n<script type=\"application\/ld+json\" class=\"yoast-schema-graph\">{\"@context\":\"https:\\\/\\\/schema.org\",\"@graph\":[{\"@type\":\"WebPage\",\"@id\":\"https:\\\/\\\/toypek.eu\\\/de\\\/produkt\\\/spuelsystem\\\/\",\"url\":\"https:\\\/\\\/toypek.eu\\\/de\\\/produkt\\\/spuelsystem\\\/\",\"name\":\"Mobiles Sp\u00fclsystem kaufen f\u00fcr Toilettenkabinen? - Toypek\",\"isPartOf\":{\"@id\":\"https:\\\/\\\/toypek.eu\\\/de\\\/#website\"},\"primaryImageOfPage\":{\"@id\":\"https:\\\/\\\/toypek.eu\\\/de\\\/produkt\\\/spuelsystem\\\/#primaryimage\"},\"image\":{\"@id\":\"https:\\\/\\\/toypek.eu\\\/de\\\/produkt\\\/spuelsystem\\\/#primaryimage\"},\"thumbnailUrl\":\"https:\\\/\\\/cdn.toypek.eu\\\/images\\\/Flush-systeem.jpg\",\"datePublished\":\"2023-06-09T14:05:04+00:00\",\"dateModified\":\"2025-10-09T10:50:53+00:00\",\"description\":\"Mobiles Sp\u00fclsystem kaufen f\u00fcr Toilettenkabinen? Das Sp\u00fclsystem sorgt f\u00fcr Komfort, Hygiene und ein luxuri\u00f6ses Erscheinungsbild. Jetzt Preis entdecken.\",\"breadcrumb\":{\"@id\":\"https:\\\/\\\/toypek.eu\\\/de\\\/produkt\\\/spuelsystem\\\/#breadcrumb\"},\"inLanguage\":\"de\",\"potentialAction\":[{\"@type\":\"ReadAction\",\"target\":[\"https:\\\/\\\/toypek.eu\\\/de\\\/produkt\\\/spuelsystem\\\/\"]}]},{\"@type\":\"ImageObject\",\"inLanguage\":\"de\",\"@id\":\"https:\\\/\\\/toypek.eu\\\/de\\\/produkt\\\/spuelsystem\\\/#primaryimage\",\"url\":\"https:\\\/\\\/cdn.toypek.eu\\\/images\\\/Flush-systeem.jpg\",\"contentUrl\":\"https:\\\/\\\/cdn.toypek.eu\\\/images\\\/Flush-systeem.jpg\",\"width\":1024,\"height\":1024,\"caption\":\"Spoelsysteem mobiel toilet\"},{\"@type\":\"BreadcrumbList\",\"@id\":\"https:\\\/\\\/toypek.eu\\\/de\\\/produkt\\\/spuelsystem\\\/#breadcrumb\",\"itemListElement\":[{\"@type\":\"ListItem\",\"position\":1,\"name\":\"Home\",\"item\":\"https:\\\/\\\/toypek.eu\\\/de\\\/\"},{\"@type\":\"ListItem\",\"position\":2,\"name\":\"Produktauswahl\",\"item\":\"https:\\\/\\\/toypek.eu\\\/de\\\/produktauswahl\\\/\"},{\"@type\":\"ListItem\",\"position\":3,\"name\":\"Sp\u00fclsystem\"}]},{\"@type\":\"WebSite\",\"@id\":\"https:\\\/\\\/toypek.eu\\\/de\\\/#website\",\"url\":\"https:\\\/\\\/toypek.eu\\\/de\\\/\",\"name\":\"Toypek\",\"description\":\"\",\"potentialAction\":[{\"@type\":\"SearchAction\",\"target\":{\"@type\":\"EntryPoint\",\"urlTemplate\":\"https:\\\/\\\/toypek.eu\\\/de\\\/?s={search_term_string}\"},\"query-input\":{\"@type\":\"PropertyValueSpecification\",\"valueRequired\":true,\"valueName\":\"search_term_string\"}}],\"inLanguage\":\"de\"}]}<\/script>\n<!-- \/ Yoast SEO Premium plugin. -->","yoast_head_json":{"title":"Mobiles Sp\u00fclsystem kaufen f\u00fcr Toilettenkabinen? - Toypek","description":"Mobiles Sp\u00fclsystem kaufen f\u00fcr Toilettenkabinen? Das Sp\u00fclsystem sorgt f\u00fcr Komfort, Hygiene und ein luxuri\u00f6ses Erscheinungsbild. Jetzt Preis entdecken.","robots":{"index":"index","follow":"follow","max-snippet":"max-snippet:-1","max-image-preview":"max-image-preview:large","max-video-preview":"max-video-preview:-1"},"canonical":"https:\/\/toypek.eu\/de\/produkt\/spuelsystem\/","og_locale":"de_DE","og_type":"article","og_title":"Sp\u00fclsystem","og_description":"Mobiles Sp\u00fclsystem kaufen f\u00fcr Toilettenkabinen? Das Sp\u00fclsystem sorgt f\u00fcr Komfort, Hygiene und ein luxuri\u00f6ses Erscheinungsbild. Jetzt Preis entdecken.","og_url":"https:\/\/toypek.eu\/de\/produkt\/spuelsystem\/","og_site_name":"Toypek","article_modified_time":"2025-10-09T10:50:53+00:00","og_image":[{"width":1024,"height":1024,"url":"https:\/\/cdn.toypek.eu\/images\/Flush-systeem.jpg","type":"image\/jpeg"}],"twitter_card":"summary_large_image","twitter_misc":{"Gesch\u00e4tzte Lesezeit":"1\u00a0Minute"},"schema":{"@context":"https:\/\/schema.org","@graph":[{"@type":"WebPage","@id":"https:\/\/toypek.eu\/de\/produkt\/spuelsystem\/","url":"https:\/\/toypek.eu\/de\/produkt\/spuelsystem\/","name":"Mobiles Sp\u00fclsystem kaufen f\u00fcr Toilettenkabinen? - Toypek","isPartOf":{"@id":"https:\/\/toypek.eu\/de\/#website"},"primaryImageOfPage":{"@id":"https:\/\/toypek.eu\/de\/produkt\/spuelsystem\/#primaryimage"},"image":{"@id":"https:\/\/toypek.eu\/de\/produkt\/spuelsystem\/#primaryimage"},"thumbnailUrl":"https:\/\/cdn.toypek.eu\/images\/Flush-systeem.jpg","datePublished":"2023-06-09T14:05:04+00:00","dateModified":"2025-10-09T10:50:53+00:00","description":"Mobiles Sp\u00fclsystem kaufen f\u00fcr Toilettenkabinen? Das Sp\u00fclsystem sorgt f\u00fcr Komfort, Hygiene und ein luxuri\u00f6ses Erscheinungsbild. Jetzt Preis entdecken.","breadcrumb":{"@id":"https:\/\/toypek.eu\/de\/produkt\/spuelsystem\/#breadcrumb"},"inLanguage":"de","potentialAction":[{"@type":"ReadAction","target":["https:\/\/toypek.eu\/de\/produkt\/spuelsystem\/"]}]},{"@type":"ImageObject","inLanguage":"de","@id":"https:\/\/toypek.eu\/de\/produkt\/spuelsystem\/#primaryimage","url":"https:\/\/cdn.toypek.eu\/images\/Flush-systeem.jpg","contentUrl":"https:\/\/cdn.toypek.eu\/images\/Flush-systeem.jpg","width":1024,"height":1024,"caption":"Spoelsysteem mobiel toilet"},{"@type":"BreadcrumbList","@id":"https:\/\/toypek.eu\/de\/produkt\/spuelsystem\/#breadcrumb","itemListElement":[{"@type":"ListItem","position":1,"name":"Home","item":"https:\/\/toypek.eu\/de\/"},{"@type":"ListItem","position":2,"name":"Produktauswahl","item":"https:\/\/toypek.eu\/de\/produktauswahl\/"},{"@type":"ListItem","position":3,"name":"Sp\u00fclsystem"}]},{"@type":"WebSite","@id":"https:\/\/toypek.eu\/de\/#website","url":"https:\/\/toypek.eu\/de\/","name":"Toypek","description":"","potentialAction":[{"@type":"SearchAction","target":{"@type":"EntryPoint","urlTemplate":"https:\/\/toypek.eu\/de\/?s={search_term_string}"},"query-input":{"@type":"PropertyValueSpecification","valueRequired":true,"valueName":"search_term_string"}}],"inLanguage":"de"}]}},"_links":{"self":[{"href":"https:\/\/toypek.eu\/de\/wp-json\/wp\/v2\/product\/11657","targetHints":{"allow":["GET"]}}],"collection":[{"href":"https:\/\/toypek.eu\/de\/wp-json\/wp\/v2\/product"}],"about":[{"href":"https:\/\/toypek.eu\/de\/wp-json\/wp\/v2\/types\/product"}],"replies":[{"embeddable":true,"href":"https:\/\/toypek.eu\/de\/wp-json\/wp\/v2\/comments?post=11657"}],"wp:featuredmedia":[{"embeddable":true,"href":"https:\/\/toypek.eu\/de\/wp-json\/wp\/v2\/media\/11641"}],"wp:attachment":[{"href":"https:\/\/toypek.eu\/de\/wp-json\/wp\/v2\/media?parent=11657"}],"wp:term":[{"taxonomy":"product_brand","embeddable":true,"href":"https:\/\/toypek.eu\/de\/wp-json\/wp\/v2\/product_brand?post=11657"},{"taxonomy":"product_cat","embeddable":true,"href":"https:\/\/toypek.eu\/de\/wp-json\/wp\/v2\/product_cat?post=11657"},{"taxonomy":"product_tag","embeddable":true,"href":"https:\/\/toypek.eu\/de\/wp-json\/wp\/v2\/product_tag?post=11657"}],"curies":[{"name":"wp","href":"https:\/\/api.w.org\/{rel}","templated":true}]}}