{"id":11758,"date":"2023-06-09T12:43:40","date_gmt":"2023-06-09T12:43:40","guid":{"rendered":"http:\/\/toypek.eu\/product\/handwas-unit-2\/"},"modified":"2025-10-09T13:40:16","modified_gmt":"2025-10-09T11:40:16","slug":"handwaschanlage","status":"publish","type":"product","link":"https:\/\/toypek.eu\/de\/produkt\/handwaschanlage\/","title":{"rendered":"Handwaschanlage"},"content":{"rendered":"\n<p>\nToypek.eu bietet Ihnen die M&ouml;glichkeit, Ihre chemische Toilette mit einer praktischen <strong>Handwaschanlage<\/strong> auszustatten. Die integrierte Einheit verf&uuml;gt &uuml;ber eine Fu&szlig;pumpe, mit der der Benutzer bequem Wasser zum H&auml;ndewaschen f&ouml;rdern kann. Bei der Installation in Ihrer Toypek-Kabine fallen keine zus&auml;tzlichen Montagekosten an.\n<\/p>\n<p><strong>Enthaltene Teile:<\/strong><\/p>\n<ul>\n<li>Handwaschanlage<\/li>\n<li>Fu&szlig;pumpe<\/li>\n<li>Anschlussschl&auml;uche<\/li>\n<li>Montagematerial<\/li>\n<\/ul>\n\n","protected":false},"excerpt":{"rendered":"<p>Gestalten Sie Ihre Toypek-Kabine ganz nach Ihren Bed\u00fcrfnissen. Unsere Modelle bieten volle Flexibilit\u00e4t und erm\u00f6glichen die Auswahl zus\u00e4tzlicher Funktionen wie einer praktischen Handwaschanlage f\u00fcr mobile Toiletten. Beim Kauf sollten Sie den Verwendungszweck, die Farbe, gew\u00fcnschte Extras und Menge ber\u00fccksichtigen. Auf Wunsch fertigen wir Ihre Kabine sogar in Ihrer Lieblingsfarbe an.<\/p>\n","protected":false},"featured_media":11754,"comment_status":"open","ping_status":"closed","template":"","meta":{"_acf_changed":false,"_joinchat":[]},"product_brand":[],"product_cat":[91],"product_tag":[],"class_list":{"0":"post-11758","1":"product","2":"type-product","3":"status-publish","4":"has-post-thumbnail","6":"product_cat-handwaschbecken","8":"first","9":"instock","10":"shipping-taxable","11":"product-type-simple"},"acf":[],"yoast_head":"<!-- This site is optimized with the Yoast SEO Premium plugin v20.8 (Yoast SEO v27.3) - https:\/\/yoast.com\/product\/yoast-seo-premium-wordpress\/ -->\n<title>Produkt - Handwaschstation f\u00fcr mobile Toilettenkabinen! Toypek<\/title>\n<meta name=\"description\" content=\"Toypek.eu bietet die M\u00f6glichkeit, bei Ihrem Chemietoilettenkauf eine praktische Handwascheinheit hinzuzuf\u00fcgen. Die bereitgestellte Handwascheinheit\" \/>\n<meta name=\"robots\" content=\"index, follow, max-snippet:-1, max-image-preview:large, max-video-preview:-1\" \/>\n<link rel=\"canonical\" href=\"https:\/\/toypek.eu\/de\/produkt\/handwaschanlage\/\" \/>\n<meta property=\"og:locale\" content=\"de_DE\" \/>\n<meta property=\"og:type\" content=\"article\" \/>\n<meta property=\"og:title\" content=\"Handwaschanlage\" \/>\n<meta property=\"og:description\" content=\"Toypek.eu bietet die M\u00f6glichkeit, bei Ihrem Chemietoilettenkauf eine praktische Handwascheinheit hinzuzuf\u00fcgen. Die bereitgestellte Handwascheinheit\" \/>\n<meta property=\"og:url\" content=\"https:\/\/toypek.eu\/de\/produkt\/handwaschanlage\/\" \/>\n<meta property=\"og:site_name\" content=\"Toypek\" \/>\n<meta property=\"article:modified_time\" content=\"2025-10-09T11:40:16+00:00\" \/>\n<meta property=\"og:image\" content=\"https:\/\/cdn.toypek.eu\/images\/Handwas-unit.jpg\" \/>\n\t<meta property=\"og:image:width\" content=\"1200\" \/>\n\t<meta property=\"og:image:height\" content=\"1200\" \/>\n\t<meta property=\"og:image:type\" content=\"image\/jpeg\" \/>\n<meta name=\"twitter:card\" content=\"summary_large_image\" \/>\n<meta name=\"twitter:label1\" content=\"Gesch\u00e4tzte Lesezeit\" \/>\n\t<meta name=\"twitter:data1\" content=\"1\u00a0Minute\" \/>\n<script type=\"application\/ld+json\" class=\"yoast-schema-graph\">{\"@context\":\"https:\\\/\\\/schema.org\",\"@graph\":[{\"@type\":\"WebPage\",\"@id\":\"https:\\\/\\\/toypek.eu\\\/de\\\/produkt\\\/handwaschanlage\\\/\",\"url\":\"https:\\\/\\\/toypek.eu\\\/de\\\/produkt\\\/handwaschanlage\\\/\",\"name\":\"Produkt - Handwaschstation f\u00fcr mobile Toilettenkabinen! Toypek\",\"isPartOf\":{\"@id\":\"https:\\\/\\\/toypek.eu\\\/de\\\/#website\"},\"primaryImageOfPage\":{\"@id\":\"https:\\\/\\\/toypek.eu\\\/de\\\/produkt\\\/handwaschanlage\\\/#primaryimage\"},\"image\":{\"@id\":\"https:\\\/\\\/toypek.eu\\\/de\\\/produkt\\\/handwaschanlage\\\/#primaryimage\"},\"thumbnailUrl\":\"https:\\\/\\\/cdn.toypek.eu\\\/images\\\/Handwas-unit.jpg\",\"datePublished\":\"2023-06-09T12:43:40+00:00\",\"dateModified\":\"2025-10-09T11:40:16+00:00\",\"description\":\"Toypek.eu bietet die M\u00f6glichkeit, bei Ihrem Chemietoilettenkauf eine praktische Handwascheinheit hinzuzuf\u00fcgen. Die bereitgestellte Handwascheinheit\",\"breadcrumb\":{\"@id\":\"https:\\\/\\\/toypek.eu\\\/de\\\/produkt\\\/handwaschanlage\\\/#breadcrumb\"},\"inLanguage\":\"de\",\"potentialAction\":[{\"@type\":\"ReadAction\",\"target\":[\"https:\\\/\\\/toypek.eu\\\/de\\\/produkt\\\/handwaschanlage\\\/\"]}]},{\"@type\":\"ImageObject\",\"inLanguage\":\"de\",\"@id\":\"https:\\\/\\\/toypek.eu\\\/de\\\/produkt\\\/handwaschanlage\\\/#primaryimage\",\"url\":\"https:\\\/\\\/cdn.toypek.eu\\\/images\\\/Handwas-unit.jpg\",\"contentUrl\":\"https:\\\/\\\/cdn.toypek.eu\\\/images\\\/Handwas-unit.jpg\",\"width\":1200,\"height\":1200,\"caption\":\"Handwas unit incl. voetpomp\"},{\"@type\":\"BreadcrumbList\",\"@id\":\"https:\\\/\\\/toypek.eu\\\/de\\\/produkt\\\/handwaschanlage\\\/#breadcrumb\",\"itemListElement\":[{\"@type\":\"ListItem\",\"position\":1,\"name\":\"Home\",\"item\":\"https:\\\/\\\/toypek.eu\\\/de\\\/\"},{\"@type\":\"ListItem\",\"position\":2,\"name\":\"Produktauswahl\",\"item\":\"https:\\\/\\\/toypek.eu\\\/de\\\/produktauswahl\\\/\"},{\"@type\":\"ListItem\",\"position\":3,\"name\":\"Handwaschanlage\"}]},{\"@type\":\"WebSite\",\"@id\":\"https:\\\/\\\/toypek.eu\\\/de\\\/#website\",\"url\":\"https:\\\/\\\/toypek.eu\\\/de\\\/\",\"name\":\"Toypek\",\"description\":\"\",\"potentialAction\":[{\"@type\":\"SearchAction\",\"target\":{\"@type\":\"EntryPoint\",\"urlTemplate\":\"https:\\\/\\\/toypek.eu\\\/de\\\/?s={search_term_string}\"},\"query-input\":{\"@type\":\"PropertyValueSpecification\",\"valueRequired\":true,\"valueName\":\"search_term_string\"}}],\"inLanguage\":\"de\"}]}<\/script>\n<!-- \/ Yoast SEO Premium plugin. -->","yoast_head_json":{"title":"Produkt - Handwaschstation f\u00fcr mobile Toilettenkabinen! Toypek","description":"Toypek.eu bietet die M\u00f6glichkeit, bei Ihrem Chemietoilettenkauf eine praktische Handwascheinheit hinzuzuf\u00fcgen. Die bereitgestellte Handwascheinheit","robots":{"index":"index","follow":"follow","max-snippet":"max-snippet:-1","max-image-preview":"max-image-preview:large","max-video-preview":"max-video-preview:-1"},"canonical":"https:\/\/toypek.eu\/de\/produkt\/handwaschanlage\/","og_locale":"de_DE","og_type":"article","og_title":"Handwaschanlage","og_description":"Toypek.eu bietet die M\u00f6glichkeit, bei Ihrem Chemietoilettenkauf eine praktische Handwascheinheit hinzuzuf\u00fcgen. Die bereitgestellte Handwascheinheit","og_url":"https:\/\/toypek.eu\/de\/produkt\/handwaschanlage\/","og_site_name":"Toypek","article_modified_time":"2025-10-09T11:40:16+00:00","og_image":[{"width":1200,"height":1200,"url":"https:\/\/cdn.toypek.eu\/images\/Handwas-unit.jpg","type":"image\/jpeg"}],"twitter_card":"summary_large_image","twitter_misc":{"Gesch\u00e4tzte Lesezeit":"1\u00a0Minute"},"schema":{"@context":"https:\/\/schema.org","@graph":[{"@type":"WebPage","@id":"https:\/\/toypek.eu\/de\/produkt\/handwaschanlage\/","url":"https:\/\/toypek.eu\/de\/produkt\/handwaschanlage\/","name":"Produkt - Handwaschstation f\u00fcr mobile Toilettenkabinen! Toypek","isPartOf":{"@id":"https:\/\/toypek.eu\/de\/#website"},"primaryImageOfPage":{"@id":"https:\/\/toypek.eu\/de\/produkt\/handwaschanlage\/#primaryimage"},"image":{"@id":"https:\/\/toypek.eu\/de\/produkt\/handwaschanlage\/#primaryimage"},"thumbnailUrl":"https:\/\/cdn.toypek.eu\/images\/Handwas-unit.jpg","datePublished":"2023-06-09T12:43:40+00:00","dateModified":"2025-10-09T11:40:16+00:00","description":"Toypek.eu bietet die M\u00f6glichkeit, bei Ihrem Chemietoilettenkauf eine praktische Handwascheinheit hinzuzuf\u00fcgen. Die bereitgestellte Handwascheinheit","breadcrumb":{"@id":"https:\/\/toypek.eu\/de\/produkt\/handwaschanlage\/#breadcrumb"},"inLanguage":"de","potentialAction":[{"@type":"ReadAction","target":["https:\/\/toypek.eu\/de\/produkt\/handwaschanlage\/"]}]},{"@type":"ImageObject","inLanguage":"de","@id":"https:\/\/toypek.eu\/de\/produkt\/handwaschanlage\/#primaryimage","url":"https:\/\/cdn.toypek.eu\/images\/Handwas-unit.jpg","contentUrl":"https:\/\/cdn.toypek.eu\/images\/Handwas-unit.jpg","width":1200,"height":1200,"caption":"Handwas unit incl. voetpomp"},{"@type":"BreadcrumbList","@id":"https:\/\/toypek.eu\/de\/produkt\/handwaschanlage\/#breadcrumb","itemListElement":[{"@type":"ListItem","position":1,"name":"Home","item":"https:\/\/toypek.eu\/de\/"},{"@type":"ListItem","position":2,"name":"Produktauswahl","item":"https:\/\/toypek.eu\/de\/produktauswahl\/"},{"@type":"ListItem","position":3,"name":"Handwaschanlage"}]},{"@type":"WebSite","@id":"https:\/\/toypek.eu\/de\/#website","url":"https:\/\/toypek.eu\/de\/","name":"Toypek","description":"","potentialAction":[{"@type":"SearchAction","target":{"@type":"EntryPoint","urlTemplate":"https:\/\/toypek.eu\/de\/?s={search_term_string}"},"query-input":{"@type":"PropertyValueSpecification","valueRequired":true,"valueName":"search_term_string"}}],"inLanguage":"de"}]}},"_links":{"self":[{"href":"https:\/\/toypek.eu\/de\/wp-json\/wp\/v2\/product\/11758","targetHints":{"allow":["GET"]}}],"collection":[{"href":"https:\/\/toypek.eu\/de\/wp-json\/wp\/v2\/product"}],"about":[{"href":"https:\/\/toypek.eu\/de\/wp-json\/wp\/v2\/types\/product"}],"replies":[{"embeddable":true,"href":"https:\/\/toypek.eu\/de\/wp-json\/wp\/v2\/comments?post=11758"}],"wp:featuredmedia":[{"embeddable":true,"href":"https:\/\/toypek.eu\/de\/wp-json\/wp\/v2\/media\/11754"}],"wp:attachment":[{"href":"https:\/\/toypek.eu\/de\/wp-json\/wp\/v2\/media?parent=11758"}],"wp:term":[{"taxonomy":"product_brand","embeddable":true,"href":"https:\/\/toypek.eu\/de\/wp-json\/wp\/v2\/product_brand?post=11758"},{"taxonomy":"product_cat","embeddable":true,"href":"https:\/\/toypek.eu\/de\/wp-json\/wp\/v2\/product_cat?post=11758"},{"taxonomy":"product_tag","embeddable":true,"href":"https:\/\/toypek.eu\/de\/wp-json\/wp\/v2\/product_tag?post=11758"}],"curies":[{"name":"wp","href":"https:\/\/api.w.org\/{rel}","templated":true}]}}