{"id":11786,"date":"2023-06-09T12:53:06","date_gmt":"2023-06-09T12:53:06","guid":{"rendered":"http:\/\/toypek.eu\/product\/urinoir-2\/"},"modified":"2025-10-09T13:23:48","modified_gmt":"2025-10-09T11:23:48","slug":"urinal-fur-mobile-toilette","status":"publish","type":"product","link":"https:\/\/toypek.eu\/de\/produkt\/urinal-fur-mobile-toilette\/","title":{"rendered":"Toilettenurinal"},"content":{"rendered":"\n<p>Toypek.eu bietet die M&ouml;glichkeit, Ihre Toypek-Kabine mit einem Urinal auszustatten. Dieses praktische Zubeh&ouml;r tr&auml;gt zur besseren Hygiene und Sauberkeit in der mobilen Toilette bei. Wir empfehlen, beim Kauf einer mobilen Toilette ein Urinal direkt mit einzuplanen. Es sorgt daf&uuml;r, dass m&auml;nnliche Benutzer, die im Stehen urinieren, das Urinal statt die R&auml;nder der Kabine nutzen. Dadurch bleibt die Toilette sauberer, das Nutzungserlebnis verbessert sich und die Reinigung f&uuml;r den Vermieter wird deutlich einfacher. Der Einbau des mobilen Urinals ist unkompliziert und verursacht keine zus&auml;tzlichen Installationskosten.<\/p>\n\n","protected":false},"excerpt":{"rendered":"<p>Passen Sie Ihre Unrinal mobile Toilette Ihren W\u00fcnschen an. Unsere Toiletteneinheiten k\u00f6nnen vollst\u00e4ndig nach Ihren W\u00fcnschen zusammengebaut werden, einschlie\u00dflich der Anbringung eines Urinals und der Verrohrung. Wenn Sie ein Urinal kaufen m\u00f6chten, ber\u00fccksichtigen Sie sorgf\u00e4ltig den Verwendungszweck, die gew\u00fcnschte Farbe, zus\u00e4tzliche Optionen und die St\u00fcckzahl. Wir bieten sogar die M\u00f6glichkeit, die Toiletteneinheiten in der von Ihnen bevorzugten Farbe zu fertigen.<\/p>\n","protected":false},"featured_media":11772,"comment_status":"open","ping_status":"closed","template":"","meta":{"_acf_changed":false,"_joinchat":[]},"product_brand":[],"product_cat":[98],"product_tag":[],"class_list":{"0":"post-11786","1":"product","2":"type-product","3":"status-publish","4":"has-post-thumbnail","6":"product_cat-urinal-de","8":"first","9":"instock","10":"shipping-taxable","11":"product-type-simple"},"acf":[],"yoast_head":"<!-- This site is optimized with the Yoast SEO Premium plugin v20.8 (Yoast SEO v27.3) - https:\/\/yoast.com\/product\/yoast-seo-premium-wordpress\/ -->\n<title>Toilettenurinal - Toypek<\/title>\n<meta name=\"description\" content=\"Urinal Toilette kaufen f\u00fcr mobile Kabinen. Unsere Urinal Toilette bietet Hygiene, Komfort und einfache Montage. Jetzt Preis entdecken!\" \/>\n<meta name=\"robots\" content=\"noindex, follow\" \/>\n<meta property=\"og:locale\" content=\"de_DE\" \/>\n<meta property=\"og:type\" content=\"article\" \/>\n<meta property=\"og:title\" content=\"Toilettenurinal\" \/>\n<meta property=\"og:description\" content=\"Urinal Toilette kaufen f\u00fcr mobile Kabinen. Unsere Urinal Toilette bietet Hygiene, Komfort und einfache Montage. Jetzt Preis entdecken!\" \/>\n<meta property=\"og:url\" content=\"https:\/\/toypek.eu\/de\/produkt\/urinal-fur-mobile-toilette\/\" \/>\n<meta property=\"og:site_name\" content=\"Toypek\" \/>\n<meta property=\"article:modified_time\" content=\"2025-10-09T11:23:48+00:00\" \/>\n<meta property=\"og:image\" content=\"https:\/\/cdn.toypek.eu\/images\/Urinoir-2.jpg\" \/>\n\t<meta property=\"og:image:width\" content=\"1200\" \/>\n\t<meta property=\"og:image:height\" content=\"1200\" \/>\n\t<meta property=\"og:image:type\" content=\"image\/jpeg\" \/>\n<meta name=\"twitter:card\" content=\"summary_large_image\" \/>\n<meta name=\"twitter:label1\" content=\"Gesch\u00e4tzte Lesezeit\" \/>\n\t<meta name=\"twitter:data1\" content=\"1\u00a0Minute\" \/>\n<script type=\"application\/ld+json\" class=\"yoast-schema-graph\">{\"@context\":\"https:\\\/\\\/schema.org\",\"@graph\":[{\"@type\":\"WebPage\",\"@id\":\"https:\\\/\\\/toypek.eu\\\/de\\\/produkt\\\/urinal-fur-mobile-toilette\\\/\",\"url\":\"https:\\\/\\\/toypek.eu\\\/de\\\/produkt\\\/urinal-fur-mobile-toilette\\\/\",\"name\":\"Toilettenurinal - Toypek\",\"isPartOf\":{\"@id\":\"https:\\\/\\\/toypek.eu\\\/de\\\/#website\"},\"primaryImageOfPage\":{\"@id\":\"https:\\\/\\\/toypek.eu\\\/de\\\/produkt\\\/urinal-fur-mobile-toilette\\\/#primaryimage\"},\"image\":{\"@id\":\"https:\\\/\\\/toypek.eu\\\/de\\\/produkt\\\/urinal-fur-mobile-toilette\\\/#primaryimage\"},\"thumbnailUrl\":\"https:\\\/\\\/cdn.toypek.eu\\\/images\\\/Urinoir-2.jpg\",\"datePublished\":\"2023-06-09T12:53:06+00:00\",\"dateModified\":\"2025-10-09T11:23:48+00:00\",\"description\":\"Urinal Toilette kaufen f\u00fcr mobile Kabinen. Unsere Urinal Toilette bietet Hygiene, Komfort und einfache Montage. Jetzt Preis entdecken!\",\"breadcrumb\":{\"@id\":\"https:\\\/\\\/toypek.eu\\\/de\\\/produkt\\\/urinal-fur-mobile-toilette\\\/#breadcrumb\"},\"inLanguage\":\"de\",\"potentialAction\":[{\"@type\":\"ReadAction\",\"target\":[\"https:\\\/\\\/toypek.eu\\\/de\\\/produkt\\\/urinal-fur-mobile-toilette\\\/\"]}]},{\"@type\":\"ImageObject\",\"inLanguage\":\"de\",\"@id\":\"https:\\\/\\\/toypek.eu\\\/de\\\/produkt\\\/urinal-fur-mobile-toilette\\\/#primaryimage\",\"url\":\"https:\\\/\\\/cdn.toypek.eu\\\/images\\\/Urinoir-2.jpg\",\"contentUrl\":\"https:\\\/\\\/cdn.toypek.eu\\\/images\\\/Urinoir-2.jpg\",\"width\":1200,\"height\":1200,\"caption\":\"Urinoir\"},{\"@type\":\"BreadcrumbList\",\"@id\":\"https:\\\/\\\/toypek.eu\\\/de\\\/produkt\\\/urinal-fur-mobile-toilette\\\/#breadcrumb\",\"itemListElement\":[{\"@type\":\"ListItem\",\"position\":1,\"name\":\"Home\",\"item\":\"https:\\\/\\\/toypek.eu\\\/de\\\/\"},{\"@type\":\"ListItem\",\"position\":2,\"name\":\"Produktauswahl\",\"item\":\"https:\\\/\\\/toypek.eu\\\/de\\\/produktauswahl\\\/\"},{\"@type\":\"ListItem\",\"position\":3,\"name\":\"Toilettenurinal\"}]},{\"@type\":\"WebSite\",\"@id\":\"https:\\\/\\\/toypek.eu\\\/de\\\/#website\",\"url\":\"https:\\\/\\\/toypek.eu\\\/de\\\/\",\"name\":\"Toypek\",\"description\":\"\",\"potentialAction\":[{\"@type\":\"SearchAction\",\"target\":{\"@type\":\"EntryPoint\",\"urlTemplate\":\"https:\\\/\\\/toypek.eu\\\/de\\\/?s={search_term_string}\"},\"query-input\":{\"@type\":\"PropertyValueSpecification\",\"valueRequired\":true,\"valueName\":\"search_term_string\"}}],\"inLanguage\":\"de\"}]}<\/script>\n<!-- \/ Yoast SEO Premium plugin. -->","yoast_head_json":{"title":"Toilettenurinal - Toypek","description":"Urinal Toilette kaufen f\u00fcr mobile Kabinen. Unsere Urinal Toilette bietet Hygiene, Komfort und einfache Montage. Jetzt Preis entdecken!","robots":{"index":"noindex","follow":"follow"},"og_locale":"de_DE","og_type":"article","og_title":"Toilettenurinal","og_description":"Urinal Toilette kaufen f\u00fcr mobile Kabinen. Unsere Urinal Toilette bietet Hygiene, Komfort und einfache Montage. Jetzt Preis entdecken!","og_url":"https:\/\/toypek.eu\/de\/produkt\/urinal-fur-mobile-toilette\/","og_site_name":"Toypek","article_modified_time":"2025-10-09T11:23:48+00:00","og_image":[{"width":1200,"height":1200,"url":"https:\/\/cdn.toypek.eu\/images\/Urinoir-2.jpg","type":"image\/jpeg"}],"twitter_card":"summary_large_image","twitter_misc":{"Gesch\u00e4tzte Lesezeit":"1\u00a0Minute"},"schema":{"@context":"https:\/\/schema.org","@graph":[{"@type":"WebPage","@id":"https:\/\/toypek.eu\/de\/produkt\/urinal-fur-mobile-toilette\/","url":"https:\/\/toypek.eu\/de\/produkt\/urinal-fur-mobile-toilette\/","name":"Toilettenurinal - Toypek","isPartOf":{"@id":"https:\/\/toypek.eu\/de\/#website"},"primaryImageOfPage":{"@id":"https:\/\/toypek.eu\/de\/produkt\/urinal-fur-mobile-toilette\/#primaryimage"},"image":{"@id":"https:\/\/toypek.eu\/de\/produkt\/urinal-fur-mobile-toilette\/#primaryimage"},"thumbnailUrl":"https:\/\/cdn.toypek.eu\/images\/Urinoir-2.jpg","datePublished":"2023-06-09T12:53:06+00:00","dateModified":"2025-10-09T11:23:48+00:00","description":"Urinal Toilette kaufen f\u00fcr mobile Kabinen. Unsere Urinal Toilette bietet Hygiene, Komfort und einfache Montage. Jetzt Preis entdecken!","breadcrumb":{"@id":"https:\/\/toypek.eu\/de\/produkt\/urinal-fur-mobile-toilette\/#breadcrumb"},"inLanguage":"de","potentialAction":[{"@type":"ReadAction","target":["https:\/\/toypek.eu\/de\/produkt\/urinal-fur-mobile-toilette\/"]}]},{"@type":"ImageObject","inLanguage":"de","@id":"https:\/\/toypek.eu\/de\/produkt\/urinal-fur-mobile-toilette\/#primaryimage","url":"https:\/\/cdn.toypek.eu\/images\/Urinoir-2.jpg","contentUrl":"https:\/\/cdn.toypek.eu\/images\/Urinoir-2.jpg","width":1200,"height":1200,"caption":"Urinoir"},{"@type":"BreadcrumbList","@id":"https:\/\/toypek.eu\/de\/produkt\/urinal-fur-mobile-toilette\/#breadcrumb","itemListElement":[{"@type":"ListItem","position":1,"name":"Home","item":"https:\/\/toypek.eu\/de\/"},{"@type":"ListItem","position":2,"name":"Produktauswahl","item":"https:\/\/toypek.eu\/de\/produktauswahl\/"},{"@type":"ListItem","position":3,"name":"Toilettenurinal"}]},{"@type":"WebSite","@id":"https:\/\/toypek.eu\/de\/#website","url":"https:\/\/toypek.eu\/de\/","name":"Toypek","description":"","potentialAction":[{"@type":"SearchAction","target":{"@type":"EntryPoint","urlTemplate":"https:\/\/toypek.eu\/de\/?s={search_term_string}"},"query-input":{"@type":"PropertyValueSpecification","valueRequired":true,"valueName":"search_term_string"}}],"inLanguage":"de"}]}},"_links":{"self":[{"href":"https:\/\/toypek.eu\/de\/wp-json\/wp\/v2\/product\/11786","targetHints":{"allow":["GET"]}}],"collection":[{"href":"https:\/\/toypek.eu\/de\/wp-json\/wp\/v2\/product"}],"about":[{"href":"https:\/\/toypek.eu\/de\/wp-json\/wp\/v2\/types\/product"}],"replies":[{"embeddable":true,"href":"https:\/\/toypek.eu\/de\/wp-json\/wp\/v2\/comments?post=11786"}],"wp:featuredmedia":[{"embeddable":true,"href":"https:\/\/toypek.eu\/de\/wp-json\/wp\/v2\/media\/11772"}],"wp:attachment":[{"href":"https:\/\/toypek.eu\/de\/wp-json\/wp\/v2\/media?parent=11786"}],"wp:term":[{"taxonomy":"product_brand","embeddable":true,"href":"https:\/\/toypek.eu\/de\/wp-json\/wp\/v2\/product_brand?post=11786"},{"taxonomy":"product_cat","embeddable":true,"href":"https:\/\/toypek.eu\/de\/wp-json\/wp\/v2\/product_cat?post=11786"},{"taxonomy":"product_tag","embeddable":true,"href":"https:\/\/toypek.eu\/de\/wp-json\/wp\/v2\/product_tag?post=11786"}],"curies":[{"name":"wp","href":"https:\/\/api.w.org\/{rel}","templated":true}]}}