{"id":11799,"date":"2023-06-09T12:31:04","date_gmt":"2023-06-09T12:31:04","guid":{"rendered":"http:\/\/toypek.eu\/product\/evergreen-gold-tabletten-2\/"},"modified":"2025-10-09T18:45:58","modified_gmt":"2025-10-09T16:45:58","slug":"evergreen-gold-tabletten","status":"publish","type":"product","link":"https:\/\/toypek.eu\/de\/produkt\/evergreen-gold-tabletten\/","title":{"rendered":"EverGreen Gold Tabletten"},"content":{"rendered":"\n<p>\nEverGreen Gold Tabletten nutzen fortschrittliche Inhaltsstoffe zur nat&uuml;rlichen Geruchskontrolle. Sie zersetzen Papier und Abfall effektiv, verhindern Ablagerungen und reduzieren organisches Material. Durch die Verwendung des EverGreen Gold Toilettenreinigers k&ouml;nnen Sie Entsorgungskosten senken und gleichzeitig umweltfreundlich handeln &ndash; das Produkt ist ungiftig und zu 100 % biologisch abbaubar.\n<\/p>\n<p>\nZur einfachen Anwendung sind die Blaumittel-Tabletten auch als fl&uuml;ssige Variante in F&auml;ssern erh&auml;ltlich. Diese vielseitigen Sanit&auml;rzus&auml;tze eignen sich f&uuml;r Sommer- und Winterbetrieb und sind ideal f&uuml;r l&auml;ngere Einsatzzeiten oder warme Umgebungen. Toilettenservice-Unternehmen profitieren von der einfachen Handhabung und Zeitersparnis.\n<\/p>\n<ul>\n<li>Nat&uuml;rliche Geruchskontrolle f&uuml;r eine angenehme Umgebung<\/li>\n<li>Schnell wirkend und hocheffektiv gegen unangenehme Ger&uuml;che<\/li>\n<li>Verf&auml;rbt das Toiletteninnere nicht<\/li>\n<li>Zuverl&auml;ssige Leistung bei jedem Klima<\/li>\n<li>Umweltfreundlich und biologisch abbaubar<\/li>\n<li>Zersetzt Papier und Abfall f&uuml;r mehr Sauberkeit<\/li>\n<\/ul>\n\n","protected":false},"excerpt":{"rendered":"<p>Mit unseren vielseitigen Toiletteneinheiten k\u00f6nnen Sie Ihre mobile Toilette ganz nach Ihren W\u00fcnschen gestalten. Zur optimalen Sauberkeit bieten wir spezielle Reinigungsmittel f\u00fcr Mobiltoiletten an, wie die leistungsstarken EverGreen Gold Tabletten. Beim Kauf einer mobilen Toilette sollten Sie den Verwendungszweck, die Farboptionen, Zusatzfunktionen und die Pflege ber\u00fccksichtigen. Auf Wunsch fertigen wir Ihre Toiletteneinheiten auch in Ihrer bevorzugten Farbe an.<\/p>\n","protected":false},"featured_media":11795,"comment_status":"open","ping_status":"closed","template":"","meta":{"_acf_changed":false,"_joinchat":[]},"product_brand":[],"product_cat":[90],"product_tag":[],"class_list":{"0":"post-11799","1":"product","2":"type-product","3":"status-publish","4":"has-post-thumbnail","6":"product_cat-blaue-toilettentabletten","8":"first","9":"instock","10":"shipping-taxable","11":"product-type-simple"},"acf":[],"yoast_head":"<!-- This site is optimized with the Yoast SEO Premium plugin v20.8 (Yoast SEO v27.3) - https:\/\/yoast.com\/product\/yoast-seo-premium-wordpress\/ -->\n<title>EverGreen Gold Tabletten - Toypek<\/title>\n<meta name=\"description\" content=\"Suchen Sie EverGreen Gold Tabletten f\u00fcr mobile Toiletten? EverGreen Gold Tabletten sorgen f\u00fcr Frische \u2013 jetzt mehr erfahren!\" \/>\n<meta name=\"robots\" content=\"index, follow, max-snippet:-1, max-image-preview:large, max-video-preview:-1\" \/>\n<link rel=\"canonical\" href=\"https:\/\/toypek.eu\/de\/produkt\/evergreen-gold-tabletten\/\" \/>\n<meta property=\"og:locale\" content=\"de_DE\" \/>\n<meta property=\"og:type\" content=\"article\" \/>\n<meta property=\"og:title\" content=\"EverGreen Gold Tabletten\" \/>\n<meta property=\"og:description\" content=\"Suchen Sie EverGreen Gold Tabletten f\u00fcr mobile Toiletten? EverGreen Gold Tabletten sorgen f\u00fcr Frische \u2013 jetzt mehr erfahren!\" \/>\n<meta property=\"og:url\" content=\"https:\/\/toypek.eu\/de\/produkt\/evergreen-gold-tabletten\/\" \/>\n<meta property=\"og:site_name\" content=\"Toypek\" \/>\n<meta property=\"article:modified_time\" content=\"2025-10-09T16:45:58+00:00\" \/>\n<meta property=\"og:image\" content=\"https:\/\/cdn.toypek.eu\/images\/Evergreen-tablets.jpg\" \/>\n\t<meta property=\"og:image:width\" content=\"623\" \/>\n\t<meta property=\"og:image:height\" content=\"294\" \/>\n\t<meta property=\"og:image:type\" content=\"image\/jpeg\" \/>\n<meta name=\"twitter:card\" content=\"summary_large_image\" \/>\n<meta name=\"twitter:label1\" content=\"Gesch\u00e4tzte Lesezeit\" \/>\n\t<meta name=\"twitter:data1\" content=\"2\u00a0Minuten\" \/>\n<script type=\"application\/ld+json\" class=\"yoast-schema-graph\">{\"@context\":\"https:\\\/\\\/schema.org\",\"@graph\":[{\"@type\":\"WebPage\",\"@id\":\"https:\\\/\\\/toypek.eu\\\/de\\\/produkt\\\/evergreen-gold-tabletten\\\/\",\"url\":\"https:\\\/\\\/toypek.eu\\\/de\\\/produkt\\\/evergreen-gold-tabletten\\\/\",\"name\":\"EverGreen Gold Tabletten - Toypek\",\"isPartOf\":{\"@id\":\"https:\\\/\\\/toypek.eu\\\/de\\\/#website\"},\"primaryImageOfPage\":{\"@id\":\"https:\\\/\\\/toypek.eu\\\/de\\\/produkt\\\/evergreen-gold-tabletten\\\/#primaryimage\"},\"image\":{\"@id\":\"https:\\\/\\\/toypek.eu\\\/de\\\/produkt\\\/evergreen-gold-tabletten\\\/#primaryimage\"},\"thumbnailUrl\":\"https:\\\/\\\/cdn.toypek.eu\\\/images\\\/Evergreen-tablets.jpg\",\"datePublished\":\"2023-06-09T12:31:04+00:00\",\"dateModified\":\"2025-10-09T16:45:58+00:00\",\"description\":\"Suchen Sie EverGreen Gold Tabletten f\u00fcr mobile Toiletten? EverGreen Gold Tabletten sorgen f\u00fcr Frische \u2013 jetzt mehr erfahren!\",\"breadcrumb\":{\"@id\":\"https:\\\/\\\/toypek.eu\\\/de\\\/produkt\\\/evergreen-gold-tabletten\\\/#breadcrumb\"},\"inLanguage\":\"de\",\"potentialAction\":[{\"@type\":\"ReadAction\",\"target\":[\"https:\\\/\\\/toypek.eu\\\/de\\\/produkt\\\/evergreen-gold-tabletten\\\/\"]}]},{\"@type\":\"ImageObject\",\"inLanguage\":\"de\",\"@id\":\"https:\\\/\\\/toypek.eu\\\/de\\\/produkt\\\/evergreen-gold-tabletten\\\/#primaryimage\",\"url\":\"https:\\\/\\\/cdn.toypek.eu\\\/images\\\/Evergreen-tablets.jpg\",\"contentUrl\":\"https:\\\/\\\/cdn.toypek.eu\\\/images\\\/Evergreen-tablets.jpg\",\"width\":623,\"height\":294,\"caption\":\"Evergreen Gold tabletten\"},{\"@type\":\"BreadcrumbList\",\"@id\":\"https:\\\/\\\/toypek.eu\\\/de\\\/produkt\\\/evergreen-gold-tabletten\\\/#breadcrumb\",\"itemListElement\":[{\"@type\":\"ListItem\",\"position\":1,\"name\":\"Home\",\"item\":\"https:\\\/\\\/toypek.eu\\\/de\\\/\"},{\"@type\":\"ListItem\",\"position\":2,\"name\":\"Produktauswahl\",\"item\":\"https:\\\/\\\/toypek.eu\\\/de\\\/produktauswahl\\\/\"},{\"@type\":\"ListItem\",\"position\":3,\"name\":\"EverGreen Gold Tabletten\"}]},{\"@type\":\"WebSite\",\"@id\":\"https:\\\/\\\/toypek.eu\\\/de\\\/#website\",\"url\":\"https:\\\/\\\/toypek.eu\\\/de\\\/\",\"name\":\"Toypek\",\"description\":\"\",\"potentialAction\":[{\"@type\":\"SearchAction\",\"target\":{\"@type\":\"EntryPoint\",\"urlTemplate\":\"https:\\\/\\\/toypek.eu\\\/de\\\/?s={search_term_string}\"},\"query-input\":{\"@type\":\"PropertyValueSpecification\",\"valueRequired\":true,\"valueName\":\"search_term_string\"}}],\"inLanguage\":\"de\"}]}<\/script>\n<!-- \/ Yoast SEO Premium plugin. -->","yoast_head_json":{"title":"EverGreen Gold Tabletten - Toypek","description":"Suchen Sie EverGreen Gold Tabletten f\u00fcr mobile Toiletten? EverGreen Gold Tabletten sorgen f\u00fcr Frische \u2013 jetzt mehr erfahren!","robots":{"index":"index","follow":"follow","max-snippet":"max-snippet:-1","max-image-preview":"max-image-preview:large","max-video-preview":"max-video-preview:-1"},"canonical":"https:\/\/toypek.eu\/de\/produkt\/evergreen-gold-tabletten\/","og_locale":"de_DE","og_type":"article","og_title":"EverGreen Gold Tabletten","og_description":"Suchen Sie EverGreen Gold Tabletten f\u00fcr mobile Toiletten? EverGreen Gold Tabletten sorgen f\u00fcr Frische \u2013 jetzt mehr erfahren!","og_url":"https:\/\/toypek.eu\/de\/produkt\/evergreen-gold-tabletten\/","og_site_name":"Toypek","article_modified_time":"2025-10-09T16:45:58+00:00","og_image":[{"width":623,"height":294,"url":"https:\/\/cdn.toypek.eu\/images\/Evergreen-tablets.jpg","type":"image\/jpeg"}],"twitter_card":"summary_large_image","twitter_misc":{"Gesch\u00e4tzte Lesezeit":"2\u00a0Minuten"},"schema":{"@context":"https:\/\/schema.org","@graph":[{"@type":"WebPage","@id":"https:\/\/toypek.eu\/de\/produkt\/evergreen-gold-tabletten\/","url":"https:\/\/toypek.eu\/de\/produkt\/evergreen-gold-tabletten\/","name":"EverGreen Gold Tabletten - Toypek","isPartOf":{"@id":"https:\/\/toypek.eu\/de\/#website"},"primaryImageOfPage":{"@id":"https:\/\/toypek.eu\/de\/produkt\/evergreen-gold-tabletten\/#primaryimage"},"image":{"@id":"https:\/\/toypek.eu\/de\/produkt\/evergreen-gold-tabletten\/#primaryimage"},"thumbnailUrl":"https:\/\/cdn.toypek.eu\/images\/Evergreen-tablets.jpg","datePublished":"2023-06-09T12:31:04+00:00","dateModified":"2025-10-09T16:45:58+00:00","description":"Suchen Sie EverGreen Gold Tabletten f\u00fcr mobile Toiletten? EverGreen Gold Tabletten sorgen f\u00fcr Frische \u2013 jetzt mehr erfahren!","breadcrumb":{"@id":"https:\/\/toypek.eu\/de\/produkt\/evergreen-gold-tabletten\/#breadcrumb"},"inLanguage":"de","potentialAction":[{"@type":"ReadAction","target":["https:\/\/toypek.eu\/de\/produkt\/evergreen-gold-tabletten\/"]}]},{"@type":"ImageObject","inLanguage":"de","@id":"https:\/\/toypek.eu\/de\/produkt\/evergreen-gold-tabletten\/#primaryimage","url":"https:\/\/cdn.toypek.eu\/images\/Evergreen-tablets.jpg","contentUrl":"https:\/\/cdn.toypek.eu\/images\/Evergreen-tablets.jpg","width":623,"height":294,"caption":"Evergreen Gold tabletten"},{"@type":"BreadcrumbList","@id":"https:\/\/toypek.eu\/de\/produkt\/evergreen-gold-tabletten\/#breadcrumb","itemListElement":[{"@type":"ListItem","position":1,"name":"Home","item":"https:\/\/toypek.eu\/de\/"},{"@type":"ListItem","position":2,"name":"Produktauswahl","item":"https:\/\/toypek.eu\/de\/produktauswahl\/"},{"@type":"ListItem","position":3,"name":"EverGreen Gold Tabletten"}]},{"@type":"WebSite","@id":"https:\/\/toypek.eu\/de\/#website","url":"https:\/\/toypek.eu\/de\/","name":"Toypek","description":"","potentialAction":[{"@type":"SearchAction","target":{"@type":"EntryPoint","urlTemplate":"https:\/\/toypek.eu\/de\/?s={search_term_string}"},"query-input":{"@type":"PropertyValueSpecification","valueRequired":true,"valueName":"search_term_string"}}],"inLanguage":"de"}]}},"_links":{"self":[{"href":"https:\/\/toypek.eu\/de\/wp-json\/wp\/v2\/product\/11799","targetHints":{"allow":["GET"]}}],"collection":[{"href":"https:\/\/toypek.eu\/de\/wp-json\/wp\/v2\/product"}],"about":[{"href":"https:\/\/toypek.eu\/de\/wp-json\/wp\/v2\/types\/product"}],"replies":[{"embeddable":true,"href":"https:\/\/toypek.eu\/de\/wp-json\/wp\/v2\/comments?post=11799"}],"wp:featuredmedia":[{"embeddable":true,"href":"https:\/\/toypek.eu\/de\/wp-json\/wp\/v2\/media\/11795"}],"wp:attachment":[{"href":"https:\/\/toypek.eu\/de\/wp-json\/wp\/v2\/media?parent=11799"}],"wp:term":[{"taxonomy":"product_brand","embeddable":true,"href":"https:\/\/toypek.eu\/de\/wp-json\/wp\/v2\/product_brand?post=11799"},{"taxonomy":"product_cat","embeddable":true,"href":"https:\/\/toypek.eu\/de\/wp-json\/wp\/v2\/product_cat?post=11799"},{"taxonomy":"product_tag","embeddable":true,"href":"https:\/\/toypek.eu\/de\/wp-json\/wp\/v2\/product_tag?post=11799"}],"curies":[{"name":"wp","href":"https:\/\/api.w.org\/{rel}","templated":true}]}}