{"id":11839,"date":"2023-06-09T13:09:41","date_gmt":"2023-06-09T11:09:41","guid":{"rendered":"http:\/\/toypek.eu\/product\/single-toiletaanhanger-2\/"},"modified":"2025-10-09T15:42:55","modified_gmt":"2025-10-09T13:42:55","slug":"einzel-toilettenanhaenger","status":"publish","type":"product","link":"https:\/\/toypek.eu\/de\/produkt\/einzel-toilettenanhaenger\/","title":{"rendered":"Einzel-Toilettenanh\u00e4nger"},"content":{"rendered":"\n<p>\nDer Einzel-Toilettenanh&auml;nger Typ 1 besteht aus hochwertigen Materialien und ist COC-zertifiziert, wodurch seine Nutzung in ganz Europa m&ouml;glich ist. Er ist mit zwei oder drei St&uuml;tzbeinen sowie einer leicht zu reinigenden Gitterstufenleiter ausgestattet.\n<\/p>\n<p>\nDieser mobile Toilettenanh&auml;nger wurde speziell f&uuml;r die Aufnahme unserer Toypek-Kabinen entwickelt. Die Kabinen werden mit Eckleisten, Aluminiumplatten, Schrauben und Kontermuttern sicher auf dem Anh&auml;nger befestigt. Zus&auml;tzlich verf&uuml;gt der Anh&auml;nger &uuml;ber stabile &Ouml;sen, an denen die Kabinen mit Spanngurten fixiert werden k&ouml;nnen, um einen festen Halt zu gew&auml;hrleisten.\n<\/p>\n<p>\nUnsere Toilettenanh&auml;nger sind pflegeleicht, wartungsarm und f&uuml;r den Einsatz auf jedem Gel&auml;nde geeignet.<\/p>\n\n","protected":false},"excerpt":{"rendered":"<p>Stellen Sie Ihren Toilettenanh\u00e4nger ganz nach Ihren W\u00fcnschen zusammen. Unsere Anh\u00e4nger f\u00fcr <a href=\"https:\/\/toypek.eu\/de\/produkt\/mobile-toilette-kaufen\/\">mobile Toiletten<\/a> k\u00f6nnen individuell an Ihre Bed\u00fcrfnisse angepasst werden. Bei der Vermietung mobiler Sanit\u00e4rl\u00f6sungen sollten Verwendungszweck, Farbe, Zusatzoptionen und Menge sorgf\u00e4ltig ber\u00fccksichtigt werden. Unsere Toilettenanh\u00e4nger und Duschwagen bieten komfortable, hygienische L\u00f6sungen und unterst\u00fctzen Vermieter optimal beim Transport.<\/p>\n","protected":false},"featured_media":11237,"comment_status":"open","ping_status":"closed","template":"","meta":{"_acf_changed":false,"_joinchat":[]},"product_brand":[],"product_cat":[70],"product_tag":[],"class_list":{"0":"post-11839","1":"product","2":"type-product","3":"status-publish","4":"has-post-thumbnail","6":"product_cat-toilettenwagen","8":"first","9":"instock","10":"shipping-taxable","11":"product-type-variable"},"acf":[],"yoast_head":"<!-- This site is optimized with the Yoast SEO Premium plugin v20.8 (Yoast SEO v27.4) - https:\/\/yoast.com\/product\/yoast-seo-premium-wordpress\/ -->\n<title>Einzel-Toilettenanh\u00e4nger - Toypek<\/title>\n<meta name=\"description\" content=\"Einzel-Toilettenanh\u00e4nger kaufen? Entdecken Sie unseren robusten Einzel-Toilettenanh\u00e4nger f\u00fcr mobile Sanit\u00e4rl\u00f6sungen. Jetzt Preis anfragen!\" \/>\n<meta name=\"robots\" content=\"index, follow, max-snippet:-1, max-image-preview:large, max-video-preview:-1\" \/>\n<link rel=\"canonical\" href=\"https:\/\/toypek.eu\/de\/produkt\/einzel-toilettenanhaenger\/\" \/>\n<meta property=\"og:locale\" content=\"de_DE\" \/>\n<meta property=\"og:type\" content=\"article\" \/>\n<meta property=\"og:title\" content=\"Einzel-Toilettenanh\u00e4nger\" \/>\n<meta property=\"og:description\" content=\"Einzel-Toilettenanh\u00e4nger kaufen? Entdecken Sie unseren robusten Einzel-Toilettenanh\u00e4nger f\u00fcr mobile Sanit\u00e4rl\u00f6sungen. Jetzt Preis anfragen!\" \/>\n<meta property=\"og:url\" content=\"https:\/\/toypek.eu\/de\/produkt\/einzel-toilettenanhaenger\/\" \/>\n<meta property=\"og:site_name\" content=\"Toypek\" \/>\n<meta property=\"article:modified_time\" content=\"2025-10-09T13:42:55+00:00\" \/>\n<meta property=\"og:image\" content=\"https:\/\/cdn.toypek.eu\/images\/tp-img-216.png\" \/>\n\t<meta property=\"og:image:width\" content=\"1000\" \/>\n\t<meta property=\"og:image:height\" content=\"1000\" \/>\n\t<meta property=\"og:image:type\" content=\"image\/png\" \/>\n<meta name=\"twitter:card\" content=\"summary_large_image\" \/>\n<meta name=\"twitter:label1\" content=\"Gesch\u00e4tzte Lesezeit\" \/>\n\t<meta name=\"twitter:data1\" content=\"1\u00a0Minute\" \/>\n<script type=\"application\/ld+json\" class=\"yoast-schema-graph\">{\"@context\":\"https:\\\/\\\/schema.org\",\"@graph\":[{\"@type\":\"WebPage\",\"@id\":\"https:\\\/\\\/toypek.eu\\\/de\\\/produkt\\\/einzel-toilettenanhaenger\\\/\",\"url\":\"https:\\\/\\\/toypek.eu\\\/de\\\/produkt\\\/einzel-toilettenanhaenger\\\/\",\"name\":\"Einzel-Toilettenanh\u00e4nger - Toypek\",\"isPartOf\":{\"@id\":\"https:\\\/\\\/toypek.eu\\\/de\\\/#website\"},\"primaryImageOfPage\":{\"@id\":\"https:\\\/\\\/toypek.eu\\\/de\\\/produkt\\\/einzel-toilettenanhaenger\\\/#primaryimage\"},\"image\":{\"@id\":\"https:\\\/\\\/toypek.eu\\\/de\\\/produkt\\\/einzel-toilettenanhaenger\\\/#primaryimage\"},\"thumbnailUrl\":\"https:\\\/\\\/cdn.toypek.eu\\\/images\\\/tp-img-216.png\",\"datePublished\":\"2023-06-09T11:09:41+00:00\",\"dateModified\":\"2025-10-09T13:42:55+00:00\",\"description\":\"Einzel-Toilettenanh\u00e4nger kaufen? Entdecken Sie unseren robusten Einzel-Toilettenanh\u00e4nger f\u00fcr mobile Sanit\u00e4rl\u00f6sungen. Jetzt Preis anfragen!\",\"breadcrumb\":{\"@id\":\"https:\\\/\\\/toypek.eu\\\/de\\\/produkt\\\/einzel-toilettenanhaenger\\\/#breadcrumb\"},\"inLanguage\":\"de\",\"potentialAction\":[{\"@type\":\"ReadAction\",\"target\":[\"https:\\\/\\\/toypek.eu\\\/de\\\/produkt\\\/einzel-toilettenanhaenger\\\/\"]}]},{\"@type\":\"ImageObject\",\"inLanguage\":\"de\",\"@id\":\"https:\\\/\\\/toypek.eu\\\/de\\\/produkt\\\/einzel-toilettenanhaenger\\\/#primaryimage\",\"url\":\"https:\\\/\\\/cdn.toypek.eu\\\/images\\\/tp-img-216.png\",\"contentUrl\":\"https:\\\/\\\/cdn.toypek.eu\\\/images\\\/tp-img-216.png\",\"width\":1000,\"height\":1000},{\"@type\":\"BreadcrumbList\",\"@id\":\"https:\\\/\\\/toypek.eu\\\/de\\\/produkt\\\/einzel-toilettenanhaenger\\\/#breadcrumb\",\"itemListElement\":[{\"@type\":\"ListItem\",\"position\":1,\"name\":\"Home\",\"item\":\"https:\\\/\\\/toypek.eu\\\/de\\\/\"},{\"@type\":\"ListItem\",\"position\":2,\"name\":\"Produktauswahl\",\"item\":\"https:\\\/\\\/toypek.eu\\\/de\\\/produktauswahl\\\/\"},{\"@type\":\"ListItem\",\"position\":3,\"name\":\"Einzel-Toilettenanh\u00e4nger\"}]},{\"@type\":\"WebSite\",\"@id\":\"https:\\\/\\\/toypek.eu\\\/de\\\/#website\",\"url\":\"https:\\\/\\\/toypek.eu\\\/de\\\/\",\"name\":\"Toypek\",\"description\":\"\",\"potentialAction\":[{\"@type\":\"SearchAction\",\"target\":{\"@type\":\"EntryPoint\",\"urlTemplate\":\"https:\\\/\\\/toypek.eu\\\/de\\\/?s={search_term_string}\"},\"query-input\":{\"@type\":\"PropertyValueSpecification\",\"valueRequired\":true,\"valueName\":\"search_term_string\"}}],\"inLanguage\":\"de\"}]}<\/script>\n<!-- \/ Yoast SEO Premium plugin. -->","yoast_head_json":{"title":"Einzel-Toilettenanh\u00e4nger - Toypek","description":"Einzel-Toilettenanh\u00e4nger kaufen? Entdecken Sie unseren robusten Einzel-Toilettenanh\u00e4nger f\u00fcr mobile Sanit\u00e4rl\u00f6sungen. Jetzt Preis anfragen!","robots":{"index":"index","follow":"follow","max-snippet":"max-snippet:-1","max-image-preview":"max-image-preview:large","max-video-preview":"max-video-preview:-1"},"canonical":"https:\/\/toypek.eu\/de\/produkt\/einzel-toilettenanhaenger\/","og_locale":"de_DE","og_type":"article","og_title":"Einzel-Toilettenanh\u00e4nger","og_description":"Einzel-Toilettenanh\u00e4nger kaufen? Entdecken Sie unseren robusten Einzel-Toilettenanh\u00e4nger f\u00fcr mobile Sanit\u00e4rl\u00f6sungen. Jetzt Preis anfragen!","og_url":"https:\/\/toypek.eu\/de\/produkt\/einzel-toilettenanhaenger\/","og_site_name":"Toypek","article_modified_time":"2025-10-09T13:42:55+00:00","og_image":[{"width":1000,"height":1000,"url":"https:\/\/cdn.toypek.eu\/images\/tp-img-216.png","type":"image\/png"}],"twitter_card":"summary_large_image","twitter_misc":{"Gesch\u00e4tzte Lesezeit":"1\u00a0Minute"},"schema":{"@context":"https:\/\/schema.org","@graph":[{"@type":"WebPage","@id":"https:\/\/toypek.eu\/de\/produkt\/einzel-toilettenanhaenger\/","url":"https:\/\/toypek.eu\/de\/produkt\/einzel-toilettenanhaenger\/","name":"Einzel-Toilettenanh\u00e4nger - Toypek","isPartOf":{"@id":"https:\/\/toypek.eu\/de\/#website"},"primaryImageOfPage":{"@id":"https:\/\/toypek.eu\/de\/produkt\/einzel-toilettenanhaenger\/#primaryimage"},"image":{"@id":"https:\/\/toypek.eu\/de\/produkt\/einzel-toilettenanhaenger\/#primaryimage"},"thumbnailUrl":"https:\/\/cdn.toypek.eu\/images\/tp-img-216.png","datePublished":"2023-06-09T11:09:41+00:00","dateModified":"2025-10-09T13:42:55+00:00","description":"Einzel-Toilettenanh\u00e4nger kaufen? Entdecken Sie unseren robusten Einzel-Toilettenanh\u00e4nger f\u00fcr mobile Sanit\u00e4rl\u00f6sungen. Jetzt Preis anfragen!","breadcrumb":{"@id":"https:\/\/toypek.eu\/de\/produkt\/einzel-toilettenanhaenger\/#breadcrumb"},"inLanguage":"de","potentialAction":[{"@type":"ReadAction","target":["https:\/\/toypek.eu\/de\/produkt\/einzel-toilettenanhaenger\/"]}]},{"@type":"ImageObject","inLanguage":"de","@id":"https:\/\/toypek.eu\/de\/produkt\/einzel-toilettenanhaenger\/#primaryimage","url":"https:\/\/cdn.toypek.eu\/images\/tp-img-216.png","contentUrl":"https:\/\/cdn.toypek.eu\/images\/tp-img-216.png","width":1000,"height":1000},{"@type":"BreadcrumbList","@id":"https:\/\/toypek.eu\/de\/produkt\/einzel-toilettenanhaenger\/#breadcrumb","itemListElement":[{"@type":"ListItem","position":1,"name":"Home","item":"https:\/\/toypek.eu\/de\/"},{"@type":"ListItem","position":2,"name":"Produktauswahl","item":"https:\/\/toypek.eu\/de\/produktauswahl\/"},{"@type":"ListItem","position":3,"name":"Einzel-Toilettenanh\u00e4nger"}]},{"@type":"WebSite","@id":"https:\/\/toypek.eu\/de\/#website","url":"https:\/\/toypek.eu\/de\/","name":"Toypek","description":"","potentialAction":[{"@type":"SearchAction","target":{"@type":"EntryPoint","urlTemplate":"https:\/\/toypek.eu\/de\/?s={search_term_string}"},"query-input":{"@type":"PropertyValueSpecification","valueRequired":true,"valueName":"search_term_string"}}],"inLanguage":"de"}]}},"_links":{"self":[{"href":"https:\/\/toypek.eu\/de\/wp-json\/wp\/v2\/product\/11839","targetHints":{"allow":["GET"]}}],"collection":[{"href":"https:\/\/toypek.eu\/de\/wp-json\/wp\/v2\/product"}],"about":[{"href":"https:\/\/toypek.eu\/de\/wp-json\/wp\/v2\/types\/product"}],"replies":[{"embeddable":true,"href":"https:\/\/toypek.eu\/de\/wp-json\/wp\/v2\/comments?post=11839"}],"wp:featuredmedia":[{"embeddable":true,"href":"https:\/\/toypek.eu\/de\/wp-json\/wp\/v2\/media\/11237"}],"wp:attachment":[{"href":"https:\/\/toypek.eu\/de\/wp-json\/wp\/v2\/media?parent=11839"}],"wp:term":[{"taxonomy":"product_brand","embeddable":true,"href":"https:\/\/toypek.eu\/de\/wp-json\/wp\/v2\/product_brand?post=11839"},{"taxonomy":"product_cat","embeddable":true,"href":"https:\/\/toypek.eu\/de\/wp-json\/wp\/v2\/product_cat?post=11839"},{"taxonomy":"product_tag","embeddable":true,"href":"https:\/\/toypek.eu\/de\/wp-json\/wp\/v2\/product_tag?post=11839"}],"curies":[{"name":"wp","href":"https:\/\/api.w.org\/{rel}","templated":true}]}}