{"id":12500,"date":"2023-06-09T13:00:57","date_gmt":"2023-06-09T11:00:57","guid":{"rendered":"http:\/\/toypek.eu\/product\/dubbele-toiletaanhanger-2\/"},"modified":"2025-10-09T16:24:18","modified_gmt":"2025-10-09T14:24:18","slug":"doppel-toilettenanhaenger","status":"publish","type":"product","link":"https:\/\/toypek.eu\/de\/produkt\/doppel-toilettenanhaenger\/","title":{"rendered":"Doppeltoilettenanh\u00e4nger"},"content":{"rendered":"\n<p>\nUnser Doppeltoilettenanh&auml;nger wird aus hochwertigen Materialien gefertigt und entspricht den europ&auml;ischen Pr&uuml;fnormen. Er verf&uuml;gt &uuml;ber zwei Trittstufen und vier stabile St&uuml;tzbeine, die f&uuml;r zus&auml;tzliche Stabilit&auml;t sorgen. Die Toilettenkabinen sind speziell f&uuml;r unsere Toypek-Kabinen konzipiert und werden mit vier Aluminiumplatten sowie M10 x 80-Schrauben und Sicherungsmuttern sicher am Anh&auml;nger befestigt. Der Doppeltoilettenanh&auml;nger ist wartungsarm, vielseitig einsetzbar und eignet sich f&uuml;r den Einsatz auf unterschiedlichen Untergr&uuml;nden.\n<\/p>\n<p>\nDie Toilettenanh&auml;nger sind ausgestattet mit:\n<\/p>\n<ul>\n<li>Zwei hinteren Trittstufen &uuml;ber die gesamte Breite des Anh&auml;ngers sowie einer seitlichen Trittstufe<\/li>\n<li>Vorderem St&uuml;tzrad<\/li>\n<li>Zwei vorderen verschiebbaren St&uuml;tzbeinen<\/li>\n<li>Zwei hinteren verschiebbaren St&uuml;tzbeinen<\/li>\n<li>Montierten Nummernschildhaltern<\/li>\n<li>Zwei Aluminiumplatten zur Befestigung der Toilettenkabinen<\/li>\n<\/ul>\n\n","protected":false},"excerpt":{"rendered":"<p>Stellen Sie Ihren Doppeltoilettenanh\u00e4nger ganz nach Ihren W\u00fcnschen zusammen. Wir bieten passende mobile Toilettenanh\u00e4nger zum Verkauf an, die eine komfortable und flexible L\u00f6sung f\u00fcr alle sanit\u00e4ren Anforderungen bieten. Unsere Anh\u00e4nger k\u00f6nnen vollst\u00e4ndig an Ihre individuellen Bed\u00fcrfnisse angepasst werden. Bei der Vermietung mobiler Sanit\u00e4reinheiten ist es wichtig, den Verwendungszweck, die gew\u00fcnschten Zusatzoptionen, Farben und Mengen zu ber\u00fccksichtigen. Unsere Doppeltoilettenanh\u00e4nger sind zudem so konzipiert, dass sie Vermietern den Transport ihrer mobilen Toiletten deutlich erleichtern.<\/p>\n","protected":false},"featured_media":12238,"comment_status":"open","ping_status":"closed","template":"","meta":{"_acf_changed":false,"_joinchat":[]},"product_brand":[],"product_cat":[70],"product_tag":[],"class_list":{"0":"post-12500","1":"product","2":"type-product","3":"status-publish","4":"has-post-thumbnail","6":"product_cat-toilettenwagen","8":"first","9":"instock","10":"shipping-taxable","11":"product-type-variable"},"acf":[],"yoast_head":"<!-- This site is optimized with the Yoast SEO Premium plugin v20.8 (Yoast SEO v27.3) - https:\/\/yoast.com\/product\/yoast-seo-premium-wordpress\/ -->\n<title>Doppeltoilettenanh\u00e4nger - Doppeltoilettenanh\u00e4nger<\/title>\n<meta name=\"description\" content=\"Doppeltoilettenanh\u00e4nger f\u00fcr Vermieter und Events. Kaufen Sie Ihren Doppeltoilettenanh\u00e4nger jetzt und entdecken Sie den Preis!\" \/>\n<meta name=\"robots\" content=\"index, follow, max-snippet:-1, max-image-preview:large, max-video-preview:-1\" \/>\n<link rel=\"canonical\" href=\"https:\/\/toypek.eu\/de\/produkt\/doppel-toilettenanhaenger\/\" \/>\n<meta property=\"og:locale\" content=\"de_DE\" \/>\n<meta property=\"og:type\" content=\"article\" \/>\n<meta property=\"og:title\" content=\"Doppeltoilettenanh\u00e4nger\" \/>\n<meta property=\"og:description\" content=\"Doppeltoilettenanh\u00e4nger f\u00fcr Vermieter und Events. Kaufen Sie Ihren Doppeltoilettenanh\u00e4nger jetzt und entdecken Sie den Preis!\" \/>\n<meta property=\"og:url\" content=\"https:\/\/toypek.eu\/de\/produkt\/doppel-toilettenanhaenger\/\" \/>\n<meta property=\"og:site_name\" content=\"Toypek\" \/>\n<meta property=\"article:modified_time\" content=\"2025-10-09T14:24:18+00:00\" \/>\n<meta property=\"og:image\" content=\"https:\/\/cdn.toypek.eu\/images\/tp-img-204.png\" \/>\n\t<meta property=\"og:image:width\" content=\"1000\" \/>\n\t<meta property=\"og:image:height\" content=\"1000\" \/>\n\t<meta property=\"og:image:type\" content=\"image\/png\" \/>\n<meta name=\"twitter:card\" content=\"summary_large_image\" \/>\n<meta name=\"twitter:label1\" content=\"Gesch\u00e4tzte Lesezeit\" \/>\n\t<meta name=\"twitter:data1\" content=\"1\u00a0Minute\" \/>\n<script type=\"application\/ld+json\" class=\"yoast-schema-graph\">{\"@context\":\"https:\\\/\\\/schema.org\",\"@graph\":[{\"@type\":\"WebPage\",\"@id\":\"https:\\\/\\\/toypek.eu\\\/de\\\/produkt\\\/doppel-toilettenanhaenger\\\/\",\"url\":\"https:\\\/\\\/toypek.eu\\\/de\\\/produkt\\\/doppel-toilettenanhaenger\\\/\",\"name\":\"Doppeltoilettenanh\u00e4nger - Doppeltoilettenanh\u00e4nger\",\"isPartOf\":{\"@id\":\"https:\\\/\\\/toypek.eu\\\/de\\\/#website\"},\"primaryImageOfPage\":{\"@id\":\"https:\\\/\\\/toypek.eu\\\/de\\\/produkt\\\/doppel-toilettenanhaenger\\\/#primaryimage\"},\"image\":{\"@id\":\"https:\\\/\\\/toypek.eu\\\/de\\\/produkt\\\/doppel-toilettenanhaenger\\\/#primaryimage\"},\"thumbnailUrl\":\"https:\\\/\\\/cdn.toypek.eu\\\/images\\\/tp-img-204.png\",\"datePublished\":\"2023-06-09T11:00:57+00:00\",\"dateModified\":\"2025-10-09T14:24:18+00:00\",\"description\":\"Doppeltoilettenanh\u00e4nger f\u00fcr Vermieter und Events. Kaufen Sie Ihren Doppeltoilettenanh\u00e4nger jetzt und entdecken Sie den Preis!\",\"breadcrumb\":{\"@id\":\"https:\\\/\\\/toypek.eu\\\/de\\\/produkt\\\/doppel-toilettenanhaenger\\\/#breadcrumb\"},\"inLanguage\":\"de\",\"potentialAction\":[{\"@type\":\"ReadAction\",\"target\":[\"https:\\\/\\\/toypek.eu\\\/de\\\/produkt\\\/doppel-toilettenanhaenger\\\/\"]}]},{\"@type\":\"ImageObject\",\"inLanguage\":\"de\",\"@id\":\"https:\\\/\\\/toypek.eu\\\/de\\\/produkt\\\/doppel-toilettenanhaenger\\\/#primaryimage\",\"url\":\"https:\\\/\\\/cdn.toypek.eu\\\/images\\\/tp-img-204.png\",\"contentUrl\":\"https:\\\/\\\/cdn.toypek.eu\\\/images\\\/tp-img-204.png\",\"width\":1000,\"height\":1000},{\"@type\":\"BreadcrumbList\",\"@id\":\"https:\\\/\\\/toypek.eu\\\/de\\\/produkt\\\/doppel-toilettenanhaenger\\\/#breadcrumb\",\"itemListElement\":[{\"@type\":\"ListItem\",\"position\":1,\"name\":\"Home\",\"item\":\"https:\\\/\\\/toypek.eu\\\/de\\\/\"},{\"@type\":\"ListItem\",\"position\":2,\"name\":\"Produktauswahl\",\"item\":\"https:\\\/\\\/toypek.eu\\\/de\\\/produktauswahl\\\/\"},{\"@type\":\"ListItem\",\"position\":3,\"name\":\"Doppeltoilettenanh\u00e4nger\"}]},{\"@type\":\"WebSite\",\"@id\":\"https:\\\/\\\/toypek.eu\\\/de\\\/#website\",\"url\":\"https:\\\/\\\/toypek.eu\\\/de\\\/\",\"name\":\"Toypek\",\"description\":\"\",\"potentialAction\":[{\"@type\":\"SearchAction\",\"target\":{\"@type\":\"EntryPoint\",\"urlTemplate\":\"https:\\\/\\\/toypek.eu\\\/de\\\/?s={search_term_string}\"},\"query-input\":{\"@type\":\"PropertyValueSpecification\",\"valueRequired\":true,\"valueName\":\"search_term_string\"}}],\"inLanguage\":\"de\"}]}<\/script>\n<!-- \/ Yoast SEO Premium plugin. -->","yoast_head_json":{"title":"Doppeltoilettenanh\u00e4nger - Doppeltoilettenanh\u00e4nger","description":"Doppeltoilettenanh\u00e4nger f\u00fcr Vermieter und Events. Kaufen Sie Ihren Doppeltoilettenanh\u00e4nger jetzt und entdecken Sie den Preis!","robots":{"index":"index","follow":"follow","max-snippet":"max-snippet:-1","max-image-preview":"max-image-preview:large","max-video-preview":"max-video-preview:-1"},"canonical":"https:\/\/toypek.eu\/de\/produkt\/doppel-toilettenanhaenger\/","og_locale":"de_DE","og_type":"article","og_title":"Doppeltoilettenanh\u00e4nger","og_description":"Doppeltoilettenanh\u00e4nger f\u00fcr Vermieter und Events. Kaufen Sie Ihren Doppeltoilettenanh\u00e4nger jetzt und entdecken Sie den Preis!","og_url":"https:\/\/toypek.eu\/de\/produkt\/doppel-toilettenanhaenger\/","og_site_name":"Toypek","article_modified_time":"2025-10-09T14:24:18+00:00","og_image":[{"width":1000,"height":1000,"url":"https:\/\/cdn.toypek.eu\/images\/tp-img-204.png","type":"image\/png"}],"twitter_card":"summary_large_image","twitter_misc":{"Gesch\u00e4tzte Lesezeit":"1\u00a0Minute"},"schema":{"@context":"https:\/\/schema.org","@graph":[{"@type":"WebPage","@id":"https:\/\/toypek.eu\/de\/produkt\/doppel-toilettenanhaenger\/","url":"https:\/\/toypek.eu\/de\/produkt\/doppel-toilettenanhaenger\/","name":"Doppeltoilettenanh\u00e4nger - Doppeltoilettenanh\u00e4nger","isPartOf":{"@id":"https:\/\/toypek.eu\/de\/#website"},"primaryImageOfPage":{"@id":"https:\/\/toypek.eu\/de\/produkt\/doppel-toilettenanhaenger\/#primaryimage"},"image":{"@id":"https:\/\/toypek.eu\/de\/produkt\/doppel-toilettenanhaenger\/#primaryimage"},"thumbnailUrl":"https:\/\/cdn.toypek.eu\/images\/tp-img-204.png","datePublished":"2023-06-09T11:00:57+00:00","dateModified":"2025-10-09T14:24:18+00:00","description":"Doppeltoilettenanh\u00e4nger f\u00fcr Vermieter und Events. Kaufen Sie Ihren Doppeltoilettenanh\u00e4nger jetzt und entdecken Sie den Preis!","breadcrumb":{"@id":"https:\/\/toypek.eu\/de\/produkt\/doppel-toilettenanhaenger\/#breadcrumb"},"inLanguage":"de","potentialAction":[{"@type":"ReadAction","target":["https:\/\/toypek.eu\/de\/produkt\/doppel-toilettenanhaenger\/"]}]},{"@type":"ImageObject","inLanguage":"de","@id":"https:\/\/toypek.eu\/de\/produkt\/doppel-toilettenanhaenger\/#primaryimage","url":"https:\/\/cdn.toypek.eu\/images\/tp-img-204.png","contentUrl":"https:\/\/cdn.toypek.eu\/images\/tp-img-204.png","width":1000,"height":1000},{"@type":"BreadcrumbList","@id":"https:\/\/toypek.eu\/de\/produkt\/doppel-toilettenanhaenger\/#breadcrumb","itemListElement":[{"@type":"ListItem","position":1,"name":"Home","item":"https:\/\/toypek.eu\/de\/"},{"@type":"ListItem","position":2,"name":"Produktauswahl","item":"https:\/\/toypek.eu\/de\/produktauswahl\/"},{"@type":"ListItem","position":3,"name":"Doppeltoilettenanh\u00e4nger"}]},{"@type":"WebSite","@id":"https:\/\/toypek.eu\/de\/#website","url":"https:\/\/toypek.eu\/de\/","name":"Toypek","description":"","potentialAction":[{"@type":"SearchAction","target":{"@type":"EntryPoint","urlTemplate":"https:\/\/toypek.eu\/de\/?s={search_term_string}"},"query-input":{"@type":"PropertyValueSpecification","valueRequired":true,"valueName":"search_term_string"}}],"inLanguage":"de"}]}},"_links":{"self":[{"href":"https:\/\/toypek.eu\/de\/wp-json\/wp\/v2\/product\/12500","targetHints":{"allow":["GET"]}}],"collection":[{"href":"https:\/\/toypek.eu\/de\/wp-json\/wp\/v2\/product"}],"about":[{"href":"https:\/\/toypek.eu\/de\/wp-json\/wp\/v2\/types\/product"}],"replies":[{"embeddable":true,"href":"https:\/\/toypek.eu\/de\/wp-json\/wp\/v2\/comments?post=12500"}],"wp:featuredmedia":[{"embeddable":true,"href":"https:\/\/toypek.eu\/de\/wp-json\/wp\/v2\/media\/12238"}],"wp:attachment":[{"href":"https:\/\/toypek.eu\/de\/wp-json\/wp\/v2\/media?parent=12500"}],"wp:term":[{"taxonomy":"product_brand","embeddable":true,"href":"https:\/\/toypek.eu\/de\/wp-json\/wp\/v2\/product_brand?post=12500"},{"taxonomy":"product_cat","embeddable":true,"href":"https:\/\/toypek.eu\/de\/wp-json\/wp\/v2\/product_cat?post=12500"},{"taxonomy":"product_tag","embeddable":true,"href":"https:\/\/toypek.eu\/de\/wp-json\/wp\/v2\/product_tag?post=12500"}],"curies":[{"name":"wp","href":"https:\/\/api.w.org\/{rel}","templated":true}]}}