{"id":9867,"date":"2023-06-09T13:39:20","date_gmt":"2023-06-09T11:39:20","guid":{"rendered":"http:\/\/toypek.eu\/product\/toypek-mobiele-douchecabine-2\/"},"modified":"2025-10-09T10:54:27","modified_gmt":"2025-10-09T08:54:27","slug":"kunststoff-mobile-duschkabine","status":"publish","type":"product","link":"https:\/\/toypek.eu\/de\/produkt\/kunststoff-mobile-duschkabine\/","title":{"rendered":"Kunststoff mobile Duschkabine"},"content":{"rendered":"\n<p>\nUnsere mobilen Duschen bestehen vollst&auml;ndig aus HDPE (Polyethylen hoher Dichte), einschlie&szlig;lich des speziell entwickelten Bodens unserer mobilen Duschkabine von Toypek. Diese mobilen Duschen aus robustem Kunststoff sind langlebig, leicht zu reinigen und mit einem rutschfesten Boden sowie einer komplett verschwei&szlig;ten Duschwanne ausgestattet. Die Duschkabinen sind vandalismussicher und erfordern nur minimale Wartung &ndash; ideal f&uuml;r Vermieter und deren Kunden.\n<\/p>\n<h2>Mobile Duschkabinen von Toypek kaufen &ndash; Vorteile f&uuml;r Vermieter<\/h2>\n<p>\nWenn Sie eine mobile Dusche von Toypek kaufen, profitieren Sie von mehreren Vorteilen bei der Vermietung:\n<\/p>\n<ul>\n<li>Jede mobile WC Dusche von <a href=\"https:\/\/toypek.eu\/de\/\">Toypek.eu<\/a> wird sorgf&auml;ltig entwickelt und getestet.<\/li>\n<li>Die B&ouml;den der Duschkabinen bestehen vollst&auml;ndig aus PE und sind vollst&auml;ndig verschwei&szlig;t.<\/li>\n<li>Leicht zu reinigen und pflegearm im t&auml;glichen Gebrauch.<\/li>\n<li>Mit verbreiterten Griffen und leichtem Design f&uuml;r einfache Handhabung vor Ort.<\/li>\n<li>Wasserdichte Konstruktion mit minimalem Risiko von Leckagen &ndash; nur &uuml;ber L&uuml;ftungs- und T&uuml;r&ouml;ffnungen.<\/li>\n<li>Rutschfester Boden f&uuml;r zus&auml;tzliche Sicherheit.<\/li>\n<li>Kompakte Ma&szlig;e f&uuml;r einfachen Transport und Lagerung.<\/li>\n<li>Lebendige, UV-best&auml;ndige Farben aus HDPE-Kunststoff mit hoher Farbstabilit&auml;t (7 von 8 Punkten).<\/li>\n<li>T&uuml;ren mit starken R&uuml;ckstellfedern f&uuml;r langlebige Nutzung.<\/li>\n<li>Werbefl&auml;chen auf Seitenw&auml;nden und T&uuml;ren f&uuml;r Logos oder Beschriftungen.<\/li>\n<\/ul>\n<p>\nErg&auml;nzen Sie Ihre mobilen Duschkabinen bei Bedarf mit Umkleidekabinen, um eine vollst&auml;ndige L&ouml;sung anzubieten. Kontaktieren Sie uns f&uuml;r weitere Informationen oder um die verf&uuml;gbaren Modelle kennenzulernen. Wir bieten Porta-Duschen zum Verkauf an, die jeden professionellen Bedarf abdecken.<\/p>\n\n","protected":false},"excerpt":{"rendered":"<p>M\u00f6chten Sie eine mobile Duschkabine kaufen? Unsere tragbaren Duschen aus robustem Kunststoff sind die ideale L\u00f6sung f\u00fcr Baustellen, Campingpl\u00e4tze und Events. Jede mobile Duschkabine kann individuell angepasst werden \u2013 mit verschiedenen Farben, optionalem Zubeh\u00f6r und der gew\u00fcnschten St\u00fcckzahl. Auf Wunsch fertigen wir Ihre tempor\u00e4re Duschkabine genau in Ihrer bevorzugten Farbe.<\/p>\n","protected":false},"featured_media":14422,"comment_status":"open","ping_status":"closed","template":"","meta":{"_acf_changed":false,"_joinchat":[]},"product_brand":[],"product_cat":[92,95],"product_tag":[],"class_list":{"0":"post-9867","1":"product","2":"type-product","3":"status-publish","4":"has-post-thumbnail","6":"product_cat-mobile-duschkabinen","7":"product_cat-mobile-sanitarkabinen","9":"first","10":"instock","11":"shipping-taxable","12":"product-type-variable"},"acf":[],"yoast_head":"<!-- This site is optimized with the Yoast SEO Premium plugin v20.8 (Yoast SEO v27.4) - https:\/\/yoast.com\/product\/yoast-seo-premium-wordpress\/ -->\n<title>Kunststoff mobile Duschkabine - Qualit\u00e4t &amp; Komfort - Toypek<\/title>\n<meta name=\"description\" content=\"Mobile Duschen kaufen f\u00fcr die Vermietung: robust, langlebig und flexibel einsetzbar. Jetzt bei Toypek kaufen und von Top-Qualit\u00e4t profitieren!\" \/>\n<meta name=\"robots\" content=\"noindex, follow\" \/>\n<meta property=\"og:locale\" content=\"de_DE\" \/>\n<meta property=\"og:type\" content=\"article\" \/>\n<meta property=\"og:title\" content=\"Kunststoff mobile Duschkabine\" \/>\n<meta property=\"og:description\" content=\"Mobile Duschen kaufen f\u00fcr die Vermietung: robust, langlebig und flexibel einsetzbar. Jetzt bei Toypek kaufen und von Top-Qualit\u00e4t profitieren!\" \/>\n<meta property=\"og:url\" content=\"https:\/\/toypek.eu\/de\/produkt\/kunststoff-mobile-duschkabine\/\" \/>\n<meta property=\"og:site_name\" content=\"Toypek\" \/>\n<meta property=\"article:modified_time\" content=\"2025-10-09T08:54:27+00:00\" \/>\n<meta property=\"og:image\" content=\"https:\/\/cdn.toypek.eu\/images\/tp-img-6-9.png\" \/>\n\t<meta property=\"og:image:width\" content=\"1000\" \/>\n\t<meta property=\"og:image:height\" content=\"1000\" \/>\n\t<meta property=\"og:image:type\" content=\"image\/png\" \/>\n<meta name=\"twitter:card\" content=\"summary_large_image\" \/>\n<meta name=\"twitter:label1\" content=\"Gesch\u00e4tzte Lesezeit\" \/>\n\t<meta name=\"twitter:data1\" content=\"2\u00a0Minuten\" \/>\n<script type=\"application\/ld+json\" class=\"yoast-schema-graph\">{\"@context\":\"https:\\\/\\\/schema.org\",\"@graph\":[{\"@type\":\"WebPage\",\"@id\":\"https:\\\/\\\/toypek.eu\\\/de\\\/produkt\\\/kunststoff-mobile-duschkabine\\\/\",\"url\":\"https:\\\/\\\/toypek.eu\\\/de\\\/produkt\\\/kunststoff-mobile-duschkabine\\\/\",\"name\":\"Kunststoff mobile Duschkabine - Qualit\u00e4t & Komfort - Toypek\",\"isPartOf\":{\"@id\":\"https:\\\/\\\/toypek.eu\\\/de\\\/#website\"},\"primaryImageOfPage\":{\"@id\":\"https:\\\/\\\/toypek.eu\\\/de\\\/produkt\\\/kunststoff-mobile-duschkabine\\\/#primaryimage\"},\"image\":{\"@id\":\"https:\\\/\\\/toypek.eu\\\/de\\\/produkt\\\/kunststoff-mobile-duschkabine\\\/#primaryimage\"},\"thumbnailUrl\":\"https:\\\/\\\/cdn.toypek.eu\\\/images\\\/tp-img-6-9.png\",\"datePublished\":\"2023-06-09T11:39:20+00:00\",\"dateModified\":\"2025-10-09T08:54:27+00:00\",\"description\":\"Mobile Duschen kaufen f\u00fcr die Vermietung: robust, langlebig und flexibel einsetzbar. Jetzt bei Toypek kaufen und von Top-Qualit\u00e4t profitieren!\",\"breadcrumb\":{\"@id\":\"https:\\\/\\\/toypek.eu\\\/de\\\/produkt\\\/kunststoff-mobile-duschkabine\\\/#breadcrumb\"},\"inLanguage\":\"de\",\"potentialAction\":[{\"@type\":\"ReadAction\",\"target\":[\"https:\\\/\\\/toypek.eu\\\/de\\\/produkt\\\/kunststoff-mobile-duschkabine\\\/\"]}]},{\"@type\":\"ImageObject\",\"inLanguage\":\"de\",\"@id\":\"https:\\\/\\\/toypek.eu\\\/de\\\/produkt\\\/kunststoff-mobile-duschkabine\\\/#primaryimage\",\"url\":\"https:\\\/\\\/cdn.toypek.eu\\\/images\\\/tp-img-6-9.png\",\"contentUrl\":\"https:\\\/\\\/cdn.toypek.eu\\\/images\\\/tp-img-6-9.png\",\"width\":1000,\"height\":1000},{\"@type\":\"BreadcrumbList\",\"@id\":\"https:\\\/\\\/toypek.eu\\\/de\\\/produkt\\\/kunststoff-mobile-duschkabine\\\/#breadcrumb\",\"itemListElement\":[{\"@type\":\"ListItem\",\"position\":1,\"name\":\"Home\",\"item\":\"https:\\\/\\\/toypek.eu\\\/de\\\/\"},{\"@type\":\"ListItem\",\"position\":2,\"name\":\"Produktauswahl\",\"item\":\"https:\\\/\\\/toypek.eu\\\/de\\\/produktauswahl\\\/\"},{\"@type\":\"ListItem\",\"position\":3,\"name\":\"Kunststoff mobile Duschkabine\"}]},{\"@type\":\"WebSite\",\"@id\":\"https:\\\/\\\/toypek.eu\\\/de\\\/#website\",\"url\":\"https:\\\/\\\/toypek.eu\\\/de\\\/\",\"name\":\"Toypek\",\"description\":\"\",\"potentialAction\":[{\"@type\":\"SearchAction\",\"target\":{\"@type\":\"EntryPoint\",\"urlTemplate\":\"https:\\\/\\\/toypek.eu\\\/de\\\/?s={search_term_string}\"},\"query-input\":{\"@type\":\"PropertyValueSpecification\",\"valueRequired\":true,\"valueName\":\"search_term_string\"}}],\"inLanguage\":\"de\"}]}<\/script>\n<!-- \/ Yoast SEO Premium plugin. -->","yoast_head_json":{"title":"Kunststoff mobile Duschkabine - Qualit\u00e4t & Komfort - Toypek","description":"Mobile Duschen kaufen f\u00fcr die Vermietung: robust, langlebig und flexibel einsetzbar. Jetzt bei Toypek kaufen und von Top-Qualit\u00e4t profitieren!","robots":{"index":"noindex","follow":"follow"},"og_locale":"de_DE","og_type":"article","og_title":"Kunststoff mobile Duschkabine","og_description":"Mobile Duschen kaufen f\u00fcr die Vermietung: robust, langlebig und flexibel einsetzbar. Jetzt bei Toypek kaufen und von Top-Qualit\u00e4t profitieren!","og_url":"https:\/\/toypek.eu\/de\/produkt\/kunststoff-mobile-duschkabine\/","og_site_name":"Toypek","article_modified_time":"2025-10-09T08:54:27+00:00","og_image":[{"width":1000,"height":1000,"url":"https:\/\/cdn.toypek.eu\/images\/tp-img-6-9.png","type":"image\/png"}],"twitter_card":"summary_large_image","twitter_misc":{"Gesch\u00e4tzte Lesezeit":"2\u00a0Minuten"},"schema":{"@context":"https:\/\/schema.org","@graph":[{"@type":"WebPage","@id":"https:\/\/toypek.eu\/de\/produkt\/kunststoff-mobile-duschkabine\/","url":"https:\/\/toypek.eu\/de\/produkt\/kunststoff-mobile-duschkabine\/","name":"Kunststoff mobile Duschkabine - Qualit\u00e4t & Komfort - Toypek","isPartOf":{"@id":"https:\/\/toypek.eu\/de\/#website"},"primaryImageOfPage":{"@id":"https:\/\/toypek.eu\/de\/produkt\/kunststoff-mobile-duschkabine\/#primaryimage"},"image":{"@id":"https:\/\/toypek.eu\/de\/produkt\/kunststoff-mobile-duschkabine\/#primaryimage"},"thumbnailUrl":"https:\/\/cdn.toypek.eu\/images\/tp-img-6-9.png","datePublished":"2023-06-09T11:39:20+00:00","dateModified":"2025-10-09T08:54:27+00:00","description":"Mobile Duschen kaufen f\u00fcr die Vermietung: robust, langlebig und flexibel einsetzbar. Jetzt bei Toypek kaufen und von Top-Qualit\u00e4t profitieren!","breadcrumb":{"@id":"https:\/\/toypek.eu\/de\/produkt\/kunststoff-mobile-duschkabine\/#breadcrumb"},"inLanguage":"de","potentialAction":[{"@type":"ReadAction","target":["https:\/\/toypek.eu\/de\/produkt\/kunststoff-mobile-duschkabine\/"]}]},{"@type":"ImageObject","inLanguage":"de","@id":"https:\/\/toypek.eu\/de\/produkt\/kunststoff-mobile-duschkabine\/#primaryimage","url":"https:\/\/cdn.toypek.eu\/images\/tp-img-6-9.png","contentUrl":"https:\/\/cdn.toypek.eu\/images\/tp-img-6-9.png","width":1000,"height":1000},{"@type":"BreadcrumbList","@id":"https:\/\/toypek.eu\/de\/produkt\/kunststoff-mobile-duschkabine\/#breadcrumb","itemListElement":[{"@type":"ListItem","position":1,"name":"Home","item":"https:\/\/toypek.eu\/de\/"},{"@type":"ListItem","position":2,"name":"Produktauswahl","item":"https:\/\/toypek.eu\/de\/produktauswahl\/"},{"@type":"ListItem","position":3,"name":"Kunststoff mobile Duschkabine"}]},{"@type":"WebSite","@id":"https:\/\/toypek.eu\/de\/#website","url":"https:\/\/toypek.eu\/de\/","name":"Toypek","description":"","potentialAction":[{"@type":"SearchAction","target":{"@type":"EntryPoint","urlTemplate":"https:\/\/toypek.eu\/de\/?s={search_term_string}"},"query-input":{"@type":"PropertyValueSpecification","valueRequired":true,"valueName":"search_term_string"}}],"inLanguage":"de"}]}},"_links":{"self":[{"href":"https:\/\/toypek.eu\/de\/wp-json\/wp\/v2\/product\/9867","targetHints":{"allow":["GET"]}}],"collection":[{"href":"https:\/\/toypek.eu\/de\/wp-json\/wp\/v2\/product"}],"about":[{"href":"https:\/\/toypek.eu\/de\/wp-json\/wp\/v2\/types\/product"}],"replies":[{"embeddable":true,"href":"https:\/\/toypek.eu\/de\/wp-json\/wp\/v2\/comments?post=9867"}],"wp:featuredmedia":[{"embeddable":true,"href":"https:\/\/toypek.eu\/de\/wp-json\/wp\/v2\/media\/14422"}],"wp:attachment":[{"href":"https:\/\/toypek.eu\/de\/wp-json\/wp\/v2\/media?parent=9867"}],"wp:term":[{"taxonomy":"product_brand","embeddable":true,"href":"https:\/\/toypek.eu\/de\/wp-json\/wp\/v2\/product_brand?post=9867"},{"taxonomy":"product_cat","embeddable":true,"href":"https:\/\/toypek.eu\/de\/wp-json\/wp\/v2\/product_cat?post=9867"},{"taxonomy":"product_tag","embeddable":true,"href":"https:\/\/toypek.eu\/de\/wp-json\/wp\/v2\/product_tag?post=9867"}],"curies":[{"name":"wp","href":"https:\/\/api.w.org\/{rel}","templated":true}]}}