{"id":17315,"date":"2025-10-07T11:01:37","date_gmt":"2025-10-07T09:01:37","guid":{"rendered":"https:\/\/toypek.eu\/mobile-toilette-kaufen-2\/"},"modified":"2025-11-04T19:00:29","modified_gmt":"2025-11-04T18:00:29","slug":"caseta-aseo-wc-portatil-prefabricada","status":"publish","type":"page","link":"https:\/\/toypek.eu\/es\/caseta-aseo-wc-portatil-prefabricada\/","title":{"rendered":"Cabina aseo WC port\u00e1til prefabricada"},"content":{"rendered":"","protected":false},"excerpt":{"rendered":"","protected":false},"author":6,"featured_media":0,"parent":0,"menu_order":0,"comment_status":"closed","ping_status":"closed","template":"templates\/template-archive-category.php","meta":{"_acf_changed":false,"_joinchat":[],"footnotes":""},"class_list":["post-17315","page","type-page","status-publish","hentry"],"acf":[],"yoast_head":"<!-- This site is optimized with the Yoast SEO Premium plugin v20.8 (Yoast SEO v27.4) - https:\/\/yoast.com\/product\/yoast-seo-premium-wordpress\/ -->\n<title>Cabina aseo WC port\u00e1til prefabricada? - Consulta precios - Toypek<\/title>\n<meta name=\"description\" content=\"Cabina aseo WC port\u00e1til prefabricada para camping, eventos u obras. Plug &amp; play, con dep\u00f3sito o conexi\u00f3n. Consulta precios cabina WC port\u00e1til.\" \/>\n<meta name=\"robots\" content=\"index, follow, max-snippet:-1, max-image-preview:large, max-video-preview:-1\" \/>\n<link rel=\"canonical\" href=\"https:\/\/toypek.eu\/es\/caseta-aseo-wc-portatil-prefabricada\/\" \/>\n<meta property=\"og:locale\" content=\"es_ES\" \/>\n<meta property=\"og:type\" content=\"article\" \/>\n<meta property=\"og:title\" content=\"Cabina aseo WC port\u00e1til prefabricada\" \/>\n<meta property=\"og:description\" content=\"Cabina aseo WC port\u00e1til prefabricada para camping, eventos u obras. Plug &amp; play, con dep\u00f3sito o conexi\u00f3n. Consulta precios cabina WC port\u00e1til.\" \/>\n<meta property=\"og:url\" content=\"https:\/\/toypek.eu\/es\/caseta-aseo-wc-portatil-prefabricada\/\" \/>\n<meta property=\"og:site_name\" content=\"Toypek\" \/>\n<meta property=\"article:modified_time\" content=\"2025-11-04T18:00:29+00:00\" \/>\n<meta name=\"twitter:card\" content=\"summary_large_image\" \/>\n<script type=\"application\/ld+json\" class=\"yoast-schema-graph\">{\"@context\":\"https:\\\/\\\/schema.org\",\"@graph\":[{\"@type\":\"WebPage\",\"@id\":\"https:\\\/\\\/toypek.eu\\\/es\\\/caseta-aseo-wc-portatil-prefabricada\\\/\",\"url\":\"https:\\\/\\\/toypek.eu\\\/es\\\/caseta-aseo-wc-portatil-prefabricada\\\/\",\"name\":\"Cabina aseo WC port\u00e1til prefabricada? - Consulta precios - Toypek\",\"isPartOf\":{\"@id\":\"https:\\\/\\\/toypek.eu\\\/es\\\/#website\"},\"datePublished\":\"2025-10-07T09:01:37+00:00\",\"dateModified\":\"2025-11-04T18:00:29+00:00\",\"description\":\"Cabina aseo WC port\u00e1til prefabricada para camping, eventos u obras. Plug & play, con dep\u00f3sito o conexi\u00f3n. Consulta precios cabina WC port\u00e1til.\",\"breadcrumb\":{\"@id\":\"https:\\\/\\\/toypek.eu\\\/es\\\/caseta-aseo-wc-portatil-prefabricada\\\/#breadcrumb\"},\"inLanguage\":\"es\",\"potentialAction\":[{\"@type\":\"ReadAction\",\"target\":[\"https:\\\/\\\/toypek.eu\\\/es\\\/caseta-aseo-wc-portatil-prefabricada\\\/\"]}]},{\"@type\":\"BreadcrumbList\",\"@id\":\"https:\\\/\\\/toypek.eu\\\/es\\\/caseta-aseo-wc-portatil-prefabricada\\\/#breadcrumb\",\"itemListElement\":[{\"@type\":\"ListItem\",\"position\":1,\"name\":\"Home\",\"item\":\"https:\\\/\\\/toypek.eu\\\/es\\\/\"},{\"@type\":\"ListItem\",\"position\":2,\"name\":\"Cabina aseo WC port\u00e1til prefabricada\"}]},{\"@type\":\"WebSite\",\"@id\":\"https:\\\/\\\/toypek.eu\\\/es\\\/#website\",\"url\":\"https:\\\/\\\/toypek.eu\\\/es\\\/\",\"name\":\"Toypek\",\"description\":\"\",\"potentialAction\":[{\"@type\":\"SearchAction\",\"target\":{\"@type\":\"EntryPoint\",\"urlTemplate\":\"https:\\\/\\\/toypek.eu\\\/es\\\/?s={search_term_string}\"},\"query-input\":{\"@type\":\"PropertyValueSpecification\",\"valueRequired\":true,\"valueName\":\"search_term_string\"}}],\"inLanguage\":\"es\"}]}<\/script>\n<!-- \/ Yoast SEO Premium plugin. -->","yoast_head_json":{"title":"Cabina aseo WC port\u00e1til prefabricada? - Consulta precios - Toypek","description":"Cabina aseo WC port\u00e1til prefabricada para camping, eventos u obras. Plug & play, con dep\u00f3sito o conexi\u00f3n. Consulta precios cabina WC port\u00e1til.","robots":{"index":"index","follow":"follow","max-snippet":"max-snippet:-1","max-image-preview":"max-image-preview:large","max-video-preview":"max-video-preview:-1"},"canonical":"https:\/\/toypek.eu\/es\/caseta-aseo-wc-portatil-prefabricada\/","og_locale":"es_ES","og_type":"article","og_title":"Cabina aseo WC port\u00e1til prefabricada","og_description":"Cabina aseo WC port\u00e1til prefabricada para camping, eventos u obras. Plug & play, con dep\u00f3sito o conexi\u00f3n. Consulta precios cabina WC port\u00e1til.","og_url":"https:\/\/toypek.eu\/es\/caseta-aseo-wc-portatil-prefabricada\/","og_site_name":"Toypek","article_modified_time":"2025-11-04T18:00:29+00:00","twitter_card":"summary_large_image","schema":{"@context":"https:\/\/schema.org","@graph":[{"@type":"WebPage","@id":"https:\/\/toypek.eu\/es\/caseta-aseo-wc-portatil-prefabricada\/","url":"https:\/\/toypek.eu\/es\/caseta-aseo-wc-portatil-prefabricada\/","name":"Cabina aseo WC port\u00e1til prefabricada? - Consulta precios - Toypek","isPartOf":{"@id":"https:\/\/toypek.eu\/es\/#website"},"datePublished":"2025-10-07T09:01:37+00:00","dateModified":"2025-11-04T18:00:29+00:00","description":"Cabina aseo WC port\u00e1til prefabricada para camping, eventos u obras. Plug & play, con dep\u00f3sito o conexi\u00f3n. Consulta precios cabina WC port\u00e1til.","breadcrumb":{"@id":"https:\/\/toypek.eu\/es\/caseta-aseo-wc-portatil-prefabricada\/#breadcrumb"},"inLanguage":"es","potentialAction":[{"@type":"ReadAction","target":["https:\/\/toypek.eu\/es\/caseta-aseo-wc-portatil-prefabricada\/"]}]},{"@type":"BreadcrumbList","@id":"https:\/\/toypek.eu\/es\/caseta-aseo-wc-portatil-prefabricada\/#breadcrumb","itemListElement":[{"@type":"ListItem","position":1,"name":"Home","item":"https:\/\/toypek.eu\/es\/"},{"@type":"ListItem","position":2,"name":"Cabina aseo WC port\u00e1til prefabricada"}]},{"@type":"WebSite","@id":"https:\/\/toypek.eu\/es\/#website","url":"https:\/\/toypek.eu\/es\/","name":"Toypek","description":"","potentialAction":[{"@type":"SearchAction","target":{"@type":"EntryPoint","urlTemplate":"https:\/\/toypek.eu\/es\/?s={search_term_string}"},"query-input":{"@type":"PropertyValueSpecification","valueRequired":true,"valueName":"search_term_string"}}],"inLanguage":"es"}]}},"_links":{"self":[{"href":"https:\/\/toypek.eu\/es\/wp-json\/wp\/v2\/pages\/17315","targetHints":{"allow":["GET"]}}],"collection":[{"href":"https:\/\/toypek.eu\/es\/wp-json\/wp\/v2\/pages"}],"about":[{"href":"https:\/\/toypek.eu\/es\/wp-json\/wp\/v2\/types\/page"}],"author":[{"embeddable":true,"href":"https:\/\/toypek.eu\/es\/wp-json\/wp\/v2\/users\/6"}],"replies":[{"embeddable":true,"href":"https:\/\/toypek.eu\/es\/wp-json\/wp\/v2\/comments?post=17315"}],"version-history":[{"count":4,"href":"https:\/\/toypek.eu\/es\/wp-json\/wp\/v2\/pages\/17315\/revisions"}],"predecessor-version":[{"id":17319,"href":"https:\/\/toypek.eu\/es\/wp-json\/wp\/v2\/pages\/17315\/revisions\/17319"}],"wp:attachment":[{"href":"https:\/\/toypek.eu\/es\/wp-json\/wp\/v2\/media?parent=17315"}],"curies":[{"name":"wp","href":"https:\/\/api.w.org\/{rel}","templated":true}]}}