{"id":17320,"date":"2025-10-07T11:31:40","date_gmt":"2025-10-07T09:31:40","guid":{"rendered":"https:\/\/toypek.eu\/mobile-dusche-kaufen-2\/"},"modified":"2025-11-05T09:05:40","modified_gmt":"2025-11-05T08:05:40","slug":"ducha-portatil-camping-cabina-prefabricada","status":"publish","type":"page","link":"https:\/\/toypek.eu\/es\/ducha-portatil-camping-cabina-prefabricada\/","title":{"rendered":"Cabina de ducha port\u00e1til prefabricada para camping"},"content":{"rendered":"","protected":false},"excerpt":{"rendered":"","protected":false},"author":6,"featured_media":0,"parent":0,"menu_order":0,"comment_status":"closed","ping_status":"closed","template":"templates\/template-archive-category.php","meta":{"_acf_changed":false,"_joinchat":[],"footnotes":""},"class_list":["post-17320","page","type-page","status-publish","hentry"],"acf":[],"yoast_head":"<!-- This site is optimized with the Yoast SEO Premium plugin v20.8 (Yoast SEO v27.4) - https:\/\/yoast.com\/product\/yoast-seo-premium-wordpress\/ -->\n<title>Cabina de ducha port\u00e1til prefabricada para camping? - Plug &amp; play - Toypek<\/title>\n<meta name=\"description\" content=\"Cabina de ducha port\u00e1til prefabricada para camping. Ducha port\u00e1til camping b\u00e1sica de pl\u00e1stico o lujosa prefabricada. Descubre precios.\" \/>\n<meta name=\"robots\" content=\"index, follow, max-snippet:-1, max-image-preview:large, max-video-preview:-1\" \/>\n<link rel=\"canonical\" href=\"https:\/\/toypek.eu\/es\/ducha-portatil-camping-cabina-prefabricada\/\" \/>\n<meta property=\"og:locale\" content=\"es_ES\" \/>\n<meta property=\"og:type\" content=\"article\" \/>\n<meta property=\"og:title\" content=\"Cabina de ducha port\u00e1til prefabricada para camping\" \/>\n<meta property=\"og:description\" content=\"Cabina de ducha port\u00e1til prefabricada para camping. Ducha port\u00e1til camping b\u00e1sica de pl\u00e1stico o lujosa prefabricada. Descubre precios.\" \/>\n<meta property=\"og:url\" content=\"https:\/\/toypek.eu\/es\/ducha-portatil-camping-cabina-prefabricada\/\" \/>\n<meta property=\"og:site_name\" content=\"Toypek\" \/>\n<meta property=\"article:modified_time\" content=\"2025-11-05T08:05:40+00:00\" \/>\n<meta name=\"twitter:card\" content=\"summary_large_image\" \/>\n<script type=\"application\/ld+json\" class=\"yoast-schema-graph\">{\"@context\":\"https:\\\/\\\/schema.org\",\"@graph\":[{\"@type\":\"WebPage\",\"@id\":\"https:\\\/\\\/toypek.eu\\\/es\\\/ducha-portatil-camping-cabina-prefabricada\\\/\",\"url\":\"https:\\\/\\\/toypek.eu\\\/es\\\/ducha-portatil-camping-cabina-prefabricada\\\/\",\"name\":\"Cabina de ducha port\u00e1til prefabricada para camping? - Plug & play - Toypek\",\"isPartOf\":{\"@id\":\"https:\\\/\\\/toypek.eu\\\/es\\\/#website\"},\"datePublished\":\"2025-10-07T09:31:40+00:00\",\"dateModified\":\"2025-11-05T08:05:40+00:00\",\"description\":\"Cabina de ducha port\u00e1til prefabricada para camping. Ducha port\u00e1til camping b\u00e1sica de pl\u00e1stico o lujosa prefabricada. Descubre precios.\",\"breadcrumb\":{\"@id\":\"https:\\\/\\\/toypek.eu\\\/es\\\/ducha-portatil-camping-cabina-prefabricada\\\/#breadcrumb\"},\"inLanguage\":\"es\",\"potentialAction\":[{\"@type\":\"ReadAction\",\"target\":[\"https:\\\/\\\/toypek.eu\\\/es\\\/ducha-portatil-camping-cabina-prefabricada\\\/\"]}]},{\"@type\":\"BreadcrumbList\",\"@id\":\"https:\\\/\\\/toypek.eu\\\/es\\\/ducha-portatil-camping-cabina-prefabricada\\\/#breadcrumb\",\"itemListElement\":[{\"@type\":\"ListItem\",\"position\":1,\"name\":\"Home\",\"item\":\"https:\\\/\\\/toypek.eu\\\/es\\\/\"},{\"@type\":\"ListItem\",\"position\":2,\"name\":\"Cabina de ducha port\u00e1til prefabricada para camping\"}]},{\"@type\":\"WebSite\",\"@id\":\"https:\\\/\\\/toypek.eu\\\/es\\\/#website\",\"url\":\"https:\\\/\\\/toypek.eu\\\/es\\\/\",\"name\":\"Toypek\",\"description\":\"\",\"potentialAction\":[{\"@type\":\"SearchAction\",\"target\":{\"@type\":\"EntryPoint\",\"urlTemplate\":\"https:\\\/\\\/toypek.eu\\\/es\\\/?s={search_term_string}\"},\"query-input\":{\"@type\":\"PropertyValueSpecification\",\"valueRequired\":true,\"valueName\":\"search_term_string\"}}],\"inLanguage\":\"es\"}]}<\/script>\n<!-- \/ Yoast SEO Premium plugin. -->","yoast_head_json":{"title":"Cabina de ducha port\u00e1til prefabricada para camping? - Plug & play - Toypek","description":"Cabina de ducha port\u00e1til prefabricada para camping. Ducha port\u00e1til camping b\u00e1sica de pl\u00e1stico o lujosa prefabricada. Descubre precios.","robots":{"index":"index","follow":"follow","max-snippet":"max-snippet:-1","max-image-preview":"max-image-preview:large","max-video-preview":"max-video-preview:-1"},"canonical":"https:\/\/toypek.eu\/es\/ducha-portatil-camping-cabina-prefabricada\/","og_locale":"es_ES","og_type":"article","og_title":"Cabina de ducha port\u00e1til prefabricada para camping","og_description":"Cabina de ducha port\u00e1til prefabricada para camping. Ducha port\u00e1til camping b\u00e1sica de pl\u00e1stico o lujosa prefabricada. Descubre precios.","og_url":"https:\/\/toypek.eu\/es\/ducha-portatil-camping-cabina-prefabricada\/","og_site_name":"Toypek","article_modified_time":"2025-11-05T08:05:40+00:00","twitter_card":"summary_large_image","schema":{"@context":"https:\/\/schema.org","@graph":[{"@type":"WebPage","@id":"https:\/\/toypek.eu\/es\/ducha-portatil-camping-cabina-prefabricada\/","url":"https:\/\/toypek.eu\/es\/ducha-portatil-camping-cabina-prefabricada\/","name":"Cabina de ducha port\u00e1til prefabricada para camping? - Plug & play - Toypek","isPartOf":{"@id":"https:\/\/toypek.eu\/es\/#website"},"datePublished":"2025-10-07T09:31:40+00:00","dateModified":"2025-11-05T08:05:40+00:00","description":"Cabina de ducha port\u00e1til prefabricada para camping. Ducha port\u00e1til camping b\u00e1sica de pl\u00e1stico o lujosa prefabricada. Descubre precios.","breadcrumb":{"@id":"https:\/\/toypek.eu\/es\/ducha-portatil-camping-cabina-prefabricada\/#breadcrumb"},"inLanguage":"es","potentialAction":[{"@type":"ReadAction","target":["https:\/\/toypek.eu\/es\/ducha-portatil-camping-cabina-prefabricada\/"]}]},{"@type":"BreadcrumbList","@id":"https:\/\/toypek.eu\/es\/ducha-portatil-camping-cabina-prefabricada\/#breadcrumb","itemListElement":[{"@type":"ListItem","position":1,"name":"Home","item":"https:\/\/toypek.eu\/es\/"},{"@type":"ListItem","position":2,"name":"Cabina de ducha port\u00e1til prefabricada para camping"}]},{"@type":"WebSite","@id":"https:\/\/toypek.eu\/es\/#website","url":"https:\/\/toypek.eu\/es\/","name":"Toypek","description":"","potentialAction":[{"@type":"SearchAction","target":{"@type":"EntryPoint","urlTemplate":"https:\/\/toypek.eu\/es\/?s={search_term_string}"},"query-input":{"@type":"PropertyValueSpecification","valueRequired":true,"valueName":"search_term_string"}}],"inLanguage":"es"}]}},"_links":{"self":[{"href":"https:\/\/toypek.eu\/es\/wp-json\/wp\/v2\/pages\/17320","targetHints":{"allow":["GET"]}}],"collection":[{"href":"https:\/\/toypek.eu\/es\/wp-json\/wp\/v2\/pages"}],"about":[{"href":"https:\/\/toypek.eu\/es\/wp-json\/wp\/v2\/types\/page"}],"author":[{"embeddable":true,"href":"https:\/\/toypek.eu\/es\/wp-json\/wp\/v2\/users\/6"}],"replies":[{"embeddable":true,"href":"https:\/\/toypek.eu\/es\/wp-json\/wp\/v2\/comments?post=17320"}],"version-history":[{"count":4,"href":"https:\/\/toypek.eu\/es\/wp-json\/wp\/v2\/pages\/17320\/revisions"}],"predecessor-version":[{"id":17324,"href":"https:\/\/toypek.eu\/es\/wp-json\/wp\/v2\/pages\/17320\/revisions\/17324"}],"wp:attachment":[{"href":"https:\/\/toypek.eu\/es\/wp-json\/wp\/v2\/media?parent=17320"}],"curies":[{"name":"wp","href":"https:\/\/api.w.org\/{rel}","templated":true}]}}