{"id":17331,"date":"2025-10-07T14:36:52","date_gmt":"2025-10-07T12:36:52","guid":{"rendered":"https:\/\/toypek.eu\/stehende-toilette-kaufen-2\/"},"modified":"2025-11-05T10:58:05","modified_gmt":"2025-11-05T09:58:05","slug":"urinarios-portatiles","status":"publish","type":"page","link":"https:\/\/toypek.eu\/es\/urinarios-portatiles\/","title":{"rendered":"Urinarios port\u00e1tiles"},"content":{"rendered":"","protected":false},"excerpt":{"rendered":"","protected":false},"author":6,"featured_media":0,"parent":0,"menu_order":0,"comment_status":"closed","ping_status":"closed","template":"templates\/template-archive-category.php","meta":{"_acf_changed":false,"_joinchat":[],"footnotes":""},"class_list":["post-17331","page","type-page","status-publish","hentry"],"acf":[],"yoast_head":"<!-- This site is optimized with the Yoast SEO Premium plugin v20.8 (Yoast SEO v27.4) - https:\/\/yoast.com\/product\/yoast-seo-premium-wordpress\/ -->\n<title>Urinarios port\u00e1tiles? - Ver precios - Toypek<\/title>\n<meta name=\"description\" content=\"Urinarios port\u00e1tiles para eventos u obras. Compra urinario port\u00e1til robusto y apilable, f\u00e1cil de limpiar. Ver precios.\" \/>\n<meta name=\"robots\" content=\"index, follow, max-snippet:-1, max-image-preview:large, max-video-preview:-1\" \/>\n<link rel=\"canonical\" href=\"https:\/\/toypek.eu\/es\/urinarios-portatiles\/\" \/>\n<meta property=\"og:locale\" content=\"es_ES\" \/>\n<meta property=\"og:type\" content=\"article\" \/>\n<meta property=\"og:title\" content=\"Urinarios port\u00e1tiles\" \/>\n<meta property=\"og:description\" content=\"Urinarios port\u00e1tiles para eventos u obras. Compra urinario port\u00e1til robusto y apilable, f\u00e1cil de limpiar. Ver precios.\" \/>\n<meta property=\"og:url\" content=\"https:\/\/toypek.eu\/es\/urinarios-portatiles\/\" \/>\n<meta property=\"og:site_name\" content=\"Toypek\" \/>\n<meta property=\"article:modified_time\" content=\"2025-11-05T09:58:05+00:00\" \/>\n<meta name=\"twitter:card\" content=\"summary_large_image\" \/>\n<script type=\"application\/ld+json\" class=\"yoast-schema-graph\">{\"@context\":\"https:\\\/\\\/schema.org\",\"@graph\":[{\"@type\":\"WebPage\",\"@id\":\"https:\\\/\\\/toypek.eu\\\/es\\\/urinarios-portatiles\\\/\",\"url\":\"https:\\\/\\\/toypek.eu\\\/es\\\/urinarios-portatiles\\\/\",\"name\":\"Urinarios port\u00e1tiles? - Ver precios - Toypek\",\"isPartOf\":{\"@id\":\"https:\\\/\\\/toypek.eu\\\/es\\\/#website\"},\"datePublished\":\"2025-10-07T12:36:52+00:00\",\"dateModified\":\"2025-11-05T09:58:05+00:00\",\"description\":\"Urinarios port\u00e1tiles para eventos u obras. Compra urinario port\u00e1til robusto y apilable, f\u00e1cil de limpiar. Ver precios.\",\"breadcrumb\":{\"@id\":\"https:\\\/\\\/toypek.eu\\\/es\\\/urinarios-portatiles\\\/#breadcrumb\"},\"inLanguage\":\"es\",\"potentialAction\":[{\"@type\":\"ReadAction\",\"target\":[\"https:\\\/\\\/toypek.eu\\\/es\\\/urinarios-portatiles\\\/\"]}]},{\"@type\":\"BreadcrumbList\",\"@id\":\"https:\\\/\\\/toypek.eu\\\/es\\\/urinarios-portatiles\\\/#breadcrumb\",\"itemListElement\":[{\"@type\":\"ListItem\",\"position\":1,\"name\":\"Home\",\"item\":\"https:\\\/\\\/toypek.eu\\\/es\\\/\"},{\"@type\":\"ListItem\",\"position\":2,\"name\":\"Urinarios port\u00e1tiles\"}]},{\"@type\":\"WebSite\",\"@id\":\"https:\\\/\\\/toypek.eu\\\/es\\\/#website\",\"url\":\"https:\\\/\\\/toypek.eu\\\/es\\\/\",\"name\":\"Toypek\",\"description\":\"\",\"potentialAction\":[{\"@type\":\"SearchAction\",\"target\":{\"@type\":\"EntryPoint\",\"urlTemplate\":\"https:\\\/\\\/toypek.eu\\\/es\\\/?s={search_term_string}\"},\"query-input\":{\"@type\":\"PropertyValueSpecification\",\"valueRequired\":true,\"valueName\":\"search_term_string\"}}],\"inLanguage\":\"es\"}]}<\/script>\n<!-- \/ Yoast SEO Premium plugin. -->","yoast_head_json":{"title":"Urinarios port\u00e1tiles? - Ver precios - Toypek","description":"Urinarios port\u00e1tiles para eventos u obras. Compra urinario port\u00e1til robusto y apilable, f\u00e1cil de limpiar. Ver precios.","robots":{"index":"index","follow":"follow","max-snippet":"max-snippet:-1","max-image-preview":"max-image-preview:large","max-video-preview":"max-video-preview:-1"},"canonical":"https:\/\/toypek.eu\/es\/urinarios-portatiles\/","og_locale":"es_ES","og_type":"article","og_title":"Urinarios port\u00e1tiles","og_description":"Urinarios port\u00e1tiles para eventos u obras. Compra urinario port\u00e1til robusto y apilable, f\u00e1cil de limpiar. Ver precios.","og_url":"https:\/\/toypek.eu\/es\/urinarios-portatiles\/","og_site_name":"Toypek","article_modified_time":"2025-11-05T09:58:05+00:00","twitter_card":"summary_large_image","schema":{"@context":"https:\/\/schema.org","@graph":[{"@type":"WebPage","@id":"https:\/\/toypek.eu\/es\/urinarios-portatiles\/","url":"https:\/\/toypek.eu\/es\/urinarios-portatiles\/","name":"Urinarios port\u00e1tiles? - Ver precios - Toypek","isPartOf":{"@id":"https:\/\/toypek.eu\/es\/#website"},"datePublished":"2025-10-07T12:36:52+00:00","dateModified":"2025-11-05T09:58:05+00:00","description":"Urinarios port\u00e1tiles para eventos u obras. Compra urinario port\u00e1til robusto y apilable, f\u00e1cil de limpiar. Ver precios.","breadcrumb":{"@id":"https:\/\/toypek.eu\/es\/urinarios-portatiles\/#breadcrumb"},"inLanguage":"es","potentialAction":[{"@type":"ReadAction","target":["https:\/\/toypek.eu\/es\/urinarios-portatiles\/"]}]},{"@type":"BreadcrumbList","@id":"https:\/\/toypek.eu\/es\/urinarios-portatiles\/#breadcrumb","itemListElement":[{"@type":"ListItem","position":1,"name":"Home","item":"https:\/\/toypek.eu\/es\/"},{"@type":"ListItem","position":2,"name":"Urinarios port\u00e1tiles"}]},{"@type":"WebSite","@id":"https:\/\/toypek.eu\/es\/#website","url":"https:\/\/toypek.eu\/es\/","name":"Toypek","description":"","potentialAction":[{"@type":"SearchAction","target":{"@type":"EntryPoint","urlTemplate":"https:\/\/toypek.eu\/es\/?s={search_term_string}"},"query-input":{"@type":"PropertyValueSpecification","valueRequired":true,"valueName":"search_term_string"}}],"inLanguage":"es"}]}},"_links":{"self":[{"href":"https:\/\/toypek.eu\/es\/wp-json\/wp\/v2\/pages\/17331","targetHints":{"allow":["GET"]}}],"collection":[{"href":"https:\/\/toypek.eu\/es\/wp-json\/wp\/v2\/pages"}],"about":[{"href":"https:\/\/toypek.eu\/es\/wp-json\/wp\/v2\/types\/page"}],"author":[{"embeddable":true,"href":"https:\/\/toypek.eu\/es\/wp-json\/wp\/v2\/users\/6"}],"replies":[{"embeddable":true,"href":"https:\/\/toypek.eu\/es\/wp-json\/wp\/v2\/comments?post=17331"}],"version-history":[{"count":3,"href":"https:\/\/toypek.eu\/es\/wp-json\/wp\/v2\/pages\/17331\/revisions"}],"predecessor-version":[{"id":17334,"href":"https:\/\/toypek.eu\/es\/wp-json\/wp\/v2\/pages\/17331\/revisions\/17334"}],"wp:attachment":[{"href":"https:\/\/toypek.eu\/es\/wp-json\/wp\/v2\/media?parent=17331"}],"curies":[{"name":"wp","href":"https:\/\/api.w.org\/{rel}","templated":true}]}}