{"id":10741,"date":"2023-06-09T14:11:18","date_gmt":"2023-06-09T12:11:18","guid":{"rendered":"http:\/\/toypek.eu\/product\/stack-urinal-4pers-2\/"},"modified":"2025-11-05T17:06:40","modified_gmt":"2025-11-05T16:06:40","slug":"urinario-movil-apilable-4personas","status":"publish","type":"product","link":"https:\/\/toypek.eu\/es\/producto\/urinario-movil-apilable-4personas\/","title":{"rendered":"Urinario apilable para 4 personas"},"content":{"rendered":"\n<p>\nNuestros urinarios port&aacute;tiles apilables para 4 personas est&aacute;n dise&ntilde;ados especialmente para eventos, con el objetivo de reducir los costes de transporte para las empresas. Gracias a su dise&ntilde;o apilable, es posible transportar varias unidades al mismo tiempo. Son f&aacute;ciles de asegurar y, por sus dimensiones compactas, ocupan el mismo espacio que un solo ba&ntilde;o port&aacute;til. Cada urinario puede ser utilizado por hasta cuatro personas simult&aacute;neamente.\n<\/p>\n<p>\n<strong>Ventajas de nuestro urinario apilable para 4 personas:<\/strong>\n<\/p>\n<ul>\n<li>F&aacute;cil carga y descarga<\/li>\n<li>Ocupa un espacio m&iacute;nimo durante el transporte<\/li>\n<li>Vaciado c&oacute;modo mediante una tapa para manguera de vac&iacute;o<\/li>\n<li>Ligero (40 kg) y f&aacute;cil de mover incluso a mano<\/li>\n<li>Apilable hasta cuatro unidades<\/li>\n<li>Disponible en cinco colores diferentes<\/li>\n<\/ul>\n\n","protected":false},"excerpt":{"rendered":"<p>El urinario apilable para 4 personas es la soluci\u00f3n perfecta para eventos. Su dise\u00f1o permite apilar hasta cuatro unidades, garantizando un transporte f\u00e1cil y un almacenamiento seguro. Estas unidades ligeras son c\u00f3modas de vaciar y est\u00e1n disponibles en cinco colores: gris, azul, verde, rojo y lima.<\/p>\n","protected":false},"featured_media":10330,"comment_status":"open","ping_status":"closed","template":"","meta":{"_acf_changed":false,"_joinchat":[]},"product_brand":[],"product_cat":[103],"product_tag":[],"class_list":{"0":"post-10741","1":"product","2":"type-product","3":"status-publish","4":"has-post-thumbnail","6":"product_cat-urinario-movil","8":"first","9":"instock","10":"shipping-taxable","11":"product-type-variable"},"acf":[],"yoast_head":"<!-- This site is optimized with the Yoast SEO Premium plugin v20.8 (Yoast SEO v27.4) - https:\/\/yoast.com\/product\/yoast-seo-premium-wordpress\/ -->\n<title>Producto - Urinario m\u00f3vil apilable para 4 personas en eventos.<\/title>\n<meta name=\"description\" content=\"Nuestras unidades de urinario apilable + urinario de 4 personas est\u00e1n dise\u00f1adas espec\u00edficamente para eventos, con el objetivo de reducir los costos de transporte para las empresas de alquiler.\" \/>\n<meta name=\"robots\" content=\"index, follow, max-snippet:-1, max-image-preview:large, max-video-preview:-1\" \/>\n<link rel=\"canonical\" href=\"https:\/\/toypek.eu\/es\/producto\/urinario-movil-apilable-4personas\/\" \/>\n<meta property=\"og:locale\" content=\"es_ES\" \/>\n<meta property=\"og:type\" content=\"article\" \/>\n<meta property=\"og:title\" content=\"Urinario apilable para 4 personas\" \/>\n<meta property=\"og:description\" content=\"Nuestras unidades de urinario apilable + urinario de 4 personas est\u00e1n dise\u00f1adas espec\u00edficamente para eventos, con el objetivo de reducir los costos de transporte para las empresas de alquiler.\" \/>\n<meta property=\"og:url\" content=\"https:\/\/toypek.eu\/es\/producto\/urinario-movil-apilable-4personas\/\" \/>\n<meta property=\"og:site_name\" content=\"Toypek\" \/>\n<meta property=\"article:modified_time\" content=\"2025-11-05T16:06:40+00:00\" \/>\n<meta property=\"og:image\" content=\"https:\/\/cdn.toypek.eu\/images\/tp-img-132.png\" \/>\n\t<meta property=\"og:image:width\" content=\"1000\" \/>\n\t<meta property=\"og:image:height\" content=\"1000\" \/>\n\t<meta property=\"og:image:type\" content=\"image\/png\" \/>\n<meta name=\"twitter:card\" content=\"summary_large_image\" \/>\n<meta name=\"twitter:label1\" content=\"Tiempo de lectura\" \/>\n\t<meta name=\"twitter:data1\" content=\"1 minuto\" \/>\n<script type=\"application\/ld+json\" class=\"yoast-schema-graph\">{\"@context\":\"https:\\\/\\\/schema.org\",\"@graph\":[{\"@type\":\"WebPage\",\"@id\":\"https:\\\/\\\/toypek.eu\\\/es\\\/producto\\\/urinario-movil-apilable-4personas\\\/\",\"url\":\"https:\\\/\\\/toypek.eu\\\/es\\\/producto\\\/urinario-movil-apilable-4personas\\\/\",\"name\":\"Producto - Urinario m\u00f3vil apilable para 4 personas en eventos.\",\"isPartOf\":{\"@id\":\"https:\\\/\\\/toypek.eu\\\/es\\\/#website\"},\"primaryImageOfPage\":{\"@id\":\"https:\\\/\\\/toypek.eu\\\/es\\\/producto\\\/urinario-movil-apilable-4personas\\\/#primaryimage\"},\"image\":{\"@id\":\"https:\\\/\\\/toypek.eu\\\/es\\\/producto\\\/urinario-movil-apilable-4personas\\\/#primaryimage\"},\"thumbnailUrl\":\"https:\\\/\\\/cdn.toypek.eu\\\/images\\\/tp-img-132.png\",\"datePublished\":\"2023-06-09T12:11:18+00:00\",\"dateModified\":\"2025-11-05T16:06:40+00:00\",\"description\":\"Nuestras unidades de urinario apilable + urinario de 4 personas est\u00e1n dise\u00f1adas espec\u00edficamente para eventos, con el objetivo de reducir los costos de transporte para las empresas de alquiler.\",\"breadcrumb\":{\"@id\":\"https:\\\/\\\/toypek.eu\\\/es\\\/producto\\\/urinario-movil-apilable-4personas\\\/#breadcrumb\"},\"inLanguage\":\"es\",\"potentialAction\":[{\"@type\":\"ReadAction\",\"target\":[\"https:\\\/\\\/toypek.eu\\\/es\\\/producto\\\/urinario-movil-apilable-4personas\\\/\"]}]},{\"@type\":\"ImageObject\",\"inLanguage\":\"es\",\"@id\":\"https:\\\/\\\/toypek.eu\\\/es\\\/producto\\\/urinario-movil-apilable-4personas\\\/#primaryimage\",\"url\":\"https:\\\/\\\/cdn.toypek.eu\\\/images\\\/tp-img-132.png\",\"contentUrl\":\"https:\\\/\\\/cdn.toypek.eu\\\/images\\\/tp-img-132.png\",\"width\":1000,\"height\":1000},{\"@type\":\"BreadcrumbList\",\"@id\":\"https:\\\/\\\/toypek.eu\\\/es\\\/producto\\\/urinario-movil-apilable-4personas\\\/#breadcrumb\",\"itemListElement\":[{\"@type\":\"ListItem\",\"position\":1,\"name\":\"Home\",\"item\":\"https:\\\/\\\/toypek.eu\\\/es\\\/\"},{\"@type\":\"ListItem\",\"position\":2,\"name\":\"Tienda\",\"item\":\"https:\\\/\\\/toypek.eu\\\/es\\\/gama-de-productos\\\/\"},{\"@type\":\"ListItem\",\"position\":3,\"name\":\"Urinario apilable para 4 personas\"}]},{\"@type\":\"WebSite\",\"@id\":\"https:\\\/\\\/toypek.eu\\\/es\\\/#website\",\"url\":\"https:\\\/\\\/toypek.eu\\\/es\\\/\",\"name\":\"Toypek\",\"description\":\"\",\"potentialAction\":[{\"@type\":\"SearchAction\",\"target\":{\"@type\":\"EntryPoint\",\"urlTemplate\":\"https:\\\/\\\/toypek.eu\\\/es\\\/?s={search_term_string}\"},\"query-input\":{\"@type\":\"PropertyValueSpecification\",\"valueRequired\":true,\"valueName\":\"search_term_string\"}}],\"inLanguage\":\"es\"}]}<\/script>\n<!-- \/ Yoast SEO Premium plugin. -->","yoast_head_json":{"title":"Producto - Urinario m\u00f3vil apilable para 4 personas en eventos.","description":"Nuestras unidades de urinario apilable + urinario de 4 personas est\u00e1n dise\u00f1adas espec\u00edficamente para eventos, con el objetivo de reducir los costos de transporte para las empresas de alquiler.","robots":{"index":"index","follow":"follow","max-snippet":"max-snippet:-1","max-image-preview":"max-image-preview:large","max-video-preview":"max-video-preview:-1"},"canonical":"https:\/\/toypek.eu\/es\/producto\/urinario-movil-apilable-4personas\/","og_locale":"es_ES","og_type":"article","og_title":"Urinario apilable para 4 personas","og_description":"Nuestras unidades de urinario apilable + urinario de 4 personas est\u00e1n dise\u00f1adas espec\u00edficamente para eventos, con el objetivo de reducir los costos de transporte para las empresas de alquiler.","og_url":"https:\/\/toypek.eu\/es\/producto\/urinario-movil-apilable-4personas\/","og_site_name":"Toypek","article_modified_time":"2025-11-05T16:06:40+00:00","og_image":[{"width":1000,"height":1000,"url":"https:\/\/cdn.toypek.eu\/images\/tp-img-132.png","type":"image\/png"}],"twitter_card":"summary_large_image","twitter_misc":{"Tiempo de lectura":"1 minuto"},"schema":{"@context":"https:\/\/schema.org","@graph":[{"@type":"WebPage","@id":"https:\/\/toypek.eu\/es\/producto\/urinario-movil-apilable-4personas\/","url":"https:\/\/toypek.eu\/es\/producto\/urinario-movil-apilable-4personas\/","name":"Producto - Urinario m\u00f3vil apilable para 4 personas en eventos.","isPartOf":{"@id":"https:\/\/toypek.eu\/es\/#website"},"primaryImageOfPage":{"@id":"https:\/\/toypek.eu\/es\/producto\/urinario-movil-apilable-4personas\/#primaryimage"},"image":{"@id":"https:\/\/toypek.eu\/es\/producto\/urinario-movil-apilable-4personas\/#primaryimage"},"thumbnailUrl":"https:\/\/cdn.toypek.eu\/images\/tp-img-132.png","datePublished":"2023-06-09T12:11:18+00:00","dateModified":"2025-11-05T16:06:40+00:00","description":"Nuestras unidades de urinario apilable + urinario de 4 personas est\u00e1n dise\u00f1adas espec\u00edficamente para eventos, con el objetivo de reducir los costos de transporte para las empresas de alquiler.","breadcrumb":{"@id":"https:\/\/toypek.eu\/es\/producto\/urinario-movil-apilable-4personas\/#breadcrumb"},"inLanguage":"es","potentialAction":[{"@type":"ReadAction","target":["https:\/\/toypek.eu\/es\/producto\/urinario-movil-apilable-4personas\/"]}]},{"@type":"ImageObject","inLanguage":"es","@id":"https:\/\/toypek.eu\/es\/producto\/urinario-movil-apilable-4personas\/#primaryimage","url":"https:\/\/cdn.toypek.eu\/images\/tp-img-132.png","contentUrl":"https:\/\/cdn.toypek.eu\/images\/tp-img-132.png","width":1000,"height":1000},{"@type":"BreadcrumbList","@id":"https:\/\/toypek.eu\/es\/producto\/urinario-movil-apilable-4personas\/#breadcrumb","itemListElement":[{"@type":"ListItem","position":1,"name":"Home","item":"https:\/\/toypek.eu\/es\/"},{"@type":"ListItem","position":2,"name":"Tienda","item":"https:\/\/toypek.eu\/es\/gama-de-productos\/"},{"@type":"ListItem","position":3,"name":"Urinario apilable para 4 personas"}]},{"@type":"WebSite","@id":"https:\/\/toypek.eu\/es\/#website","url":"https:\/\/toypek.eu\/es\/","name":"Toypek","description":"","potentialAction":[{"@type":"SearchAction","target":{"@type":"EntryPoint","urlTemplate":"https:\/\/toypek.eu\/es\/?s={search_term_string}"},"query-input":{"@type":"PropertyValueSpecification","valueRequired":true,"valueName":"search_term_string"}}],"inLanguage":"es"}]}},"_links":{"self":[{"href":"https:\/\/toypek.eu\/es\/wp-json\/wp\/v2\/product\/10741","targetHints":{"allow":["GET"]}}],"collection":[{"href":"https:\/\/toypek.eu\/es\/wp-json\/wp\/v2\/product"}],"about":[{"href":"https:\/\/toypek.eu\/es\/wp-json\/wp\/v2\/types\/product"}],"replies":[{"embeddable":true,"href":"https:\/\/toypek.eu\/es\/wp-json\/wp\/v2\/comments?post=10741"}],"wp:featuredmedia":[{"embeddable":true,"href":"https:\/\/toypek.eu\/es\/wp-json\/wp\/v2\/media\/10330"}],"wp:attachment":[{"href":"https:\/\/toypek.eu\/es\/wp-json\/wp\/v2\/media?parent=10741"}],"wp:term":[{"taxonomy":"product_brand","embeddable":true,"href":"https:\/\/toypek.eu\/es\/wp-json\/wp\/v2\/product_brand?post=10741"},{"taxonomy":"product_cat","embeddable":true,"href":"https:\/\/toypek.eu\/es\/wp-json\/wp\/v2\/product_cat?post=10741"},{"taxonomy":"product_tag","embeddable":true,"href":"https:\/\/toypek.eu\/es\/wp-json\/wp\/v2\/product_tag?post=10741"}],"curies":[{"name":"wp","href":"https:\/\/api.w.org\/{rel}","templated":true}]}}