{"id":11228,"date":"2023-06-09T13:21:17","date_gmt":"2023-06-09T11:21:17","guid":{"rendered":"http:\/\/toypek.eu\/product\/toypek-sanitaire-unit-2\/"},"modified":"2025-11-06T13:22:35","modified_gmt":"2025-11-06T12:22:35","slug":"cabina-wc-portatil-plastico-conexion-al-alcantarillado","status":"publish","type":"product","link":"https:\/\/toypek.eu\/es\/producto\/cabina-wc-portatil-plastico-conexion-al-alcantarillado\/","title":{"rendered":"Cabina WC port\u00e1til de pl\u00e1stico con conexi\u00f3n al alcantarillado"},"content":{"rendered":"\n<p>Nuestras unidades WC port&aacute;tiles est&aacute;n disponibles en cuatro colores: azul, verde, rojo y naranja. Solicita un presupuesto para conocer el precio de nuestra unidad sanitaria m&oacute;vil. Siempre tenemos a la venta el WC port&aacute;til m&aacute;s adecuado para cada necesidad. Fabricadas con materiales resistentes y a prueba de vandalismo, nuestras unidades son ideales para empresas de alquiler de <a href=\"https:\/\/toypek.eu\/es\/producto\/bano-portatil\/\">ba&ntilde;os port&aacute;tiles<\/a> que operan en proyectos de larga duraci&oacute;n y disponen de conexi&oacute;n a agua y alcantarillado. Estas conexiones son esenciales en las obras y nuestros productos ofrecen una opci&oacute;n m&aacute;s c&oacute;moda y duradera, reduciendo el mantenimiento y los costes de limpieza.<\/p>\n<h2>Ventajas de nuestras unidades WC port&aacute;tiles<\/h2>\n<p>Antes de comprar un ba&ntilde;o port&aacute;til, es importante conocer sus caracter&iacute;sticas y beneficios. Nuestras unidades WC port&aacute;tiles destacan por:<\/p>\n<ul>\n<li>F&aacute;cil manejo con carretilla elevadora o manualmente al comprar en <a href=\"https:\/\/toypek.eu\/es\">Toypek.eu<\/a>.<\/li>\n<li>Instalaci&oacute;n sencilla in situ con una toma de agua (acoplamiento Gardena en la parte trasera) y desag&uuml;e mediante tuber&iacute;a de 110 mm conectada al alcantarillado.<\/li>\n<li>Construcci&oacute;n ligera, con un peso aproximado de 90 kg.<\/li>\n<li>Dise&ntilde;o robusto y resistente al vandalismo, fabricado con materiales duraderos para una larga vida &uacute;til y f&aacute;cil limpieza.<\/li>\n<\/ul>\n<h3>Caseta de inodoro port&aacute;til a la venta en Toypek<\/h3>\n<p>Nuestras unidades sanitarias m&oacute;viles son la soluci&oacute;n ideal para obras, almacenes, puertos, campings y otros lugares con acceso a instalaciones fijas. Aunque es posible comprar la unidad desmontada, recomendamos adquirirla premontada para mayor comodidad.<br>\nSi tienes preguntas o necesitas m&aacute;s informaci&oacute;n sobre nuestra unidad WC port&aacute;til, ponte en contacto con nuestro equipo. Estaremos encantados de ayudarte.<\/p>\n<p><em>Las personalizaciones o peticiones especiales para nuestras unidades sanitarias port&aacute;tiles pueden realizarse previa consulta.<\/em><\/p>\n\n","protected":false},"excerpt":{"rendered":"<p>Cuando buscas comprar un WC port\u00e1til, es importante encontrar uno que se adapte exactamente a tus necesidades. En <a href=\"https:\/\/toypek.eu\/es\">Toypek.eu<\/a> tienes la posibilidad de personalizar tu propio WC port\u00e1til eligiendo el color, las opciones adicionales y la cantidad que necesites. Ofrecemos presupuestos personalizados para nuestras instalaciones sanitarias m\u00f3viles, e incluso podemos fabricar la unidad en el color que prefieras.<\/p>\n","protected":false},"featured_media":12316,"comment_status":"open","ping_status":"closed","template":"","meta":{"_acf_changed":false,"_joinchat":[]},"product_brand":[],"product_cat":[102,104],"product_tag":[],"class_list":{"0":"post-11228","1":"product","2":"type-product","3":"status-publish","4":"has-post-thumbnail","6":"product_cat-banos-moviles","7":"product_cat-sanitario-portatil","9":"first","10":"instock","11":"shipping-taxable","12":"product-type-variable"},"acf":[],"yoast_head":"<!-- This site is optimized with the Yoast SEO Premium plugin v20.8 (Yoast SEO v27.4) - https:\/\/yoast.com\/product\/yoast-seo-premium-wordpress\/ -->\n<title>Cabina WC port\u00e1til de pl\u00e1stico con conexi\u00f3n al alcantarillado - Toypek<\/title>\n<meta name=\"description\" content=\"Compra tu WC port\u00e1til en Toypek. Proveedor de casetas WC port\u00e1tiles duraderas y f\u00e1ciles de transportar, ideales para obras y eventos.\" \/>\n<meta name=\"robots\" content=\"noindex, follow\" \/>\n<meta property=\"og:locale\" content=\"es_ES\" \/>\n<meta property=\"og:type\" content=\"article\" \/>\n<meta property=\"og:title\" content=\"Cabina WC port\u00e1til de pl\u00e1stico con conexi\u00f3n al alcantarillado\" \/>\n<meta property=\"og:description\" content=\"Compra tu WC port\u00e1til en Toypek. Proveedor de casetas WC port\u00e1tiles duraderas y f\u00e1ciles de transportar, ideales para obras y eventos.\" \/>\n<meta property=\"og:url\" content=\"https:\/\/toypek.eu\/es\/producto\/cabina-wc-portatil-plastico-conexion-al-alcantarillado\/\" \/>\n<meta property=\"og:site_name\" content=\"Toypek\" \/>\n<meta property=\"article:modified_time\" content=\"2025-11-06T12:22:35+00:00\" \/>\n<meta property=\"og:image\" content=\"https:\/\/cdn.toypek.eu\/images\/tp-img-01-48.png\" \/>\n\t<meta property=\"og:image:width\" content=\"1000\" \/>\n\t<meta property=\"og:image:height\" content=\"1000\" \/>\n\t<meta property=\"og:image:type\" content=\"image\/png\" \/>\n<meta name=\"twitter:card\" content=\"summary_large_image\" \/>\n<meta name=\"twitter:label1\" content=\"Tiempo de lectura\" \/>\n\t<meta name=\"twitter:data1\" content=\"2 minutos\" \/>\n<script type=\"application\/ld+json\" class=\"yoast-schema-graph\">{\"@context\":\"https:\\\/\\\/schema.org\",\"@graph\":[{\"@type\":\"WebPage\",\"@id\":\"https:\\\/\\\/toypek.eu\\\/es\\\/producto\\\/cabina-wc-portatil-plastico-conexion-al-alcantarillado\\\/\",\"url\":\"https:\\\/\\\/toypek.eu\\\/es\\\/producto\\\/cabina-wc-portatil-plastico-conexion-al-alcantarillado\\\/\",\"name\":\"Cabina WC port\u00e1til de pl\u00e1stico con conexi\u00f3n al alcantarillado - Toypek\",\"isPartOf\":{\"@id\":\"https:\\\/\\\/toypek.eu\\\/es\\\/#website\"},\"primaryImageOfPage\":{\"@id\":\"https:\\\/\\\/toypek.eu\\\/es\\\/producto\\\/cabina-wc-portatil-plastico-conexion-al-alcantarillado\\\/#primaryimage\"},\"image\":{\"@id\":\"https:\\\/\\\/toypek.eu\\\/es\\\/producto\\\/cabina-wc-portatil-plastico-conexion-al-alcantarillado\\\/#primaryimage\"},\"thumbnailUrl\":\"https:\\\/\\\/cdn.toypek.eu\\\/images\\\/tp-img-01-48.png\",\"datePublished\":\"2023-06-09T11:21:17+00:00\",\"dateModified\":\"2025-11-06T12:22:35+00:00\",\"description\":\"Compra tu WC port\u00e1til en Toypek. Proveedor de casetas WC port\u00e1tiles duraderas y f\u00e1ciles de transportar, ideales para obras y eventos.\",\"breadcrumb\":{\"@id\":\"https:\\\/\\\/toypek.eu\\\/es\\\/producto\\\/cabina-wc-portatil-plastico-conexion-al-alcantarillado\\\/#breadcrumb\"},\"inLanguage\":\"es\",\"potentialAction\":[{\"@type\":\"ReadAction\",\"target\":[\"https:\\\/\\\/toypek.eu\\\/es\\\/producto\\\/cabina-wc-portatil-plastico-conexion-al-alcantarillado\\\/\"]}]},{\"@type\":\"ImageObject\",\"inLanguage\":\"es\",\"@id\":\"https:\\\/\\\/toypek.eu\\\/es\\\/producto\\\/cabina-wc-portatil-plastico-conexion-al-alcantarillado\\\/#primaryimage\",\"url\":\"https:\\\/\\\/cdn.toypek.eu\\\/images\\\/tp-img-01-48.png\",\"contentUrl\":\"https:\\\/\\\/cdn.toypek.eu\\\/images\\\/tp-img-01-48.png\",\"width\":1000,\"height\":1000,\"caption\":\"S\"},{\"@type\":\"BreadcrumbList\",\"@id\":\"https:\\\/\\\/toypek.eu\\\/es\\\/producto\\\/cabina-wc-portatil-plastico-conexion-al-alcantarillado\\\/#breadcrumb\",\"itemListElement\":[{\"@type\":\"ListItem\",\"position\":1,\"name\":\"Home\",\"item\":\"https:\\\/\\\/toypek.eu\\\/es\\\/\"},{\"@type\":\"ListItem\",\"position\":2,\"name\":\"Tienda\",\"item\":\"https:\\\/\\\/toypek.eu\\\/es\\\/gama-de-productos\\\/\"},{\"@type\":\"ListItem\",\"position\":3,\"name\":\"Cabina WC port\u00e1til de pl\u00e1stico con conexi\u00f3n al alcantarillado\"}]},{\"@type\":\"WebSite\",\"@id\":\"https:\\\/\\\/toypek.eu\\\/es\\\/#website\",\"url\":\"https:\\\/\\\/toypek.eu\\\/es\\\/\",\"name\":\"Toypek\",\"description\":\"\",\"potentialAction\":[{\"@type\":\"SearchAction\",\"target\":{\"@type\":\"EntryPoint\",\"urlTemplate\":\"https:\\\/\\\/toypek.eu\\\/es\\\/?s={search_term_string}\"},\"query-input\":{\"@type\":\"PropertyValueSpecification\",\"valueRequired\":true,\"valueName\":\"search_term_string\"}}],\"inLanguage\":\"es\"}]}<\/script>\n<!-- \/ Yoast SEO Premium plugin. -->","yoast_head_json":{"title":"Cabina WC port\u00e1til de pl\u00e1stico con conexi\u00f3n al alcantarillado - Toypek","description":"Compra tu WC port\u00e1til en Toypek. Proveedor de casetas WC port\u00e1tiles duraderas y f\u00e1ciles de transportar, ideales para obras y eventos.","robots":{"index":"noindex","follow":"follow"},"og_locale":"es_ES","og_type":"article","og_title":"Cabina WC port\u00e1til de pl\u00e1stico con conexi\u00f3n al alcantarillado","og_description":"Compra tu WC port\u00e1til en Toypek. Proveedor de casetas WC port\u00e1tiles duraderas y f\u00e1ciles de transportar, ideales para obras y eventos.","og_url":"https:\/\/toypek.eu\/es\/producto\/cabina-wc-portatil-plastico-conexion-al-alcantarillado\/","og_site_name":"Toypek","article_modified_time":"2025-11-06T12:22:35+00:00","og_image":[{"width":1000,"height":1000,"url":"https:\/\/cdn.toypek.eu\/images\/tp-img-01-48.png","type":"image\/png"}],"twitter_card":"summary_large_image","twitter_misc":{"Tiempo de lectura":"2 minutos"},"schema":{"@context":"https:\/\/schema.org","@graph":[{"@type":"WebPage","@id":"https:\/\/toypek.eu\/es\/producto\/cabina-wc-portatil-plastico-conexion-al-alcantarillado\/","url":"https:\/\/toypek.eu\/es\/producto\/cabina-wc-portatil-plastico-conexion-al-alcantarillado\/","name":"Cabina WC port\u00e1til de pl\u00e1stico con conexi\u00f3n al alcantarillado - Toypek","isPartOf":{"@id":"https:\/\/toypek.eu\/es\/#website"},"primaryImageOfPage":{"@id":"https:\/\/toypek.eu\/es\/producto\/cabina-wc-portatil-plastico-conexion-al-alcantarillado\/#primaryimage"},"image":{"@id":"https:\/\/toypek.eu\/es\/producto\/cabina-wc-portatil-plastico-conexion-al-alcantarillado\/#primaryimage"},"thumbnailUrl":"https:\/\/cdn.toypek.eu\/images\/tp-img-01-48.png","datePublished":"2023-06-09T11:21:17+00:00","dateModified":"2025-11-06T12:22:35+00:00","description":"Compra tu WC port\u00e1til en Toypek. Proveedor de casetas WC port\u00e1tiles duraderas y f\u00e1ciles de transportar, ideales para obras y eventos.","breadcrumb":{"@id":"https:\/\/toypek.eu\/es\/producto\/cabina-wc-portatil-plastico-conexion-al-alcantarillado\/#breadcrumb"},"inLanguage":"es","potentialAction":[{"@type":"ReadAction","target":["https:\/\/toypek.eu\/es\/producto\/cabina-wc-portatil-plastico-conexion-al-alcantarillado\/"]}]},{"@type":"ImageObject","inLanguage":"es","@id":"https:\/\/toypek.eu\/es\/producto\/cabina-wc-portatil-plastico-conexion-al-alcantarillado\/#primaryimage","url":"https:\/\/cdn.toypek.eu\/images\/tp-img-01-48.png","contentUrl":"https:\/\/cdn.toypek.eu\/images\/tp-img-01-48.png","width":1000,"height":1000,"caption":"S"},{"@type":"BreadcrumbList","@id":"https:\/\/toypek.eu\/es\/producto\/cabina-wc-portatil-plastico-conexion-al-alcantarillado\/#breadcrumb","itemListElement":[{"@type":"ListItem","position":1,"name":"Home","item":"https:\/\/toypek.eu\/es\/"},{"@type":"ListItem","position":2,"name":"Tienda","item":"https:\/\/toypek.eu\/es\/gama-de-productos\/"},{"@type":"ListItem","position":3,"name":"Cabina WC port\u00e1til de pl\u00e1stico con conexi\u00f3n al alcantarillado"}]},{"@type":"WebSite","@id":"https:\/\/toypek.eu\/es\/#website","url":"https:\/\/toypek.eu\/es\/","name":"Toypek","description":"","potentialAction":[{"@type":"SearchAction","target":{"@type":"EntryPoint","urlTemplate":"https:\/\/toypek.eu\/es\/?s={search_term_string}"},"query-input":{"@type":"PropertyValueSpecification","valueRequired":true,"valueName":"search_term_string"}}],"inLanguage":"es"}]}},"_links":{"self":[{"href":"https:\/\/toypek.eu\/es\/wp-json\/wp\/v2\/product\/11228","targetHints":{"allow":["GET"]}}],"collection":[{"href":"https:\/\/toypek.eu\/es\/wp-json\/wp\/v2\/product"}],"about":[{"href":"https:\/\/toypek.eu\/es\/wp-json\/wp\/v2\/types\/product"}],"replies":[{"embeddable":true,"href":"https:\/\/toypek.eu\/es\/wp-json\/wp\/v2\/comments?post=11228"}],"wp:featuredmedia":[{"embeddable":true,"href":"https:\/\/toypek.eu\/es\/wp-json\/wp\/v2\/media\/12316"}],"wp:attachment":[{"href":"https:\/\/toypek.eu\/es\/wp-json\/wp\/v2\/media?parent=11228"}],"wp:term":[{"taxonomy":"product_brand","embeddable":true,"href":"https:\/\/toypek.eu\/es\/wp-json\/wp\/v2\/product_brand?post=11228"},{"taxonomy":"product_cat","embeddable":true,"href":"https:\/\/toypek.eu\/es\/wp-json\/wp\/v2\/product_cat?post=11228"},{"taxonomy":"product_tag","embeddable":true,"href":"https:\/\/toypek.eu\/es\/wp-json\/wp\/v2\/product_tag?post=11228"}],"curies":[{"name":"wp","href":"https:\/\/api.w.org\/{rel}","templated":true}]}}