{"id":11624,"date":"2023-06-22T07:55:01","date_gmt":"2023-06-22T05:55:01","guid":{"rendered":"http:\/\/toypek.eu\/product\/3-rolhouder-2\/"},"modified":"2023-06-27T14:10:14","modified_gmt":"2023-06-27T14:10:14","slug":"portarrollos-de-3","status":"publish","type":"product","link":"https:\/\/toypek.eu\/es\/producto\/portarrollos-de-3\/","title":{"rendered":"Portarrollos de 3"},"content":{"rendered":"\n<p>Personaliza tu ba&ntilde;o port&aacute;til seg&uacute;n tus preferencias. Nuestras unidades de ba&ntilde;o se pueden personalizar por completo, incluyendo la adici&oacute;n de nuestro portarrollos de 3. Al comprar un ba&ntilde;o port&aacute;til, es importante pensar en su uso, el color deseado, las opciones adicionales y las cantidades necesarias. Incluso es posible fabricar las unidades de ba&ntilde;o en tu propio color personalizado.<\/p>\n\n","protected":false},"excerpt":{"rendered":"<p>Descripci\u00f3n Nuestro portarrollos de 3 se puede fijar a nuestras cabinas Toypek. El portarrollos de 3 permite un almacenamiento f\u00e1cil y seco de los rollos de papel higi\u00e9nico para el usuario. Cuenta con un pasador de acero que se puede bloquear f\u00e1cilmente para evitar que los usuarios lo retiren. El portarrollos de papel higi\u00e9nico es f\u00e1cil de rellenar y est\u00e1 hecho de material resistente al vandalismo.<\/p>\n","protected":false},"featured_media":11606,"comment_status":"open","ping_status":"closed","template":"","meta":{"_acf_changed":false,"_joinchat":[]},"product_brand":[],"product_cat":[102],"product_tag":[],"class_list":{"0":"post-11624","1":"product","2":"type-product","3":"status-publish","4":"has-post-thumbnail","6":"product_cat-banos-moviles","8":"first","9":"instock","10":"shipping-taxable","11":"product-type-simple"},"acf":[],"yoast_head":"<!-- This site is optimized with the Yoast SEO Premium plugin v20.8 (Yoast SEO v27.4) - https:\/\/yoast.com\/product\/yoast-seo-premium-wordpress\/ -->\n<title>Productos - Portarrollos de 3 | Toypek.eu<\/title>\n<meta name=\"robots\" content=\"index, follow, max-snippet:-1, max-image-preview:large, max-video-preview:-1\" \/>\n<link rel=\"canonical\" href=\"https:\/\/toypek.eu\/es\/producto\/portarrollos-de-3\/\" \/>\n<meta property=\"og:locale\" content=\"es_ES\" \/>\n<meta property=\"og:type\" content=\"article\" \/>\n<meta property=\"og:title\" content=\"Portarrollos de 3\" \/>\n<meta property=\"og:description\" content=\"Descripci\u00f3n Nuestro portarrollos de 3 se puede fijar a nuestras cabinas Toypek. El portarrollos de 3 permite un almacenamiento f\u00e1cil y seco de los rollos de papel higi\u00e9nico para el usuario. Cuenta con un pasador de acero que se puede bloquear f\u00e1cilmente para evitar que los usuarios lo retiren. El portarrollos de papel higi\u00e9nico es f\u00e1cil de rellenar y est\u00e1 hecho de material resistente al vandalismo.\" \/>\n<meta property=\"og:url\" content=\"https:\/\/toypek.eu\/es\/producto\/portarrollos-de-3\/\" \/>\n<meta property=\"og:site_name\" content=\"Toypek\" \/>\n<meta property=\"article:modified_time\" content=\"2023-06-27T14:10:14+00:00\" \/>\n<meta property=\"og:image\" content=\"https:\/\/toypek.eu\/wp-content\/uploads\/2023\/06\/a377d9c4-f280-4ac5-bc4e-3973acbc2655.jpg\" \/>\n\t<meta property=\"og:image:width\" content=\"1692\" \/>\n\t<meta property=\"og:image:height\" content=\"867\" \/>\n\t<meta property=\"og:image:type\" content=\"image\/jpeg\" \/>\n<meta name=\"twitter:card\" content=\"summary_large_image\" \/>\n<meta name=\"twitter:label1\" content=\"Tiempo de lectura\" \/>\n\t<meta name=\"twitter:data1\" content=\"1 minuto\" \/>\n<script type=\"application\/ld+json\" class=\"yoast-schema-graph\">{\"@context\":\"https:\\\/\\\/schema.org\",\"@graph\":[{\"@type\":\"WebPage\",\"@id\":\"https:\\\/\\\/toypek.eu\\\/es\\\/producto\\\/portarrollos-de-3\\\/\",\"url\":\"https:\\\/\\\/toypek.eu\\\/es\\\/producto\\\/portarrollos-de-3\\\/\",\"name\":\"Productos - Portarrollos de 3 | Toypek.eu\",\"isPartOf\":{\"@id\":\"https:\\\/\\\/toypek.eu\\\/es\\\/#website\"},\"primaryImageOfPage\":{\"@id\":\"https:\\\/\\\/toypek.eu\\\/es\\\/producto\\\/portarrollos-de-3\\\/#primaryimage\"},\"image\":{\"@id\":\"https:\\\/\\\/toypek.eu\\\/es\\\/producto\\\/portarrollos-de-3\\\/#primaryimage\"},\"thumbnailUrl\":\"https:\\\/\\\/cdn.toypek.eu\\\/images\\\/a377d9c4-f280-4ac5-bc4e-3973acbc2655.jpg\",\"datePublished\":\"2023-06-22T05:55:01+00:00\",\"dateModified\":\"2023-06-27T14:10:14+00:00\",\"breadcrumb\":{\"@id\":\"https:\\\/\\\/toypek.eu\\\/es\\\/producto\\\/portarrollos-de-3\\\/#breadcrumb\"},\"inLanguage\":\"es\",\"potentialAction\":[{\"@type\":\"ReadAction\",\"target\":[\"https:\\\/\\\/toypek.eu\\\/es\\\/producto\\\/portarrollos-de-3\\\/\"]}]},{\"@type\":\"ImageObject\",\"inLanguage\":\"es\",\"@id\":\"https:\\\/\\\/toypek.eu\\\/es\\\/producto\\\/portarrollos-de-3\\\/#primaryimage\",\"url\":\"https:\\\/\\\/cdn.toypek.eu\\\/images\\\/a377d9c4-f280-4ac5-bc4e-3973acbc2655.jpg\",\"contentUrl\":\"https:\\\/\\\/cdn.toypek.eu\\\/images\\\/a377d9c4-f280-4ac5-bc4e-3973acbc2655.jpg\",\"width\":1692,\"height\":867,\"caption\":\"3 roll toiletrolhouder\"},{\"@type\":\"BreadcrumbList\",\"@id\":\"https:\\\/\\\/toypek.eu\\\/es\\\/producto\\\/portarrollos-de-3\\\/#breadcrumb\",\"itemListElement\":[{\"@type\":\"ListItem\",\"position\":1,\"name\":\"Home\",\"item\":\"https:\\\/\\\/toypek.eu\\\/es\\\/\"},{\"@type\":\"ListItem\",\"position\":2,\"name\":\"Tienda\",\"item\":\"https:\\\/\\\/toypek.eu\\\/es\\\/gama-de-productos\\\/\"},{\"@type\":\"ListItem\",\"position\":3,\"name\":\"Portarrollos de 3\"}]},{\"@type\":\"WebSite\",\"@id\":\"https:\\\/\\\/toypek.eu\\\/es\\\/#website\",\"url\":\"https:\\\/\\\/toypek.eu\\\/es\\\/\",\"name\":\"Toypek\",\"description\":\"\",\"potentialAction\":[{\"@type\":\"SearchAction\",\"target\":{\"@type\":\"EntryPoint\",\"urlTemplate\":\"https:\\\/\\\/toypek.eu\\\/es\\\/?s={search_term_string}\"},\"query-input\":{\"@type\":\"PropertyValueSpecification\",\"valueRequired\":true,\"valueName\":\"search_term_string\"}}],\"inLanguage\":\"es\"}]}<\/script>\n<!-- \/ Yoast SEO Premium plugin. -->","yoast_head_json":{"title":"Productos - Portarrollos de 3 | Toypek.eu","robots":{"index":"index","follow":"follow","max-snippet":"max-snippet:-1","max-image-preview":"max-image-preview:large","max-video-preview":"max-video-preview:-1"},"canonical":"https:\/\/toypek.eu\/es\/producto\/portarrollos-de-3\/","og_locale":"es_ES","og_type":"article","og_title":"Portarrollos de 3","og_description":"Descripci\u00f3n Nuestro portarrollos de 3 se puede fijar a nuestras cabinas Toypek. El portarrollos de 3 permite un almacenamiento f\u00e1cil y seco de los rollos de papel higi\u00e9nico para el usuario. Cuenta con un pasador de acero que se puede bloquear f\u00e1cilmente para evitar que los usuarios lo retiren. El portarrollos de papel higi\u00e9nico es f\u00e1cil de rellenar y est\u00e1 hecho de material resistente al vandalismo.","og_url":"https:\/\/toypek.eu\/es\/producto\/portarrollos-de-3\/","og_site_name":"Toypek","article_modified_time":"2023-06-27T14:10:14+00:00","og_image":[{"width":1692,"height":867,"url":"https:\/\/toypek.eu\/wp-content\/uploads\/2023\/06\/a377d9c4-f280-4ac5-bc4e-3973acbc2655.jpg","type":"image\/jpeg"}],"twitter_card":"summary_large_image","twitter_misc":{"Tiempo de lectura":"1 minuto"},"schema":{"@context":"https:\/\/schema.org","@graph":[{"@type":"WebPage","@id":"https:\/\/toypek.eu\/es\/producto\/portarrollos-de-3\/","url":"https:\/\/toypek.eu\/es\/producto\/portarrollos-de-3\/","name":"Productos - Portarrollos de 3 | Toypek.eu","isPartOf":{"@id":"https:\/\/toypek.eu\/es\/#website"},"primaryImageOfPage":{"@id":"https:\/\/toypek.eu\/es\/producto\/portarrollos-de-3\/#primaryimage"},"image":{"@id":"https:\/\/toypek.eu\/es\/producto\/portarrollos-de-3\/#primaryimage"},"thumbnailUrl":"https:\/\/cdn.toypek.eu\/images\/a377d9c4-f280-4ac5-bc4e-3973acbc2655.jpg","datePublished":"2023-06-22T05:55:01+00:00","dateModified":"2023-06-27T14:10:14+00:00","breadcrumb":{"@id":"https:\/\/toypek.eu\/es\/producto\/portarrollos-de-3\/#breadcrumb"},"inLanguage":"es","potentialAction":[{"@type":"ReadAction","target":["https:\/\/toypek.eu\/es\/producto\/portarrollos-de-3\/"]}]},{"@type":"ImageObject","inLanguage":"es","@id":"https:\/\/toypek.eu\/es\/producto\/portarrollos-de-3\/#primaryimage","url":"https:\/\/cdn.toypek.eu\/images\/a377d9c4-f280-4ac5-bc4e-3973acbc2655.jpg","contentUrl":"https:\/\/cdn.toypek.eu\/images\/a377d9c4-f280-4ac5-bc4e-3973acbc2655.jpg","width":1692,"height":867,"caption":"3 roll toiletrolhouder"},{"@type":"BreadcrumbList","@id":"https:\/\/toypek.eu\/es\/producto\/portarrollos-de-3\/#breadcrumb","itemListElement":[{"@type":"ListItem","position":1,"name":"Home","item":"https:\/\/toypek.eu\/es\/"},{"@type":"ListItem","position":2,"name":"Tienda","item":"https:\/\/toypek.eu\/es\/gama-de-productos\/"},{"@type":"ListItem","position":3,"name":"Portarrollos de 3"}]},{"@type":"WebSite","@id":"https:\/\/toypek.eu\/es\/#website","url":"https:\/\/toypek.eu\/es\/","name":"Toypek","description":"","potentialAction":[{"@type":"SearchAction","target":{"@type":"EntryPoint","urlTemplate":"https:\/\/toypek.eu\/es\/?s={search_term_string}"},"query-input":{"@type":"PropertyValueSpecification","valueRequired":true,"valueName":"search_term_string"}}],"inLanguage":"es"}]}},"_links":{"self":[{"href":"https:\/\/toypek.eu\/es\/wp-json\/wp\/v2\/product\/11624","targetHints":{"allow":["GET"]}}],"collection":[{"href":"https:\/\/toypek.eu\/es\/wp-json\/wp\/v2\/product"}],"about":[{"href":"https:\/\/toypek.eu\/es\/wp-json\/wp\/v2\/types\/product"}],"replies":[{"embeddable":true,"href":"https:\/\/toypek.eu\/es\/wp-json\/wp\/v2\/comments?post=11624"}],"wp:featuredmedia":[{"embeddable":true,"href":"https:\/\/toypek.eu\/es\/wp-json\/wp\/v2\/media\/11606"}],"wp:attachment":[{"href":"https:\/\/toypek.eu\/es\/wp-json\/wp\/v2\/media?parent=11624"}],"wp:term":[{"taxonomy":"product_brand","embeddable":true,"href":"https:\/\/toypek.eu\/es\/wp-json\/wp\/v2\/product_brand?post=11624"},{"taxonomy":"product_cat","embeddable":true,"href":"https:\/\/toypek.eu\/es\/wp-json\/wp\/v2\/product_cat?post=11624"},{"taxonomy":"product_tag","embeddable":true,"href":"https:\/\/toypek.eu\/es\/wp-json\/wp\/v2\/product_tag?post=11624"}],"curies":[{"name":"wp","href":"https:\/\/api.w.org\/{rel}","templated":true}]}}