{"id":11658,"date":"2023-06-09T14:05:04","date_gmt":"2023-06-09T12:05:04","guid":{"rendered":"http:\/\/toypek.eu\/product\/flush-systeem-2\/"},"modified":"2023-06-27T17:04:29","modified_gmt":"2023-06-27T17:04:29","slug":"sistema-de-descarga","status":"publish","type":"product","link":"https:\/\/toypek.eu\/es\/producto\/sistema-de-descarga\/","title":{"rendered":"Sistema de descarga"},"content":{"rendered":"\n<p>Nuestro sistema de descarga para ba&ntilde;os port&aacute;tiles se puede acoplar a nuestras cabinas Toypek. El sistema de descarga funciona como un sistema de recirculaci&oacute;n de la cisterna, evitando que el usuario vea el fondo de la cisterna del aseo port&aacute;til. El usuario s&oacute;lo ve una carcasa negra que hace circular la cisterna cuando se acciona la palanca. La palanca de descarga est&aacute; situada en el lado izquierdo para mayor comodidad del usuario. La ventaja del sistema de descarga es que ofrece una experiencia m&aacute;s fresca y lujosa a los usuarios de las cabinas Toypek. El sistema de descarga minimiza el uso de agua durante la descarga, garantizando una eliminaci&oacute;n eficaz sin derroches innecesarios de agua. La instalaci&oacute;n del sistema de descarga es relativamente sencilla.<\/p>\n\n","protected":false},"excerpt":{"rendered":"<p>Personaliza tu ba\u00f1o port\u00e1til seg\u00fan tus preferencias. Nuestros ba\u00f1os pueden personalizarse por completo, incluido el uso de nuestro sistema de descarga. Al comprar un ba\u00f1o port\u00e1til, es importante tener en cuenta el uso previsto, el color deseado, las opciones\/caracter\u00edsticas adicionales y las cantidades necesarias. Incluso es posible fabricar los ba\u00f1os en el color que prefieras.<\/p>\n","protected":false},"featured_media":11642,"comment_status":"open","ping_status":"closed","template":"","meta":{"_acf_changed":false,"_joinchat":[]},"product_brand":[],"product_cat":[106],"product_tag":[],"class_list":{"0":"post-11658","1":"product","2":"type-product","3":"status-publish","4":"has-post-thumbnail","6":"product_cat-sistema-de-descarga","8":"first","9":"instock","10":"shipping-taxable","11":"product-type-simple"},"acf":[],"yoast_head":"<!-- This site is optimized with the Yoast SEO Premium plugin v20.8 (Yoast SEO v27.4) - https:\/\/yoast.com\/product\/yoast-seo-premium-wordpress\/ -->\n<title>\u00a1Descubre nuestro sistema de descarga para inodoros port\u00e1tiles!<\/title>\n<meta name=\"description\" content=\"Nuestro sistema port\u00e1til de descarga de inodoros se puede conectar a nuestras caba\u00f1as Toypek. El sistema de descarga funciona como un sistema de descarga de recirculaci\u00f3n, evitando que el usuario mire hacia el fondo del tanque del inodoro m\u00f3vil.\" \/>\n<meta name=\"robots\" content=\"index, follow, max-snippet:-1, max-image-preview:large, max-video-preview:-1\" \/>\n<link rel=\"canonical\" href=\"https:\/\/toypek.eu\/es\/producto\/sistema-de-descarga\/\" \/>\n<meta property=\"og:locale\" content=\"es_ES\" \/>\n<meta property=\"og:type\" content=\"article\" \/>\n<meta property=\"og:title\" content=\"Sistema de descarga\" \/>\n<meta property=\"og:description\" content=\"Nuestro sistema port\u00e1til de descarga de inodoros se puede conectar a nuestras caba\u00f1as Toypek. El sistema de descarga funciona como un sistema de descarga de recirculaci\u00f3n, evitando que el usuario mire hacia el fondo del tanque del inodoro m\u00f3vil.\" \/>\n<meta property=\"og:url\" content=\"https:\/\/toypek.eu\/es\/producto\/sistema-de-descarga\/\" \/>\n<meta property=\"og:site_name\" content=\"Toypek\" \/>\n<meta property=\"article:modified_time\" content=\"2023-06-27T17:04:29+00:00\" \/>\n<meta property=\"og:image\" content=\"https:\/\/toypek.eu\/wp-content\/uploads\/2023\/06\/Flush-systeem.jpg\" \/>\n\t<meta property=\"og:image:width\" content=\"1024\" \/>\n\t<meta property=\"og:image:height\" content=\"1024\" \/>\n\t<meta property=\"og:image:type\" content=\"image\/jpeg\" \/>\n<meta name=\"twitter:card\" content=\"summary_large_image\" \/>\n<meta name=\"twitter:label1\" content=\"Tiempo de lectura\" \/>\n\t<meta name=\"twitter:data1\" content=\"1 minuto\" \/>\n<script type=\"application\/ld+json\" class=\"yoast-schema-graph\">{\"@context\":\"https:\\\/\\\/schema.org\",\"@graph\":[{\"@type\":\"WebPage\",\"@id\":\"https:\\\/\\\/toypek.eu\\\/es\\\/producto\\\/sistema-de-descarga\\\/\",\"url\":\"https:\\\/\\\/toypek.eu\\\/es\\\/producto\\\/sistema-de-descarga\\\/\",\"name\":\"\u00a1Descubre nuestro sistema de descarga para inodoros port\u00e1tiles!\",\"isPartOf\":{\"@id\":\"https:\\\/\\\/toypek.eu\\\/es\\\/#website\"},\"primaryImageOfPage\":{\"@id\":\"https:\\\/\\\/toypek.eu\\\/es\\\/producto\\\/sistema-de-descarga\\\/#primaryimage\"},\"image\":{\"@id\":\"https:\\\/\\\/toypek.eu\\\/es\\\/producto\\\/sistema-de-descarga\\\/#primaryimage\"},\"thumbnailUrl\":\"https:\\\/\\\/cdn.toypek.eu\\\/images\\\/Flush-systeem.jpg\",\"datePublished\":\"2023-06-09T12:05:04+00:00\",\"dateModified\":\"2023-06-27T17:04:29+00:00\",\"description\":\"Nuestro sistema port\u00e1til de descarga de inodoros se puede conectar a nuestras caba\u00f1as Toypek. El sistema de descarga funciona como un sistema de descarga de recirculaci\u00f3n, evitando que el usuario mire hacia el fondo del tanque del inodoro m\u00f3vil.\",\"breadcrumb\":{\"@id\":\"https:\\\/\\\/toypek.eu\\\/es\\\/producto\\\/sistema-de-descarga\\\/#breadcrumb\"},\"inLanguage\":\"es\",\"potentialAction\":[{\"@type\":\"ReadAction\",\"target\":[\"https:\\\/\\\/toypek.eu\\\/es\\\/producto\\\/sistema-de-descarga\\\/\"]}]},{\"@type\":\"ImageObject\",\"inLanguage\":\"es\",\"@id\":\"https:\\\/\\\/toypek.eu\\\/es\\\/producto\\\/sistema-de-descarga\\\/#primaryimage\",\"url\":\"https:\\\/\\\/cdn.toypek.eu\\\/images\\\/Flush-systeem.jpg\",\"contentUrl\":\"https:\\\/\\\/cdn.toypek.eu\\\/images\\\/Flush-systeem.jpg\",\"width\":1024,\"height\":1024,\"caption\":\"Spoelsysteem mobiel toilet\"},{\"@type\":\"BreadcrumbList\",\"@id\":\"https:\\\/\\\/toypek.eu\\\/es\\\/producto\\\/sistema-de-descarga\\\/#breadcrumb\",\"itemListElement\":[{\"@type\":\"ListItem\",\"position\":1,\"name\":\"Home\",\"item\":\"https:\\\/\\\/toypek.eu\\\/es\\\/\"},{\"@type\":\"ListItem\",\"position\":2,\"name\":\"Tienda\",\"item\":\"https:\\\/\\\/toypek.eu\\\/es\\\/gama-de-productos\\\/\"},{\"@type\":\"ListItem\",\"position\":3,\"name\":\"Sistema de descarga\"}]},{\"@type\":\"WebSite\",\"@id\":\"https:\\\/\\\/toypek.eu\\\/es\\\/#website\",\"url\":\"https:\\\/\\\/toypek.eu\\\/es\\\/\",\"name\":\"Toypek\",\"description\":\"\",\"potentialAction\":[{\"@type\":\"SearchAction\",\"target\":{\"@type\":\"EntryPoint\",\"urlTemplate\":\"https:\\\/\\\/toypek.eu\\\/es\\\/?s={search_term_string}\"},\"query-input\":{\"@type\":\"PropertyValueSpecification\",\"valueRequired\":true,\"valueName\":\"search_term_string\"}}],\"inLanguage\":\"es\"}]}<\/script>\n<!-- \/ Yoast SEO Premium plugin. -->","yoast_head_json":{"title":"\u00a1Descubre nuestro sistema de descarga para inodoros port\u00e1tiles!","description":"Nuestro sistema port\u00e1til de descarga de inodoros se puede conectar a nuestras caba\u00f1as Toypek. El sistema de descarga funciona como un sistema de descarga de recirculaci\u00f3n, evitando que el usuario mire hacia el fondo del tanque del inodoro m\u00f3vil.","robots":{"index":"index","follow":"follow","max-snippet":"max-snippet:-1","max-image-preview":"max-image-preview:large","max-video-preview":"max-video-preview:-1"},"canonical":"https:\/\/toypek.eu\/es\/producto\/sistema-de-descarga\/","og_locale":"es_ES","og_type":"article","og_title":"Sistema de descarga","og_description":"Nuestro sistema port\u00e1til de descarga de inodoros se puede conectar a nuestras caba\u00f1as Toypek. El sistema de descarga funciona como un sistema de descarga de recirculaci\u00f3n, evitando que el usuario mire hacia el fondo del tanque del inodoro m\u00f3vil.","og_url":"https:\/\/toypek.eu\/es\/producto\/sistema-de-descarga\/","og_site_name":"Toypek","article_modified_time":"2023-06-27T17:04:29+00:00","og_image":[{"width":1024,"height":1024,"url":"https:\/\/toypek.eu\/wp-content\/uploads\/2023\/06\/Flush-systeem.jpg","type":"image\/jpeg"}],"twitter_card":"summary_large_image","twitter_misc":{"Tiempo de lectura":"1 minuto"},"schema":{"@context":"https:\/\/schema.org","@graph":[{"@type":"WebPage","@id":"https:\/\/toypek.eu\/es\/producto\/sistema-de-descarga\/","url":"https:\/\/toypek.eu\/es\/producto\/sistema-de-descarga\/","name":"\u00a1Descubre nuestro sistema de descarga para inodoros port\u00e1tiles!","isPartOf":{"@id":"https:\/\/toypek.eu\/es\/#website"},"primaryImageOfPage":{"@id":"https:\/\/toypek.eu\/es\/producto\/sistema-de-descarga\/#primaryimage"},"image":{"@id":"https:\/\/toypek.eu\/es\/producto\/sistema-de-descarga\/#primaryimage"},"thumbnailUrl":"https:\/\/cdn.toypek.eu\/images\/Flush-systeem.jpg","datePublished":"2023-06-09T12:05:04+00:00","dateModified":"2023-06-27T17:04:29+00:00","description":"Nuestro sistema port\u00e1til de descarga de inodoros se puede conectar a nuestras caba\u00f1as Toypek. El sistema de descarga funciona como un sistema de descarga de recirculaci\u00f3n, evitando que el usuario mire hacia el fondo del tanque del inodoro m\u00f3vil.","breadcrumb":{"@id":"https:\/\/toypek.eu\/es\/producto\/sistema-de-descarga\/#breadcrumb"},"inLanguage":"es","potentialAction":[{"@type":"ReadAction","target":["https:\/\/toypek.eu\/es\/producto\/sistema-de-descarga\/"]}]},{"@type":"ImageObject","inLanguage":"es","@id":"https:\/\/toypek.eu\/es\/producto\/sistema-de-descarga\/#primaryimage","url":"https:\/\/cdn.toypek.eu\/images\/Flush-systeem.jpg","contentUrl":"https:\/\/cdn.toypek.eu\/images\/Flush-systeem.jpg","width":1024,"height":1024,"caption":"Spoelsysteem mobiel toilet"},{"@type":"BreadcrumbList","@id":"https:\/\/toypek.eu\/es\/producto\/sistema-de-descarga\/#breadcrumb","itemListElement":[{"@type":"ListItem","position":1,"name":"Home","item":"https:\/\/toypek.eu\/es\/"},{"@type":"ListItem","position":2,"name":"Tienda","item":"https:\/\/toypek.eu\/es\/gama-de-productos\/"},{"@type":"ListItem","position":3,"name":"Sistema de descarga"}]},{"@type":"WebSite","@id":"https:\/\/toypek.eu\/es\/#website","url":"https:\/\/toypek.eu\/es\/","name":"Toypek","description":"","potentialAction":[{"@type":"SearchAction","target":{"@type":"EntryPoint","urlTemplate":"https:\/\/toypek.eu\/es\/?s={search_term_string}"},"query-input":{"@type":"PropertyValueSpecification","valueRequired":true,"valueName":"search_term_string"}}],"inLanguage":"es"}]}},"_links":{"self":[{"href":"https:\/\/toypek.eu\/es\/wp-json\/wp\/v2\/product\/11658","targetHints":{"allow":["GET"]}}],"collection":[{"href":"https:\/\/toypek.eu\/es\/wp-json\/wp\/v2\/product"}],"about":[{"href":"https:\/\/toypek.eu\/es\/wp-json\/wp\/v2\/types\/product"}],"replies":[{"embeddable":true,"href":"https:\/\/toypek.eu\/es\/wp-json\/wp\/v2\/comments?post=11658"}],"wp:featuredmedia":[{"embeddable":true,"href":"https:\/\/toypek.eu\/es\/wp-json\/wp\/v2\/media\/11642"}],"wp:attachment":[{"href":"https:\/\/toypek.eu\/es\/wp-json\/wp\/v2\/media?parent=11658"}],"wp:term":[{"taxonomy":"product_brand","embeddable":true,"href":"https:\/\/toypek.eu\/es\/wp-json\/wp\/v2\/product_brand?post=11658"},{"taxonomy":"product_cat","embeddable":true,"href":"https:\/\/toypek.eu\/es\/wp-json\/wp\/v2\/product_cat?post=11658"},{"taxonomy":"product_tag","embeddable":true,"href":"https:\/\/toypek.eu\/es\/wp-json\/wp\/v2\/product_tag?post=11658"}],"curies":[{"name":"wp","href":"https:\/\/api.w.org\/{rel}","templated":true}]}}