{"id":11759,"date":"2023-06-09T12:43:40","date_gmt":"2023-06-09T10:43:40","guid":{"rendered":"http:\/\/toypek.eu\/product\/handwas-unit-2\/"},"modified":"2023-06-27T17:31:48","modified_gmt":"2023-06-27T17:31:48","slug":"unidad-de-lavado-de-manos","status":"publish","type":"product","link":"https:\/\/toypek.eu\/es\/producto\/unidad-de-lavado-de-manos\/","title":{"rendered":"Lavamanos"},"content":{"rendered":"\n<p>Toypek.eu ofrece la opci&oacute;n de incluir una pr&aacute;ctica unidad de lavado de manos al comprar tu ba&ntilde;o qu&iacute;mico. La unidad de lavado de manos proporcionada cuenta con un mecanismo de bomba de pie que permite a los usuarios bombear agua para lavarse las manos seg&uacute;n sea necesario. Al elegir instalar esta unidad en tu cabina Toypek, no incurres en costes adicionales de instalaci&oacute;n.<\/p>\n<p>Piezas incluidas:<br>\n-Estaci&oacute;n de lavado de manos<br>\n-Bomba de pie<br>\n-Mangueras de conexi&oacute;n<br>\n-Materiales de montaje<\/p>\n\n","protected":false},"excerpt":{"rendered":"<p>Personaliza tu cabina Toypek ideal para adaptarla a tus necesidades espec\u00edficas. Nuestras cabinas Toypek ofrecen una flexibilidad total, permitiendo elegir caracter\u00edsticas adicionales como nuestro pr\u00e1ctico lavamanos para ba\u00f1os port\u00e1tiles. A la hora de comprar un ba\u00f1o port\u00e1til, es importante tener en cuenta el uso previsto, el color preferido, las opciones adicionales deseadas y las cantidades necesarias. En Toypek.eu, incluso ofrecemos la opci\u00f3n de fabricar las cabinas de aseos Toypek en tu color preferido.<\/p>\n","protected":false},"featured_media":11755,"comment_status":"open","ping_status":"closed","template":"","meta":{"_acf_changed":false,"_joinchat":[]},"product_brand":[],"product_cat":[100],"product_tag":[],"class_list":{"0":"post-11759","1":"product","2":"type-product","3":"status-publish","4":"has-post-thumbnail","6":"product_cat-lavado-de-manos","8":"first","9":"instock","10":"shipping-taxable","11":"product-type-simple"},"acf":[],"yoast_head":"<!-- This site is optimized with the Yoast SEO Premium plugin v20.8 (Yoast SEO v27.4) - https:\/\/yoast.com\/product\/yoast-seo-premium-wordpress\/ -->\n<title>Producto: Lavamanos port\u00e1til para inodoros port\u00e1tiles<\/title>\n<meta name=\"description\" content=\"Toypek.eu ofrece la opci\u00f3n de incluir una pr\u00e1ctica unidad de lavado de manos al comprar tu inodoro qu\u00edmico. La unidad de lavado de manos\" \/>\n<meta name=\"robots\" content=\"index, follow, max-snippet:-1, max-image-preview:large, max-video-preview:-1\" \/>\n<link rel=\"canonical\" href=\"https:\/\/toypek.eu\/es\/producto\/unidad-de-lavado-de-manos\/\" \/>\n<meta property=\"og:locale\" content=\"es_ES\" \/>\n<meta property=\"og:type\" content=\"article\" \/>\n<meta property=\"og:title\" content=\"Lavamanos\" \/>\n<meta property=\"og:description\" content=\"Toypek.eu ofrece la opci\u00f3n de incluir una pr\u00e1ctica unidad de lavado de manos al comprar tu inodoro qu\u00edmico. La unidad de lavado de manos\" \/>\n<meta property=\"og:url\" content=\"https:\/\/toypek.eu\/es\/producto\/unidad-de-lavado-de-manos\/\" \/>\n<meta property=\"og:site_name\" content=\"Toypek\" \/>\n<meta property=\"article:modified_time\" content=\"2023-06-27T17:31:48+00:00\" \/>\n<meta property=\"og:image\" content=\"https:\/\/toypek.eu\/wp-content\/uploads\/2023\/06\/Handwas-unit.jpg\" \/>\n\t<meta property=\"og:image:width\" content=\"1200\" \/>\n\t<meta property=\"og:image:height\" content=\"1200\" \/>\n\t<meta property=\"og:image:type\" content=\"image\/jpeg\" \/>\n<meta name=\"twitter:card\" content=\"summary_large_image\" \/>\n<meta name=\"twitter:label1\" content=\"Tiempo de lectura\" \/>\n\t<meta name=\"twitter:data1\" content=\"1 minuto\" \/>\n<script type=\"application\/ld+json\" class=\"yoast-schema-graph\">{\"@context\":\"https:\\\/\\\/schema.org\",\"@graph\":[{\"@type\":\"WebPage\",\"@id\":\"https:\\\/\\\/toypek.eu\\\/es\\\/producto\\\/unidad-de-lavado-de-manos\\\/\",\"url\":\"https:\\\/\\\/toypek.eu\\\/es\\\/producto\\\/unidad-de-lavado-de-manos\\\/\",\"name\":\"Producto: Lavamanos port\u00e1til para inodoros port\u00e1tiles\",\"isPartOf\":{\"@id\":\"https:\\\/\\\/toypek.eu\\\/es\\\/#website\"},\"primaryImageOfPage\":{\"@id\":\"https:\\\/\\\/toypek.eu\\\/es\\\/producto\\\/unidad-de-lavado-de-manos\\\/#primaryimage\"},\"image\":{\"@id\":\"https:\\\/\\\/toypek.eu\\\/es\\\/producto\\\/unidad-de-lavado-de-manos\\\/#primaryimage\"},\"thumbnailUrl\":\"https:\\\/\\\/cdn.toypek.eu\\\/images\\\/Handwas-unit.jpg\",\"datePublished\":\"2023-06-09T10:43:40+00:00\",\"dateModified\":\"2023-06-27T17:31:48+00:00\",\"description\":\"Toypek.eu ofrece la opci\u00f3n de incluir una pr\u00e1ctica unidad de lavado de manos al comprar tu inodoro qu\u00edmico. La unidad de lavado de manos\",\"breadcrumb\":{\"@id\":\"https:\\\/\\\/toypek.eu\\\/es\\\/producto\\\/unidad-de-lavado-de-manos\\\/#breadcrumb\"},\"inLanguage\":\"es\",\"potentialAction\":[{\"@type\":\"ReadAction\",\"target\":[\"https:\\\/\\\/toypek.eu\\\/es\\\/producto\\\/unidad-de-lavado-de-manos\\\/\"]}]},{\"@type\":\"ImageObject\",\"inLanguage\":\"es\",\"@id\":\"https:\\\/\\\/toypek.eu\\\/es\\\/producto\\\/unidad-de-lavado-de-manos\\\/#primaryimage\",\"url\":\"https:\\\/\\\/cdn.toypek.eu\\\/images\\\/Handwas-unit.jpg\",\"contentUrl\":\"https:\\\/\\\/cdn.toypek.eu\\\/images\\\/Handwas-unit.jpg\",\"width\":1200,\"height\":1200,\"caption\":\"Handwas unit incl. voetpomp\"},{\"@type\":\"BreadcrumbList\",\"@id\":\"https:\\\/\\\/toypek.eu\\\/es\\\/producto\\\/unidad-de-lavado-de-manos\\\/#breadcrumb\",\"itemListElement\":[{\"@type\":\"ListItem\",\"position\":1,\"name\":\"Home\",\"item\":\"https:\\\/\\\/toypek.eu\\\/es\\\/\"},{\"@type\":\"ListItem\",\"position\":2,\"name\":\"Tienda\",\"item\":\"https:\\\/\\\/toypek.eu\\\/es\\\/gama-de-productos\\\/\"},{\"@type\":\"ListItem\",\"position\":3,\"name\":\"Lavamanos\"}]},{\"@type\":\"WebSite\",\"@id\":\"https:\\\/\\\/toypek.eu\\\/es\\\/#website\",\"url\":\"https:\\\/\\\/toypek.eu\\\/es\\\/\",\"name\":\"Toypek\",\"description\":\"\",\"potentialAction\":[{\"@type\":\"SearchAction\",\"target\":{\"@type\":\"EntryPoint\",\"urlTemplate\":\"https:\\\/\\\/toypek.eu\\\/es\\\/?s={search_term_string}\"},\"query-input\":{\"@type\":\"PropertyValueSpecification\",\"valueRequired\":true,\"valueName\":\"search_term_string\"}}],\"inLanguage\":\"es\"}]}<\/script>\n<!-- \/ Yoast SEO Premium plugin. -->","yoast_head_json":{"title":"Producto: Lavamanos port\u00e1til para inodoros port\u00e1tiles","description":"Toypek.eu ofrece la opci\u00f3n de incluir una pr\u00e1ctica unidad de lavado de manos al comprar tu inodoro qu\u00edmico. La unidad de lavado de manos","robots":{"index":"index","follow":"follow","max-snippet":"max-snippet:-1","max-image-preview":"max-image-preview:large","max-video-preview":"max-video-preview:-1"},"canonical":"https:\/\/toypek.eu\/es\/producto\/unidad-de-lavado-de-manos\/","og_locale":"es_ES","og_type":"article","og_title":"Lavamanos","og_description":"Toypek.eu ofrece la opci\u00f3n de incluir una pr\u00e1ctica unidad de lavado de manos al comprar tu inodoro qu\u00edmico. La unidad de lavado de manos","og_url":"https:\/\/toypek.eu\/es\/producto\/unidad-de-lavado-de-manos\/","og_site_name":"Toypek","article_modified_time":"2023-06-27T17:31:48+00:00","og_image":[{"width":1200,"height":1200,"url":"https:\/\/toypek.eu\/wp-content\/uploads\/2023\/06\/Handwas-unit.jpg","type":"image\/jpeg"}],"twitter_card":"summary_large_image","twitter_misc":{"Tiempo de lectura":"1 minuto"},"schema":{"@context":"https:\/\/schema.org","@graph":[{"@type":"WebPage","@id":"https:\/\/toypek.eu\/es\/producto\/unidad-de-lavado-de-manos\/","url":"https:\/\/toypek.eu\/es\/producto\/unidad-de-lavado-de-manos\/","name":"Producto: Lavamanos port\u00e1til para inodoros port\u00e1tiles","isPartOf":{"@id":"https:\/\/toypek.eu\/es\/#website"},"primaryImageOfPage":{"@id":"https:\/\/toypek.eu\/es\/producto\/unidad-de-lavado-de-manos\/#primaryimage"},"image":{"@id":"https:\/\/toypek.eu\/es\/producto\/unidad-de-lavado-de-manos\/#primaryimage"},"thumbnailUrl":"https:\/\/cdn.toypek.eu\/images\/Handwas-unit.jpg","datePublished":"2023-06-09T10:43:40+00:00","dateModified":"2023-06-27T17:31:48+00:00","description":"Toypek.eu ofrece la opci\u00f3n de incluir una pr\u00e1ctica unidad de lavado de manos al comprar tu inodoro qu\u00edmico. La unidad de lavado de manos","breadcrumb":{"@id":"https:\/\/toypek.eu\/es\/producto\/unidad-de-lavado-de-manos\/#breadcrumb"},"inLanguage":"es","potentialAction":[{"@type":"ReadAction","target":["https:\/\/toypek.eu\/es\/producto\/unidad-de-lavado-de-manos\/"]}]},{"@type":"ImageObject","inLanguage":"es","@id":"https:\/\/toypek.eu\/es\/producto\/unidad-de-lavado-de-manos\/#primaryimage","url":"https:\/\/cdn.toypek.eu\/images\/Handwas-unit.jpg","contentUrl":"https:\/\/cdn.toypek.eu\/images\/Handwas-unit.jpg","width":1200,"height":1200,"caption":"Handwas unit incl. voetpomp"},{"@type":"BreadcrumbList","@id":"https:\/\/toypek.eu\/es\/producto\/unidad-de-lavado-de-manos\/#breadcrumb","itemListElement":[{"@type":"ListItem","position":1,"name":"Home","item":"https:\/\/toypek.eu\/es\/"},{"@type":"ListItem","position":2,"name":"Tienda","item":"https:\/\/toypek.eu\/es\/gama-de-productos\/"},{"@type":"ListItem","position":3,"name":"Lavamanos"}]},{"@type":"WebSite","@id":"https:\/\/toypek.eu\/es\/#website","url":"https:\/\/toypek.eu\/es\/","name":"Toypek","description":"","potentialAction":[{"@type":"SearchAction","target":{"@type":"EntryPoint","urlTemplate":"https:\/\/toypek.eu\/es\/?s={search_term_string}"},"query-input":{"@type":"PropertyValueSpecification","valueRequired":true,"valueName":"search_term_string"}}],"inLanguage":"es"}]}},"_links":{"self":[{"href":"https:\/\/toypek.eu\/es\/wp-json\/wp\/v2\/product\/11759","targetHints":{"allow":["GET"]}}],"collection":[{"href":"https:\/\/toypek.eu\/es\/wp-json\/wp\/v2\/product"}],"about":[{"href":"https:\/\/toypek.eu\/es\/wp-json\/wp\/v2\/types\/product"}],"replies":[{"embeddable":true,"href":"https:\/\/toypek.eu\/es\/wp-json\/wp\/v2\/comments?post=11759"}],"wp:featuredmedia":[{"embeddable":true,"href":"https:\/\/toypek.eu\/es\/wp-json\/wp\/v2\/media\/11755"}],"wp:attachment":[{"href":"https:\/\/toypek.eu\/es\/wp-json\/wp\/v2\/media?parent=11759"}],"wp:term":[{"taxonomy":"product_brand","embeddable":true,"href":"https:\/\/toypek.eu\/es\/wp-json\/wp\/v2\/product_brand?post=11759"},{"taxonomy":"product_cat","embeddable":true,"href":"https:\/\/toypek.eu\/es\/wp-json\/wp\/v2\/product_cat?post=11759"},{"taxonomy":"product_tag","embeddable":true,"href":"https:\/\/toypek.eu\/es\/wp-json\/wp\/v2\/product_tag?post=11759"}],"curies":[{"name":"wp","href":"https:\/\/api.w.org\/{rel}","templated":true}]}}