{"id":11787,"date":"2023-06-09T12:53:06","date_gmt":"2023-06-09T10:53:06","guid":{"rendered":"http:\/\/toypek.eu\/product\/urinoir-2\/"},"modified":"2023-06-27T17:55:55","modified_gmt":"2023-06-27T17:55:55","slug":"urinario","status":"publish","type":"product","link":"https:\/\/toypek.eu\/es\/producto\/urinario\/","title":{"rendered":"Urinario Port\u00e1til"},"content":{"rendered":"\n<p>Toypek.eu ofrece la opci&oacute;n de a&ntilde;adir un urinario port&aacute;til a la cabina Toypek. El urinario proporciona ventajas para mantener la limpieza en tu ba&ntilde;o port&aacute;til. Al comprar un ba&ntilde;o port&aacute;til, MobielToiletKopen.nl recomienda incluir un urinario. El urinario garantiza que los usuarios masculinos que prefieren estar de pie no orinen en los bordes de la cabina del ba&ntilde;o port&aacute;til, sino que lo hagan en el propio urinario. Esto mejora la experiencia del usuario y facilita la limpieza de la cabina Toypek. No hay costes adicionales de instalaci&oacute;n por a&ntilde;adir el &ordm;.<\/p>\n\n","protected":false},"excerpt":{"rendered":"<p>Personaliza tu ba\u00f1o port\u00e1til seg\u00fan tus preferencias. Nuestras unidades de sanitarios pueden montarse completamente seg\u00fan tus especificaciones, incluyendo la adici\u00f3n de un urinario y tuber\u00edas. Al comprar un ba\u00f1o port\u00e1til, considera cuidadosamente el uso previsto, el color deseado, las opciones adicionales y las cantidades. Incluso ofrecemos la opci\u00f3n de fabricar las unidades de aseos en tu color preferido.<\/p>\n","protected":false},"featured_media":11773,"comment_status":"open","ping_status":"closed","template":"","meta":{"_acf_changed":false,"_joinchat":[]},"product_brand":[],"product_cat":[107],"product_tag":[],"class_list":{"0":"post-11787","1":"product","2":"type-product","3":"status-publish","4":"has-post-thumbnail","6":"product_cat-urinario","8":"first","9":"instock","10":"shipping-taxable","11":"product-type-simple"},"acf":[],"yoast_head":"<!-- This site is optimized with the Yoast SEO Premium plugin v20.8 (Yoast SEO v27.4) - https:\/\/yoast.com\/product\/yoast-seo-premium-wordpress\/ -->\n<title>Producto: Urinario para inodoros port\u00e1tiles - Toypek.eu<\/title>\n<meta name=\"description\" content=\"Toypek.eu ofrece la opci\u00f3n de agregar un urinario a la caba\u00f1a Toypek. El urinario proporciona ventajas para mantener la limpieza en tu inodoro m\u00f3vil.\" \/>\n<meta name=\"robots\" content=\"index, follow, max-snippet:-1, max-image-preview:large, max-video-preview:-1\" \/>\n<link rel=\"canonical\" href=\"https:\/\/toypek.eu\/es\/producto\/urinario\/\" \/>\n<meta property=\"og:locale\" content=\"es_ES\" \/>\n<meta property=\"og:type\" content=\"article\" \/>\n<meta property=\"og:title\" content=\"Urinario Port\u00e1til\" \/>\n<meta property=\"og:description\" content=\"Toypek.eu ofrece la opci\u00f3n de agregar un urinario a la caba\u00f1a Toypek. El urinario proporciona ventajas para mantener la limpieza en tu inodoro m\u00f3vil.\" \/>\n<meta property=\"og:url\" content=\"https:\/\/toypek.eu\/es\/producto\/urinario\/\" \/>\n<meta property=\"og:site_name\" content=\"Toypek\" \/>\n<meta property=\"article:modified_time\" content=\"2023-06-27T17:55:55+00:00\" \/>\n<meta property=\"og:image\" content=\"https:\/\/toypek.eu\/wp-content\/uploads\/2023\/06\/Urinoir-2.jpg\" \/>\n\t<meta property=\"og:image:width\" content=\"1200\" \/>\n\t<meta property=\"og:image:height\" content=\"1200\" \/>\n\t<meta property=\"og:image:type\" content=\"image\/jpeg\" \/>\n<meta name=\"twitter:card\" content=\"summary_large_image\" \/>\n<meta name=\"twitter:label1\" content=\"Tiempo de lectura\" \/>\n\t<meta name=\"twitter:data1\" content=\"1 minuto\" \/>\n<script type=\"application\/ld+json\" class=\"yoast-schema-graph\">{\"@context\":\"https:\\\/\\\/schema.org\",\"@graph\":[{\"@type\":\"WebPage\",\"@id\":\"https:\\\/\\\/toypek.eu\\\/es\\\/producto\\\/urinario\\\/\",\"url\":\"https:\\\/\\\/toypek.eu\\\/es\\\/producto\\\/urinario\\\/\",\"name\":\"Producto: Urinario para inodoros port\u00e1tiles - Toypek.eu\",\"isPartOf\":{\"@id\":\"https:\\\/\\\/toypek.eu\\\/es\\\/#website\"},\"primaryImageOfPage\":{\"@id\":\"https:\\\/\\\/toypek.eu\\\/es\\\/producto\\\/urinario\\\/#primaryimage\"},\"image\":{\"@id\":\"https:\\\/\\\/toypek.eu\\\/es\\\/producto\\\/urinario\\\/#primaryimage\"},\"thumbnailUrl\":\"https:\\\/\\\/cdn.toypek.eu\\\/images\\\/Urinoir-2.jpg\",\"datePublished\":\"2023-06-09T10:53:06+00:00\",\"dateModified\":\"2023-06-27T17:55:55+00:00\",\"description\":\"Toypek.eu ofrece la opci\u00f3n de agregar un urinario a la caba\u00f1a Toypek. El urinario proporciona ventajas para mantener la limpieza en tu inodoro m\u00f3vil.\",\"breadcrumb\":{\"@id\":\"https:\\\/\\\/toypek.eu\\\/es\\\/producto\\\/urinario\\\/#breadcrumb\"},\"inLanguage\":\"es\",\"potentialAction\":[{\"@type\":\"ReadAction\",\"target\":[\"https:\\\/\\\/toypek.eu\\\/es\\\/producto\\\/urinario\\\/\"]}]},{\"@type\":\"ImageObject\",\"inLanguage\":\"es\",\"@id\":\"https:\\\/\\\/toypek.eu\\\/es\\\/producto\\\/urinario\\\/#primaryimage\",\"url\":\"https:\\\/\\\/cdn.toypek.eu\\\/images\\\/Urinoir-2.jpg\",\"contentUrl\":\"https:\\\/\\\/cdn.toypek.eu\\\/images\\\/Urinoir-2.jpg\",\"width\":1200,\"height\":1200,\"caption\":\"Urinoir\"},{\"@type\":\"BreadcrumbList\",\"@id\":\"https:\\\/\\\/toypek.eu\\\/es\\\/producto\\\/urinario\\\/#breadcrumb\",\"itemListElement\":[{\"@type\":\"ListItem\",\"position\":1,\"name\":\"Home\",\"item\":\"https:\\\/\\\/toypek.eu\\\/es\\\/\"},{\"@type\":\"ListItem\",\"position\":2,\"name\":\"Tienda\",\"item\":\"https:\\\/\\\/toypek.eu\\\/es\\\/gama-de-productos\\\/\"},{\"@type\":\"ListItem\",\"position\":3,\"name\":\"Urinario Port\u00e1til\"}]},{\"@type\":\"WebSite\",\"@id\":\"https:\\\/\\\/toypek.eu\\\/es\\\/#website\",\"url\":\"https:\\\/\\\/toypek.eu\\\/es\\\/\",\"name\":\"Toypek\",\"description\":\"\",\"potentialAction\":[{\"@type\":\"SearchAction\",\"target\":{\"@type\":\"EntryPoint\",\"urlTemplate\":\"https:\\\/\\\/toypek.eu\\\/es\\\/?s={search_term_string}\"},\"query-input\":{\"@type\":\"PropertyValueSpecification\",\"valueRequired\":true,\"valueName\":\"search_term_string\"}}],\"inLanguage\":\"es\"}]}<\/script>\n<!-- \/ Yoast SEO Premium plugin. -->","yoast_head_json":{"title":"Producto: Urinario para inodoros port\u00e1tiles - Toypek.eu","description":"Toypek.eu ofrece la opci\u00f3n de agregar un urinario a la caba\u00f1a Toypek. El urinario proporciona ventajas para mantener la limpieza en tu inodoro m\u00f3vil.","robots":{"index":"index","follow":"follow","max-snippet":"max-snippet:-1","max-image-preview":"max-image-preview:large","max-video-preview":"max-video-preview:-1"},"canonical":"https:\/\/toypek.eu\/es\/producto\/urinario\/","og_locale":"es_ES","og_type":"article","og_title":"Urinario Port\u00e1til","og_description":"Toypek.eu ofrece la opci\u00f3n de agregar un urinario a la caba\u00f1a Toypek. El urinario proporciona ventajas para mantener la limpieza en tu inodoro m\u00f3vil.","og_url":"https:\/\/toypek.eu\/es\/producto\/urinario\/","og_site_name":"Toypek","article_modified_time":"2023-06-27T17:55:55+00:00","og_image":[{"width":1200,"height":1200,"url":"https:\/\/toypek.eu\/wp-content\/uploads\/2023\/06\/Urinoir-2.jpg","type":"image\/jpeg"}],"twitter_card":"summary_large_image","twitter_misc":{"Tiempo de lectura":"1 minuto"},"schema":{"@context":"https:\/\/schema.org","@graph":[{"@type":"WebPage","@id":"https:\/\/toypek.eu\/es\/producto\/urinario\/","url":"https:\/\/toypek.eu\/es\/producto\/urinario\/","name":"Producto: Urinario para inodoros port\u00e1tiles - Toypek.eu","isPartOf":{"@id":"https:\/\/toypek.eu\/es\/#website"},"primaryImageOfPage":{"@id":"https:\/\/toypek.eu\/es\/producto\/urinario\/#primaryimage"},"image":{"@id":"https:\/\/toypek.eu\/es\/producto\/urinario\/#primaryimage"},"thumbnailUrl":"https:\/\/cdn.toypek.eu\/images\/Urinoir-2.jpg","datePublished":"2023-06-09T10:53:06+00:00","dateModified":"2023-06-27T17:55:55+00:00","description":"Toypek.eu ofrece la opci\u00f3n de agregar un urinario a la caba\u00f1a Toypek. El urinario proporciona ventajas para mantener la limpieza en tu inodoro m\u00f3vil.","breadcrumb":{"@id":"https:\/\/toypek.eu\/es\/producto\/urinario\/#breadcrumb"},"inLanguage":"es","potentialAction":[{"@type":"ReadAction","target":["https:\/\/toypek.eu\/es\/producto\/urinario\/"]}]},{"@type":"ImageObject","inLanguage":"es","@id":"https:\/\/toypek.eu\/es\/producto\/urinario\/#primaryimage","url":"https:\/\/cdn.toypek.eu\/images\/Urinoir-2.jpg","contentUrl":"https:\/\/cdn.toypek.eu\/images\/Urinoir-2.jpg","width":1200,"height":1200,"caption":"Urinoir"},{"@type":"BreadcrumbList","@id":"https:\/\/toypek.eu\/es\/producto\/urinario\/#breadcrumb","itemListElement":[{"@type":"ListItem","position":1,"name":"Home","item":"https:\/\/toypek.eu\/es\/"},{"@type":"ListItem","position":2,"name":"Tienda","item":"https:\/\/toypek.eu\/es\/gama-de-productos\/"},{"@type":"ListItem","position":3,"name":"Urinario Port\u00e1til"}]},{"@type":"WebSite","@id":"https:\/\/toypek.eu\/es\/#website","url":"https:\/\/toypek.eu\/es\/","name":"Toypek","description":"","potentialAction":[{"@type":"SearchAction","target":{"@type":"EntryPoint","urlTemplate":"https:\/\/toypek.eu\/es\/?s={search_term_string}"},"query-input":{"@type":"PropertyValueSpecification","valueRequired":true,"valueName":"search_term_string"}}],"inLanguage":"es"}]}},"_links":{"self":[{"href":"https:\/\/toypek.eu\/es\/wp-json\/wp\/v2\/product\/11787","targetHints":{"allow":["GET"]}}],"collection":[{"href":"https:\/\/toypek.eu\/es\/wp-json\/wp\/v2\/product"}],"about":[{"href":"https:\/\/toypek.eu\/es\/wp-json\/wp\/v2\/types\/product"}],"replies":[{"embeddable":true,"href":"https:\/\/toypek.eu\/es\/wp-json\/wp\/v2\/comments?post=11787"}],"wp:featuredmedia":[{"embeddable":true,"href":"https:\/\/toypek.eu\/es\/wp-json\/wp\/v2\/media\/11773"}],"wp:attachment":[{"href":"https:\/\/toypek.eu\/es\/wp-json\/wp\/v2\/media?parent=11787"}],"wp:term":[{"taxonomy":"product_brand","embeddable":true,"href":"https:\/\/toypek.eu\/es\/wp-json\/wp\/v2\/product_brand?post=11787"},{"taxonomy":"product_cat","embeddable":true,"href":"https:\/\/toypek.eu\/es\/wp-json\/wp\/v2\/product_cat?post=11787"},{"taxonomy":"product_tag","embeddable":true,"href":"https:\/\/toypek.eu\/es\/wp-json\/wp\/v2\/product_tag?post=11787"}],"curies":[{"name":"wp","href":"https:\/\/api.w.org\/{rel}","templated":true}]}}