{"id":11800,"date":"2023-06-09T12:31:04","date_gmt":"2023-06-09T10:31:04","guid":{"rendered":"http:\/\/toypek.eu\/product\/evergreen-gold-tabletten-2\/"},"modified":"2023-06-27T18:12:22","modified_gmt":"2023-06-27T18:12:22","slug":"tabletas-evergreen-gold","status":"publish","type":"product","link":"https:\/\/toypek.eu\/es\/producto\/tabletas-evergreen-gold\/","title":{"rendered":"Pastillas Evergreen Gold"},"content":{"rendered":"\n<p>Las pastillas EverGreen Gold utilizan ingredientes avanzados para controlar los olores de forma natural. Descomponen eficazmente el papel y los residuos, reduciendo la acumulaci&oacute;n y la materia org&aacute;nica. Al utilizar el limpiador de ba&ntilde;os port&aacute;til EverGreen Gold, puedes reducir los costes de eliminaci&oacute;n de residuos y promover pr&aacute;cticas respetuosas con el medio ambiente, ya que no es t&oacute;xico y es 100% biodegradable. Para tu comodidad, las pastillas desodorizantes tambi&eacute;n pueden adquirirse como l&iacute;quido para sanitarios en bidones. Estos vers&aacute;tiles desodorizantes de aseos port&aacute;tiles son aptos tanto para su uso en invierno como en verano, por lo que resultan ideales para periodos prolongados y entornos c&aacute;lidos. Las empresas de servicios sanitarios encontrar&aacute;n que estas pastillas son f&aacute;ciles de usar y ahorran tiempo.<\/p>\n<p>Control de olores totalmente natural para un ambiente agradable.<br>\nDesodorizantes de acci&oacute;n r&aacute;pida y gran eficacia para combatir los olores.<br>\nColor que no mancha y preserva el aspecto de tu ba&ntilde;o port&aacute;til.<br>\nFunciona bien en todos los climas, garantizando un rendimiento constante.<br>\nRespetuoso con el medio ambiente y biodegradable.<br>\nDescompone el papel y los residuos para mejorar la limpieza.<\/p>\n\n","protected":false},"excerpt":{"rendered":"<p>Personaliza tu ba\u00f1o port\u00e1til seg\u00fan tus preferencias con nuestras vers\u00e1tiles unidades de aseos. Para garantizar la limpieza, ofrecemos limpiadores para ba\u00f1os port\u00e1tiles como las eficaces pastillas Evergreen Gold. A la hora de comprar un ba\u00f1o port\u00e1til, es fundamental tener en cuenta su finalidad, las opciones de color, las caracter\u00edsticas adicionales y el mantenimiento de la limpieza. Incluso tienes la opci\u00f3n de que las unidades de aseos se fabriquen en el color que prefieras.<\/p>\n","protected":false},"featured_media":11796,"comment_status":"open","ping_status":"closed","template":"","meta":{"_acf_changed":false,"_joinchat":[]},"product_brand":[],"product_cat":[99],"product_tag":[],"class_list":{"0":"post-11800","1":"product","2":"type-product","3":"status-publish","4":"has-post-thumbnail","6":"product_cat-pastillas-de-tocador-azul","8":"first","9":"instock","10":"shipping-taxable","11":"product-type-simple"},"acf":[],"yoast_head":"<!-- This site is optimized with the Yoast SEO Premium plugin v20.8 (Yoast SEO v27.4) - https:\/\/yoast.com\/product\/yoast-seo-premium-wordpress\/ -->\n<title>Producto: Tabletas Evergreen Gold para desodorizar inodoros<\/title>\n<meta name=\"description\" content=\"Las tabletas EverGreen Gold utilizan ingredientes avanzados para controlar los olores de forma natural. Descomponen eficazmente el papel y los desechos.\" \/>\n<meta name=\"robots\" content=\"index, follow, max-snippet:-1, max-image-preview:large, max-video-preview:-1\" \/>\n<link rel=\"canonical\" href=\"https:\/\/toypek.eu\/es\/producto\/tabletas-evergreen-gold\/\" \/>\n<meta property=\"og:locale\" content=\"es_ES\" \/>\n<meta property=\"og:type\" content=\"article\" \/>\n<meta property=\"og:title\" content=\"Pastillas Evergreen Gold\" \/>\n<meta property=\"og:description\" content=\"Las tabletas EverGreen Gold utilizan ingredientes avanzados para controlar los olores de forma natural. Descomponen eficazmente el papel y los desechos.\" \/>\n<meta property=\"og:url\" content=\"https:\/\/toypek.eu\/es\/producto\/tabletas-evergreen-gold\/\" \/>\n<meta property=\"og:site_name\" content=\"Toypek\" \/>\n<meta property=\"article:modified_time\" content=\"2023-06-27T18:12:22+00:00\" \/>\n<meta property=\"og:image\" content=\"https:\/\/toypek.eu\/wp-content\/uploads\/2023\/06\/Evergreen-tablets.jpg\" \/>\n\t<meta property=\"og:image:width\" content=\"623\" \/>\n\t<meta property=\"og:image:height\" content=\"294\" \/>\n\t<meta property=\"og:image:type\" content=\"image\/jpeg\" \/>\n<meta name=\"twitter:card\" content=\"summary_large_image\" \/>\n<meta name=\"twitter:label1\" content=\"Tiempo de lectura\" \/>\n\t<meta name=\"twitter:data1\" content=\"1 minuto\" \/>\n<script type=\"application\/ld+json\" class=\"yoast-schema-graph\">{\"@context\":\"https:\\\/\\\/schema.org\",\"@graph\":[{\"@type\":\"WebPage\",\"@id\":\"https:\\\/\\\/toypek.eu\\\/es\\\/producto\\\/tabletas-evergreen-gold\\\/\",\"url\":\"https:\\\/\\\/toypek.eu\\\/es\\\/producto\\\/tabletas-evergreen-gold\\\/\",\"name\":\"Producto: Tabletas Evergreen Gold para desodorizar inodoros\",\"isPartOf\":{\"@id\":\"https:\\\/\\\/toypek.eu\\\/es\\\/#website\"},\"primaryImageOfPage\":{\"@id\":\"https:\\\/\\\/toypek.eu\\\/es\\\/producto\\\/tabletas-evergreen-gold\\\/#primaryimage\"},\"image\":{\"@id\":\"https:\\\/\\\/toypek.eu\\\/es\\\/producto\\\/tabletas-evergreen-gold\\\/#primaryimage\"},\"thumbnailUrl\":\"https:\\\/\\\/cdn.toypek.eu\\\/images\\\/Evergreen-tablets.jpg\",\"datePublished\":\"2023-06-09T10:31:04+00:00\",\"dateModified\":\"2023-06-27T18:12:22+00:00\",\"description\":\"Las tabletas EverGreen Gold utilizan ingredientes avanzados para controlar los olores de forma natural. Descomponen eficazmente el papel y los desechos.\",\"breadcrumb\":{\"@id\":\"https:\\\/\\\/toypek.eu\\\/es\\\/producto\\\/tabletas-evergreen-gold\\\/#breadcrumb\"},\"inLanguage\":\"es\",\"potentialAction\":[{\"@type\":\"ReadAction\",\"target\":[\"https:\\\/\\\/toypek.eu\\\/es\\\/producto\\\/tabletas-evergreen-gold\\\/\"]}]},{\"@type\":\"ImageObject\",\"inLanguage\":\"es\",\"@id\":\"https:\\\/\\\/toypek.eu\\\/es\\\/producto\\\/tabletas-evergreen-gold\\\/#primaryimage\",\"url\":\"https:\\\/\\\/cdn.toypek.eu\\\/images\\\/Evergreen-tablets.jpg\",\"contentUrl\":\"https:\\\/\\\/cdn.toypek.eu\\\/images\\\/Evergreen-tablets.jpg\",\"width\":623,\"height\":294,\"caption\":\"Evergreen Gold tabletten\"},{\"@type\":\"BreadcrumbList\",\"@id\":\"https:\\\/\\\/toypek.eu\\\/es\\\/producto\\\/tabletas-evergreen-gold\\\/#breadcrumb\",\"itemListElement\":[{\"@type\":\"ListItem\",\"position\":1,\"name\":\"Home\",\"item\":\"https:\\\/\\\/toypek.eu\\\/es\\\/\"},{\"@type\":\"ListItem\",\"position\":2,\"name\":\"Tienda\",\"item\":\"https:\\\/\\\/toypek.eu\\\/es\\\/gama-de-productos\\\/\"},{\"@type\":\"ListItem\",\"position\":3,\"name\":\"Pastillas Evergreen Gold\"}]},{\"@type\":\"WebSite\",\"@id\":\"https:\\\/\\\/toypek.eu\\\/es\\\/#website\",\"url\":\"https:\\\/\\\/toypek.eu\\\/es\\\/\",\"name\":\"Toypek\",\"description\":\"\",\"potentialAction\":[{\"@type\":\"SearchAction\",\"target\":{\"@type\":\"EntryPoint\",\"urlTemplate\":\"https:\\\/\\\/toypek.eu\\\/es\\\/?s={search_term_string}\"},\"query-input\":{\"@type\":\"PropertyValueSpecification\",\"valueRequired\":true,\"valueName\":\"search_term_string\"}}],\"inLanguage\":\"es\"}]}<\/script>\n<!-- \/ Yoast SEO Premium plugin. -->","yoast_head_json":{"title":"Producto: Tabletas Evergreen Gold para desodorizar inodoros","description":"Las tabletas EverGreen Gold utilizan ingredientes avanzados para controlar los olores de forma natural. Descomponen eficazmente el papel y los desechos.","robots":{"index":"index","follow":"follow","max-snippet":"max-snippet:-1","max-image-preview":"max-image-preview:large","max-video-preview":"max-video-preview:-1"},"canonical":"https:\/\/toypek.eu\/es\/producto\/tabletas-evergreen-gold\/","og_locale":"es_ES","og_type":"article","og_title":"Pastillas Evergreen Gold","og_description":"Las tabletas EverGreen Gold utilizan ingredientes avanzados para controlar los olores de forma natural. Descomponen eficazmente el papel y los desechos.","og_url":"https:\/\/toypek.eu\/es\/producto\/tabletas-evergreen-gold\/","og_site_name":"Toypek","article_modified_time":"2023-06-27T18:12:22+00:00","og_image":[{"width":623,"height":294,"url":"https:\/\/toypek.eu\/wp-content\/uploads\/2023\/06\/Evergreen-tablets.jpg","type":"image\/jpeg"}],"twitter_card":"summary_large_image","twitter_misc":{"Tiempo de lectura":"1 minuto"},"schema":{"@context":"https:\/\/schema.org","@graph":[{"@type":"WebPage","@id":"https:\/\/toypek.eu\/es\/producto\/tabletas-evergreen-gold\/","url":"https:\/\/toypek.eu\/es\/producto\/tabletas-evergreen-gold\/","name":"Producto: Tabletas Evergreen Gold para desodorizar inodoros","isPartOf":{"@id":"https:\/\/toypek.eu\/es\/#website"},"primaryImageOfPage":{"@id":"https:\/\/toypek.eu\/es\/producto\/tabletas-evergreen-gold\/#primaryimage"},"image":{"@id":"https:\/\/toypek.eu\/es\/producto\/tabletas-evergreen-gold\/#primaryimage"},"thumbnailUrl":"https:\/\/cdn.toypek.eu\/images\/Evergreen-tablets.jpg","datePublished":"2023-06-09T10:31:04+00:00","dateModified":"2023-06-27T18:12:22+00:00","description":"Las tabletas EverGreen Gold utilizan ingredientes avanzados para controlar los olores de forma natural. Descomponen eficazmente el papel y los desechos.","breadcrumb":{"@id":"https:\/\/toypek.eu\/es\/producto\/tabletas-evergreen-gold\/#breadcrumb"},"inLanguage":"es","potentialAction":[{"@type":"ReadAction","target":["https:\/\/toypek.eu\/es\/producto\/tabletas-evergreen-gold\/"]}]},{"@type":"ImageObject","inLanguage":"es","@id":"https:\/\/toypek.eu\/es\/producto\/tabletas-evergreen-gold\/#primaryimage","url":"https:\/\/cdn.toypek.eu\/images\/Evergreen-tablets.jpg","contentUrl":"https:\/\/cdn.toypek.eu\/images\/Evergreen-tablets.jpg","width":623,"height":294,"caption":"Evergreen Gold tabletten"},{"@type":"BreadcrumbList","@id":"https:\/\/toypek.eu\/es\/producto\/tabletas-evergreen-gold\/#breadcrumb","itemListElement":[{"@type":"ListItem","position":1,"name":"Home","item":"https:\/\/toypek.eu\/es\/"},{"@type":"ListItem","position":2,"name":"Tienda","item":"https:\/\/toypek.eu\/es\/gama-de-productos\/"},{"@type":"ListItem","position":3,"name":"Pastillas Evergreen Gold"}]},{"@type":"WebSite","@id":"https:\/\/toypek.eu\/es\/#website","url":"https:\/\/toypek.eu\/es\/","name":"Toypek","description":"","potentialAction":[{"@type":"SearchAction","target":{"@type":"EntryPoint","urlTemplate":"https:\/\/toypek.eu\/es\/?s={search_term_string}"},"query-input":{"@type":"PropertyValueSpecification","valueRequired":true,"valueName":"search_term_string"}}],"inLanguage":"es"}]}},"_links":{"self":[{"href":"https:\/\/toypek.eu\/es\/wp-json\/wp\/v2\/product\/11800","targetHints":{"allow":["GET"]}}],"collection":[{"href":"https:\/\/toypek.eu\/es\/wp-json\/wp\/v2\/product"}],"about":[{"href":"https:\/\/toypek.eu\/es\/wp-json\/wp\/v2\/types\/product"}],"replies":[{"embeddable":true,"href":"https:\/\/toypek.eu\/es\/wp-json\/wp\/v2\/comments?post=11800"}],"wp:featuredmedia":[{"embeddable":true,"href":"https:\/\/toypek.eu\/es\/wp-json\/wp\/v2\/media\/11796"}],"wp:attachment":[{"href":"https:\/\/toypek.eu\/es\/wp-json\/wp\/v2\/media?parent=11800"}],"wp:term":[{"taxonomy":"product_brand","embeddable":true,"href":"https:\/\/toypek.eu\/es\/wp-json\/wp\/v2\/product_brand?post=11800"},{"taxonomy":"product_cat","embeddable":true,"href":"https:\/\/toypek.eu\/es\/wp-json\/wp\/v2\/product_cat?post=11800"},{"taxonomy":"product_tag","embeddable":true,"href":"https:\/\/toypek.eu\/es\/wp-json\/wp\/v2\/product_tag?post=11800"}],"curies":[{"name":"wp","href":"https:\/\/api.w.org\/{rel}","templated":true}]}}