{"id":11856,"date":"2023-06-09T13:09:41","date_gmt":"2023-06-09T11:09:41","guid":{"rendered":"http:\/\/toypek.eu\/product\/single-toiletaanhanger-2\/"},"modified":"2024-11-27T11:59:47","modified_gmt":"2024-11-27T10:59:47","slug":"remolque-de-un-solo-inodoro-portatil","status":"publish","type":"product","link":"https:\/\/toypek.eu\/es\/producto\/remolque-de-un-solo-inodoro-portatil\/","title":{"rendered":"Remolque sanitario individual Tipo 1"},"content":{"rendered":"\n<p>El remolque sanitario individual de tipo 1 est&aacute; fabricado con materiales de alta calidad. Dispone de una declaraci&oacute;n COC que permite su uso en toda Europa. El remolque sanitario individual de tipo 1 cuenta con 2 o 3 patas estabilizadoras y una escalera de rejilla f&aacute;cil de limpiar. Los remolques de ba&ntilde;os port&aacute;tiles se han dise&ntilde;ado espec&iacute;ficamente para alojar nuestras cabinas Toypek. Las cabinas se fijan de forma segura al remolque de ba&ntilde;os port&aacute;tiles individuales de tipo 1 mediante cantoneras, placas de aluminio, pernos y contratuercas. El remolque est&aacute; equipado con argollas para asegurar las cabinas con correas de tensi&oacute;n, asegurando que permanezcan firmemente sujetas. Nuestros remolques sanitarios son f&aacute;ciles de limpiar, requieren un mantenimiento m&iacute;nimo y pueden utilizarse en cualquier terreno.<\/p>\n\n","protected":false},"excerpt":{"rendered":"<p>Personaliza tu propio remolque sanitario seg\u00fan tus preferencias. Nuestros remolques sanitarios pueden personalizarse totalmente para satisfacer tus necesidades espec\u00edficas. A la hora de alquilar productos sanitarios port\u00e1tiles, es importante tener en cuenta el uso previsto, las opciones adicionales deseadas, el color y la cantidad. Ofrecemos a la venta casetas de ba\u00f1o port\u00e1tiles, que proporcionan soluciones c\u00f3modas e higi\u00e9nicas para cubrir tus necesidades sanitarias. Nuestros remolques de ba\u00f1os port\u00e1tiles tambi\u00e9n pueden ayudar a las empresas de alquiler en sus actividades de transporte.<\/p>\n","protected":false},"featured_media":11238,"comment_status":"open","ping_status":"closed","template":"","meta":{"_acf_changed":false,"_joinchat":[]},"product_brand":[],"product_cat":[71],"product_tag":[],"class_list":{"0":"post-11856","1":"product","2":"type-product","3":"status-publish","4":"has-post-thumbnail","6":"product_cat-remolque-de-bano","8":"first","9":"instock","10":"shipping-taxable","11":"product-type-variable"},"acf":[],"yoast_head":"<!-- This site is optimized with the Yoast SEO Premium plugin v20.8 (Yoast SEO v27.4) - https:\/\/yoast.com\/product\/yoast-seo-premium-wordpress\/ -->\n<title>Producto: Remolque de inodoro port\u00e1til individual en venta<\/title>\n<meta name=\"description\" content=\"El remolque de inodoro individual Tipo 1 est\u00e1 construido con materiales de alta calidad. Viene con una declaraci\u00f3n de COC que permite su uso en toda Europa.\" \/>\n<meta name=\"robots\" content=\"index, follow, max-snippet:-1, max-image-preview:large, max-video-preview:-1\" \/>\n<link rel=\"canonical\" href=\"https:\/\/toypek.eu\/es\/producto\/remolque-de-un-solo-inodoro-portatil\/\" \/>\n<meta property=\"og:locale\" content=\"es_ES\" \/>\n<meta property=\"og:type\" content=\"article\" \/>\n<meta property=\"og:title\" content=\"Remolque sanitario individual Tipo 1\" \/>\n<meta property=\"og:description\" content=\"El remolque de inodoro individual Tipo 1 est\u00e1 construido con materiales de alta calidad. Viene con una declaraci\u00f3n de COC que permite su uso en toda Europa.\" \/>\n<meta property=\"og:url\" content=\"https:\/\/toypek.eu\/es\/producto\/remolque-de-un-solo-inodoro-portatil\/\" \/>\n<meta property=\"og:site_name\" content=\"Toypek\" \/>\n<meta property=\"article:modified_time\" content=\"2024-11-27T10:59:47+00:00\" \/>\n<meta property=\"og:image\" content=\"https:\/\/cdn.toypek.eu\/images\/tp-img-216.png\" \/>\n\t<meta property=\"og:image:width\" content=\"1000\" \/>\n\t<meta property=\"og:image:height\" content=\"1000\" \/>\n\t<meta property=\"og:image:type\" content=\"image\/png\" \/>\n<meta name=\"twitter:card\" content=\"summary_large_image\" \/>\n<meta name=\"twitter:label1\" content=\"Tiempo de lectura\" \/>\n\t<meta name=\"twitter:data1\" content=\"1 minuto\" \/>\n<script type=\"application\/ld+json\" class=\"yoast-schema-graph\">{\"@context\":\"https:\\\/\\\/schema.org\",\"@graph\":[{\"@type\":\"WebPage\",\"@id\":\"https:\\\/\\\/toypek.eu\\\/es\\\/producto\\\/remolque-de-un-solo-inodoro-portatil\\\/\",\"url\":\"https:\\\/\\\/toypek.eu\\\/es\\\/producto\\\/remolque-de-un-solo-inodoro-portatil\\\/\",\"name\":\"Producto: Remolque de inodoro port\u00e1til individual en venta\",\"isPartOf\":{\"@id\":\"https:\\\/\\\/toypek.eu\\\/es\\\/#website\"},\"primaryImageOfPage\":{\"@id\":\"https:\\\/\\\/toypek.eu\\\/es\\\/producto\\\/remolque-de-un-solo-inodoro-portatil\\\/#primaryimage\"},\"image\":{\"@id\":\"https:\\\/\\\/toypek.eu\\\/es\\\/producto\\\/remolque-de-un-solo-inodoro-portatil\\\/#primaryimage\"},\"thumbnailUrl\":\"https:\\\/\\\/cdn.toypek.eu\\\/images\\\/tp-img-216.png\",\"datePublished\":\"2023-06-09T11:09:41+00:00\",\"dateModified\":\"2024-11-27T10:59:47+00:00\",\"description\":\"El remolque de inodoro individual Tipo 1 est\u00e1 construido con materiales de alta calidad. Viene con una declaraci\u00f3n de COC que permite su uso en toda Europa.\",\"breadcrumb\":{\"@id\":\"https:\\\/\\\/toypek.eu\\\/es\\\/producto\\\/remolque-de-un-solo-inodoro-portatil\\\/#breadcrumb\"},\"inLanguage\":\"es\",\"potentialAction\":[{\"@type\":\"ReadAction\",\"target\":[\"https:\\\/\\\/toypek.eu\\\/es\\\/producto\\\/remolque-de-un-solo-inodoro-portatil\\\/\"]}]},{\"@type\":\"ImageObject\",\"inLanguage\":\"es\",\"@id\":\"https:\\\/\\\/toypek.eu\\\/es\\\/producto\\\/remolque-de-un-solo-inodoro-portatil\\\/#primaryimage\",\"url\":\"https:\\\/\\\/cdn.toypek.eu\\\/images\\\/tp-img-216.png\",\"contentUrl\":\"https:\\\/\\\/cdn.toypek.eu\\\/images\\\/tp-img-216.png\",\"width\":1000,\"height\":1000},{\"@type\":\"BreadcrumbList\",\"@id\":\"https:\\\/\\\/toypek.eu\\\/es\\\/producto\\\/remolque-de-un-solo-inodoro-portatil\\\/#breadcrumb\",\"itemListElement\":[{\"@type\":\"ListItem\",\"position\":1,\"name\":\"Home\",\"item\":\"https:\\\/\\\/toypek.eu\\\/es\\\/\"},{\"@type\":\"ListItem\",\"position\":2,\"name\":\"Tienda\",\"item\":\"https:\\\/\\\/toypek.eu\\\/es\\\/gama-de-productos\\\/\"},{\"@type\":\"ListItem\",\"position\":3,\"name\":\"Remolque sanitario individual Tipo 1\"}]},{\"@type\":\"WebSite\",\"@id\":\"https:\\\/\\\/toypek.eu\\\/es\\\/#website\",\"url\":\"https:\\\/\\\/toypek.eu\\\/es\\\/\",\"name\":\"Toypek\",\"description\":\"\",\"potentialAction\":[{\"@type\":\"SearchAction\",\"target\":{\"@type\":\"EntryPoint\",\"urlTemplate\":\"https:\\\/\\\/toypek.eu\\\/es\\\/?s={search_term_string}\"},\"query-input\":{\"@type\":\"PropertyValueSpecification\",\"valueRequired\":true,\"valueName\":\"search_term_string\"}}],\"inLanguage\":\"es\"}]}<\/script>\n<!-- \/ Yoast SEO Premium plugin. -->","yoast_head_json":{"title":"Producto: Remolque de inodoro port\u00e1til individual en venta","description":"El remolque de inodoro individual Tipo 1 est\u00e1 construido con materiales de alta calidad. Viene con una declaraci\u00f3n de COC que permite su uso en toda Europa.","robots":{"index":"index","follow":"follow","max-snippet":"max-snippet:-1","max-image-preview":"max-image-preview:large","max-video-preview":"max-video-preview:-1"},"canonical":"https:\/\/toypek.eu\/es\/producto\/remolque-de-un-solo-inodoro-portatil\/","og_locale":"es_ES","og_type":"article","og_title":"Remolque sanitario individual Tipo 1","og_description":"El remolque de inodoro individual Tipo 1 est\u00e1 construido con materiales de alta calidad. Viene con una declaraci\u00f3n de COC que permite su uso en toda Europa.","og_url":"https:\/\/toypek.eu\/es\/producto\/remolque-de-un-solo-inodoro-portatil\/","og_site_name":"Toypek","article_modified_time":"2024-11-27T10:59:47+00:00","og_image":[{"width":1000,"height":1000,"url":"https:\/\/cdn.toypek.eu\/images\/tp-img-216.png","type":"image\/png"}],"twitter_card":"summary_large_image","twitter_misc":{"Tiempo de lectura":"1 minuto"},"schema":{"@context":"https:\/\/schema.org","@graph":[{"@type":"WebPage","@id":"https:\/\/toypek.eu\/es\/producto\/remolque-de-un-solo-inodoro-portatil\/","url":"https:\/\/toypek.eu\/es\/producto\/remolque-de-un-solo-inodoro-portatil\/","name":"Producto: Remolque de inodoro port\u00e1til individual en venta","isPartOf":{"@id":"https:\/\/toypek.eu\/es\/#website"},"primaryImageOfPage":{"@id":"https:\/\/toypek.eu\/es\/producto\/remolque-de-un-solo-inodoro-portatil\/#primaryimage"},"image":{"@id":"https:\/\/toypek.eu\/es\/producto\/remolque-de-un-solo-inodoro-portatil\/#primaryimage"},"thumbnailUrl":"https:\/\/cdn.toypek.eu\/images\/tp-img-216.png","datePublished":"2023-06-09T11:09:41+00:00","dateModified":"2024-11-27T10:59:47+00:00","description":"El remolque de inodoro individual Tipo 1 est\u00e1 construido con materiales de alta calidad. Viene con una declaraci\u00f3n de COC que permite su uso en toda Europa.","breadcrumb":{"@id":"https:\/\/toypek.eu\/es\/producto\/remolque-de-un-solo-inodoro-portatil\/#breadcrumb"},"inLanguage":"es","potentialAction":[{"@type":"ReadAction","target":["https:\/\/toypek.eu\/es\/producto\/remolque-de-un-solo-inodoro-portatil\/"]}]},{"@type":"ImageObject","inLanguage":"es","@id":"https:\/\/toypek.eu\/es\/producto\/remolque-de-un-solo-inodoro-portatil\/#primaryimage","url":"https:\/\/cdn.toypek.eu\/images\/tp-img-216.png","contentUrl":"https:\/\/cdn.toypek.eu\/images\/tp-img-216.png","width":1000,"height":1000},{"@type":"BreadcrumbList","@id":"https:\/\/toypek.eu\/es\/producto\/remolque-de-un-solo-inodoro-portatil\/#breadcrumb","itemListElement":[{"@type":"ListItem","position":1,"name":"Home","item":"https:\/\/toypek.eu\/es\/"},{"@type":"ListItem","position":2,"name":"Tienda","item":"https:\/\/toypek.eu\/es\/gama-de-productos\/"},{"@type":"ListItem","position":3,"name":"Remolque sanitario individual Tipo 1"}]},{"@type":"WebSite","@id":"https:\/\/toypek.eu\/es\/#website","url":"https:\/\/toypek.eu\/es\/","name":"Toypek","description":"","potentialAction":[{"@type":"SearchAction","target":{"@type":"EntryPoint","urlTemplate":"https:\/\/toypek.eu\/es\/?s={search_term_string}"},"query-input":{"@type":"PropertyValueSpecification","valueRequired":true,"valueName":"search_term_string"}}],"inLanguage":"es"}]}},"_links":{"self":[{"href":"https:\/\/toypek.eu\/es\/wp-json\/wp\/v2\/product\/11856","targetHints":{"allow":["GET"]}}],"collection":[{"href":"https:\/\/toypek.eu\/es\/wp-json\/wp\/v2\/product"}],"about":[{"href":"https:\/\/toypek.eu\/es\/wp-json\/wp\/v2\/types\/product"}],"replies":[{"embeddable":true,"href":"https:\/\/toypek.eu\/es\/wp-json\/wp\/v2\/comments?post=11856"}],"wp:featuredmedia":[{"embeddable":true,"href":"https:\/\/toypek.eu\/es\/wp-json\/wp\/v2\/media\/11238"}],"wp:attachment":[{"href":"https:\/\/toypek.eu\/es\/wp-json\/wp\/v2\/media?parent=11856"}],"wp:term":[{"taxonomy":"product_brand","embeddable":true,"href":"https:\/\/toypek.eu\/es\/wp-json\/wp\/v2\/product_brand?post=11856"},{"taxonomy":"product_cat","embeddable":true,"href":"https:\/\/toypek.eu\/es\/wp-json\/wp\/v2\/product_cat?post=11856"},{"taxonomy":"product_tag","embeddable":true,"href":"https:\/\/toypek.eu\/es\/wp-json\/wp\/v2\/product_tag?post=11856"}],"curies":[{"name":"wp","href":"https:\/\/api.w.org\/{rel}","templated":true}]}}