{"id":9880,"date":"2023-06-09T13:39:20","date_gmt":"2023-06-09T11:39:20","guid":{"rendered":"http:\/\/toypek.eu\/product\/toypek-mobiele-douchecabine-2\/"},"modified":"2025-11-06T13:07:36","modified_gmt":"2025-11-06T12:07:36","slug":"cabina-ducha-portatil-plastico","status":"publish","type":"product","link":"https:\/\/toypek.eu\/es\/producto\/cabina-ducha-portatil-plastico\/","title":{"rendered":"Cabina de ducha port\u00e1til de pl\u00e1stico"},"content":{"rendered":"\n<p>Nuestras cabinas de ducha port&aacute;tiles est&aacute;n fabricadas &iacute;ntegramente en pl&aacute;stico HDPE (polietileno de alta densidad), incluyendo un suelo dise&ntilde;ado especialmente para la cabina de ducha port&aacute;til <a href=\"https:\/\/toypek.eu\/es\">Toypek<\/a>. Gracias a este material resistente, las duchas son duraderas, antideslizantes y f&aacute;ciles de mantener. Su dise&ntilde;o a prueba de vandalismo garantiza una larga vida &uacute;til y un mantenimiento m&iacute;nimo, lo que las convierte en la opci&oacute;n ideal para empresas de alquiler y sus clientes finales.<\/p>\n<h2>Ventajas de nuestras cabinas de ducha port&aacute;tiles<\/h2>\n<p>Las cabinas de ducha Toypek ofrecen m&uacute;ltiples beneficios para las empresas de alquiler:<\/p>\n<ul>\n<li>Fabricadas con pl&aacute;stico PE soldado completamente de arriba abajo para m&aacute;xima resistencia.<\/li>\n<li>F&aacute;ciles de limpiar y mantener, incluso tras un uso intensivo.<\/li>\n<li>Asas amplias y estructura ligera para moverlas con facilidad.<\/li>\n<li>Dise&ntilde;o herm&eacute;tico que evita fugas, salvo por ventilaciones y salpicaduras m&iacute;nimas.<\/li>\n<li>Suelo antideslizante que mejora la seguridad del usuario.<\/li>\n<li>Dimensiones compactas que facilitan el transporte.<\/li>\n<li>Colores vivos y resistentes a la decoloraci&oacute;n gracias al pl&aacute;stico HDPE de alta densidad.<\/li>\n<li>Puertas con resortes reforzados para un cierre seguro.<\/li>\n<li>Paneles laterales y puertas con espacio para publicidad personalizada.<\/li>\n<\/ul>\n<p>Completa tu oferta con cabinas cambiadores combinadas con las duchas port&aacute;tiles Toypek. Cont&aacute;ctanos para m&aacute;s informaci&oacute;n o para solicitar un presupuesto adaptado a tus necesidades.<\/p>\n\n","protected":false},"excerpt":{"rendered":"<p>Descubre la soluci\u00f3n ideal con nuestra gama de cabinas de ducha port\u00e1tiles en venta. Personaliza tu ducha port\u00e1til seg\u00fan tus preferencias: elige el color, las opciones adicionales y la cantidad que necesites. Tambi\u00e9n podemos fabricar tu cabina temporal en el color que desees.<\/p>\n","protected":false},"featured_media":14423,"comment_status":"open","ping_status":"closed","template":"","meta":{"_acf_changed":false,"_joinchat":[]},"product_brand":[],"product_cat":[101,104],"product_tag":[],"class_list":{"0":"post-9880","1":"product","2":"type-product","3":"status-publish","4":"has-post-thumbnail","6":"product_cat-cabinas-de-ducha","7":"product_cat-sanitario-portatil","9":"first","10":"instock","11":"shipping-taxable","12":"product-type-variable"},"acf":[],"yoast_head":"<!-- This site is optimized with the Yoast SEO Premium plugin v20.8 (Yoast SEO v27.4) - https:\/\/yoast.com\/product\/yoast-seo-premium-wordpress\/ -->\n<title>Cabina de ducha port\u00e1til de pl\u00e1stico - Toypek<\/title>\n<meta name=\"description\" content=\"Cabinas ducha port\u00e1tiles de Toypek para empresas de alquiler. Duchas m\u00f3viles resistentes y de alta calidad, directas del fabricante.\" \/>\n<meta name=\"robots\" content=\"noindex, follow\" \/>\n<meta property=\"og:locale\" content=\"es_ES\" \/>\n<meta property=\"og:type\" content=\"article\" \/>\n<meta property=\"og:title\" content=\"Cabina de ducha port\u00e1til de pl\u00e1stico\" \/>\n<meta property=\"og:description\" content=\"Cabinas ducha port\u00e1tiles de Toypek para empresas de alquiler. Duchas m\u00f3viles resistentes y de alta calidad, directas del fabricante.\" \/>\n<meta property=\"og:url\" content=\"https:\/\/toypek.eu\/es\/producto\/cabina-ducha-portatil-plastico\/\" \/>\n<meta property=\"og:site_name\" content=\"Toypek\" \/>\n<meta property=\"article:modified_time\" content=\"2025-11-06T12:07:36+00:00\" \/>\n<meta property=\"og:image\" content=\"https:\/\/cdn.toypek.eu\/images\/tp-img-6-9.png\" \/>\n\t<meta property=\"og:image:width\" content=\"1000\" \/>\n\t<meta property=\"og:image:height\" content=\"1000\" \/>\n\t<meta property=\"og:image:type\" content=\"image\/png\" \/>\n<meta name=\"twitter:card\" content=\"summary_large_image\" \/>\n<meta name=\"twitter:label1\" content=\"Tiempo de lectura\" \/>\n\t<meta name=\"twitter:data1\" content=\"2 minutos\" \/>\n<script type=\"application\/ld+json\" class=\"yoast-schema-graph\">{\"@context\":\"https:\\\/\\\/schema.org\",\"@graph\":[{\"@type\":\"WebPage\",\"@id\":\"https:\\\/\\\/toypek.eu\\\/es\\\/producto\\\/cabina-ducha-portatil-plastico\\\/\",\"url\":\"https:\\\/\\\/toypek.eu\\\/es\\\/producto\\\/cabina-ducha-portatil-plastico\\\/\",\"name\":\"Cabina de ducha port\u00e1til de pl\u00e1stico - Toypek\",\"isPartOf\":{\"@id\":\"https:\\\/\\\/toypek.eu\\\/es\\\/#website\"},\"primaryImageOfPage\":{\"@id\":\"https:\\\/\\\/toypek.eu\\\/es\\\/producto\\\/cabina-ducha-portatil-plastico\\\/#primaryimage\"},\"image\":{\"@id\":\"https:\\\/\\\/toypek.eu\\\/es\\\/producto\\\/cabina-ducha-portatil-plastico\\\/#primaryimage\"},\"thumbnailUrl\":\"https:\\\/\\\/cdn.toypek.eu\\\/images\\\/tp-img-6-9.png\",\"datePublished\":\"2023-06-09T11:39:20+00:00\",\"dateModified\":\"2025-11-06T12:07:36+00:00\",\"description\":\"Cabinas ducha port\u00e1tiles de Toypek para empresas de alquiler. Duchas m\u00f3viles resistentes y de alta calidad, directas del fabricante.\",\"breadcrumb\":{\"@id\":\"https:\\\/\\\/toypek.eu\\\/es\\\/producto\\\/cabina-ducha-portatil-plastico\\\/#breadcrumb\"},\"inLanguage\":\"es\",\"potentialAction\":[{\"@type\":\"ReadAction\",\"target\":[\"https:\\\/\\\/toypek.eu\\\/es\\\/producto\\\/cabina-ducha-portatil-plastico\\\/\"]}]},{\"@type\":\"ImageObject\",\"inLanguage\":\"es\",\"@id\":\"https:\\\/\\\/toypek.eu\\\/es\\\/producto\\\/cabina-ducha-portatil-plastico\\\/#primaryimage\",\"url\":\"https:\\\/\\\/cdn.toypek.eu\\\/images\\\/tp-img-6-9.png\",\"contentUrl\":\"https:\\\/\\\/cdn.toypek.eu\\\/images\\\/tp-img-6-9.png\",\"width\":1000,\"height\":1000},{\"@type\":\"BreadcrumbList\",\"@id\":\"https:\\\/\\\/toypek.eu\\\/es\\\/producto\\\/cabina-ducha-portatil-plastico\\\/#breadcrumb\",\"itemListElement\":[{\"@type\":\"ListItem\",\"position\":1,\"name\":\"Home\",\"item\":\"https:\\\/\\\/toypek.eu\\\/es\\\/\"},{\"@type\":\"ListItem\",\"position\":2,\"name\":\"Tienda\",\"item\":\"https:\\\/\\\/toypek.eu\\\/es\\\/gama-de-productos\\\/\"},{\"@type\":\"ListItem\",\"position\":3,\"name\":\"Cabina de ducha port\u00e1til de pl\u00e1stico\"}]},{\"@type\":\"WebSite\",\"@id\":\"https:\\\/\\\/toypek.eu\\\/es\\\/#website\",\"url\":\"https:\\\/\\\/toypek.eu\\\/es\\\/\",\"name\":\"Toypek\",\"description\":\"\",\"potentialAction\":[{\"@type\":\"SearchAction\",\"target\":{\"@type\":\"EntryPoint\",\"urlTemplate\":\"https:\\\/\\\/toypek.eu\\\/es\\\/?s={search_term_string}\"},\"query-input\":{\"@type\":\"PropertyValueSpecification\",\"valueRequired\":true,\"valueName\":\"search_term_string\"}}],\"inLanguage\":\"es\"}]}<\/script>\n<!-- \/ Yoast SEO Premium plugin. -->","yoast_head_json":{"title":"Cabina de ducha port\u00e1til de pl\u00e1stico - Toypek","description":"Cabinas ducha port\u00e1tiles de Toypek para empresas de alquiler. Duchas m\u00f3viles resistentes y de alta calidad, directas del fabricante.","robots":{"index":"noindex","follow":"follow"},"og_locale":"es_ES","og_type":"article","og_title":"Cabina de ducha port\u00e1til de pl\u00e1stico","og_description":"Cabinas ducha port\u00e1tiles de Toypek para empresas de alquiler. Duchas m\u00f3viles resistentes y de alta calidad, directas del fabricante.","og_url":"https:\/\/toypek.eu\/es\/producto\/cabina-ducha-portatil-plastico\/","og_site_name":"Toypek","article_modified_time":"2025-11-06T12:07:36+00:00","og_image":[{"width":1000,"height":1000,"url":"https:\/\/cdn.toypek.eu\/images\/tp-img-6-9.png","type":"image\/png"}],"twitter_card":"summary_large_image","twitter_misc":{"Tiempo de lectura":"2 minutos"},"schema":{"@context":"https:\/\/schema.org","@graph":[{"@type":"WebPage","@id":"https:\/\/toypek.eu\/es\/producto\/cabina-ducha-portatil-plastico\/","url":"https:\/\/toypek.eu\/es\/producto\/cabina-ducha-portatil-plastico\/","name":"Cabina de ducha port\u00e1til de pl\u00e1stico - Toypek","isPartOf":{"@id":"https:\/\/toypek.eu\/es\/#website"},"primaryImageOfPage":{"@id":"https:\/\/toypek.eu\/es\/producto\/cabina-ducha-portatil-plastico\/#primaryimage"},"image":{"@id":"https:\/\/toypek.eu\/es\/producto\/cabina-ducha-portatil-plastico\/#primaryimage"},"thumbnailUrl":"https:\/\/cdn.toypek.eu\/images\/tp-img-6-9.png","datePublished":"2023-06-09T11:39:20+00:00","dateModified":"2025-11-06T12:07:36+00:00","description":"Cabinas ducha port\u00e1tiles de Toypek para empresas de alquiler. Duchas m\u00f3viles resistentes y de alta calidad, directas del fabricante.","breadcrumb":{"@id":"https:\/\/toypek.eu\/es\/producto\/cabina-ducha-portatil-plastico\/#breadcrumb"},"inLanguage":"es","potentialAction":[{"@type":"ReadAction","target":["https:\/\/toypek.eu\/es\/producto\/cabina-ducha-portatil-plastico\/"]}]},{"@type":"ImageObject","inLanguage":"es","@id":"https:\/\/toypek.eu\/es\/producto\/cabina-ducha-portatil-plastico\/#primaryimage","url":"https:\/\/cdn.toypek.eu\/images\/tp-img-6-9.png","contentUrl":"https:\/\/cdn.toypek.eu\/images\/tp-img-6-9.png","width":1000,"height":1000},{"@type":"BreadcrumbList","@id":"https:\/\/toypek.eu\/es\/producto\/cabina-ducha-portatil-plastico\/#breadcrumb","itemListElement":[{"@type":"ListItem","position":1,"name":"Home","item":"https:\/\/toypek.eu\/es\/"},{"@type":"ListItem","position":2,"name":"Tienda","item":"https:\/\/toypek.eu\/es\/gama-de-productos\/"},{"@type":"ListItem","position":3,"name":"Cabina de ducha port\u00e1til de pl\u00e1stico"}]},{"@type":"WebSite","@id":"https:\/\/toypek.eu\/es\/#website","url":"https:\/\/toypek.eu\/es\/","name":"Toypek","description":"","potentialAction":[{"@type":"SearchAction","target":{"@type":"EntryPoint","urlTemplate":"https:\/\/toypek.eu\/es\/?s={search_term_string}"},"query-input":{"@type":"PropertyValueSpecification","valueRequired":true,"valueName":"search_term_string"}}],"inLanguage":"es"}]}},"_links":{"self":[{"href":"https:\/\/toypek.eu\/es\/wp-json\/wp\/v2\/product\/9880","targetHints":{"allow":["GET"]}}],"collection":[{"href":"https:\/\/toypek.eu\/es\/wp-json\/wp\/v2\/product"}],"about":[{"href":"https:\/\/toypek.eu\/es\/wp-json\/wp\/v2\/types\/product"}],"replies":[{"embeddable":true,"href":"https:\/\/toypek.eu\/es\/wp-json\/wp\/v2\/comments?post=9880"}],"wp:featuredmedia":[{"embeddable":true,"href":"https:\/\/toypek.eu\/es\/wp-json\/wp\/v2\/media\/14423"}],"wp:attachment":[{"href":"https:\/\/toypek.eu\/es\/wp-json\/wp\/v2\/media?parent=9880"}],"wp:term":[{"taxonomy":"product_brand","embeddable":true,"href":"https:\/\/toypek.eu\/es\/wp-json\/wp\/v2\/product_brand?post=9880"},{"taxonomy":"product_cat","embeddable":true,"href":"https:\/\/toypek.eu\/es\/wp-json\/wp\/v2\/product_cat?post=9880"},{"taxonomy":"product_tag","embeddable":true,"href":"https:\/\/toypek.eu\/es\/wp-json\/wp\/v2\/product_tag?post=9880"}],"curies":[{"name":"wp","href":"https:\/\/api.w.org\/{rel}","templated":true}]}}