{"id":1015,"date":"2023-06-09T15:14:51","date_gmt":"2023-06-09T13:14:51","guid":{"rendered":"http:\/\/toypek.eu\/?page_id=1015"},"modified":"2025-11-27T14:52:07","modified_gmt":"2025-11-27T13:52:07","slug":"partenariat","status":"publish","type":"page","link":"https:\/\/toypek.eu\/fr\/partenariat\/","title":{"rendered":"Partner worden"},"content":{"rendered":"","protected":false},"excerpt":{"rendered":"","protected":false},"author":2,"featured_media":0,"parent":0,"menu_order":0,"comment_status":"closed","ping_status":"closed","template":"","meta":{"_acf_changed":false,"_joinchat":[],"footnotes":""},"class_list":["post-1015","page","type-page","status-publish","hentry"],"acf":[],"yoast_head":"<!-- This site is optimized with the Yoast SEO Premium plugin v20.8 (Yoast SEO v27.4) - https:\/\/yoast.com\/product\/yoast-seo-premium-wordpress\/ -->\n<title>Souhaitez-vous devenir partenaire de Toypek.eu ?<\/title>\n<meta name=\"description\" content=\"Souhaitez-vous devenir partenaire de Toypek.eu ?Chez Toypek.eu, nous visons \u00e0 \u00eatre plus qu&#039;un simple fournisseur ou conseiller en mati\u00e8re de toilettes portables. Nous voulons \u00eatre votre partenaire, offrant un soutien suppl\u00e9mentaire pour vous aider \u00e0 vous d\u00e9velopper.\" \/>\n<meta name=\"robots\" content=\"index, follow, max-snippet:-1, max-image-preview:large, max-video-preview:-1\" \/>\n<link rel=\"canonical\" href=\"https:\/\/toypek.eu\/fr\/partenariat\/\" \/>\n<meta property=\"og:locale\" content=\"fr_FR\" \/>\n<meta property=\"og:type\" content=\"article\" \/>\n<meta property=\"og:title\" content=\"Partner worden\" \/>\n<meta property=\"og:description\" content=\"Souhaitez-vous devenir partenaire de Toypek.eu ?Chez Toypek.eu, nous visons \u00e0 \u00eatre plus qu&#039;un simple fournisseur ou conseiller en mati\u00e8re de toilettes portables. Nous voulons \u00eatre votre partenaire, offrant un soutien suppl\u00e9mentaire pour vous aider \u00e0 vous d\u00e9velopper.\" \/>\n<meta property=\"og:url\" content=\"https:\/\/toypek.eu\/fr\/partenariat\/\" \/>\n<meta property=\"og:site_name\" content=\"Toypek\" \/>\n<meta property=\"article:modified_time\" content=\"2025-11-27T13:52:07+00:00\" \/>\n<meta name=\"twitter:card\" content=\"summary_large_image\" \/>\n<script type=\"application\/ld+json\" class=\"yoast-schema-graph\">{\"@context\":\"https:\\\/\\\/schema.org\",\"@graph\":[{\"@type\":\"WebPage\",\"@id\":\"https:\\\/\\\/toypek.eu\\\/fr\\\/partenariat\\\/\",\"url\":\"https:\\\/\\\/toypek.eu\\\/fr\\\/partenariat\\\/\",\"name\":\"Souhaitez-vous devenir partenaire de Toypek.eu ?\",\"isPartOf\":{\"@id\":\"https:\\\/\\\/toypek.eu\\\/fr\\\/#website\"},\"datePublished\":\"2023-06-09T13:14:51+00:00\",\"dateModified\":\"2025-11-27T13:52:07+00:00\",\"description\":\"Souhaitez-vous devenir partenaire de Toypek.eu ?Chez Toypek.eu, nous visons \u00e0 \u00eatre plus qu'un simple fournisseur ou conseiller en mati\u00e8re de toilettes portables. Nous voulons \u00eatre votre partenaire, offrant un soutien suppl\u00e9mentaire pour vous aider \u00e0 vous d\u00e9velopper.\",\"breadcrumb\":{\"@id\":\"https:\\\/\\\/toypek.eu\\\/fr\\\/partenariat\\\/#breadcrumb\"},\"inLanguage\":\"fr-FR\",\"potentialAction\":[{\"@type\":\"ReadAction\",\"target\":[\"https:\\\/\\\/toypek.eu\\\/fr\\\/partenariat\\\/\"]}]},{\"@type\":\"BreadcrumbList\",\"@id\":\"https:\\\/\\\/toypek.eu\\\/fr\\\/partenariat\\\/#breadcrumb\",\"itemListElement\":[{\"@type\":\"ListItem\",\"position\":1,\"name\":\"Home\",\"item\":\"https:\\\/\\\/toypek.eu\\\/fr\\\/\"},{\"@type\":\"ListItem\",\"position\":2,\"name\":\"Partner worden\"}]},{\"@type\":\"WebSite\",\"@id\":\"https:\\\/\\\/toypek.eu\\\/fr\\\/#website\",\"url\":\"https:\\\/\\\/toypek.eu\\\/fr\\\/\",\"name\":\"Toypek\",\"description\":\"\",\"potentialAction\":[{\"@type\":\"SearchAction\",\"target\":{\"@type\":\"EntryPoint\",\"urlTemplate\":\"https:\\\/\\\/toypek.eu\\\/fr\\\/?s={search_term_string}\"},\"query-input\":{\"@type\":\"PropertyValueSpecification\",\"valueRequired\":true,\"valueName\":\"search_term_string\"}}],\"inLanguage\":\"fr-FR\"}]}<\/script>\n<!-- \/ Yoast SEO Premium plugin. -->","yoast_head_json":{"title":"Souhaitez-vous devenir partenaire de Toypek.eu ?","description":"Souhaitez-vous devenir partenaire de Toypek.eu ?Chez Toypek.eu, nous visons \u00e0 \u00eatre plus qu'un simple fournisseur ou conseiller en mati\u00e8re de toilettes portables. Nous voulons \u00eatre votre partenaire, offrant un soutien suppl\u00e9mentaire pour vous aider \u00e0 vous d\u00e9velopper.","robots":{"index":"index","follow":"follow","max-snippet":"max-snippet:-1","max-image-preview":"max-image-preview:large","max-video-preview":"max-video-preview:-1"},"canonical":"https:\/\/toypek.eu\/fr\/partenariat\/","og_locale":"fr_FR","og_type":"article","og_title":"Partner worden","og_description":"Souhaitez-vous devenir partenaire de Toypek.eu ?Chez Toypek.eu, nous visons \u00e0 \u00eatre plus qu'un simple fournisseur ou conseiller en mati\u00e8re de toilettes portables. Nous voulons \u00eatre votre partenaire, offrant un soutien suppl\u00e9mentaire pour vous aider \u00e0 vous d\u00e9velopper.","og_url":"https:\/\/toypek.eu\/fr\/partenariat\/","og_site_name":"Toypek","article_modified_time":"2025-11-27T13:52:07+00:00","twitter_card":"summary_large_image","schema":{"@context":"https:\/\/schema.org","@graph":[{"@type":"WebPage","@id":"https:\/\/toypek.eu\/fr\/partenariat\/","url":"https:\/\/toypek.eu\/fr\/partenariat\/","name":"Souhaitez-vous devenir partenaire de Toypek.eu ?","isPartOf":{"@id":"https:\/\/toypek.eu\/fr\/#website"},"datePublished":"2023-06-09T13:14:51+00:00","dateModified":"2025-11-27T13:52:07+00:00","description":"Souhaitez-vous devenir partenaire de Toypek.eu ?Chez Toypek.eu, nous visons \u00e0 \u00eatre plus qu'un simple fournisseur ou conseiller en mati\u00e8re de toilettes portables. Nous voulons \u00eatre votre partenaire, offrant un soutien suppl\u00e9mentaire pour vous aider \u00e0 vous d\u00e9velopper.","breadcrumb":{"@id":"https:\/\/toypek.eu\/fr\/partenariat\/#breadcrumb"},"inLanguage":"fr-FR","potentialAction":[{"@type":"ReadAction","target":["https:\/\/toypek.eu\/fr\/partenariat\/"]}]},{"@type":"BreadcrumbList","@id":"https:\/\/toypek.eu\/fr\/partenariat\/#breadcrumb","itemListElement":[{"@type":"ListItem","position":1,"name":"Home","item":"https:\/\/toypek.eu\/fr\/"},{"@type":"ListItem","position":2,"name":"Partner worden"}]},{"@type":"WebSite","@id":"https:\/\/toypek.eu\/fr\/#website","url":"https:\/\/toypek.eu\/fr\/","name":"Toypek","description":"","potentialAction":[{"@type":"SearchAction","target":{"@type":"EntryPoint","urlTemplate":"https:\/\/toypek.eu\/fr\/?s={search_term_string}"},"query-input":{"@type":"PropertyValueSpecification","valueRequired":true,"valueName":"search_term_string"}}],"inLanguage":"fr-FR"}]}},"_links":{"self":[{"href":"https:\/\/toypek.eu\/fr\/wp-json\/wp\/v2\/pages\/1015","targetHints":{"allow":["GET"]}}],"collection":[{"href":"https:\/\/toypek.eu\/fr\/wp-json\/wp\/v2\/pages"}],"about":[{"href":"https:\/\/toypek.eu\/fr\/wp-json\/wp\/v2\/types\/page"}],"author":[{"embeddable":true,"href":"https:\/\/toypek.eu\/fr\/wp-json\/wp\/v2\/users\/2"}],"replies":[{"embeddable":true,"href":"https:\/\/toypek.eu\/fr\/wp-json\/wp\/v2\/comments?post=1015"}],"version-history":[{"count":1,"href":"https:\/\/toypek.eu\/fr\/wp-json\/wp\/v2\/pages\/1015\/revisions"}],"predecessor-version":[{"id":18654,"href":"https:\/\/toypek.eu\/fr\/wp-json\/wp\/v2\/pages\/1015\/revisions\/18654"}],"wp:attachment":[{"href":"https:\/\/toypek.eu\/fr\/wp-json\/wp\/v2\/media?parent=1015"}],"curies":[{"name":"wp","href":"https:\/\/api.w.org\/{rel}","templated":true}]}}