{"id":1028,"date":"2023-06-21T09:29:36","date_gmt":"2023-06-21T09:29:36","guid":{"rendered":"http:\/\/toypek.eu\/?page_id=1028"},"modified":"2023-06-23T06:22:03","modified_gmt":"2023-06-23T06:22:03","slug":"avantages-de-transport","status":"publish","type":"page","link":"https:\/\/toypek.eu\/fr\/avantages-de-transport\/","title":{"rendered":"Transport voordelen"},"content":{"rendered":"","protected":false},"excerpt":{"rendered":"","protected":false},"author":2,"featured_media":0,"parent":0,"menu_order":0,"comment_status":"closed","ping_status":"closed","template":"","meta":{"_acf_changed":false,"_joinchat":[],"footnotes":""},"class_list":["post-1028","page","type-page","status-publish","hentry"],"acf":[],"yoast_head":"<!-- This site is optimized with the Yoast SEO Premium plugin v20.8 (Yoast SEO v27.4) - https:\/\/yoast.com\/product\/yoast-seo-premium-wordpress\/ -->\n<title>Les avantages de transport li\u00e9s \u00e0 l&#039;achat de nos toilettes portables !<\/title>\n<meta name=\"description\" content=\"Le transport est un aspect crucial pour toute entreprise de location lors de l&#039;achat d&#039;une toilette portable, et chez Toypek.eu, nous comprenons les d\u00e9fis impliqu\u00e9s. C&#039;est pourquoi nous avons sp\u00e9cifiquement con\u00e7u nos toilettes mobiles pour \u00eatre tr\u00e8s conviviales pour le transport, vous offrant plusieurs avantages.\" \/>\n<meta name=\"robots\" content=\"index, follow, max-snippet:-1, max-image-preview:large, max-video-preview:-1\" \/>\n<link rel=\"canonical\" href=\"https:\/\/toypek.eu\/fr\/avantages-de-transport\/\" \/>\n<meta property=\"og:locale\" content=\"fr_FR\" \/>\n<meta property=\"og:type\" content=\"article\" \/>\n<meta property=\"og:title\" content=\"Transport voordelen\" \/>\n<meta property=\"og:description\" content=\"Le transport est un aspect crucial pour toute entreprise de location lors de l&#039;achat d&#039;une toilette portable, et chez Toypek.eu, nous comprenons les d\u00e9fis impliqu\u00e9s. C&#039;est pourquoi nous avons sp\u00e9cifiquement con\u00e7u nos toilettes mobiles pour \u00eatre tr\u00e8s conviviales pour le transport, vous offrant plusieurs avantages.\" \/>\n<meta property=\"og:url\" content=\"https:\/\/toypek.eu\/fr\/avantages-de-transport\/\" \/>\n<meta property=\"og:site_name\" content=\"Toypek\" \/>\n<meta property=\"article:modified_time\" content=\"2023-06-23T06:22:03+00:00\" \/>\n<meta name=\"twitter:card\" content=\"summary_large_image\" \/>\n<script type=\"application\/ld+json\" class=\"yoast-schema-graph\">{\"@context\":\"https:\\\/\\\/schema.org\",\"@graph\":[{\"@type\":\"WebPage\",\"@id\":\"https:\\\/\\\/toypek.eu\\\/fr\\\/avantages-de-transport\\\/\",\"url\":\"https:\\\/\\\/toypek.eu\\\/fr\\\/avantages-de-transport\\\/\",\"name\":\"Les avantages de transport li\u00e9s \u00e0 l'achat de nos toilettes portables !\",\"isPartOf\":{\"@id\":\"https:\\\/\\\/toypek.eu\\\/fr\\\/#website\"},\"datePublished\":\"2023-06-21T09:29:36+00:00\",\"dateModified\":\"2023-06-23T06:22:03+00:00\",\"description\":\"Le transport est un aspect crucial pour toute entreprise de location lors de l'achat d'une toilette portable, et chez Toypek.eu, nous comprenons les d\u00e9fis impliqu\u00e9s. C'est pourquoi nous avons sp\u00e9cifiquement con\u00e7u nos toilettes mobiles pour \u00eatre tr\u00e8s conviviales pour le transport, vous offrant plusieurs avantages.\",\"breadcrumb\":{\"@id\":\"https:\\\/\\\/toypek.eu\\\/fr\\\/avantages-de-transport\\\/#breadcrumb\"},\"inLanguage\":\"fr-FR\",\"potentialAction\":[{\"@type\":\"ReadAction\",\"target\":[\"https:\\\/\\\/toypek.eu\\\/fr\\\/avantages-de-transport\\\/\"]}]},{\"@type\":\"BreadcrumbList\",\"@id\":\"https:\\\/\\\/toypek.eu\\\/fr\\\/avantages-de-transport\\\/#breadcrumb\",\"itemListElement\":[{\"@type\":\"ListItem\",\"position\":1,\"name\":\"Home\",\"item\":\"https:\\\/\\\/toypek.eu\\\/fr\\\/\"},{\"@type\":\"ListItem\",\"position\":2,\"name\":\"Transport voordelen\"}]},{\"@type\":\"WebSite\",\"@id\":\"https:\\\/\\\/toypek.eu\\\/fr\\\/#website\",\"url\":\"https:\\\/\\\/toypek.eu\\\/fr\\\/\",\"name\":\"Toypek\",\"description\":\"\",\"potentialAction\":[{\"@type\":\"SearchAction\",\"target\":{\"@type\":\"EntryPoint\",\"urlTemplate\":\"https:\\\/\\\/toypek.eu\\\/fr\\\/?s={search_term_string}\"},\"query-input\":{\"@type\":\"PropertyValueSpecification\",\"valueRequired\":true,\"valueName\":\"search_term_string\"}}],\"inLanguage\":\"fr-FR\"}]}<\/script>\n<!-- \/ Yoast SEO Premium plugin. -->","yoast_head_json":{"title":"Les avantages de transport li\u00e9s \u00e0 l'achat de nos toilettes portables !","description":"Le transport est un aspect crucial pour toute entreprise de location lors de l'achat d'une toilette portable, et chez Toypek.eu, nous comprenons les d\u00e9fis impliqu\u00e9s. C'est pourquoi nous avons sp\u00e9cifiquement con\u00e7u nos toilettes mobiles pour \u00eatre tr\u00e8s conviviales pour le transport, vous offrant plusieurs avantages.","robots":{"index":"index","follow":"follow","max-snippet":"max-snippet:-1","max-image-preview":"max-image-preview:large","max-video-preview":"max-video-preview:-1"},"canonical":"https:\/\/toypek.eu\/fr\/avantages-de-transport\/","og_locale":"fr_FR","og_type":"article","og_title":"Transport voordelen","og_description":"Le transport est un aspect crucial pour toute entreprise de location lors de l'achat d'une toilette portable, et chez Toypek.eu, nous comprenons les d\u00e9fis impliqu\u00e9s. C'est pourquoi nous avons sp\u00e9cifiquement con\u00e7u nos toilettes mobiles pour \u00eatre tr\u00e8s conviviales pour le transport, vous offrant plusieurs avantages.","og_url":"https:\/\/toypek.eu\/fr\/avantages-de-transport\/","og_site_name":"Toypek","article_modified_time":"2023-06-23T06:22:03+00:00","twitter_card":"summary_large_image","schema":{"@context":"https:\/\/schema.org","@graph":[{"@type":"WebPage","@id":"https:\/\/toypek.eu\/fr\/avantages-de-transport\/","url":"https:\/\/toypek.eu\/fr\/avantages-de-transport\/","name":"Les avantages de transport li\u00e9s \u00e0 l'achat de nos toilettes portables !","isPartOf":{"@id":"https:\/\/toypek.eu\/fr\/#website"},"datePublished":"2023-06-21T09:29:36+00:00","dateModified":"2023-06-23T06:22:03+00:00","description":"Le transport est un aspect crucial pour toute entreprise de location lors de l'achat d'une toilette portable, et chez Toypek.eu, nous comprenons les d\u00e9fis impliqu\u00e9s. C'est pourquoi nous avons sp\u00e9cifiquement con\u00e7u nos toilettes mobiles pour \u00eatre tr\u00e8s conviviales pour le transport, vous offrant plusieurs avantages.","breadcrumb":{"@id":"https:\/\/toypek.eu\/fr\/avantages-de-transport\/#breadcrumb"},"inLanguage":"fr-FR","potentialAction":[{"@type":"ReadAction","target":["https:\/\/toypek.eu\/fr\/avantages-de-transport\/"]}]},{"@type":"BreadcrumbList","@id":"https:\/\/toypek.eu\/fr\/avantages-de-transport\/#breadcrumb","itemListElement":[{"@type":"ListItem","position":1,"name":"Home","item":"https:\/\/toypek.eu\/fr\/"},{"@type":"ListItem","position":2,"name":"Transport voordelen"}]},{"@type":"WebSite","@id":"https:\/\/toypek.eu\/fr\/#website","url":"https:\/\/toypek.eu\/fr\/","name":"Toypek","description":"","potentialAction":[{"@type":"SearchAction","target":{"@type":"EntryPoint","urlTemplate":"https:\/\/toypek.eu\/fr\/?s={search_term_string}"},"query-input":{"@type":"PropertyValueSpecification","valueRequired":true,"valueName":"search_term_string"}}],"inLanguage":"fr-FR"}]}},"_links":{"self":[{"href":"https:\/\/toypek.eu\/fr\/wp-json\/wp\/v2\/pages\/1028","targetHints":{"allow":["GET"]}}],"collection":[{"href":"https:\/\/toypek.eu\/fr\/wp-json\/wp\/v2\/pages"}],"about":[{"href":"https:\/\/toypek.eu\/fr\/wp-json\/wp\/v2\/types\/page"}],"author":[{"embeddable":true,"href":"https:\/\/toypek.eu\/fr\/wp-json\/wp\/v2\/users\/2"}],"replies":[{"embeddable":true,"href":"https:\/\/toypek.eu\/fr\/wp-json\/wp\/v2\/comments?post=1028"}],"version-history":[{"count":0,"href":"https:\/\/toypek.eu\/fr\/wp-json\/wp\/v2\/pages\/1028\/revisions"}],"wp:attachment":[{"href":"https:\/\/toypek.eu\/fr\/wp-json\/wp\/v2\/media?parent=1028"}],"curies":[{"name":"wp","href":"https:\/\/api.w.org\/{rel}","templated":true}]}}