{"id":1046,"date":"2023-06-21T09:23:54","date_gmt":"2023-06-21T09:23:54","guid":{"rendered":"http:\/\/toypek.eu\/?page_id=1046"},"modified":"2023-06-23T06:10:02","modified_gmt":"2023-06-23T06:10:02","slug":"avantages-de-production","status":"publish","type":"page","link":"https:\/\/toypek.eu\/fr\/avantages-de-production\/","title":{"rendered":"Productie voordelen"},"content":{"rendered":"","protected":false},"excerpt":{"rendered":"","protected":false},"author":2,"featured_media":0,"parent":0,"menu_order":0,"comment_status":"closed","ping_status":"closed","template":"","meta":{"_acf_changed":false,"_joinchat":[],"footnotes":""},"class_list":["post-1046","page","type-page","status-publish","hentry"],"acf":[],"yoast_head":"<!-- This site is optimized with the Yoast SEO Premium plugin v20.8 (Yoast SEO v27.4) - https:\/\/yoast.com\/product\/yoast-seo-premium-wordpress\/ -->\n<title>WC portables \u00e0 vendre - fabricant de toilettes portables | Toypek.eu<\/title>\n<meta name=\"description\" content=\"En produisant nos propres pi\u00e8ces, nous pouvons facilement fournir des pi\u00e8ces de rechange pour le remplacement ou la r\u00e9paration. Chaque partie de notre cabine de toilette Toypek est produite s\u00e9par\u00e9ment, ce qui vous permet de remplacer uniquement la pi\u00e8ce sp\u00e9cifique cass\u00e9e ou endommag\u00e9e.\" \/>\n<meta name=\"robots\" content=\"index, follow, max-snippet:-1, max-image-preview:large, max-video-preview:-1\" \/>\n<link rel=\"canonical\" href=\"https:\/\/toypek.eu\/fr\/avantages-de-production\/\" \/>\n<meta property=\"og:locale\" content=\"fr_FR\" \/>\n<meta property=\"og:type\" content=\"article\" \/>\n<meta property=\"og:title\" content=\"Productie voordelen\" \/>\n<meta property=\"og:description\" content=\"En produisant nos propres pi\u00e8ces, nous pouvons facilement fournir des pi\u00e8ces de rechange pour le remplacement ou la r\u00e9paration. Chaque partie de notre cabine de toilette Toypek est produite s\u00e9par\u00e9ment, ce qui vous permet de remplacer uniquement la pi\u00e8ce sp\u00e9cifique cass\u00e9e ou endommag\u00e9e.\" \/>\n<meta property=\"og:url\" content=\"https:\/\/toypek.eu\/fr\/avantages-de-production\/\" \/>\n<meta property=\"og:site_name\" content=\"Toypek\" \/>\n<meta property=\"article:modified_time\" content=\"2023-06-23T06:10:02+00:00\" \/>\n<meta name=\"twitter:card\" content=\"summary_large_image\" \/>\n<script type=\"application\/ld+json\" class=\"yoast-schema-graph\">{\"@context\":\"https:\\\/\\\/schema.org\",\"@graph\":[{\"@type\":\"WebPage\",\"@id\":\"https:\\\/\\\/toypek.eu\\\/fr\\\/avantages-de-production\\\/\",\"url\":\"https:\\\/\\\/toypek.eu\\\/fr\\\/avantages-de-production\\\/\",\"name\":\"WC portables \u00e0 vendre - fabricant de toilettes portables | Toypek.eu\",\"isPartOf\":{\"@id\":\"https:\\\/\\\/toypek.eu\\\/fr\\\/#website\"},\"datePublished\":\"2023-06-21T09:23:54+00:00\",\"dateModified\":\"2023-06-23T06:10:02+00:00\",\"description\":\"En produisant nos propres pi\u00e8ces, nous pouvons facilement fournir des pi\u00e8ces de rechange pour le remplacement ou la r\u00e9paration. Chaque partie de notre cabine de toilette Toypek est produite s\u00e9par\u00e9ment, ce qui vous permet de remplacer uniquement la pi\u00e8ce sp\u00e9cifique cass\u00e9e ou endommag\u00e9e.\",\"breadcrumb\":{\"@id\":\"https:\\\/\\\/toypek.eu\\\/fr\\\/avantages-de-production\\\/#breadcrumb\"},\"inLanguage\":\"fr-FR\",\"potentialAction\":[{\"@type\":\"ReadAction\",\"target\":[\"https:\\\/\\\/toypek.eu\\\/fr\\\/avantages-de-production\\\/\"]}]},{\"@type\":\"BreadcrumbList\",\"@id\":\"https:\\\/\\\/toypek.eu\\\/fr\\\/avantages-de-production\\\/#breadcrumb\",\"itemListElement\":[{\"@type\":\"ListItem\",\"position\":1,\"name\":\"Home\",\"item\":\"https:\\\/\\\/toypek.eu\\\/fr\\\/\"},{\"@type\":\"ListItem\",\"position\":2,\"name\":\"Productie voordelen\"}]},{\"@type\":\"WebSite\",\"@id\":\"https:\\\/\\\/toypek.eu\\\/fr\\\/#website\",\"url\":\"https:\\\/\\\/toypek.eu\\\/fr\\\/\",\"name\":\"Toypek\",\"description\":\"\",\"potentialAction\":[{\"@type\":\"SearchAction\",\"target\":{\"@type\":\"EntryPoint\",\"urlTemplate\":\"https:\\\/\\\/toypek.eu\\\/fr\\\/?s={search_term_string}\"},\"query-input\":{\"@type\":\"PropertyValueSpecification\",\"valueRequired\":true,\"valueName\":\"search_term_string\"}}],\"inLanguage\":\"fr-FR\"}]}<\/script>\n<!-- \/ Yoast SEO Premium plugin. -->","yoast_head_json":{"title":"WC portables \u00e0 vendre - fabricant de toilettes portables | Toypek.eu","description":"En produisant nos propres pi\u00e8ces, nous pouvons facilement fournir des pi\u00e8ces de rechange pour le remplacement ou la r\u00e9paration. Chaque partie de notre cabine de toilette Toypek est produite s\u00e9par\u00e9ment, ce qui vous permet de remplacer uniquement la pi\u00e8ce sp\u00e9cifique cass\u00e9e ou endommag\u00e9e.","robots":{"index":"index","follow":"follow","max-snippet":"max-snippet:-1","max-image-preview":"max-image-preview:large","max-video-preview":"max-video-preview:-1"},"canonical":"https:\/\/toypek.eu\/fr\/avantages-de-production\/","og_locale":"fr_FR","og_type":"article","og_title":"Productie voordelen","og_description":"En produisant nos propres pi\u00e8ces, nous pouvons facilement fournir des pi\u00e8ces de rechange pour le remplacement ou la r\u00e9paration. Chaque partie de notre cabine de toilette Toypek est produite s\u00e9par\u00e9ment, ce qui vous permet de remplacer uniquement la pi\u00e8ce sp\u00e9cifique cass\u00e9e ou endommag\u00e9e.","og_url":"https:\/\/toypek.eu\/fr\/avantages-de-production\/","og_site_name":"Toypek","article_modified_time":"2023-06-23T06:10:02+00:00","twitter_card":"summary_large_image","schema":{"@context":"https:\/\/schema.org","@graph":[{"@type":"WebPage","@id":"https:\/\/toypek.eu\/fr\/avantages-de-production\/","url":"https:\/\/toypek.eu\/fr\/avantages-de-production\/","name":"WC portables \u00e0 vendre - fabricant de toilettes portables | Toypek.eu","isPartOf":{"@id":"https:\/\/toypek.eu\/fr\/#website"},"datePublished":"2023-06-21T09:23:54+00:00","dateModified":"2023-06-23T06:10:02+00:00","description":"En produisant nos propres pi\u00e8ces, nous pouvons facilement fournir des pi\u00e8ces de rechange pour le remplacement ou la r\u00e9paration. Chaque partie de notre cabine de toilette Toypek est produite s\u00e9par\u00e9ment, ce qui vous permet de remplacer uniquement la pi\u00e8ce sp\u00e9cifique cass\u00e9e ou endommag\u00e9e.","breadcrumb":{"@id":"https:\/\/toypek.eu\/fr\/avantages-de-production\/#breadcrumb"},"inLanguage":"fr-FR","potentialAction":[{"@type":"ReadAction","target":["https:\/\/toypek.eu\/fr\/avantages-de-production\/"]}]},{"@type":"BreadcrumbList","@id":"https:\/\/toypek.eu\/fr\/avantages-de-production\/#breadcrumb","itemListElement":[{"@type":"ListItem","position":1,"name":"Home","item":"https:\/\/toypek.eu\/fr\/"},{"@type":"ListItem","position":2,"name":"Productie voordelen"}]},{"@type":"WebSite","@id":"https:\/\/toypek.eu\/fr\/#website","url":"https:\/\/toypek.eu\/fr\/","name":"Toypek","description":"","potentialAction":[{"@type":"SearchAction","target":{"@type":"EntryPoint","urlTemplate":"https:\/\/toypek.eu\/fr\/?s={search_term_string}"},"query-input":{"@type":"PropertyValueSpecification","valueRequired":true,"valueName":"search_term_string"}}],"inLanguage":"fr-FR"}]}},"_links":{"self":[{"href":"https:\/\/toypek.eu\/fr\/wp-json\/wp\/v2\/pages\/1046","targetHints":{"allow":["GET"]}}],"collection":[{"href":"https:\/\/toypek.eu\/fr\/wp-json\/wp\/v2\/pages"}],"about":[{"href":"https:\/\/toypek.eu\/fr\/wp-json\/wp\/v2\/types\/page"}],"author":[{"embeddable":true,"href":"https:\/\/toypek.eu\/fr\/wp-json\/wp\/v2\/users\/2"}],"replies":[{"embeddable":true,"href":"https:\/\/toypek.eu\/fr\/wp-json\/wp\/v2\/comments?post=1046"}],"version-history":[{"count":0,"href":"https:\/\/toypek.eu\/fr\/wp-json\/wp\/v2\/pages\/1046\/revisions"}],"wp:attachment":[{"href":"https:\/\/toypek.eu\/fr\/wp-json\/wp\/v2\/media?parent=1046"}],"curies":[{"name":"wp","href":"https:\/\/api.w.org\/{rel}","templated":true}]}}