{"id":272,"date":"2023-04-25T17:53:19","date_gmt":"2023-04-25T15:53:19","guid":{"rendered":"http:\/\/toypek.eu\/home-2\/"},"modified":"2025-11-25T11:56:45","modified_gmt":"2025-11-25T10:56:45","slug":"votre-fournisseur-de-toilettes-portables-sanitaires-portables-a-vendre","status":"publish","type":"page","link":"https:\/\/toypek.eu\/fr\/","title":{"rendered":"Home"},"content":{"rendered":"","protected":false},"excerpt":{"rendered":"","protected":false},"author":5,"featured_media":220,"parent":0,"menu_order":0,"comment_status":"closed","ping_status":"closed","template":"","meta":{"_acf_changed":false,"_joinchat":[],"footnotes":""},"class_list":["post-272","page","type-page","status-publish","has-post-thumbnail","hentry"],"acf":[],"yoast_head":"<!-- This site is optimized with the Yoast SEO Premium plugin v20.8 (Yoast SEO v27.4) - https:\/\/yoast.com\/product\/yoast-seo-premium-wordpress\/ -->\n<title>Votre fournisseur de toilettes portables | Toypek.eu<\/title>\n<meta name=\"description\" content=\"D\u00e9couvrez le design moderne parfaitement adapt\u00e9 aux entreprises de location d&#039;aujourd&#039;hui. Chez Toypek.eu, nous utilisons des mat\u00e9riaux de haute qualit\u00e9 et rationalisons les co\u00fbts de production, garantissant la meilleure qualit\u00e9 \u00e0 un prix comp\u00e9titif.\" \/>\n<meta name=\"robots\" content=\"index, follow, max-snippet:-1, max-image-preview:large, max-video-preview:-1\" \/>\n<link rel=\"canonical\" href=\"https:\/\/toypek.eu\/fr\/\" \/>\n<meta property=\"og:locale\" content=\"fr_FR\" \/>\n<meta property=\"og:type\" content=\"article\" \/>\n<meta property=\"og:title\" content=\"Home\" \/>\n<meta property=\"og:description\" content=\"D\u00e9couvrez le design moderne parfaitement adapt\u00e9 aux entreprises de location d&#039;aujourd&#039;hui. Chez Toypek.eu, nous utilisons des mat\u00e9riaux de haute qualit\u00e9 et rationalisons les co\u00fbts de production, garantissant la meilleure qualit\u00e9 \u00e0 un prix comp\u00e9titif.\" \/>\n<meta property=\"og:url\" content=\"https:\/\/toypek.eu\/fr\/\" \/>\n<meta property=\"og:site_name\" content=\"Toypek\" \/>\n<meta property=\"article:modified_time\" content=\"2025-11-25T10:56:45+00:00\" \/>\n<meta property=\"og:image\" content=\"https:\/\/cdn.toypek.eu\/images\/header-toypek-home.png\" \/>\n\t<meta property=\"og:image:width\" content=\"1280\" \/>\n\t<meta property=\"og:image:height\" content=\"505\" \/>\n\t<meta property=\"og:image:type\" content=\"image\/png\" \/>\n<meta name=\"twitter:card\" content=\"summary_large_image\" \/>\n<meta name=\"twitter:label1\" content=\"Dur\u00e9e de lecture estim\u00e9e\" \/>\n\t<meta name=\"twitter:data1\" content=\"1 minute\" \/>\n<script type=\"application\/ld+json\" class=\"yoast-schema-graph\">{\"@context\":\"https:\\\/\\\/schema.org\",\"@graph\":[{\"@type\":\"WebPage\",\"@id\":\"https:\\\/\\\/toypek.eu\\\/fr\\\/\",\"url\":\"https:\\\/\\\/toypek.eu\\\/fr\\\/\",\"name\":\"Votre fournisseur de toilettes portables | Toypek.eu\",\"isPartOf\":{\"@id\":\"https:\\\/\\\/toypek.eu\\\/fr\\\/#website\"},\"primaryImageOfPage\":{\"@id\":\"https:\\\/\\\/toypek.eu\\\/fr\\\/#primaryimage\"},\"image\":{\"@id\":\"https:\\\/\\\/toypek.eu\\\/fr\\\/#primaryimage\"},\"thumbnailUrl\":\"https:\\\/\\\/cdn.toypek.eu\\\/images\\\/header-toypek-home.png\",\"datePublished\":\"2023-04-25T15:53:19+00:00\",\"dateModified\":\"2025-11-25T10:56:45+00:00\",\"description\":\"D\u00e9couvrez le design moderne parfaitement adapt\u00e9 aux entreprises de location d'aujourd'hui. Chez Toypek.eu, nous utilisons des mat\u00e9riaux de haute qualit\u00e9 et rationalisons les co\u00fbts de production, garantissant la meilleure qualit\u00e9 \u00e0 un prix comp\u00e9titif.\",\"breadcrumb\":{\"@id\":\"https:\\\/\\\/toypek.eu\\\/fr\\\/#breadcrumb\"},\"inLanguage\":\"fr-FR\",\"potentialAction\":[{\"@type\":\"ReadAction\",\"target\":[\"https:\\\/\\\/toypek.eu\\\/fr\\\/\"]}]},{\"@type\":\"ImageObject\",\"inLanguage\":\"fr-FR\",\"@id\":\"https:\\\/\\\/toypek.eu\\\/fr\\\/#primaryimage\",\"url\":\"https:\\\/\\\/cdn.toypek.eu\\\/images\\\/header-toypek-home.png\",\"contentUrl\":\"https:\\\/\\\/cdn.toypek.eu\\\/images\\\/header-toypek-home.png\",\"width\":1280,\"height\":505},{\"@type\":\"BreadcrumbList\",\"@id\":\"https:\\\/\\\/toypek.eu\\\/fr\\\/#breadcrumb\",\"itemListElement\":[{\"@type\":\"ListItem\",\"position\":1,\"name\":\"Home\",\"item\":\"https:\\\/\\\/toypek.eu\\\/fr\\\/\"},{\"@type\":\"ListItem\",\"position\":2,\"name\":\"Home\"}]},{\"@type\":\"WebSite\",\"@id\":\"https:\\\/\\\/toypek.eu\\\/fr\\\/#website\",\"url\":\"https:\\\/\\\/toypek.eu\\\/fr\\\/\",\"name\":\"Toypek\",\"description\":\"\",\"potentialAction\":[{\"@type\":\"SearchAction\",\"target\":{\"@type\":\"EntryPoint\",\"urlTemplate\":\"https:\\\/\\\/toypek.eu\\\/fr\\\/?s={search_term_string}\"},\"query-input\":{\"@type\":\"PropertyValueSpecification\",\"valueRequired\":true,\"valueName\":\"search_term_string\"}}],\"inLanguage\":\"fr-FR\"}]}<\/script>\n<!-- \/ Yoast SEO Premium plugin. -->","yoast_head_json":{"title":"Votre fournisseur de toilettes portables | Toypek.eu","description":"D\u00e9couvrez le design moderne parfaitement adapt\u00e9 aux entreprises de location d'aujourd'hui. Chez Toypek.eu, nous utilisons des mat\u00e9riaux de haute qualit\u00e9 et rationalisons les co\u00fbts de production, garantissant la meilleure qualit\u00e9 \u00e0 un prix comp\u00e9titif.","robots":{"index":"index","follow":"follow","max-snippet":"max-snippet:-1","max-image-preview":"max-image-preview:large","max-video-preview":"max-video-preview:-1"},"canonical":"https:\/\/toypek.eu\/fr\/","og_locale":"fr_FR","og_type":"article","og_title":"Home","og_description":"D\u00e9couvrez le design moderne parfaitement adapt\u00e9 aux entreprises de location d'aujourd'hui. Chez Toypek.eu, nous utilisons des mat\u00e9riaux de haute qualit\u00e9 et rationalisons les co\u00fbts de production, garantissant la meilleure qualit\u00e9 \u00e0 un prix comp\u00e9titif.","og_url":"https:\/\/toypek.eu\/fr\/","og_site_name":"Toypek","article_modified_time":"2025-11-25T10:56:45+00:00","og_image":[{"width":1280,"height":505,"url":"https:\/\/cdn.toypek.eu\/images\/header-toypek-home.png","type":"image\/png"}],"twitter_card":"summary_large_image","twitter_misc":{"Dur\u00e9e de lecture estim\u00e9e":"1 minute"},"schema":{"@context":"https:\/\/schema.org","@graph":[{"@type":"WebPage","@id":"https:\/\/toypek.eu\/fr\/","url":"https:\/\/toypek.eu\/fr\/","name":"Votre fournisseur de toilettes portables | Toypek.eu","isPartOf":{"@id":"https:\/\/toypek.eu\/fr\/#website"},"primaryImageOfPage":{"@id":"https:\/\/toypek.eu\/fr\/#primaryimage"},"image":{"@id":"https:\/\/toypek.eu\/fr\/#primaryimage"},"thumbnailUrl":"https:\/\/cdn.toypek.eu\/images\/header-toypek-home.png","datePublished":"2023-04-25T15:53:19+00:00","dateModified":"2025-11-25T10:56:45+00:00","description":"D\u00e9couvrez le design moderne parfaitement adapt\u00e9 aux entreprises de location d'aujourd'hui. Chez Toypek.eu, nous utilisons des mat\u00e9riaux de haute qualit\u00e9 et rationalisons les co\u00fbts de production, garantissant la meilleure qualit\u00e9 \u00e0 un prix comp\u00e9titif.","breadcrumb":{"@id":"https:\/\/toypek.eu\/fr\/#breadcrumb"},"inLanguage":"fr-FR","potentialAction":[{"@type":"ReadAction","target":["https:\/\/toypek.eu\/fr\/"]}]},{"@type":"ImageObject","inLanguage":"fr-FR","@id":"https:\/\/toypek.eu\/fr\/#primaryimage","url":"https:\/\/cdn.toypek.eu\/images\/header-toypek-home.png","contentUrl":"https:\/\/cdn.toypek.eu\/images\/header-toypek-home.png","width":1280,"height":505},{"@type":"BreadcrumbList","@id":"https:\/\/toypek.eu\/fr\/#breadcrumb","itemListElement":[{"@type":"ListItem","position":1,"name":"Home","item":"https:\/\/toypek.eu\/fr\/"},{"@type":"ListItem","position":2,"name":"Home"}]},{"@type":"WebSite","@id":"https:\/\/toypek.eu\/fr\/#website","url":"https:\/\/toypek.eu\/fr\/","name":"Toypek","description":"","potentialAction":[{"@type":"SearchAction","target":{"@type":"EntryPoint","urlTemplate":"https:\/\/toypek.eu\/fr\/?s={search_term_string}"},"query-input":{"@type":"PropertyValueSpecification","valueRequired":true,"valueName":"search_term_string"}}],"inLanguage":"fr-FR"}]}},"_links":{"self":[{"href":"https:\/\/toypek.eu\/fr\/wp-json\/wp\/v2\/pages\/272","targetHints":{"allow":["GET"]}}],"collection":[{"href":"https:\/\/toypek.eu\/fr\/wp-json\/wp\/v2\/pages"}],"about":[{"href":"https:\/\/toypek.eu\/fr\/wp-json\/wp\/v2\/types\/page"}],"author":[{"embeddable":true,"href":"https:\/\/toypek.eu\/fr\/wp-json\/wp\/v2\/users\/5"}],"replies":[{"embeddable":true,"href":"https:\/\/toypek.eu\/fr\/wp-json\/wp\/v2\/comments?post=272"}],"version-history":[{"count":6,"href":"https:\/\/toypek.eu\/fr\/wp-json\/wp\/v2\/pages\/272\/revisions"}],"predecessor-version":[{"id":18645,"href":"https:\/\/toypek.eu\/fr\/wp-json\/wp\/v2\/pages\/272\/revisions\/18645"}],"wp:featuredmedia":[{"embeddable":true,"href":"https:\/\/toypek.eu\/fr\/wp-json\/wp\/v2\/media\/220"}],"wp:attachment":[{"href":"https:\/\/toypek.eu\/fr\/wp-json\/wp\/v2\/media?parent=272"}],"curies":[{"name":"wp","href":"https:\/\/api.w.org\/{rel}","templated":true}]}}