{"id":954,"date":"2023-06-09T15:02:12","date_gmt":"2023-06-09T13:02:12","guid":{"rendered":"http:\/\/toypek.eu\/?page_id=954"},"modified":"2023-06-22T10:14:00","modified_gmt":"2023-06-22T10:14:00","slug":"a-propos-de-nous","status":"publish","type":"page","link":"https:\/\/toypek.eu\/fr\/a-propos-de-nous\/","title":{"rendered":"Over ons"},"content":{"rendered":"","protected":false},"excerpt":{"rendered":"","protected":false},"author":2,"featured_media":0,"parent":0,"menu_order":0,"comment_status":"closed","ping_status":"closed","template":"","meta":{"_acf_changed":false,"_joinchat":[],"footnotes":""},"class_list":["post-954","page","type-page","status-publish","hentry"],"acf":[],"yoast_head":"<!-- This site is optimized with the Yoast SEO Premium plugin v20.8 (Yoast SEO v27.4) - https:\/\/yoast.com\/product\/yoast-seo-premium-wordpress\/ -->\n<title>\u00c0 propos de nous ! Toypek.eu<\/title>\n<meta name=\"description\" content=\"Nous sommes une entreprise familiale sp\u00e9cialis\u00e9e dans la fourniture de solutions sanitaires portables pour les entreprises de location. En tant que fournisseur de toilettes portables de confiance, nous apportons des ann\u00e9es d&#039;expertise dans le domaine des installations sanitaires mobiles.\" \/>\n<meta name=\"robots\" content=\"index, follow, max-snippet:-1, max-image-preview:large, max-video-preview:-1\" \/>\n<link rel=\"canonical\" href=\"https:\/\/toypek.eu\/fr\/a-propos-de-nous\/\" \/>\n<meta property=\"og:locale\" content=\"fr_FR\" \/>\n<meta property=\"og:type\" content=\"article\" \/>\n<meta property=\"og:title\" content=\"Over ons\" \/>\n<meta property=\"og:description\" content=\"Nous sommes une entreprise familiale sp\u00e9cialis\u00e9e dans la fourniture de solutions sanitaires portables pour les entreprises de location. En tant que fournisseur de toilettes portables de confiance, nous apportons des ann\u00e9es d&#039;expertise dans le domaine des installations sanitaires mobiles.\" \/>\n<meta property=\"og:url\" content=\"https:\/\/toypek.eu\/fr\/a-propos-de-nous\/\" \/>\n<meta property=\"og:site_name\" content=\"Toypek\" \/>\n<meta property=\"article:modified_time\" content=\"2023-06-22T10:14:00+00:00\" \/>\n<meta name=\"twitter:card\" content=\"summary_large_image\" \/>\n<script type=\"application\/ld+json\" class=\"yoast-schema-graph\">{\"@context\":\"https:\\\/\\\/schema.org\",\"@graph\":[{\"@type\":\"WebPage\",\"@id\":\"https:\\\/\\\/toypek.eu\\\/fr\\\/a-propos-de-nous\\\/\",\"url\":\"https:\\\/\\\/toypek.eu\\\/fr\\\/a-propos-de-nous\\\/\",\"name\":\"\u00c0 propos de nous ! Toypek.eu\",\"isPartOf\":{\"@id\":\"https:\\\/\\\/toypek.eu\\\/fr\\\/#website\"},\"datePublished\":\"2023-06-09T13:02:12+00:00\",\"dateModified\":\"2023-06-22T10:14:00+00:00\",\"description\":\"Nous sommes une entreprise familiale sp\u00e9cialis\u00e9e dans la fourniture de solutions sanitaires portables pour les entreprises de location. En tant que fournisseur de toilettes portables de confiance, nous apportons des ann\u00e9es d'expertise dans le domaine des installations sanitaires mobiles.\",\"breadcrumb\":{\"@id\":\"https:\\\/\\\/toypek.eu\\\/fr\\\/a-propos-de-nous\\\/#breadcrumb\"},\"inLanguage\":\"fr-FR\",\"potentialAction\":[{\"@type\":\"ReadAction\",\"target\":[\"https:\\\/\\\/toypek.eu\\\/fr\\\/a-propos-de-nous\\\/\"]}]},{\"@type\":\"BreadcrumbList\",\"@id\":\"https:\\\/\\\/toypek.eu\\\/fr\\\/a-propos-de-nous\\\/#breadcrumb\",\"itemListElement\":[{\"@type\":\"ListItem\",\"position\":1,\"name\":\"Home\",\"item\":\"https:\\\/\\\/toypek.eu\\\/fr\\\/\"},{\"@type\":\"ListItem\",\"position\":2,\"name\":\"Over ons\"}]},{\"@type\":\"WebSite\",\"@id\":\"https:\\\/\\\/toypek.eu\\\/fr\\\/#website\",\"url\":\"https:\\\/\\\/toypek.eu\\\/fr\\\/\",\"name\":\"Toypek\",\"description\":\"\",\"potentialAction\":[{\"@type\":\"SearchAction\",\"target\":{\"@type\":\"EntryPoint\",\"urlTemplate\":\"https:\\\/\\\/toypek.eu\\\/fr\\\/?s={search_term_string}\"},\"query-input\":{\"@type\":\"PropertyValueSpecification\",\"valueRequired\":true,\"valueName\":\"search_term_string\"}}],\"inLanguage\":\"fr-FR\"}]}<\/script>\n<!-- \/ Yoast SEO Premium plugin. -->","yoast_head_json":{"title":"\u00c0 propos de nous ! Toypek.eu","description":"Nous sommes une entreprise familiale sp\u00e9cialis\u00e9e dans la fourniture de solutions sanitaires portables pour les entreprises de location. En tant que fournisseur de toilettes portables de confiance, nous apportons des ann\u00e9es d'expertise dans le domaine des installations sanitaires mobiles.","robots":{"index":"index","follow":"follow","max-snippet":"max-snippet:-1","max-image-preview":"max-image-preview:large","max-video-preview":"max-video-preview:-1"},"canonical":"https:\/\/toypek.eu\/fr\/a-propos-de-nous\/","og_locale":"fr_FR","og_type":"article","og_title":"Over ons","og_description":"Nous sommes une entreprise familiale sp\u00e9cialis\u00e9e dans la fourniture de solutions sanitaires portables pour les entreprises de location. En tant que fournisseur de toilettes portables de confiance, nous apportons des ann\u00e9es d'expertise dans le domaine des installations sanitaires mobiles.","og_url":"https:\/\/toypek.eu\/fr\/a-propos-de-nous\/","og_site_name":"Toypek","article_modified_time":"2023-06-22T10:14:00+00:00","twitter_card":"summary_large_image","schema":{"@context":"https:\/\/schema.org","@graph":[{"@type":"WebPage","@id":"https:\/\/toypek.eu\/fr\/a-propos-de-nous\/","url":"https:\/\/toypek.eu\/fr\/a-propos-de-nous\/","name":"\u00c0 propos de nous ! Toypek.eu","isPartOf":{"@id":"https:\/\/toypek.eu\/fr\/#website"},"datePublished":"2023-06-09T13:02:12+00:00","dateModified":"2023-06-22T10:14:00+00:00","description":"Nous sommes une entreprise familiale sp\u00e9cialis\u00e9e dans la fourniture de solutions sanitaires portables pour les entreprises de location. En tant que fournisseur de toilettes portables de confiance, nous apportons des ann\u00e9es d'expertise dans le domaine des installations sanitaires mobiles.","breadcrumb":{"@id":"https:\/\/toypek.eu\/fr\/a-propos-de-nous\/#breadcrumb"},"inLanguage":"fr-FR","potentialAction":[{"@type":"ReadAction","target":["https:\/\/toypek.eu\/fr\/a-propos-de-nous\/"]}]},{"@type":"BreadcrumbList","@id":"https:\/\/toypek.eu\/fr\/a-propos-de-nous\/#breadcrumb","itemListElement":[{"@type":"ListItem","position":1,"name":"Home","item":"https:\/\/toypek.eu\/fr\/"},{"@type":"ListItem","position":2,"name":"Over ons"}]},{"@type":"WebSite","@id":"https:\/\/toypek.eu\/fr\/#website","url":"https:\/\/toypek.eu\/fr\/","name":"Toypek","description":"","potentialAction":[{"@type":"SearchAction","target":{"@type":"EntryPoint","urlTemplate":"https:\/\/toypek.eu\/fr\/?s={search_term_string}"},"query-input":{"@type":"PropertyValueSpecification","valueRequired":true,"valueName":"search_term_string"}}],"inLanguage":"fr-FR"}]}},"_links":{"self":[{"href":"https:\/\/toypek.eu\/fr\/wp-json\/wp\/v2\/pages\/954","targetHints":{"allow":["GET"]}}],"collection":[{"href":"https:\/\/toypek.eu\/fr\/wp-json\/wp\/v2\/pages"}],"about":[{"href":"https:\/\/toypek.eu\/fr\/wp-json\/wp\/v2\/types\/page"}],"author":[{"embeddable":true,"href":"https:\/\/toypek.eu\/fr\/wp-json\/wp\/v2\/users\/2"}],"replies":[{"embeddable":true,"href":"https:\/\/toypek.eu\/fr\/wp-json\/wp\/v2\/comments?post=954"}],"version-history":[{"count":0,"href":"https:\/\/toypek.eu\/fr\/wp-json\/wp\/v2\/pages\/954\/revisions"}],"wp:attachment":[{"href":"https:\/\/toypek.eu\/fr\/wp-json\/wp\/v2\/media?parent=954"}],"curies":[{"name":"wp","href":"https:\/\/api.w.org\/{rel}","templated":true}]}}