{"id":10304,"date":"2023-06-09T14:17:05","date_gmt":"2023-06-09T14:17:05","guid":{"rendered":"http:\/\/toypek.eu\/product\/urinal-4pers-2\/"},"modified":"2025-11-24T13:22:35","modified_gmt":"2025-11-24T12:22:35","slug":"urinoir-colonne-4-personnes","status":"publish","type":"product","link":"https:\/\/toypek.eu\/fr\/produit\/urinoir-colonne-4-personnes\/","title":{"rendered":"Urinoir colonne pour 4 personnes"},"content":{"rendered":"\n<p>\nNos urinoirs portables pour 4 personnes sont fabriqu&eacute;s en PE (poly&eacute;thyl&egrave;ne), un mat&eacute;riau enti&egrave;rement r&eacute;sistant au vandalisme. Gr&acirc;ce &agrave; l&rsquo;anneau de levage int&eacute;gr&eacute; et aux poign&eacute;es pr&eacute;sentes sur chaque c&ocirc;t&eacute;, ces urinoirs colonnes se d&eacute;placent facilement vers des sites d&rsquo;&eacute;v&eacute;nements ou des centres-villes. Leur conception &agrave; fond s&eacute;par&eacute; prot&egrave;ge le r&eacute;servoir et garantit une longue dur&eacute;e de vie, ce qui se traduit par des co&ucirc;ts d&rsquo;entretien r&eacute;duits pour le propri&eacute;taire.\n<\/p>\n<h2>Avantages de notre urinoir ext&eacute;rieur 4 personnes :<\/h2>\n<ul>\n<li>Anneau de levage int&eacute;gr&eacute; test&eacute; jusqu&rsquo;&agrave; 800 kg<\/li>\n<li>Personnalisable avec votre logo sur les quatre c&ocirc;t&eacute;s<\/li>\n<li>Poign&eacute;es doubles sur les quatre c&ocirc;t&eacute;s<\/li>\n<li>Capuchon viss&eacute; sur la zone d&rsquo;&eacute;vacuation<\/li>\n<li>Deux drains dissimul&eacute;s dans le fond<\/li>\n<li>Fond s&eacute;par&eacute; rempla&ccedil;able qui prot&egrave;ge le r&eacute;servoir et prolonge sa dur&eacute;e de vie<\/li>\n<li>Grandes ouvertures pour chariot &eacute;l&eacute;vateur et compatible avec camion pompe<\/li>\n<\/ul>\n\n","protected":false},"excerpt":{"rendered":"<p>L\u2019urinoir colonne 4 personnes est un excellent choix pour les entreprises de location gr\u00e2ce \u00e0 sa taille compacte et sa grande mobilit\u00e9. \u00c9quip\u00e9 d\u2019un anneau de levage, cet urinoir ext\u00e9rieur se charge et se d\u00e9charge facilement, m\u00eame sur des terrains difficiles. Son plancher robuste et spacieux garantit une bonne stabilit\u00e9 pour les utilisateurs pendant l\u2019utilisation.<br \/>\nDisponible en rouge, vert, vert citron, gris, bleu et orange, cet urinoir colonne offre un large choix de couleurs.<\/p>\n","protected":false},"featured_media":9902,"comment_status":"open","ping_status":"closed","template":"","meta":{"_acf_changed":false,"_joinchat":[]},"product_brand":[],"product_cat":[85],"product_tag":[],"class_list":{"0":"post-10304","1":"product","2":"type-product","3":"status-publish","4":"has-post-thumbnail","6":"product_cat-urinoir-portable","8":"first","9":"instock","10":"shipping-taxable","11":"product-type-variable"},"acf":[],"yoast_head":"<!-- This site is optimized with the Yoast SEO Premium plugin v20.8 (Yoast SEO v27.4) - https:\/\/yoast.com\/product\/yoast-seo-premium-wordpress\/ -->\n<title>Urinoir Colonne pour 4 Personnes \u2013 Proveedor confiable | Toypek<\/title>\n<meta name=\"description\" content=\"D\u00e9couvrez l&#039;urinoir colonne pour 4 personnes, parfait pour les entreprises de location. Offrant une solution pratique et hygi\u00e9nique.\" \/>\n<meta name=\"robots\" content=\"noindex, follow\" \/>\n<meta property=\"og:locale\" content=\"fr_FR\" \/>\n<meta property=\"og:type\" content=\"article\" \/>\n<meta property=\"og:title\" content=\"Urinoir colonne pour 4 personnes\" \/>\n<meta property=\"og:description\" content=\"D\u00e9couvrez l&#039;urinoir colonne pour 4 personnes, parfait pour les entreprises de location. Offrant une solution pratique et hygi\u00e9nique.\" \/>\n<meta property=\"og:url\" content=\"https:\/\/toypek.eu\/fr\/produit\/urinoir-colonne-4-personnes\/\" \/>\n<meta property=\"og:site_name\" content=\"Toypek\" \/>\n<meta property=\"article:modified_time\" content=\"2025-11-24T12:22:35+00:00\" \/>\n<meta property=\"og:image\" content=\"https:\/\/cdn.toypek.eu\/images\/tp-img-6-4.png\" \/>\n\t<meta property=\"og:image:width\" content=\"1000\" \/>\n\t<meta property=\"og:image:height\" content=\"1000\" \/>\n\t<meta property=\"og:image:type\" content=\"image\/png\" \/>\n<meta name=\"twitter:card\" content=\"summary_large_image\" \/>\n<meta name=\"twitter:label1\" content=\"Dur\u00e9e de lecture estim\u00e9e\" \/>\n\t<meta name=\"twitter:data1\" content=\"1 minute\" \/>\n<script type=\"application\/ld+json\" class=\"yoast-schema-graph\">{\"@context\":\"https:\\\/\\\/schema.org\",\"@graph\":[{\"@type\":\"WebPage\",\"@id\":\"https:\\\/\\\/toypek.eu\\\/fr\\\/produit\\\/urinoir-colonne-4-personnes\\\/\",\"url\":\"https:\\\/\\\/toypek.eu\\\/fr\\\/produit\\\/urinoir-colonne-4-personnes\\\/\",\"name\":\"Urinoir Colonne pour 4 Personnes \u2013 Proveedor confiable | Toypek\",\"isPartOf\":{\"@id\":\"https:\\\/\\\/toypek.eu\\\/fr\\\/#website\"},\"primaryImageOfPage\":{\"@id\":\"https:\\\/\\\/toypek.eu\\\/fr\\\/produit\\\/urinoir-colonne-4-personnes\\\/#primaryimage\"},\"image\":{\"@id\":\"https:\\\/\\\/toypek.eu\\\/fr\\\/produit\\\/urinoir-colonne-4-personnes\\\/#primaryimage\"},\"thumbnailUrl\":\"https:\\\/\\\/cdn.toypek.eu\\\/images\\\/tp-img-6-4.png\",\"datePublished\":\"2023-06-09T14:17:05+00:00\",\"dateModified\":\"2025-11-24T12:22:35+00:00\",\"description\":\"D\u00e9couvrez l'urinoir colonne pour 4 personnes, parfait pour les entreprises de location. Offrant une solution pratique et hygi\u00e9nique.\",\"breadcrumb\":{\"@id\":\"https:\\\/\\\/toypek.eu\\\/fr\\\/produit\\\/urinoir-colonne-4-personnes\\\/#breadcrumb\"},\"inLanguage\":\"fr-FR\",\"potentialAction\":[{\"@type\":\"ReadAction\",\"target\":[\"https:\\\/\\\/toypek.eu\\\/fr\\\/produit\\\/urinoir-colonne-4-personnes\\\/\"]}]},{\"@type\":\"ImageObject\",\"inLanguage\":\"fr-FR\",\"@id\":\"https:\\\/\\\/toypek.eu\\\/fr\\\/produit\\\/urinoir-colonne-4-personnes\\\/#primaryimage\",\"url\":\"https:\\\/\\\/cdn.toypek.eu\\\/images\\\/tp-img-6-4.png\",\"contentUrl\":\"https:\\\/\\\/cdn.toypek.eu\\\/images\\\/tp-img-6-4.png\",\"width\":1000,\"height\":1000},{\"@type\":\"BreadcrumbList\",\"@id\":\"https:\\\/\\\/toypek.eu\\\/fr\\\/produit\\\/urinoir-colonne-4-personnes\\\/#breadcrumb\",\"itemListElement\":[{\"@type\":\"ListItem\",\"position\":1,\"name\":\"Home\",\"item\":\"https:\\\/\\\/toypek.eu\\\/fr\\\/\"},{\"@type\":\"ListItem\",\"position\":2,\"name\":\"Boutique\",\"item\":\"https:\\\/\\\/toypek.eu\\\/fr\\\/gamme-de-produits\\\/\"},{\"@type\":\"ListItem\",\"position\":3,\"name\":\"Urinoir colonne pour 4 personnes\"}]},{\"@type\":\"WebSite\",\"@id\":\"https:\\\/\\\/toypek.eu\\\/fr\\\/#website\",\"url\":\"https:\\\/\\\/toypek.eu\\\/fr\\\/\",\"name\":\"Toypek\",\"description\":\"\",\"potentialAction\":[{\"@type\":\"SearchAction\",\"target\":{\"@type\":\"EntryPoint\",\"urlTemplate\":\"https:\\\/\\\/toypek.eu\\\/fr\\\/?s={search_term_string}\"},\"query-input\":{\"@type\":\"PropertyValueSpecification\",\"valueRequired\":true,\"valueName\":\"search_term_string\"}}],\"inLanguage\":\"fr-FR\"}]}<\/script>\n<!-- \/ Yoast SEO Premium plugin. -->","yoast_head_json":{"title":"Urinoir Colonne pour 4 Personnes \u2013 Proveedor confiable | Toypek","description":"D\u00e9couvrez l'urinoir colonne pour 4 personnes, parfait pour les entreprises de location. Offrant une solution pratique et hygi\u00e9nique.","robots":{"index":"noindex","follow":"follow"},"og_locale":"fr_FR","og_type":"article","og_title":"Urinoir colonne pour 4 personnes","og_description":"D\u00e9couvrez l'urinoir colonne pour 4 personnes, parfait pour les entreprises de location. Offrant une solution pratique et hygi\u00e9nique.","og_url":"https:\/\/toypek.eu\/fr\/produit\/urinoir-colonne-4-personnes\/","og_site_name":"Toypek","article_modified_time":"2025-11-24T12:22:35+00:00","og_image":[{"width":1000,"height":1000,"url":"https:\/\/cdn.toypek.eu\/images\/tp-img-6-4.png","type":"image\/png"}],"twitter_card":"summary_large_image","twitter_misc":{"Dur\u00e9e de lecture estim\u00e9e":"1 minute"},"schema":{"@context":"https:\/\/schema.org","@graph":[{"@type":"WebPage","@id":"https:\/\/toypek.eu\/fr\/produit\/urinoir-colonne-4-personnes\/","url":"https:\/\/toypek.eu\/fr\/produit\/urinoir-colonne-4-personnes\/","name":"Urinoir Colonne pour 4 Personnes \u2013 Proveedor confiable | Toypek","isPartOf":{"@id":"https:\/\/toypek.eu\/fr\/#website"},"primaryImageOfPage":{"@id":"https:\/\/toypek.eu\/fr\/produit\/urinoir-colonne-4-personnes\/#primaryimage"},"image":{"@id":"https:\/\/toypek.eu\/fr\/produit\/urinoir-colonne-4-personnes\/#primaryimage"},"thumbnailUrl":"https:\/\/cdn.toypek.eu\/images\/tp-img-6-4.png","datePublished":"2023-06-09T14:17:05+00:00","dateModified":"2025-11-24T12:22:35+00:00","description":"D\u00e9couvrez l'urinoir colonne pour 4 personnes, parfait pour les entreprises de location. Offrant une solution pratique et hygi\u00e9nique.","breadcrumb":{"@id":"https:\/\/toypek.eu\/fr\/produit\/urinoir-colonne-4-personnes\/#breadcrumb"},"inLanguage":"fr-FR","potentialAction":[{"@type":"ReadAction","target":["https:\/\/toypek.eu\/fr\/produit\/urinoir-colonne-4-personnes\/"]}]},{"@type":"ImageObject","inLanguage":"fr-FR","@id":"https:\/\/toypek.eu\/fr\/produit\/urinoir-colonne-4-personnes\/#primaryimage","url":"https:\/\/cdn.toypek.eu\/images\/tp-img-6-4.png","contentUrl":"https:\/\/cdn.toypek.eu\/images\/tp-img-6-4.png","width":1000,"height":1000},{"@type":"BreadcrumbList","@id":"https:\/\/toypek.eu\/fr\/produit\/urinoir-colonne-4-personnes\/#breadcrumb","itemListElement":[{"@type":"ListItem","position":1,"name":"Home","item":"https:\/\/toypek.eu\/fr\/"},{"@type":"ListItem","position":2,"name":"Boutique","item":"https:\/\/toypek.eu\/fr\/gamme-de-produits\/"},{"@type":"ListItem","position":3,"name":"Urinoir colonne pour 4 personnes"}]},{"@type":"WebSite","@id":"https:\/\/toypek.eu\/fr\/#website","url":"https:\/\/toypek.eu\/fr\/","name":"Toypek","description":"","potentialAction":[{"@type":"SearchAction","target":{"@type":"EntryPoint","urlTemplate":"https:\/\/toypek.eu\/fr\/?s={search_term_string}"},"query-input":{"@type":"PropertyValueSpecification","valueRequired":true,"valueName":"search_term_string"}}],"inLanguage":"fr-FR"}]}},"_links":{"self":[{"href":"https:\/\/toypek.eu\/fr\/wp-json\/wp\/v2\/product\/10304","targetHints":{"allow":["GET"]}}],"collection":[{"href":"https:\/\/toypek.eu\/fr\/wp-json\/wp\/v2\/product"}],"about":[{"href":"https:\/\/toypek.eu\/fr\/wp-json\/wp\/v2\/types\/product"}],"replies":[{"embeddable":true,"href":"https:\/\/toypek.eu\/fr\/wp-json\/wp\/v2\/comments?post=10304"}],"wp:featuredmedia":[{"embeddable":true,"href":"https:\/\/toypek.eu\/fr\/wp-json\/wp\/v2\/media\/9902"}],"wp:attachment":[{"href":"https:\/\/toypek.eu\/fr\/wp-json\/wp\/v2\/media?parent=10304"}],"wp:term":[{"taxonomy":"product_brand","embeddable":true,"href":"https:\/\/toypek.eu\/fr\/wp-json\/wp\/v2\/product_brand?post=10304"},{"taxonomy":"product_cat","embeddable":true,"href":"https:\/\/toypek.eu\/fr\/wp-json\/wp\/v2\/product_cat?post=10304"},{"taxonomy":"product_tag","embeddable":true,"href":"https:\/\/toypek.eu\/fr\/wp-json\/wp\/v2\/product_tag?post=10304"}],"curies":[{"name":"wp","href":"https:\/\/api.w.org\/{rel}","templated":true}]}}