{"id":10729,"date":"2023-06-09T14:11:18","date_gmt":"2023-06-09T14:11:18","guid":{"rendered":"http:\/\/toypek.eu\/product\/stack-urinal-4pers-2\/"},"modified":"2025-11-24T13:27:44","modified_gmt":"2025-11-24T12:27:44","slug":"urinoir-empilable-4-personnes","status":"publish","type":"product","link":"https:\/\/toypek.eu\/fr\/produit\/urinoir-empilable-4-personnes\/","title":{"rendered":"Urinoir empilable pour 4 personnes"},"content":{"rendered":"\n<p>\nNos urinoirs mobiles empilables pour 4 personnes sont sp&eacute;cialement con&ccedil;us pour les &eacute;v&eacute;nements et permettent de r&eacute;duire consid&eacute;rablement les co&ucirc;ts de transport. Gr&acirc;ce &agrave; leur conception empilable, plusieurs unit&eacute;s peuvent &ecirc;tre transport&eacute;es en m&ecirc;me temps. Ils se fixent facilement et, gr&acirc;ce &agrave; leurs dimensions compactes, occupent &agrave; peine plus d&rsquo;espace qu&rsquo;une seule toilette mobile. L&rsquo;urinoir empilable 4 personnes offre jusqu&rsquo;&agrave; quatre postes d&rsquo;utilisation simultan&eacute;e.\n<\/p>\n<p><strong>Notre urinoir empilable 4 personnes offre les avantages suivants :<\/strong><\/p>\n<ul>\n<li>Chargement et d&eacute;chargement faciles de l&rsquo;urinoir portable<\/li>\n<li>Encombrement minimal pendant le transport gr&acirc;ce &agrave; ses dimensions compactes<\/li>\n<li>Vidange simple via un capuchon en plastique permettant le raccordement d&rsquo;un tuyau d&rsquo;aspiration<\/li>\n<li>L&eacute;ger (40 kg) et facile &agrave; manipuler, m&ecirc;me &agrave; la main sur site<\/li>\n<li>Empilable jusqu&rsquo;&agrave; quatre unit&eacute;s<\/li>\n<li>Disponible en cinq couleurs diff&eacute;rentes<\/li>\n<\/ul>\n\n","protected":false},"excerpt":{"rendered":"<p>L\u2019urinoir empilable 4 personnes est un urinoir mobile sp\u00e9cialement con\u00e7u pour les \u00e9v\u00e9nements. Ces urinoirs portables peuvent \u00eatre empil\u00e9s jusqu\u2019\u00e0 quatre unit\u00e9s, ce qui facilite un stockage s\u00fbr et un transport efficace lors des manifestations. Les unit\u00e9s sont l\u00e9g\u00e8res et simples \u00e0 vider, ce qui les rend tr\u00e8s pratiques sur le terrain.<br \/>\nL\u2019urinoir empilable 4 personnes est disponible en cinq couleurs : gris, bleu, vert, rouge et vert citron.<\/p>\n","protected":false},"featured_media":10328,"comment_status":"open","ping_status":"closed","template":"","meta":{"_acf_changed":false,"_joinchat":[]},"product_brand":[],"product_cat":[85],"product_tag":[],"class_list":{"0":"post-10729","1":"product","2":"type-product","3":"status-publish","4":"has-post-thumbnail","6":"product_cat-urinoir-portable","8":"first","9":"instock","10":"shipping-taxable","11":"product-type-variable"},"acf":[],"yoast_head":"<!-- This site is optimized with the Yoast SEO Premium plugin v20.8 (Yoast SEO v27.4) - https:\/\/yoast.com\/product\/yoast-seo-premium-wordpress\/ -->\n<title>Produit - Urinoir mobile empilable 4 personnes pour \u00e9v\u00e9nements !<\/title>\n<meta name=\"description\" content=\"Nos unit\u00e9s d&#039;urinoir empilable + urinoir 4 personnes sont sp\u00e9cialement con\u00e7ues pour les \u00e9v\u00e9nements, dans le but de r\u00e9duire les co\u00fbts de transport pour les entreprises de location.\" \/>\n<meta name=\"robots\" content=\"noindex, follow\" \/>\n<meta property=\"og:locale\" content=\"fr_FR\" \/>\n<meta property=\"og:type\" content=\"article\" \/>\n<meta property=\"og:title\" content=\"Urinoir empilable pour 4 personnes\" \/>\n<meta property=\"og:description\" content=\"Nos unit\u00e9s d&#039;urinoir empilable + urinoir 4 personnes sont sp\u00e9cialement con\u00e7ues pour les \u00e9v\u00e9nements, dans le but de r\u00e9duire les co\u00fbts de transport pour les entreprises de location.\" \/>\n<meta property=\"og:url\" content=\"https:\/\/toypek.eu\/fr\/produit\/urinoir-empilable-4-personnes\/\" \/>\n<meta property=\"og:site_name\" content=\"Toypek\" \/>\n<meta property=\"article:modified_time\" content=\"2025-11-24T12:27:44+00:00\" \/>\n<meta property=\"og:image\" content=\"https:\/\/cdn.toypek.eu\/images\/tp-img-132.png\" \/>\n\t<meta property=\"og:image:width\" content=\"1000\" \/>\n\t<meta property=\"og:image:height\" content=\"1000\" \/>\n\t<meta property=\"og:image:type\" content=\"image\/png\" \/>\n<meta name=\"twitter:card\" content=\"summary_large_image\" \/>\n<meta name=\"twitter:label1\" content=\"Dur\u00e9e de lecture estim\u00e9e\" \/>\n\t<meta name=\"twitter:data1\" content=\"1 minute\" \/>\n<script type=\"application\/ld+json\" class=\"yoast-schema-graph\">{\"@context\":\"https:\\\/\\\/schema.org\",\"@graph\":[{\"@type\":\"WebPage\",\"@id\":\"https:\\\/\\\/toypek.eu\\\/fr\\\/produit\\\/urinoir-empilable-4-personnes\\\/\",\"url\":\"https:\\\/\\\/toypek.eu\\\/fr\\\/produit\\\/urinoir-empilable-4-personnes\\\/\",\"name\":\"Produit - Urinoir mobile empilable 4 personnes pour \u00e9v\u00e9nements !\",\"isPartOf\":{\"@id\":\"https:\\\/\\\/toypek.eu\\\/fr\\\/#website\"},\"primaryImageOfPage\":{\"@id\":\"https:\\\/\\\/toypek.eu\\\/fr\\\/produit\\\/urinoir-empilable-4-personnes\\\/#primaryimage\"},\"image\":{\"@id\":\"https:\\\/\\\/toypek.eu\\\/fr\\\/produit\\\/urinoir-empilable-4-personnes\\\/#primaryimage\"},\"thumbnailUrl\":\"https:\\\/\\\/cdn.toypek.eu\\\/images\\\/tp-img-132.png\",\"datePublished\":\"2023-06-09T14:11:18+00:00\",\"dateModified\":\"2025-11-24T12:27:44+00:00\",\"description\":\"Nos unit\u00e9s d'urinoir empilable + urinoir 4 personnes sont sp\u00e9cialement con\u00e7ues pour les \u00e9v\u00e9nements, dans le but de r\u00e9duire les co\u00fbts de transport pour les entreprises de location.\",\"breadcrumb\":{\"@id\":\"https:\\\/\\\/toypek.eu\\\/fr\\\/produit\\\/urinoir-empilable-4-personnes\\\/#breadcrumb\"},\"inLanguage\":\"fr-FR\",\"potentialAction\":[{\"@type\":\"ReadAction\",\"target\":[\"https:\\\/\\\/toypek.eu\\\/fr\\\/produit\\\/urinoir-empilable-4-personnes\\\/\"]}]},{\"@type\":\"ImageObject\",\"inLanguage\":\"fr-FR\",\"@id\":\"https:\\\/\\\/toypek.eu\\\/fr\\\/produit\\\/urinoir-empilable-4-personnes\\\/#primaryimage\",\"url\":\"https:\\\/\\\/cdn.toypek.eu\\\/images\\\/tp-img-132.png\",\"contentUrl\":\"https:\\\/\\\/cdn.toypek.eu\\\/images\\\/tp-img-132.png\",\"width\":1000,\"height\":1000},{\"@type\":\"BreadcrumbList\",\"@id\":\"https:\\\/\\\/toypek.eu\\\/fr\\\/produit\\\/urinoir-empilable-4-personnes\\\/#breadcrumb\",\"itemListElement\":[{\"@type\":\"ListItem\",\"position\":1,\"name\":\"Home\",\"item\":\"https:\\\/\\\/toypek.eu\\\/fr\\\/\"},{\"@type\":\"ListItem\",\"position\":2,\"name\":\"Boutique\",\"item\":\"https:\\\/\\\/toypek.eu\\\/fr\\\/gamme-de-produits\\\/\"},{\"@type\":\"ListItem\",\"position\":3,\"name\":\"Urinoir empilable pour 4 personnes\"}]},{\"@type\":\"WebSite\",\"@id\":\"https:\\\/\\\/toypek.eu\\\/fr\\\/#website\",\"url\":\"https:\\\/\\\/toypek.eu\\\/fr\\\/\",\"name\":\"Toypek\",\"description\":\"\",\"potentialAction\":[{\"@type\":\"SearchAction\",\"target\":{\"@type\":\"EntryPoint\",\"urlTemplate\":\"https:\\\/\\\/toypek.eu\\\/fr\\\/?s={search_term_string}\"},\"query-input\":{\"@type\":\"PropertyValueSpecification\",\"valueRequired\":true,\"valueName\":\"search_term_string\"}}],\"inLanguage\":\"fr-FR\"}]}<\/script>\n<!-- \/ Yoast SEO Premium plugin. -->","yoast_head_json":{"title":"Produit - Urinoir mobile empilable 4 personnes pour \u00e9v\u00e9nements !","description":"Nos unit\u00e9s d'urinoir empilable + urinoir 4 personnes sont sp\u00e9cialement con\u00e7ues pour les \u00e9v\u00e9nements, dans le but de r\u00e9duire les co\u00fbts de transport pour les entreprises de location.","robots":{"index":"noindex","follow":"follow"},"og_locale":"fr_FR","og_type":"article","og_title":"Urinoir empilable pour 4 personnes","og_description":"Nos unit\u00e9s d'urinoir empilable + urinoir 4 personnes sont sp\u00e9cialement con\u00e7ues pour les \u00e9v\u00e9nements, dans le but de r\u00e9duire les co\u00fbts de transport pour les entreprises de location.","og_url":"https:\/\/toypek.eu\/fr\/produit\/urinoir-empilable-4-personnes\/","og_site_name":"Toypek","article_modified_time":"2025-11-24T12:27:44+00:00","og_image":[{"width":1000,"height":1000,"url":"https:\/\/cdn.toypek.eu\/images\/tp-img-132.png","type":"image\/png"}],"twitter_card":"summary_large_image","twitter_misc":{"Dur\u00e9e de lecture estim\u00e9e":"1 minute"},"schema":{"@context":"https:\/\/schema.org","@graph":[{"@type":"WebPage","@id":"https:\/\/toypek.eu\/fr\/produit\/urinoir-empilable-4-personnes\/","url":"https:\/\/toypek.eu\/fr\/produit\/urinoir-empilable-4-personnes\/","name":"Produit - Urinoir mobile empilable 4 personnes pour \u00e9v\u00e9nements !","isPartOf":{"@id":"https:\/\/toypek.eu\/fr\/#website"},"primaryImageOfPage":{"@id":"https:\/\/toypek.eu\/fr\/produit\/urinoir-empilable-4-personnes\/#primaryimage"},"image":{"@id":"https:\/\/toypek.eu\/fr\/produit\/urinoir-empilable-4-personnes\/#primaryimage"},"thumbnailUrl":"https:\/\/cdn.toypek.eu\/images\/tp-img-132.png","datePublished":"2023-06-09T14:11:18+00:00","dateModified":"2025-11-24T12:27:44+00:00","description":"Nos unit\u00e9s d'urinoir empilable + urinoir 4 personnes sont sp\u00e9cialement con\u00e7ues pour les \u00e9v\u00e9nements, dans le but de r\u00e9duire les co\u00fbts de transport pour les entreprises de location.","breadcrumb":{"@id":"https:\/\/toypek.eu\/fr\/produit\/urinoir-empilable-4-personnes\/#breadcrumb"},"inLanguage":"fr-FR","potentialAction":[{"@type":"ReadAction","target":["https:\/\/toypek.eu\/fr\/produit\/urinoir-empilable-4-personnes\/"]}]},{"@type":"ImageObject","inLanguage":"fr-FR","@id":"https:\/\/toypek.eu\/fr\/produit\/urinoir-empilable-4-personnes\/#primaryimage","url":"https:\/\/cdn.toypek.eu\/images\/tp-img-132.png","contentUrl":"https:\/\/cdn.toypek.eu\/images\/tp-img-132.png","width":1000,"height":1000},{"@type":"BreadcrumbList","@id":"https:\/\/toypek.eu\/fr\/produit\/urinoir-empilable-4-personnes\/#breadcrumb","itemListElement":[{"@type":"ListItem","position":1,"name":"Home","item":"https:\/\/toypek.eu\/fr\/"},{"@type":"ListItem","position":2,"name":"Boutique","item":"https:\/\/toypek.eu\/fr\/gamme-de-produits\/"},{"@type":"ListItem","position":3,"name":"Urinoir empilable pour 4 personnes"}]},{"@type":"WebSite","@id":"https:\/\/toypek.eu\/fr\/#website","url":"https:\/\/toypek.eu\/fr\/","name":"Toypek","description":"","potentialAction":[{"@type":"SearchAction","target":{"@type":"EntryPoint","urlTemplate":"https:\/\/toypek.eu\/fr\/?s={search_term_string}"},"query-input":{"@type":"PropertyValueSpecification","valueRequired":true,"valueName":"search_term_string"}}],"inLanguage":"fr-FR"}]}},"_links":{"self":[{"href":"https:\/\/toypek.eu\/fr\/wp-json\/wp\/v2\/product\/10729","targetHints":{"allow":["GET"]}}],"collection":[{"href":"https:\/\/toypek.eu\/fr\/wp-json\/wp\/v2\/product"}],"about":[{"href":"https:\/\/toypek.eu\/fr\/wp-json\/wp\/v2\/types\/product"}],"replies":[{"embeddable":true,"href":"https:\/\/toypek.eu\/fr\/wp-json\/wp\/v2\/comments?post=10729"}],"wp:featuredmedia":[{"embeddable":true,"href":"https:\/\/toypek.eu\/fr\/wp-json\/wp\/v2\/media\/10328"}],"wp:attachment":[{"href":"https:\/\/toypek.eu\/fr\/wp-json\/wp\/v2\/media?parent=10729"}],"wp:term":[{"taxonomy":"product_brand","embeddable":true,"href":"https:\/\/toypek.eu\/fr\/wp-json\/wp\/v2\/product_brand?post=10729"},{"taxonomy":"product_cat","embeddable":true,"href":"https:\/\/toypek.eu\/fr\/wp-json\/wp\/v2\/product_cat?post=10729"},{"taxonomy":"product_tag","embeddable":true,"href":"https:\/\/toypek.eu\/fr\/wp-json\/wp\/v2\/product_tag?post=10729"}],"curies":[{"name":"wp","href":"https:\/\/api.w.org\/{rel}","templated":true}]}}