{"id":11207,"date":"2023-06-09T12:27:10","date_gmt":"2023-06-09T12:27:10","guid":{"rendered":"http:\/\/toypek.eu\/product\/plaszuil-pee6-2\/"},"modified":"2025-12-17T12:12:16","modified_gmt":"2025-12-17T11:12:16","slug":"urinoir-portable-pee6-6-personnes","status":"publish","type":"product","link":"https:\/\/toypek.eu\/fr\/produit\/urinoir-portable-pee6-6-personnes\/","title":{"rendered":"Urinoir portable \u2013 PEE6 (6 personnes)"},"content":{"rendered":"\n<p>\nLe PEE6 est un urinoir portable con&ccedil;u pour accueillir jusqu&rsquo;&agrave; six utilisateurs en m&ecirc;me temps. Sa conception mobile permet un transport et une installation faciles sur diff&eacute;rents sites. Fabriqu&eacute; selon un proc&eacute;d&eacute; de moulage par rotation, cet urinoir offre une grande robustesse et une longue dur&eacute;e de vie.\n<\/p>\n<p>\nChaque urinoir portable dispose d&rsquo;une capacit&eacute; de 500 litres, soit environ 1 875 utilisations avant la vidange. Avec un poids &agrave; vide de seulement 120 kg, un camion peut transporter en moyenne 14 unit&eacute;s, ce qui repr&eacute;sente 84 points d&rsquo;urination pour un seul trajet &mdash; id&eacute;al pour les &eacute;v&eacute;nements &agrave; forte affluence.\n<\/p>\n<p>\nEn raison du processus de production par rotomoulage, le PEE6 n&rsquo;est disponible qu&rsquo;&agrave; partir de commandes de six unit&eacute;s minimum.<\/p>\n\n","protected":false},"excerpt":{"rendered":"<p>Vous souhaitez installer un urinoir portable pour des \u00e9v\u00e9nements \u00e0 forte affluence ? Le PEE6 permet \u00e0 jusqu\u2019\u00e0 six utilisateurs de l\u2019utiliser simultan\u00e9ment et offre une solution robuste, facile \u00e0 transporter et rapide \u00e0 installer. Lors de l\u2019achat d\u2019urinoirs mobiles, il est important de prendre en compte l\u2019usage pr\u00e9vu et les besoins logistiques, notamment pour la location.<br \/>\nComposez d\u00e8s maintenant votre urinoir mobile et demandez un devis personnalis\u00e9.<\/p>\n","protected":false},"featured_media":11143,"comment_status":"open","ping_status":"closed","template":"","meta":{"_acf_changed":false,"_joinchat":[]},"product_brand":[],"product_cat":[85],"product_tag":[],"class_list":{"0":"post-11207","1":"product","2":"type-product","3":"status-publish","4":"has-post-thumbnail","6":"product_cat-urinoir-portable","8":"first","9":"instock","10":"shipping-taxable","11":"product-type-simple"},"acf":[],"yoast_head":"<!-- This site is optimized with the Yoast SEO Premium plugin v20.8 (Yoast SEO v27.4) - https:\/\/yoast.com\/product\/yoast-seo-premium-wordpress\/ -->\n<title>Urinoir Portable Pour 6 Personnes | Toypek<\/title>\n<meta name=\"description\" content=\"D\u00e9couvrez l&#039;urinoir portable pour 6 personnes \u2713 Une solution pratique et hygi\u00e9nique \u2713 Toypek est votre fournisseur de confiance \u2713 Haute qualit\u00e9\" \/>\n<meta name=\"robots\" content=\"noindex, follow\" \/>\n<meta property=\"og:locale\" content=\"fr_FR\" \/>\n<meta property=\"og:type\" content=\"article\" \/>\n<meta property=\"og:title\" content=\"Urinoir portable \u2013 PEE6 (6 personnes)\" \/>\n<meta property=\"og:description\" content=\"D\u00e9couvrez l&#039;urinoir portable pour 6 personnes \u2713 Une solution pratique et hygi\u00e9nique \u2713 Toypek est votre fournisseur de confiance \u2713 Haute qualit\u00e9\" \/>\n<meta property=\"og:url\" content=\"https:\/\/toypek.eu\/fr\/produit\/urinoir-portable-pee6-6-personnes\/\" \/>\n<meta property=\"og:site_name\" content=\"Toypek\" \/>\n<meta property=\"article:modified_time\" content=\"2025-12-17T11:12:16+00:00\" \/>\n<meta property=\"og:image\" content=\"https:\/\/cdn.toypek.eu\/images\/tp-img-228.png\" \/>\n\t<meta property=\"og:image:width\" content=\"1000\" \/>\n\t<meta property=\"og:image:height\" content=\"1000\" \/>\n\t<meta property=\"og:image:type\" content=\"image\/png\" \/>\n<meta name=\"twitter:card\" content=\"summary_large_image\" \/>\n<meta name=\"twitter:label1\" content=\"Dur\u00e9e de lecture estim\u00e9e\" \/>\n\t<meta name=\"twitter:data1\" content=\"1 minute\" \/>\n<script type=\"application\/ld+json\" class=\"yoast-schema-graph\">{\"@context\":\"https:\\\/\\\/schema.org\",\"@graph\":[{\"@type\":\"WebPage\",\"@id\":\"https:\\\/\\\/toypek.eu\\\/fr\\\/produit\\\/urinoir-portable-pee6-6-personnes\\\/\",\"url\":\"https:\\\/\\\/toypek.eu\\\/fr\\\/produit\\\/urinoir-portable-pee6-6-personnes\\\/\",\"name\":\"Urinoir Portable Pour 6 Personnes | Toypek\",\"isPartOf\":{\"@id\":\"https:\\\/\\\/toypek.eu\\\/fr\\\/#website\"},\"primaryImageOfPage\":{\"@id\":\"https:\\\/\\\/toypek.eu\\\/fr\\\/produit\\\/urinoir-portable-pee6-6-personnes\\\/#primaryimage\"},\"image\":{\"@id\":\"https:\\\/\\\/toypek.eu\\\/fr\\\/produit\\\/urinoir-portable-pee6-6-personnes\\\/#primaryimage\"},\"thumbnailUrl\":\"https:\\\/\\\/cdn.toypek.eu\\\/images\\\/tp-img-228.png\",\"datePublished\":\"2023-06-09T12:27:10+00:00\",\"dateModified\":\"2025-12-17T11:12:16+00:00\",\"description\":\"D\u00e9couvrez l'urinoir portable pour 6 personnes \u2713 Une solution pratique et hygi\u00e9nique \u2713 Toypek est votre fournisseur de confiance \u2713 Haute qualit\u00e9\",\"breadcrumb\":{\"@id\":\"https:\\\/\\\/toypek.eu\\\/fr\\\/produit\\\/urinoir-portable-pee6-6-personnes\\\/#breadcrumb\"},\"inLanguage\":\"fr-FR\",\"potentialAction\":[{\"@type\":\"ReadAction\",\"target\":[\"https:\\\/\\\/toypek.eu\\\/fr\\\/produit\\\/urinoir-portable-pee6-6-personnes\\\/\"]}]},{\"@type\":\"ImageObject\",\"inLanguage\":\"fr-FR\",\"@id\":\"https:\\\/\\\/toypek.eu\\\/fr\\\/produit\\\/urinoir-portable-pee6-6-personnes\\\/#primaryimage\",\"url\":\"https:\\\/\\\/cdn.toypek.eu\\\/images\\\/tp-img-228.png\",\"contentUrl\":\"https:\\\/\\\/cdn.toypek.eu\\\/images\\\/tp-img-228.png\",\"width\":1000,\"height\":1000},{\"@type\":\"BreadcrumbList\",\"@id\":\"https:\\\/\\\/toypek.eu\\\/fr\\\/produit\\\/urinoir-portable-pee6-6-personnes\\\/#breadcrumb\",\"itemListElement\":[{\"@type\":\"ListItem\",\"position\":1,\"name\":\"Home\",\"item\":\"https:\\\/\\\/toypek.eu\\\/fr\\\/\"},{\"@type\":\"ListItem\",\"position\":2,\"name\":\"Boutique\",\"item\":\"https:\\\/\\\/toypek.eu\\\/fr\\\/gamme-de-produits\\\/\"},{\"@type\":\"ListItem\",\"position\":3,\"name\":\"Urinoir portable \u2013 PEE6 (6 personnes)\"}]},{\"@type\":\"WebSite\",\"@id\":\"https:\\\/\\\/toypek.eu\\\/fr\\\/#website\",\"url\":\"https:\\\/\\\/toypek.eu\\\/fr\\\/\",\"name\":\"Toypek\",\"description\":\"\",\"potentialAction\":[{\"@type\":\"SearchAction\",\"target\":{\"@type\":\"EntryPoint\",\"urlTemplate\":\"https:\\\/\\\/toypek.eu\\\/fr\\\/?s={search_term_string}\"},\"query-input\":{\"@type\":\"PropertyValueSpecification\",\"valueRequired\":true,\"valueName\":\"search_term_string\"}}],\"inLanguage\":\"fr-FR\"}]}<\/script>\n<!-- \/ Yoast SEO Premium plugin. -->","yoast_head_json":{"title":"Urinoir Portable Pour 6 Personnes | Toypek","description":"D\u00e9couvrez l'urinoir portable pour 6 personnes \u2713 Une solution pratique et hygi\u00e9nique \u2713 Toypek est votre fournisseur de confiance \u2713 Haute qualit\u00e9","robots":{"index":"noindex","follow":"follow"},"og_locale":"fr_FR","og_type":"article","og_title":"Urinoir portable \u2013 PEE6 (6 personnes)","og_description":"D\u00e9couvrez l'urinoir portable pour 6 personnes \u2713 Une solution pratique et hygi\u00e9nique \u2713 Toypek est votre fournisseur de confiance \u2713 Haute qualit\u00e9","og_url":"https:\/\/toypek.eu\/fr\/produit\/urinoir-portable-pee6-6-personnes\/","og_site_name":"Toypek","article_modified_time":"2025-12-17T11:12:16+00:00","og_image":[{"width":1000,"height":1000,"url":"https:\/\/cdn.toypek.eu\/images\/tp-img-228.png","type":"image\/png"}],"twitter_card":"summary_large_image","twitter_misc":{"Dur\u00e9e de lecture estim\u00e9e":"1 minute"},"schema":{"@context":"https:\/\/schema.org","@graph":[{"@type":"WebPage","@id":"https:\/\/toypek.eu\/fr\/produit\/urinoir-portable-pee6-6-personnes\/","url":"https:\/\/toypek.eu\/fr\/produit\/urinoir-portable-pee6-6-personnes\/","name":"Urinoir Portable Pour 6 Personnes | Toypek","isPartOf":{"@id":"https:\/\/toypek.eu\/fr\/#website"},"primaryImageOfPage":{"@id":"https:\/\/toypek.eu\/fr\/produit\/urinoir-portable-pee6-6-personnes\/#primaryimage"},"image":{"@id":"https:\/\/toypek.eu\/fr\/produit\/urinoir-portable-pee6-6-personnes\/#primaryimage"},"thumbnailUrl":"https:\/\/cdn.toypek.eu\/images\/tp-img-228.png","datePublished":"2023-06-09T12:27:10+00:00","dateModified":"2025-12-17T11:12:16+00:00","description":"D\u00e9couvrez l'urinoir portable pour 6 personnes \u2713 Une solution pratique et hygi\u00e9nique \u2713 Toypek est votre fournisseur de confiance \u2713 Haute qualit\u00e9","breadcrumb":{"@id":"https:\/\/toypek.eu\/fr\/produit\/urinoir-portable-pee6-6-personnes\/#breadcrumb"},"inLanguage":"fr-FR","potentialAction":[{"@type":"ReadAction","target":["https:\/\/toypek.eu\/fr\/produit\/urinoir-portable-pee6-6-personnes\/"]}]},{"@type":"ImageObject","inLanguage":"fr-FR","@id":"https:\/\/toypek.eu\/fr\/produit\/urinoir-portable-pee6-6-personnes\/#primaryimage","url":"https:\/\/cdn.toypek.eu\/images\/tp-img-228.png","contentUrl":"https:\/\/cdn.toypek.eu\/images\/tp-img-228.png","width":1000,"height":1000},{"@type":"BreadcrumbList","@id":"https:\/\/toypek.eu\/fr\/produit\/urinoir-portable-pee6-6-personnes\/#breadcrumb","itemListElement":[{"@type":"ListItem","position":1,"name":"Home","item":"https:\/\/toypek.eu\/fr\/"},{"@type":"ListItem","position":2,"name":"Boutique","item":"https:\/\/toypek.eu\/fr\/gamme-de-produits\/"},{"@type":"ListItem","position":3,"name":"Urinoir portable \u2013 PEE6 (6 personnes)"}]},{"@type":"WebSite","@id":"https:\/\/toypek.eu\/fr\/#website","url":"https:\/\/toypek.eu\/fr\/","name":"Toypek","description":"","potentialAction":[{"@type":"SearchAction","target":{"@type":"EntryPoint","urlTemplate":"https:\/\/toypek.eu\/fr\/?s={search_term_string}"},"query-input":{"@type":"PropertyValueSpecification","valueRequired":true,"valueName":"search_term_string"}}],"inLanguage":"fr-FR"}]}},"_links":{"self":[{"href":"https:\/\/toypek.eu\/fr\/wp-json\/wp\/v2\/product\/11207","targetHints":{"allow":["GET"]}}],"collection":[{"href":"https:\/\/toypek.eu\/fr\/wp-json\/wp\/v2\/product"}],"about":[{"href":"https:\/\/toypek.eu\/fr\/wp-json\/wp\/v2\/types\/product"}],"replies":[{"embeddable":true,"href":"https:\/\/toypek.eu\/fr\/wp-json\/wp\/v2\/comments?post=11207"}],"wp:featuredmedia":[{"embeddable":true,"href":"https:\/\/toypek.eu\/fr\/wp-json\/wp\/v2\/media\/11143"}],"wp:attachment":[{"href":"https:\/\/toypek.eu\/fr\/wp-json\/wp\/v2\/media?parent=11207"}],"wp:term":[{"taxonomy":"product_brand","embeddable":true,"href":"https:\/\/toypek.eu\/fr\/wp-json\/wp\/v2\/product_brand?post=11207"},{"taxonomy":"product_cat","embeddable":true,"href":"https:\/\/toypek.eu\/fr\/wp-json\/wp\/v2\/product_cat?post=11207"},{"taxonomy":"product_tag","embeddable":true,"href":"https:\/\/toypek.eu\/fr\/wp-json\/wp\/v2\/product_tag?post=11207"}],"curies":[{"name":"wp","href":"https:\/\/api.w.org\/{rel}","templated":true}]}}