{"id":11216,"date":"2023-06-09T13:21:17","date_gmt":"2023-06-09T13:21:17","guid":{"rendered":"http:\/\/toypek.eu\/product\/toypek-sanitaire-unit-2\/"},"modified":"2025-12-17T12:14:18","modified_gmt":"2025-12-17T11:14:18","slug":"plastique-cabine-de-toilettes-tout-a-l-egout","status":"publish","type":"product","link":"https:\/\/toypek.eu\/fr\/produit\/plastique-cabine-de-toilettes-tout-a-l-egout\/","title":{"rendered":"Plastique cabine de toilettes (avec raccordement au tout-\u00e0-l\u2019\u00e9gout)"},"content":{"rendered":"\n<p>\nNos cabines de toilettes sont disponibles en quatre couleurs : bleu, vert, rouge et orange. Demandez un devis pour conna&icirc;tre le prix de nos sanitaires mobiles. Gr&acirc;ce &agrave; cette vari&eacute;t&eacute;, nous proposons toujours la cabine portable la mieux adapt&eacute;e &agrave; la vente. Con&ccedil;ues pour r&eacute;sister au vandalisme et faciles &agrave; transporter, nos cabines sont id&eacute;ales pour les entreprises de location disposant de contrats longue dur&eacute;e et d&rsquo;un acc&egrave;s &agrave; l&rsquo;eau et &agrave; l&rsquo;&eacute;gout.<br>\nLes raccordements &agrave; l&rsquo;eau et &agrave; l&rsquo;&eacute;gout &eacute;tant essentiels sur les chantiers, nos mod&egrave;les constituent une solution plus confortable pour les projets de longue dur&eacute;e, tout en r&eacute;duisant le temps d&rsquo;entretien et les co&ucirc;ts de nettoyage.\n<\/p>\n<h2>Avantages de la cabine de toilettes Toypek<\/h2>\n<p>\nAvant d&rsquo;acheter des toilettes portables, il est conseill&eacute; d&rsquo;examiner leurs caract&eacute;ristiques et leurs avantages. Nos cabines sanitaires offrent les atouts suivants :\n<\/p>\n<ul>\n<li>Manipulation facile &agrave; la main ou &agrave; l&rsquo;aide d&rsquo;un chariot &eacute;l&eacute;vateur<\/li>\n<li>Installation simple gr&acirc;ce &agrave; un raccord d&rsquo;alimentation en eau (connexion Gardena &agrave; l&rsquo;arri&egrave;re) et un point d&rsquo;&eacute;vacuation avec un tuyau d&rsquo;&eacute;gout de 110 mm<\/li>\n<li>Construction l&eacute;g&egrave;re, avec un poids d&rsquo;environ 90 kg<\/li>\n<li>Structure anti-vandalisme en mat&eacute;riaux durables, assurant longue dur&eacute;e de vie et nettoyage facile<\/li>\n<\/ul>\n<h2>Demander un devis pour toilettes portables<\/h2>\n<p>\nVous recherchez des toilettes transportables &agrave; acheter ? Nos cabines de toilettes sont id&eacute;ales pour la location sur divers sites : chantiers, entrep&ocirc;ts, ports, campings et autres lieux disposant de raccordements fixes.<br>\nBien qu&rsquo;il soit possible d&rsquo;acheter la cabine non assembl&eacute;e, nous recommandons fortement la version pr&eacute;assembl&eacute;e.<br>\nSi vous avez des questions ou souhaitez davantage d&rsquo;informations sur notre cabine sanitaire mobile, n&rsquo;h&eacute;sitez pas &agrave; contacter notre &eacute;quipe &mdash; nous sommes l&agrave; pour vous aider.\n<\/p>\n<p>\nLes personnalisations et demandes sp&eacute;ciales pour nos cabines de toilettes mobiles sont toujours possibles apr&egrave;s consultation.<\/p>\n\n","protected":false},"excerpt":{"rendered":"<p>Chez Toypek, vous pouvez composer votre cabine de toilettes mobile selon vos besoins. Choisissez la couleur, les options et les quantit\u00e9s souhait\u00e9es, puis demandez facilement un devis personnalis\u00e9. Nos cabines sont con\u00e7ues pour un usage intensif en location et pour des projets de longue dur\u00e9e avec raccordement \u00e0 l\u2019eau et \u00e0 l\u2019\u00e9gout.<\/p>\n","protected":false},"featured_media":12314,"comment_status":"open","ping_status":"closed","template":"","meta":{"_acf_changed":false,"_joinchat":[]},"product_brand":[],"product_cat":[86,84],"product_tag":[],"class_list":{"0":"post-11216","1":"product","2":"type-product","3":"status-publish","4":"has-post-thumbnail","6":"product_cat-sanitaires-portables","7":"product_cat-toilettes-mobiles","9":"first","10":"instock","11":"shipping-taxable","12":"product-type-variable"},"acf":[],"yoast_head":"<!-- This site is optimized with the Yoast SEO Premium plugin v20.8 (Yoast SEO v27.4) - https:\/\/yoast.com\/product\/yoast-seo-premium-wordpress\/ -->\n<title>Unit\u00e9 de toilettes \u00e1 vendre | Fournisseur fiable | Toypek<\/title>\n<meta name=\"description\" content=\"D\u00e9couvrez les unit\u00e9s de toilettes de qualit\u00e9 sup\u00e9rieure de Toypek, id\u00e9ales pour les entreprises de location \u2713 Pratiques, robustes et faciles \u00e0 entretenir\" \/>\n<meta name=\"robots\" content=\"noindex, follow\" \/>\n<meta property=\"og:locale\" content=\"fr_FR\" \/>\n<meta property=\"og:type\" content=\"article\" \/>\n<meta property=\"og:title\" content=\"Plastique cabine de toilettes (avec raccordement au tout-\u00e0-l\u2019\u00e9gout)\" \/>\n<meta property=\"og:description\" content=\"D\u00e9couvrez les unit\u00e9s de toilettes de qualit\u00e9 sup\u00e9rieure de Toypek, id\u00e9ales pour les entreprises de location \u2713 Pratiques, robustes et faciles \u00e0 entretenir\" \/>\n<meta property=\"og:url\" content=\"https:\/\/toypek.eu\/fr\/produit\/plastique-cabine-de-toilettes-tout-a-l-egout\/\" \/>\n<meta property=\"og:site_name\" content=\"Toypek\" \/>\n<meta property=\"article:modified_time\" content=\"2025-12-17T11:14:18+00:00\" \/>\n<meta property=\"og:image\" content=\"https:\/\/cdn.toypek.eu\/images\/tp-img-01-48.png\" \/>\n\t<meta property=\"og:image:width\" content=\"1000\" \/>\n\t<meta property=\"og:image:height\" content=\"1000\" \/>\n\t<meta property=\"og:image:type\" content=\"image\/png\" \/>\n<meta name=\"twitter:card\" content=\"summary_large_image\" \/>\n<meta name=\"twitter:label1\" content=\"Dur\u00e9e de lecture estim\u00e9e\" \/>\n\t<meta name=\"twitter:data1\" content=\"2 minutes\" \/>\n<script type=\"application\/ld+json\" class=\"yoast-schema-graph\">{\"@context\":\"https:\\\/\\\/schema.org\",\"@graph\":[{\"@type\":\"WebPage\",\"@id\":\"https:\\\/\\\/toypek.eu\\\/fr\\\/produit\\\/plastique-cabine-de-toilettes-tout-a-l-egout\\\/\",\"url\":\"https:\\\/\\\/toypek.eu\\\/fr\\\/produit\\\/plastique-cabine-de-toilettes-tout-a-l-egout\\\/\",\"name\":\"Unit\u00e9 de toilettes \u00e1 vendre | Fournisseur fiable | Toypek\",\"isPartOf\":{\"@id\":\"https:\\\/\\\/toypek.eu\\\/fr\\\/#website\"},\"primaryImageOfPage\":{\"@id\":\"https:\\\/\\\/toypek.eu\\\/fr\\\/produit\\\/plastique-cabine-de-toilettes-tout-a-l-egout\\\/#primaryimage\"},\"image\":{\"@id\":\"https:\\\/\\\/toypek.eu\\\/fr\\\/produit\\\/plastique-cabine-de-toilettes-tout-a-l-egout\\\/#primaryimage\"},\"thumbnailUrl\":\"https:\\\/\\\/cdn.toypek.eu\\\/images\\\/tp-img-01-48.png\",\"datePublished\":\"2023-06-09T13:21:17+00:00\",\"dateModified\":\"2025-12-17T11:14:18+00:00\",\"description\":\"D\u00e9couvrez les unit\u00e9s de toilettes de qualit\u00e9 sup\u00e9rieure de Toypek, id\u00e9ales pour les entreprises de location \u2713 Pratiques, robustes et faciles \u00e0 entretenir\",\"breadcrumb\":{\"@id\":\"https:\\\/\\\/toypek.eu\\\/fr\\\/produit\\\/plastique-cabine-de-toilettes-tout-a-l-egout\\\/#breadcrumb\"},\"inLanguage\":\"fr-FR\",\"potentialAction\":[{\"@type\":\"ReadAction\",\"target\":[\"https:\\\/\\\/toypek.eu\\\/fr\\\/produit\\\/plastique-cabine-de-toilettes-tout-a-l-egout\\\/\"]}]},{\"@type\":\"ImageObject\",\"inLanguage\":\"fr-FR\",\"@id\":\"https:\\\/\\\/toypek.eu\\\/fr\\\/produit\\\/plastique-cabine-de-toilettes-tout-a-l-egout\\\/#primaryimage\",\"url\":\"https:\\\/\\\/cdn.toypek.eu\\\/images\\\/tp-img-01-48.png\",\"contentUrl\":\"https:\\\/\\\/cdn.toypek.eu\\\/images\\\/tp-img-01-48.png\",\"width\":1000,\"height\":1000,\"caption\":\"S\"},{\"@type\":\"BreadcrumbList\",\"@id\":\"https:\\\/\\\/toypek.eu\\\/fr\\\/produit\\\/plastique-cabine-de-toilettes-tout-a-l-egout\\\/#breadcrumb\",\"itemListElement\":[{\"@type\":\"ListItem\",\"position\":1,\"name\":\"Home\",\"item\":\"https:\\\/\\\/toypek.eu\\\/fr\\\/\"},{\"@type\":\"ListItem\",\"position\":2,\"name\":\"Boutique\",\"item\":\"https:\\\/\\\/toypek.eu\\\/fr\\\/gamme-de-produits\\\/\"},{\"@type\":\"ListItem\",\"position\":3,\"name\":\"Plastique cabine de toilettes (avec raccordement au tout-\u00e0-l\u2019\u00e9gout)\"}]},{\"@type\":\"WebSite\",\"@id\":\"https:\\\/\\\/toypek.eu\\\/fr\\\/#website\",\"url\":\"https:\\\/\\\/toypek.eu\\\/fr\\\/\",\"name\":\"Toypek\",\"description\":\"\",\"potentialAction\":[{\"@type\":\"SearchAction\",\"target\":{\"@type\":\"EntryPoint\",\"urlTemplate\":\"https:\\\/\\\/toypek.eu\\\/fr\\\/?s={search_term_string}\"},\"query-input\":{\"@type\":\"PropertyValueSpecification\",\"valueRequired\":true,\"valueName\":\"search_term_string\"}}],\"inLanguage\":\"fr-FR\"}]}<\/script>\n<!-- \/ Yoast SEO Premium plugin. -->","yoast_head_json":{"title":"Unit\u00e9 de toilettes \u00e1 vendre | Fournisseur fiable | Toypek","description":"D\u00e9couvrez les unit\u00e9s de toilettes de qualit\u00e9 sup\u00e9rieure de Toypek, id\u00e9ales pour les entreprises de location \u2713 Pratiques, robustes et faciles \u00e0 entretenir","robots":{"index":"noindex","follow":"follow"},"og_locale":"fr_FR","og_type":"article","og_title":"Plastique cabine de toilettes (avec raccordement au tout-\u00e0-l\u2019\u00e9gout)","og_description":"D\u00e9couvrez les unit\u00e9s de toilettes de qualit\u00e9 sup\u00e9rieure de Toypek, id\u00e9ales pour les entreprises de location \u2713 Pratiques, robustes et faciles \u00e0 entretenir","og_url":"https:\/\/toypek.eu\/fr\/produit\/plastique-cabine-de-toilettes-tout-a-l-egout\/","og_site_name":"Toypek","article_modified_time":"2025-12-17T11:14:18+00:00","og_image":[{"width":1000,"height":1000,"url":"https:\/\/cdn.toypek.eu\/images\/tp-img-01-48.png","type":"image\/png"}],"twitter_card":"summary_large_image","twitter_misc":{"Dur\u00e9e de lecture estim\u00e9e":"2 minutes"},"schema":{"@context":"https:\/\/schema.org","@graph":[{"@type":"WebPage","@id":"https:\/\/toypek.eu\/fr\/produit\/plastique-cabine-de-toilettes-tout-a-l-egout\/","url":"https:\/\/toypek.eu\/fr\/produit\/plastique-cabine-de-toilettes-tout-a-l-egout\/","name":"Unit\u00e9 de toilettes \u00e1 vendre | Fournisseur fiable | Toypek","isPartOf":{"@id":"https:\/\/toypek.eu\/fr\/#website"},"primaryImageOfPage":{"@id":"https:\/\/toypek.eu\/fr\/produit\/plastique-cabine-de-toilettes-tout-a-l-egout\/#primaryimage"},"image":{"@id":"https:\/\/toypek.eu\/fr\/produit\/plastique-cabine-de-toilettes-tout-a-l-egout\/#primaryimage"},"thumbnailUrl":"https:\/\/cdn.toypek.eu\/images\/tp-img-01-48.png","datePublished":"2023-06-09T13:21:17+00:00","dateModified":"2025-12-17T11:14:18+00:00","description":"D\u00e9couvrez les unit\u00e9s de toilettes de qualit\u00e9 sup\u00e9rieure de Toypek, id\u00e9ales pour les entreprises de location \u2713 Pratiques, robustes et faciles \u00e0 entretenir","breadcrumb":{"@id":"https:\/\/toypek.eu\/fr\/produit\/plastique-cabine-de-toilettes-tout-a-l-egout\/#breadcrumb"},"inLanguage":"fr-FR","potentialAction":[{"@type":"ReadAction","target":["https:\/\/toypek.eu\/fr\/produit\/plastique-cabine-de-toilettes-tout-a-l-egout\/"]}]},{"@type":"ImageObject","inLanguage":"fr-FR","@id":"https:\/\/toypek.eu\/fr\/produit\/plastique-cabine-de-toilettes-tout-a-l-egout\/#primaryimage","url":"https:\/\/cdn.toypek.eu\/images\/tp-img-01-48.png","contentUrl":"https:\/\/cdn.toypek.eu\/images\/tp-img-01-48.png","width":1000,"height":1000,"caption":"S"},{"@type":"BreadcrumbList","@id":"https:\/\/toypek.eu\/fr\/produit\/plastique-cabine-de-toilettes-tout-a-l-egout\/#breadcrumb","itemListElement":[{"@type":"ListItem","position":1,"name":"Home","item":"https:\/\/toypek.eu\/fr\/"},{"@type":"ListItem","position":2,"name":"Boutique","item":"https:\/\/toypek.eu\/fr\/gamme-de-produits\/"},{"@type":"ListItem","position":3,"name":"Plastique cabine de toilettes (avec raccordement au tout-\u00e0-l\u2019\u00e9gout)"}]},{"@type":"WebSite","@id":"https:\/\/toypek.eu\/fr\/#website","url":"https:\/\/toypek.eu\/fr\/","name":"Toypek","description":"","potentialAction":[{"@type":"SearchAction","target":{"@type":"EntryPoint","urlTemplate":"https:\/\/toypek.eu\/fr\/?s={search_term_string}"},"query-input":{"@type":"PropertyValueSpecification","valueRequired":true,"valueName":"search_term_string"}}],"inLanguage":"fr-FR"}]}},"_links":{"self":[{"href":"https:\/\/toypek.eu\/fr\/wp-json\/wp\/v2\/product\/11216","targetHints":{"allow":["GET"]}}],"collection":[{"href":"https:\/\/toypek.eu\/fr\/wp-json\/wp\/v2\/product"}],"about":[{"href":"https:\/\/toypek.eu\/fr\/wp-json\/wp\/v2\/types\/product"}],"replies":[{"embeddable":true,"href":"https:\/\/toypek.eu\/fr\/wp-json\/wp\/v2\/comments?post=11216"}],"wp:featuredmedia":[{"embeddable":true,"href":"https:\/\/toypek.eu\/fr\/wp-json\/wp\/v2\/media\/12314"}],"wp:attachment":[{"href":"https:\/\/toypek.eu\/fr\/wp-json\/wp\/v2\/media?parent=11216"}],"wp:term":[{"taxonomy":"product_brand","embeddable":true,"href":"https:\/\/toypek.eu\/fr\/wp-json\/wp\/v2\/product_brand?post=11216"},{"taxonomy":"product_cat","embeddable":true,"href":"https:\/\/toypek.eu\/fr\/wp-json\/wp\/v2\/product_cat?post=11216"},{"taxonomy":"product_tag","embeddable":true,"href":"https:\/\/toypek.eu\/fr\/wp-json\/wp\/v2\/product_tag?post=11216"}],"curies":[{"name":"wp","href":"https:\/\/api.w.org\/{rel}","templated":true}]}}