{"id":11622,"date":"2023-06-22T07:55:01","date_gmt":"2023-06-22T05:55:01","guid":{"rendered":"http:\/\/toypek.eu\/product\/3-rolhouder-2\/"},"modified":"2023-06-27T14:04:27","modified_gmt":"2023-06-27T14:04:27","slug":"porte-rouleaux-de-3","status":"publish","type":"product","link":"https:\/\/toypek.eu\/fr\/produit\/porte-rouleaux-de-3\/","title":{"rendered":"Porte-rouleaux de 3"},"content":{"rendered":"\n<p>Personnalisez votre toilette mobile selon vos pr&eacute;f&eacute;rences. Nos unit&eacute;s de toilettes peuvent &ecirc;tre enti&egrave;rement personnalis&eacute;es, y compris l&rsquo;ajout de notre porte-rouleaux de 3. Lors de l&rsquo;achat d&rsquo;une toilette portable, il est important de r&eacute;fl&eacute;chir &agrave; son utilisation, &agrave; la couleur souhait&eacute;e, aux options suppl&eacute;mentaires et aux quantit&eacute;s n&eacute;cessaires. Il est m&ecirc;me possible de faire fabriquer les unit&eacute;s de toilettes dans votre propre couleur personnalis&eacute;e.<\/p>\n\n","protected":false},"excerpt":{"rendered":"<p>Notre porte-rouleaux de 3 peut \u00eatre fix\u00e9 \u00e0 nos cabines Toypek. Le porte-rouleaux de 3 permet un rangement facile et sec des rouleaux de papier toilette pour l&rsquo;utilisateur. Il est \u00e9quip\u00e9 d&rsquo;une broche en acier qui peut \u00eatre facilement verrouill\u00e9e pour emp\u00eacher les utilisateurs de la retirer. Le porte-rouleaux de toilette est facile \u00e0 remplir et est fabriqu\u00e9 en mat\u00e9riau r\u00e9sistant aux actes de vandalisme.<\/p>\n","protected":false},"featured_media":11604,"comment_status":"open","ping_status":"closed","template":"","meta":{"_acf_changed":false,"_joinchat":[]},"product_brand":[],"product_cat":[84],"product_tag":[],"class_list":{"0":"post-11622","1":"product","2":"type-product","3":"status-publish","4":"has-post-thumbnail","6":"product_cat-toilettes-mobiles","8":"first","9":"instock","10":"shipping-taxable","11":"product-type-simple"},"acf":[],"yoast_head":"<!-- This site is optimized with the Yoast SEO Premium plugin v20.8 (Yoast SEO v27.4) - https:\/\/yoast.com\/product\/yoast-seo-premium-wordpress\/ -->\n<title>Product - Porte-rouleaux de 3 | Toypek.eu<\/title>\n<meta name=\"robots\" content=\"index, follow, max-snippet:-1, max-image-preview:large, max-video-preview:-1\" \/>\n<link rel=\"canonical\" href=\"https:\/\/toypek.eu\/fr\/produit\/porte-rouleaux-de-3\/\" \/>\n<meta property=\"og:locale\" content=\"fr_FR\" \/>\n<meta property=\"og:type\" content=\"article\" \/>\n<meta property=\"og:title\" content=\"Porte-rouleaux de 3\" \/>\n<meta property=\"og:description\" content=\"Notre porte-rouleaux de 3 peut \u00eatre fix\u00e9 \u00e0 nos cabines Toypek. Le porte-rouleaux de 3 permet un rangement facile et sec des rouleaux de papier toilette pour l&#039;utilisateur. Il est \u00e9quip\u00e9 d&#039;une broche en acier qui peut \u00eatre facilement verrouill\u00e9e pour emp\u00eacher les utilisateurs de la retirer. Le porte-rouleaux de toilette est facile \u00e0 remplir et est fabriqu\u00e9 en mat\u00e9riau r\u00e9sistant aux actes de vandalisme.\" \/>\n<meta property=\"og:url\" content=\"https:\/\/toypek.eu\/fr\/produit\/porte-rouleaux-de-3\/\" \/>\n<meta property=\"og:site_name\" content=\"Toypek\" \/>\n<meta property=\"article:modified_time\" content=\"2023-06-27T14:04:27+00:00\" \/>\n<meta property=\"og:image\" content=\"https:\/\/toypek.eu\/wp-content\/uploads\/2023\/06\/a377d9c4-f280-4ac5-bc4e-3973acbc2655.jpg\" \/>\n\t<meta property=\"og:image:width\" content=\"1692\" \/>\n\t<meta property=\"og:image:height\" content=\"867\" \/>\n\t<meta property=\"og:image:type\" content=\"image\/jpeg\" \/>\n<meta name=\"twitter:card\" content=\"summary_large_image\" \/>\n<meta name=\"twitter:label1\" content=\"Dur\u00e9e de lecture estim\u00e9e\" \/>\n\t<meta name=\"twitter:data1\" content=\"1 minute\" \/>\n<script type=\"application\/ld+json\" class=\"yoast-schema-graph\">{\"@context\":\"https:\\\/\\\/schema.org\",\"@graph\":[{\"@type\":\"WebPage\",\"@id\":\"https:\\\/\\\/toypek.eu\\\/fr\\\/produit\\\/porte-rouleaux-de-3\\\/\",\"url\":\"https:\\\/\\\/toypek.eu\\\/fr\\\/produit\\\/porte-rouleaux-de-3\\\/\",\"name\":\"Product - Porte-rouleaux de 3 | Toypek.eu\",\"isPartOf\":{\"@id\":\"https:\\\/\\\/toypek.eu\\\/fr\\\/#website\"},\"primaryImageOfPage\":{\"@id\":\"https:\\\/\\\/toypek.eu\\\/fr\\\/produit\\\/porte-rouleaux-de-3\\\/#primaryimage\"},\"image\":{\"@id\":\"https:\\\/\\\/toypek.eu\\\/fr\\\/produit\\\/porte-rouleaux-de-3\\\/#primaryimage\"},\"thumbnailUrl\":\"https:\\\/\\\/cdn.toypek.eu\\\/images\\\/a377d9c4-f280-4ac5-bc4e-3973acbc2655.jpg\",\"datePublished\":\"2023-06-22T05:55:01+00:00\",\"dateModified\":\"2023-06-27T14:04:27+00:00\",\"breadcrumb\":{\"@id\":\"https:\\\/\\\/toypek.eu\\\/fr\\\/produit\\\/porte-rouleaux-de-3\\\/#breadcrumb\"},\"inLanguage\":\"fr-FR\",\"potentialAction\":[{\"@type\":\"ReadAction\",\"target\":[\"https:\\\/\\\/toypek.eu\\\/fr\\\/produit\\\/porte-rouleaux-de-3\\\/\"]}]},{\"@type\":\"ImageObject\",\"inLanguage\":\"fr-FR\",\"@id\":\"https:\\\/\\\/toypek.eu\\\/fr\\\/produit\\\/porte-rouleaux-de-3\\\/#primaryimage\",\"url\":\"https:\\\/\\\/cdn.toypek.eu\\\/images\\\/a377d9c4-f280-4ac5-bc4e-3973acbc2655.jpg\",\"contentUrl\":\"https:\\\/\\\/cdn.toypek.eu\\\/images\\\/a377d9c4-f280-4ac5-bc4e-3973acbc2655.jpg\",\"width\":1692,\"height\":867,\"caption\":\"3 roll toiletrolhouder\"},{\"@type\":\"BreadcrumbList\",\"@id\":\"https:\\\/\\\/toypek.eu\\\/fr\\\/produit\\\/porte-rouleaux-de-3\\\/#breadcrumb\",\"itemListElement\":[{\"@type\":\"ListItem\",\"position\":1,\"name\":\"Home\",\"item\":\"https:\\\/\\\/toypek.eu\\\/fr\\\/\"},{\"@type\":\"ListItem\",\"position\":2,\"name\":\"Boutique\",\"item\":\"https:\\\/\\\/toypek.eu\\\/fr\\\/gamme-de-produits\\\/\"},{\"@type\":\"ListItem\",\"position\":3,\"name\":\"Porte-rouleaux de 3\"}]},{\"@type\":\"WebSite\",\"@id\":\"https:\\\/\\\/toypek.eu\\\/fr\\\/#website\",\"url\":\"https:\\\/\\\/toypek.eu\\\/fr\\\/\",\"name\":\"Toypek\",\"description\":\"\",\"potentialAction\":[{\"@type\":\"SearchAction\",\"target\":{\"@type\":\"EntryPoint\",\"urlTemplate\":\"https:\\\/\\\/toypek.eu\\\/fr\\\/?s={search_term_string}\"},\"query-input\":{\"@type\":\"PropertyValueSpecification\",\"valueRequired\":true,\"valueName\":\"search_term_string\"}}],\"inLanguage\":\"fr-FR\"}]}<\/script>\n<!-- \/ Yoast SEO Premium plugin. -->","yoast_head_json":{"title":"Product - Porte-rouleaux de 3 | Toypek.eu","robots":{"index":"index","follow":"follow","max-snippet":"max-snippet:-1","max-image-preview":"max-image-preview:large","max-video-preview":"max-video-preview:-1"},"canonical":"https:\/\/toypek.eu\/fr\/produit\/porte-rouleaux-de-3\/","og_locale":"fr_FR","og_type":"article","og_title":"Porte-rouleaux de 3","og_description":"Notre porte-rouleaux de 3 peut \u00eatre fix\u00e9 \u00e0 nos cabines Toypek. Le porte-rouleaux de 3 permet un rangement facile et sec des rouleaux de papier toilette pour l'utilisateur. Il est \u00e9quip\u00e9 d'une broche en acier qui peut \u00eatre facilement verrouill\u00e9e pour emp\u00eacher les utilisateurs de la retirer. Le porte-rouleaux de toilette est facile \u00e0 remplir et est fabriqu\u00e9 en mat\u00e9riau r\u00e9sistant aux actes de vandalisme.","og_url":"https:\/\/toypek.eu\/fr\/produit\/porte-rouleaux-de-3\/","og_site_name":"Toypek","article_modified_time":"2023-06-27T14:04:27+00:00","og_image":[{"width":1692,"height":867,"url":"https:\/\/toypek.eu\/wp-content\/uploads\/2023\/06\/a377d9c4-f280-4ac5-bc4e-3973acbc2655.jpg","type":"image\/jpeg"}],"twitter_card":"summary_large_image","twitter_misc":{"Dur\u00e9e de lecture estim\u00e9e":"1 minute"},"schema":{"@context":"https:\/\/schema.org","@graph":[{"@type":"WebPage","@id":"https:\/\/toypek.eu\/fr\/produit\/porte-rouleaux-de-3\/","url":"https:\/\/toypek.eu\/fr\/produit\/porte-rouleaux-de-3\/","name":"Product - Porte-rouleaux de 3 | Toypek.eu","isPartOf":{"@id":"https:\/\/toypek.eu\/fr\/#website"},"primaryImageOfPage":{"@id":"https:\/\/toypek.eu\/fr\/produit\/porte-rouleaux-de-3\/#primaryimage"},"image":{"@id":"https:\/\/toypek.eu\/fr\/produit\/porte-rouleaux-de-3\/#primaryimage"},"thumbnailUrl":"https:\/\/cdn.toypek.eu\/images\/a377d9c4-f280-4ac5-bc4e-3973acbc2655.jpg","datePublished":"2023-06-22T05:55:01+00:00","dateModified":"2023-06-27T14:04:27+00:00","breadcrumb":{"@id":"https:\/\/toypek.eu\/fr\/produit\/porte-rouleaux-de-3\/#breadcrumb"},"inLanguage":"fr-FR","potentialAction":[{"@type":"ReadAction","target":["https:\/\/toypek.eu\/fr\/produit\/porte-rouleaux-de-3\/"]}]},{"@type":"ImageObject","inLanguage":"fr-FR","@id":"https:\/\/toypek.eu\/fr\/produit\/porte-rouleaux-de-3\/#primaryimage","url":"https:\/\/cdn.toypek.eu\/images\/a377d9c4-f280-4ac5-bc4e-3973acbc2655.jpg","contentUrl":"https:\/\/cdn.toypek.eu\/images\/a377d9c4-f280-4ac5-bc4e-3973acbc2655.jpg","width":1692,"height":867,"caption":"3 roll toiletrolhouder"},{"@type":"BreadcrumbList","@id":"https:\/\/toypek.eu\/fr\/produit\/porte-rouleaux-de-3\/#breadcrumb","itemListElement":[{"@type":"ListItem","position":1,"name":"Home","item":"https:\/\/toypek.eu\/fr\/"},{"@type":"ListItem","position":2,"name":"Boutique","item":"https:\/\/toypek.eu\/fr\/gamme-de-produits\/"},{"@type":"ListItem","position":3,"name":"Porte-rouleaux de 3"}]},{"@type":"WebSite","@id":"https:\/\/toypek.eu\/fr\/#website","url":"https:\/\/toypek.eu\/fr\/","name":"Toypek","description":"","potentialAction":[{"@type":"SearchAction","target":{"@type":"EntryPoint","urlTemplate":"https:\/\/toypek.eu\/fr\/?s={search_term_string}"},"query-input":{"@type":"PropertyValueSpecification","valueRequired":true,"valueName":"search_term_string"}}],"inLanguage":"fr-FR"}]}},"_links":{"self":[{"href":"https:\/\/toypek.eu\/fr\/wp-json\/wp\/v2\/product\/11622","targetHints":{"allow":["GET"]}}],"collection":[{"href":"https:\/\/toypek.eu\/fr\/wp-json\/wp\/v2\/product"}],"about":[{"href":"https:\/\/toypek.eu\/fr\/wp-json\/wp\/v2\/types\/product"}],"replies":[{"embeddable":true,"href":"https:\/\/toypek.eu\/fr\/wp-json\/wp\/v2\/comments?post=11622"}],"wp:featuredmedia":[{"embeddable":true,"href":"https:\/\/toypek.eu\/fr\/wp-json\/wp\/v2\/media\/11604"}],"wp:attachment":[{"href":"https:\/\/toypek.eu\/fr\/wp-json\/wp\/v2\/media?parent=11622"}],"wp:term":[{"taxonomy":"product_brand","embeddable":true,"href":"https:\/\/toypek.eu\/fr\/wp-json\/wp\/v2\/product_brand?post=11622"},{"taxonomy":"product_cat","embeddable":true,"href":"https:\/\/toypek.eu\/fr\/wp-json\/wp\/v2\/product_cat?post=11622"},{"taxonomy":"product_tag","embeddable":true,"href":"https:\/\/toypek.eu\/fr\/wp-json\/wp\/v2\/product_tag?post=11622"}],"curies":[{"name":"wp","href":"https:\/\/api.w.org\/{rel}","templated":true}]}}