{"id":11656,"date":"2023-06-09T14:05:04","date_gmt":"2023-06-09T12:05:04","guid":{"rendered":"http:\/\/toypek.eu\/product\/flush-systeem-2\/"},"modified":"2023-06-27T16:59:47","modified_gmt":"2023-06-27T16:59:47","slug":"systeme-de-chasse","status":"publish","type":"product","link":"https:\/\/toypek.eu\/fr\/produit\/systeme-de-chasse\/","title":{"rendered":"Syst\u00e8me de rin\u00e7age"},"content":{"rendered":"\n<p>Notre syst&egrave;mes de rin&ccedil;age portable peut &ecirc;tre fix&eacute; &agrave; nos cabines Toypek. Le syst&egrave;me de chasse d&rsquo;eau fonctionne comme un syst&egrave;me de chasse d&rsquo;eau &agrave; recirculation, emp&ecirc;chant l&rsquo;utilisateur de voir le fond du r&eacute;servoir des toilettes mobiles. L&rsquo;utilisateur ne voit qu&rsquo;une coque noire qui fait circuler la chasse d&rsquo;eau lorsque le levier est actionn&eacute;. Le levier de la chasse d&rsquo;eau est situ&eacute; sur le c&ocirc;t&eacute; gauche pour la commodit&eacute; de l&rsquo;utilisateur. L&rsquo;avantage d&rsquo;un syst&egrave;me de chasse d&rsquo;eau est qu&rsquo;il offre une exp&eacute;rience plus fra&icirc;che et plus luxueuse aux utilisateurs des cabines Toypek. Le syst&egrave;me de chasse d&rsquo;eau minimise la consommation d&rsquo;eau pendant le rin&ccedil;age, garantissant une &eacute;limination efficace sans gaspillage d&rsquo;eau inutile. L&rsquo;installation du syst&egrave;me de chasse d&rsquo;eau est relativement simple !<\/p>\n\n","protected":false},"excerpt":{"rendered":"<p>Personnalisez vos toilettes transportables en fonction de vos pr\u00e9f\u00e9rences. Nos toilettes chimiques peuvent \u00eatre enti\u00e8rement personnalis\u00e9es pour r\u00e9pondre \u00e0 vos besoins sp\u00e9cifiques. Lors de l&rsquo;achat d&rsquo;un WC portable, tenez compte de l&rsquo;utilisation pr\u00e9vue, des options de couleur, des caract\u00e9ristiques suppl\u00e9mentaires et des quantit\u00e9s n\u00e9cessaires. Nous offrons m\u00eame la possibilit\u00e9 de fabriquer les unit\u00e9s de toilettes dans la couleur de votre choix.<\/p>\n","protected":false},"featured_media":11640,"comment_status":"open","ping_status":"closed","template":"","meta":{"_acf_changed":false,"_joinchat":[]},"product_brand":[],"product_cat":[88],"product_tag":[],"class_list":{"0":"post-11656","1":"product","2":"type-product","3":"status-publish","4":"has-post-thumbnail","6":"product_cat-systeme-de-rincage","8":"first","9":"instock","10":"shipping-taxable","11":"product-type-simple"},"acf":[],"yoast_head":"<!-- This site is optimized with the Yoast SEO Premium plugin v20.8 (Yoast SEO v27.4) - https:\/\/yoast.com\/product\/yoast-seo-premium-wordpress\/ -->\n<title>D\u00e9couvrez notre syst\u00e8me de chasse pour toilettes portables !<\/title>\n<meta name=\"description\" content=\"Notre syst\u00e8me de chasse d&#039;eau pour toilettes portables peut \u00eatre attach\u00e9 \u00e0 nos cabines Toypek. Le syst\u00e8me de chasse d&#039;eau fonctionne comme un syst\u00e8me de chasse d&#039;eau \u00e0 recirculation, emp\u00eachant l&#039;utilisateur de regarder dans le fond de la cuve des toilettes mobiles.\" \/>\n<meta name=\"robots\" content=\"index, follow, max-snippet:-1, max-image-preview:large, max-video-preview:-1\" \/>\n<link rel=\"canonical\" href=\"https:\/\/toypek.eu\/fr\/produit\/systeme-de-chasse\/\" \/>\n<meta property=\"og:locale\" content=\"fr_FR\" \/>\n<meta property=\"og:type\" content=\"article\" \/>\n<meta property=\"og:title\" content=\"Syst\u00e8me de rin\u00e7age\" \/>\n<meta property=\"og:description\" content=\"Notre syst\u00e8me de chasse d&#039;eau pour toilettes portables peut \u00eatre attach\u00e9 \u00e0 nos cabines Toypek. Le syst\u00e8me de chasse d&#039;eau fonctionne comme un syst\u00e8me de chasse d&#039;eau \u00e0 recirculation, emp\u00eachant l&#039;utilisateur de regarder dans le fond de la cuve des toilettes mobiles.\" \/>\n<meta property=\"og:url\" content=\"https:\/\/toypek.eu\/fr\/produit\/systeme-de-chasse\/\" \/>\n<meta property=\"og:site_name\" content=\"Toypek\" \/>\n<meta property=\"article:modified_time\" content=\"2023-06-27T16:59:47+00:00\" \/>\n<meta property=\"og:image\" content=\"https:\/\/toypek.eu\/wp-content\/uploads\/2023\/06\/Flush-systeem.jpg\" \/>\n\t<meta property=\"og:image:width\" content=\"1024\" \/>\n\t<meta property=\"og:image:height\" content=\"1024\" \/>\n\t<meta property=\"og:image:type\" content=\"image\/jpeg\" \/>\n<meta name=\"twitter:card\" content=\"summary_large_image\" \/>\n<meta name=\"twitter:label1\" content=\"Dur\u00e9e de lecture estim\u00e9e\" \/>\n\t<meta name=\"twitter:data1\" content=\"1 minute\" \/>\n<script type=\"application\/ld+json\" class=\"yoast-schema-graph\">{\"@context\":\"https:\\\/\\\/schema.org\",\"@graph\":[{\"@type\":\"WebPage\",\"@id\":\"https:\\\/\\\/toypek.eu\\\/fr\\\/produit\\\/systeme-de-chasse\\\/\",\"url\":\"https:\\\/\\\/toypek.eu\\\/fr\\\/produit\\\/systeme-de-chasse\\\/\",\"name\":\"D\u00e9couvrez notre syst\u00e8me de chasse pour toilettes portables !\",\"isPartOf\":{\"@id\":\"https:\\\/\\\/toypek.eu\\\/fr\\\/#website\"},\"primaryImageOfPage\":{\"@id\":\"https:\\\/\\\/toypek.eu\\\/fr\\\/produit\\\/systeme-de-chasse\\\/#primaryimage\"},\"image\":{\"@id\":\"https:\\\/\\\/toypek.eu\\\/fr\\\/produit\\\/systeme-de-chasse\\\/#primaryimage\"},\"thumbnailUrl\":\"https:\\\/\\\/cdn.toypek.eu\\\/images\\\/Flush-systeem.jpg\",\"datePublished\":\"2023-06-09T12:05:04+00:00\",\"dateModified\":\"2023-06-27T16:59:47+00:00\",\"description\":\"Notre syst\u00e8me de chasse d'eau pour toilettes portables peut \u00eatre attach\u00e9 \u00e0 nos cabines Toypek. Le syst\u00e8me de chasse d'eau fonctionne comme un syst\u00e8me de chasse d'eau \u00e0 recirculation, emp\u00eachant l'utilisateur de regarder dans le fond de la cuve des toilettes mobiles.\",\"breadcrumb\":{\"@id\":\"https:\\\/\\\/toypek.eu\\\/fr\\\/produit\\\/systeme-de-chasse\\\/#breadcrumb\"},\"inLanguage\":\"fr-FR\",\"potentialAction\":[{\"@type\":\"ReadAction\",\"target\":[\"https:\\\/\\\/toypek.eu\\\/fr\\\/produit\\\/systeme-de-chasse\\\/\"]}]},{\"@type\":\"ImageObject\",\"inLanguage\":\"fr-FR\",\"@id\":\"https:\\\/\\\/toypek.eu\\\/fr\\\/produit\\\/systeme-de-chasse\\\/#primaryimage\",\"url\":\"https:\\\/\\\/cdn.toypek.eu\\\/images\\\/Flush-systeem.jpg\",\"contentUrl\":\"https:\\\/\\\/cdn.toypek.eu\\\/images\\\/Flush-systeem.jpg\",\"width\":1024,\"height\":1024,\"caption\":\"Spoelsysteem mobiel toilet\"},{\"@type\":\"BreadcrumbList\",\"@id\":\"https:\\\/\\\/toypek.eu\\\/fr\\\/produit\\\/systeme-de-chasse\\\/#breadcrumb\",\"itemListElement\":[{\"@type\":\"ListItem\",\"position\":1,\"name\":\"Home\",\"item\":\"https:\\\/\\\/toypek.eu\\\/fr\\\/\"},{\"@type\":\"ListItem\",\"position\":2,\"name\":\"Boutique\",\"item\":\"https:\\\/\\\/toypek.eu\\\/fr\\\/gamme-de-produits\\\/\"},{\"@type\":\"ListItem\",\"position\":3,\"name\":\"Syst\u00e8me de rin\u00e7age\"}]},{\"@type\":\"WebSite\",\"@id\":\"https:\\\/\\\/toypek.eu\\\/fr\\\/#website\",\"url\":\"https:\\\/\\\/toypek.eu\\\/fr\\\/\",\"name\":\"Toypek\",\"description\":\"\",\"potentialAction\":[{\"@type\":\"SearchAction\",\"target\":{\"@type\":\"EntryPoint\",\"urlTemplate\":\"https:\\\/\\\/toypek.eu\\\/fr\\\/?s={search_term_string}\"},\"query-input\":{\"@type\":\"PropertyValueSpecification\",\"valueRequired\":true,\"valueName\":\"search_term_string\"}}],\"inLanguage\":\"fr-FR\"}]}<\/script>\n<!-- \/ Yoast SEO Premium plugin. -->","yoast_head_json":{"title":"D\u00e9couvrez notre syst\u00e8me de chasse pour toilettes portables !","description":"Notre syst\u00e8me de chasse d'eau pour toilettes portables peut \u00eatre attach\u00e9 \u00e0 nos cabines Toypek. Le syst\u00e8me de chasse d'eau fonctionne comme un syst\u00e8me de chasse d'eau \u00e0 recirculation, emp\u00eachant l'utilisateur de regarder dans le fond de la cuve des toilettes mobiles.","robots":{"index":"index","follow":"follow","max-snippet":"max-snippet:-1","max-image-preview":"max-image-preview:large","max-video-preview":"max-video-preview:-1"},"canonical":"https:\/\/toypek.eu\/fr\/produit\/systeme-de-chasse\/","og_locale":"fr_FR","og_type":"article","og_title":"Syst\u00e8me de rin\u00e7age","og_description":"Notre syst\u00e8me de chasse d'eau pour toilettes portables peut \u00eatre attach\u00e9 \u00e0 nos cabines Toypek. Le syst\u00e8me de chasse d'eau fonctionne comme un syst\u00e8me de chasse d'eau \u00e0 recirculation, emp\u00eachant l'utilisateur de regarder dans le fond de la cuve des toilettes mobiles.","og_url":"https:\/\/toypek.eu\/fr\/produit\/systeme-de-chasse\/","og_site_name":"Toypek","article_modified_time":"2023-06-27T16:59:47+00:00","og_image":[{"width":1024,"height":1024,"url":"https:\/\/toypek.eu\/wp-content\/uploads\/2023\/06\/Flush-systeem.jpg","type":"image\/jpeg"}],"twitter_card":"summary_large_image","twitter_misc":{"Dur\u00e9e de lecture estim\u00e9e":"1 minute"},"schema":{"@context":"https:\/\/schema.org","@graph":[{"@type":"WebPage","@id":"https:\/\/toypek.eu\/fr\/produit\/systeme-de-chasse\/","url":"https:\/\/toypek.eu\/fr\/produit\/systeme-de-chasse\/","name":"D\u00e9couvrez notre syst\u00e8me de chasse pour toilettes portables !","isPartOf":{"@id":"https:\/\/toypek.eu\/fr\/#website"},"primaryImageOfPage":{"@id":"https:\/\/toypek.eu\/fr\/produit\/systeme-de-chasse\/#primaryimage"},"image":{"@id":"https:\/\/toypek.eu\/fr\/produit\/systeme-de-chasse\/#primaryimage"},"thumbnailUrl":"https:\/\/cdn.toypek.eu\/images\/Flush-systeem.jpg","datePublished":"2023-06-09T12:05:04+00:00","dateModified":"2023-06-27T16:59:47+00:00","description":"Notre syst\u00e8me de chasse d'eau pour toilettes portables peut \u00eatre attach\u00e9 \u00e0 nos cabines Toypek. Le syst\u00e8me de chasse d'eau fonctionne comme un syst\u00e8me de chasse d'eau \u00e0 recirculation, emp\u00eachant l'utilisateur de regarder dans le fond de la cuve des toilettes mobiles.","breadcrumb":{"@id":"https:\/\/toypek.eu\/fr\/produit\/systeme-de-chasse\/#breadcrumb"},"inLanguage":"fr-FR","potentialAction":[{"@type":"ReadAction","target":["https:\/\/toypek.eu\/fr\/produit\/systeme-de-chasse\/"]}]},{"@type":"ImageObject","inLanguage":"fr-FR","@id":"https:\/\/toypek.eu\/fr\/produit\/systeme-de-chasse\/#primaryimage","url":"https:\/\/cdn.toypek.eu\/images\/Flush-systeem.jpg","contentUrl":"https:\/\/cdn.toypek.eu\/images\/Flush-systeem.jpg","width":1024,"height":1024,"caption":"Spoelsysteem mobiel toilet"},{"@type":"BreadcrumbList","@id":"https:\/\/toypek.eu\/fr\/produit\/systeme-de-chasse\/#breadcrumb","itemListElement":[{"@type":"ListItem","position":1,"name":"Home","item":"https:\/\/toypek.eu\/fr\/"},{"@type":"ListItem","position":2,"name":"Boutique","item":"https:\/\/toypek.eu\/fr\/gamme-de-produits\/"},{"@type":"ListItem","position":3,"name":"Syst\u00e8me de rin\u00e7age"}]},{"@type":"WebSite","@id":"https:\/\/toypek.eu\/fr\/#website","url":"https:\/\/toypek.eu\/fr\/","name":"Toypek","description":"","potentialAction":[{"@type":"SearchAction","target":{"@type":"EntryPoint","urlTemplate":"https:\/\/toypek.eu\/fr\/?s={search_term_string}"},"query-input":{"@type":"PropertyValueSpecification","valueRequired":true,"valueName":"search_term_string"}}],"inLanguage":"fr-FR"}]}},"_links":{"self":[{"href":"https:\/\/toypek.eu\/fr\/wp-json\/wp\/v2\/product\/11656","targetHints":{"allow":["GET"]}}],"collection":[{"href":"https:\/\/toypek.eu\/fr\/wp-json\/wp\/v2\/product"}],"about":[{"href":"https:\/\/toypek.eu\/fr\/wp-json\/wp\/v2\/types\/product"}],"replies":[{"embeddable":true,"href":"https:\/\/toypek.eu\/fr\/wp-json\/wp\/v2\/comments?post=11656"}],"wp:featuredmedia":[{"embeddable":true,"href":"https:\/\/toypek.eu\/fr\/wp-json\/wp\/v2\/media\/11640"}],"wp:attachment":[{"href":"https:\/\/toypek.eu\/fr\/wp-json\/wp\/v2\/media?parent=11656"}],"wp:term":[{"taxonomy":"product_brand","embeddable":true,"href":"https:\/\/toypek.eu\/fr\/wp-json\/wp\/v2\/product_brand?post=11656"},{"taxonomy":"product_cat","embeddable":true,"href":"https:\/\/toypek.eu\/fr\/wp-json\/wp\/v2\/product_cat?post=11656"},{"taxonomy":"product_tag","embeddable":true,"href":"https:\/\/toypek.eu\/fr\/wp-json\/wp\/v2\/product_tag?post=11656"}],"curies":[{"name":"wp","href":"https:\/\/api.w.org\/{rel}","templated":true}]}}