{"id":11757,"date":"2023-06-09T12:43:40","date_gmt":"2023-06-09T10:43:40","guid":{"rendered":"http:\/\/toypek.eu\/product\/handwas-unit-2\/"},"modified":"2023-06-27T17:26:22","modified_gmt":"2023-06-27T17:26:22","slug":"unite-de-lavage-des-mains","status":"publish","type":"product","link":"https:\/\/toypek.eu\/fr\/produit\/unite-de-lavage-des-mains\/","title":{"rendered":"Unit\u00e9 Lave-mains"},"content":{"rendered":"\n<p>Toypek.eu offre la possibilit&eacute; d&rsquo;inclure une unit&eacute; pratique de lave-mains lors de l&rsquo;achat de vos toilettes chimiques. L&rsquo;unit&eacute; de lavage des mains fournie est dot&eacute;e d&rsquo;un m&eacute;canisme de pompe &agrave; pied qui permet aux utilisateurs de pomper de l&rsquo;eau pour le lavage des mains en fonction des besoins. En choisissant d&rsquo;installer cette unit&eacute; dans votre cabine Toypek, vous n&rsquo;aurez pas de frais d&rsquo;installation suppl&eacute;mentaires.<\/p>\n<p>Pi&egrave;ces incluses :<\/p>\n<p>-Unit&eacute; de lave main<br>\n-Pompe &agrave; pied<br>\n-Tuyaux de raccordement<br>\n-Mat&eacute;riaux de montage.<\/p>\n\n","protected":false},"excerpt":{"rendered":"<p>Personnalisez votre cabine Toypek id\u00e9ale pour r\u00e9pondre \u00e0 vos besoins sp\u00e9cifiques. Nos cabines Toypek offrent une flexibilit\u00e9 totale, vous permettant de choisir des caract\u00e9ristiques suppl\u00e9mentaires telles que notre unit\u00e9 pratique de lavage des mains pour les toilettes portables. Lors de l&rsquo;achat d&rsquo;une toilette portable, il est important de tenir compte de l&rsquo;utilisation pr\u00e9vue, de la couleur pr\u00e9f\u00e9r\u00e9e, des options suppl\u00e9mentaires souhait\u00e9es et des quantit\u00e9s requises. Chez Toypek.eu, nous offrons m\u00eame la possibilit\u00e9 de fabriquer les cabines de toilettes Toypek dans la couleur de votre choix.<\/p>\n","protected":false},"featured_media":11753,"comment_status":"open","ping_status":"closed","template":"","meta":{"_acf_changed":false,"_joinchat":[]},"product_brand":[],"product_cat":[82],"product_tag":[],"class_list":{"0":"post-11757","1":"product","2":"type-product","3":"status-publish","4":"has-post-thumbnail","6":"product_cat-unite-de-lavage-des-mains","8":"first","9":"instock","10":"shipping-taxable","11":"product-type-simple"},"acf":[],"yoast_head":"<!-- This site is optimized with the Yoast SEO Premium plugin v20.8 (Yoast SEO v27.4) - https:\/\/yoast.com\/product\/yoast-seo-premium-wordpress\/ -->\n<title>Produit - Lavabo\/l&#039;unit\u00e9 de lavage des mains portable pour toilettes<\/title>\n<meta name=\"description\" content=\"Toypek.eu propose l&#039;option d&#039;inclure une unit\u00e9 de lavage des mains pratique lors de l&#039;achat de vos toilettes chimiques. L&#039;unit\u00e9 de lavage.\" \/>\n<meta name=\"robots\" content=\"index, follow, max-snippet:-1, max-image-preview:large, max-video-preview:-1\" \/>\n<link rel=\"canonical\" href=\"https:\/\/toypek.eu\/fr\/produit\/unite-de-lavage-des-mains\/\" \/>\n<meta property=\"og:locale\" content=\"fr_FR\" \/>\n<meta property=\"og:type\" content=\"article\" \/>\n<meta property=\"og:title\" content=\"Unit\u00e9 Lave-mains\" \/>\n<meta property=\"og:description\" content=\"Toypek.eu propose l&#039;option d&#039;inclure une unit\u00e9 de lavage des mains pratique lors de l&#039;achat de vos toilettes chimiques. L&#039;unit\u00e9 de lavage.\" \/>\n<meta property=\"og:url\" content=\"https:\/\/toypek.eu\/fr\/produit\/unite-de-lavage-des-mains\/\" \/>\n<meta property=\"og:site_name\" content=\"Toypek\" \/>\n<meta property=\"article:modified_time\" content=\"2023-06-27T17:26:22+00:00\" \/>\n<meta property=\"og:image\" content=\"https:\/\/toypek.eu\/wp-content\/uploads\/2023\/06\/Handwas-unit.jpg\" \/>\n\t<meta property=\"og:image:width\" content=\"1200\" \/>\n\t<meta property=\"og:image:height\" content=\"1200\" \/>\n\t<meta property=\"og:image:type\" content=\"image\/jpeg\" \/>\n<meta name=\"twitter:card\" content=\"summary_large_image\" \/>\n<meta name=\"twitter:label1\" content=\"Dur\u00e9e de lecture estim\u00e9e\" \/>\n\t<meta name=\"twitter:data1\" content=\"1 minute\" \/>\n<script type=\"application\/ld+json\" class=\"yoast-schema-graph\">{\"@context\":\"https:\\\/\\\/schema.org\",\"@graph\":[{\"@type\":\"WebPage\",\"@id\":\"https:\\\/\\\/toypek.eu\\\/fr\\\/produit\\\/unite-de-lavage-des-mains\\\/\",\"url\":\"https:\\\/\\\/toypek.eu\\\/fr\\\/produit\\\/unite-de-lavage-des-mains\\\/\",\"name\":\"Produit - Lavabo\\\/l'unit\u00e9 de lavage des mains portable pour toilettes\",\"isPartOf\":{\"@id\":\"https:\\\/\\\/toypek.eu\\\/fr\\\/#website\"},\"primaryImageOfPage\":{\"@id\":\"https:\\\/\\\/toypek.eu\\\/fr\\\/produit\\\/unite-de-lavage-des-mains\\\/#primaryimage\"},\"image\":{\"@id\":\"https:\\\/\\\/toypek.eu\\\/fr\\\/produit\\\/unite-de-lavage-des-mains\\\/#primaryimage\"},\"thumbnailUrl\":\"https:\\\/\\\/cdn.toypek.eu\\\/images\\\/Handwas-unit.jpg\",\"datePublished\":\"2023-06-09T10:43:40+00:00\",\"dateModified\":\"2023-06-27T17:26:22+00:00\",\"description\":\"Toypek.eu propose l'option d'inclure une unit\u00e9 de lavage des mains pratique lors de l'achat de vos toilettes chimiques. L'unit\u00e9 de lavage.\",\"breadcrumb\":{\"@id\":\"https:\\\/\\\/toypek.eu\\\/fr\\\/produit\\\/unite-de-lavage-des-mains\\\/#breadcrumb\"},\"inLanguage\":\"fr-FR\",\"potentialAction\":[{\"@type\":\"ReadAction\",\"target\":[\"https:\\\/\\\/toypek.eu\\\/fr\\\/produit\\\/unite-de-lavage-des-mains\\\/\"]}]},{\"@type\":\"ImageObject\",\"inLanguage\":\"fr-FR\",\"@id\":\"https:\\\/\\\/toypek.eu\\\/fr\\\/produit\\\/unite-de-lavage-des-mains\\\/#primaryimage\",\"url\":\"https:\\\/\\\/cdn.toypek.eu\\\/images\\\/Handwas-unit.jpg\",\"contentUrl\":\"https:\\\/\\\/cdn.toypek.eu\\\/images\\\/Handwas-unit.jpg\",\"width\":1200,\"height\":1200,\"caption\":\"Handwas unit incl. voetpomp\"},{\"@type\":\"BreadcrumbList\",\"@id\":\"https:\\\/\\\/toypek.eu\\\/fr\\\/produit\\\/unite-de-lavage-des-mains\\\/#breadcrumb\",\"itemListElement\":[{\"@type\":\"ListItem\",\"position\":1,\"name\":\"Home\",\"item\":\"https:\\\/\\\/toypek.eu\\\/fr\\\/\"},{\"@type\":\"ListItem\",\"position\":2,\"name\":\"Boutique\",\"item\":\"https:\\\/\\\/toypek.eu\\\/fr\\\/gamme-de-produits\\\/\"},{\"@type\":\"ListItem\",\"position\":3,\"name\":\"Unit\u00e9 Lave-mains\"}]},{\"@type\":\"WebSite\",\"@id\":\"https:\\\/\\\/toypek.eu\\\/fr\\\/#website\",\"url\":\"https:\\\/\\\/toypek.eu\\\/fr\\\/\",\"name\":\"Toypek\",\"description\":\"\",\"potentialAction\":[{\"@type\":\"SearchAction\",\"target\":{\"@type\":\"EntryPoint\",\"urlTemplate\":\"https:\\\/\\\/toypek.eu\\\/fr\\\/?s={search_term_string}\"},\"query-input\":{\"@type\":\"PropertyValueSpecification\",\"valueRequired\":true,\"valueName\":\"search_term_string\"}}],\"inLanguage\":\"fr-FR\"}]}<\/script>\n<!-- \/ Yoast SEO Premium plugin. -->","yoast_head_json":{"title":"Produit - Lavabo\/l'unit\u00e9 de lavage des mains portable pour toilettes","description":"Toypek.eu propose l'option d'inclure une unit\u00e9 de lavage des mains pratique lors de l'achat de vos toilettes chimiques. L'unit\u00e9 de lavage.","robots":{"index":"index","follow":"follow","max-snippet":"max-snippet:-1","max-image-preview":"max-image-preview:large","max-video-preview":"max-video-preview:-1"},"canonical":"https:\/\/toypek.eu\/fr\/produit\/unite-de-lavage-des-mains\/","og_locale":"fr_FR","og_type":"article","og_title":"Unit\u00e9 Lave-mains","og_description":"Toypek.eu propose l'option d'inclure une unit\u00e9 de lavage des mains pratique lors de l'achat de vos toilettes chimiques. L'unit\u00e9 de lavage.","og_url":"https:\/\/toypek.eu\/fr\/produit\/unite-de-lavage-des-mains\/","og_site_name":"Toypek","article_modified_time":"2023-06-27T17:26:22+00:00","og_image":[{"width":1200,"height":1200,"url":"https:\/\/toypek.eu\/wp-content\/uploads\/2023\/06\/Handwas-unit.jpg","type":"image\/jpeg"}],"twitter_card":"summary_large_image","twitter_misc":{"Dur\u00e9e de lecture estim\u00e9e":"1 minute"},"schema":{"@context":"https:\/\/schema.org","@graph":[{"@type":"WebPage","@id":"https:\/\/toypek.eu\/fr\/produit\/unite-de-lavage-des-mains\/","url":"https:\/\/toypek.eu\/fr\/produit\/unite-de-lavage-des-mains\/","name":"Produit - Lavabo\/l'unit\u00e9 de lavage des mains portable pour toilettes","isPartOf":{"@id":"https:\/\/toypek.eu\/fr\/#website"},"primaryImageOfPage":{"@id":"https:\/\/toypek.eu\/fr\/produit\/unite-de-lavage-des-mains\/#primaryimage"},"image":{"@id":"https:\/\/toypek.eu\/fr\/produit\/unite-de-lavage-des-mains\/#primaryimage"},"thumbnailUrl":"https:\/\/cdn.toypek.eu\/images\/Handwas-unit.jpg","datePublished":"2023-06-09T10:43:40+00:00","dateModified":"2023-06-27T17:26:22+00:00","description":"Toypek.eu propose l'option d'inclure une unit\u00e9 de lavage des mains pratique lors de l'achat de vos toilettes chimiques. L'unit\u00e9 de lavage.","breadcrumb":{"@id":"https:\/\/toypek.eu\/fr\/produit\/unite-de-lavage-des-mains\/#breadcrumb"},"inLanguage":"fr-FR","potentialAction":[{"@type":"ReadAction","target":["https:\/\/toypek.eu\/fr\/produit\/unite-de-lavage-des-mains\/"]}]},{"@type":"ImageObject","inLanguage":"fr-FR","@id":"https:\/\/toypek.eu\/fr\/produit\/unite-de-lavage-des-mains\/#primaryimage","url":"https:\/\/cdn.toypek.eu\/images\/Handwas-unit.jpg","contentUrl":"https:\/\/cdn.toypek.eu\/images\/Handwas-unit.jpg","width":1200,"height":1200,"caption":"Handwas unit incl. voetpomp"},{"@type":"BreadcrumbList","@id":"https:\/\/toypek.eu\/fr\/produit\/unite-de-lavage-des-mains\/#breadcrumb","itemListElement":[{"@type":"ListItem","position":1,"name":"Home","item":"https:\/\/toypek.eu\/fr\/"},{"@type":"ListItem","position":2,"name":"Boutique","item":"https:\/\/toypek.eu\/fr\/gamme-de-produits\/"},{"@type":"ListItem","position":3,"name":"Unit\u00e9 Lave-mains"}]},{"@type":"WebSite","@id":"https:\/\/toypek.eu\/fr\/#website","url":"https:\/\/toypek.eu\/fr\/","name":"Toypek","description":"","potentialAction":[{"@type":"SearchAction","target":{"@type":"EntryPoint","urlTemplate":"https:\/\/toypek.eu\/fr\/?s={search_term_string}"},"query-input":{"@type":"PropertyValueSpecification","valueRequired":true,"valueName":"search_term_string"}}],"inLanguage":"fr-FR"}]}},"_links":{"self":[{"href":"https:\/\/toypek.eu\/fr\/wp-json\/wp\/v2\/product\/11757","targetHints":{"allow":["GET"]}}],"collection":[{"href":"https:\/\/toypek.eu\/fr\/wp-json\/wp\/v2\/product"}],"about":[{"href":"https:\/\/toypek.eu\/fr\/wp-json\/wp\/v2\/types\/product"}],"replies":[{"embeddable":true,"href":"https:\/\/toypek.eu\/fr\/wp-json\/wp\/v2\/comments?post=11757"}],"wp:featuredmedia":[{"embeddable":true,"href":"https:\/\/toypek.eu\/fr\/wp-json\/wp\/v2\/media\/11753"}],"wp:attachment":[{"href":"https:\/\/toypek.eu\/fr\/wp-json\/wp\/v2\/media?parent=11757"}],"wp:term":[{"taxonomy":"product_brand","embeddable":true,"href":"https:\/\/toypek.eu\/fr\/wp-json\/wp\/v2\/product_brand?post=11757"},{"taxonomy":"product_cat","embeddable":true,"href":"https:\/\/toypek.eu\/fr\/wp-json\/wp\/v2\/product_cat?post=11757"},{"taxonomy":"product_tag","embeddable":true,"href":"https:\/\/toypek.eu\/fr\/wp-json\/wp\/v2\/product_tag?post=11757"}],"curies":[{"name":"wp","href":"https:\/\/api.w.org\/{rel}","templated":true}]}}