{"id":11785,"date":"2023-06-09T12:53:06","date_gmt":"2023-06-09T10:53:06","guid":{"rendered":"http:\/\/toypek.eu\/product\/urinoir-2\/"},"modified":"2023-06-27T17:51:01","modified_gmt":"2023-06-27T17:51:01","slug":"urinoir","status":"publish","type":"product","link":"https:\/\/toypek.eu\/fr\/produit\/urinoir\/","title":{"rendered":"Toilette portable Urinoir"},"content":{"rendered":"\n<p>Toypek.eu offre la possibilit&eacute; d&rsquo;ajouter un urinoir &agrave; la cabine Toypek. L&rsquo;urinoir offre des avantages pour le maintien de la propret&eacute; dans vos toilettes mobiles. Lors de l&rsquo;achat d&rsquo;une toilette mobile, MobielToiletKopen.nl recommande d&rsquo;inclure un urinoir. L&rsquo;urinoir permet aux utilisateurs masculins qui pr&eacute;f&egrave;rent rester debout de ne pas uriner sur les bords de la cabine des toilettes mobiles, mais de se concentrer sur l&rsquo;urinoir lui-m&ecirc;me. Cela am&eacute;liore l&rsquo;exp&eacute;rience de l&rsquo;utilisateur et facilite le nettoyage de la cabine Toypek pour le bailleur. L&rsquo;ajout de l&rsquo;urinoir portable n&rsquo;entra&icirc;ne aucun co&ucirc;t d&rsquo;installation suppl&eacute;mentaire.<\/p>\n\n","protected":false},"excerpt":{"rendered":"<p>Personnalisez vos toilettes mobiles selon vos pr\u00e9f\u00e9rences. Nos toilettes peuvent \u00eatre enti\u00e8rement assembl\u00e9es selon vos sp\u00e9cifications, y compris l&rsquo;ajout d&rsquo;un urinoir et de la tuyauterie. Lors de l&rsquo;achat d&rsquo;un WC portable, r\u00e9fl\u00e9chissez bien \u00e0 l&rsquo;utilisation pr\u00e9vue, \u00e0 la couleur souhait\u00e9e, aux options suppl\u00e9mentaires et aux quantit\u00e9s. Nous offrons m\u00eame la possibilit\u00e9 de fabriquer les unit\u00e9s de toilettes dans la couleur de votre choix.<\/p>\n","protected":false},"featured_media":11771,"comment_status":"open","ping_status":"closed","template":"","meta":{"_acf_changed":false,"_joinchat":[]},"product_brand":[],"product_cat":[89],"product_tag":[],"class_list":{"0":"post-11785","1":"product","2":"type-product","3":"status-publish","4":"has-post-thumbnail","6":"product_cat-urinoir-fr","8":"first","9":"instock","10":"shipping-taxable","11":"product-type-simple"},"acf":[],"yoast_head":"<!-- This site is optimized with the Yoast SEO Premium plugin v20.8 (Yoast SEO v27.4) - https:\/\/yoast.com\/product\/yoast-seo-premium-wordpress\/ -->\n<title>Produit - Urinoir pour toilettes portables - Toypek.eu<\/title>\n<meta name=\"description\" content=\"Toypek.eu propose l&#039;option d&#039;ajouter un urinoir \u00e0 la cabine Toypek. L&#039;urinoir offre des avantages pour maintenir la propret\u00e9 de vos toilettes mobiles.\" \/>\n<meta name=\"robots\" content=\"index, follow, max-snippet:-1, max-image-preview:large, max-video-preview:-1\" \/>\n<link rel=\"canonical\" href=\"https:\/\/toypek.eu\/fr\/produit\/urinoir\/\" \/>\n<meta property=\"og:locale\" content=\"fr_FR\" \/>\n<meta property=\"og:type\" content=\"article\" \/>\n<meta property=\"og:title\" content=\"Toilette portable Urinoir\" \/>\n<meta property=\"og:description\" content=\"Toypek.eu propose l&#039;option d&#039;ajouter un urinoir \u00e0 la cabine Toypek. L&#039;urinoir offre des avantages pour maintenir la propret\u00e9 de vos toilettes mobiles.\" \/>\n<meta property=\"og:url\" content=\"https:\/\/toypek.eu\/fr\/produit\/urinoir\/\" \/>\n<meta property=\"og:site_name\" content=\"Toypek\" \/>\n<meta property=\"article:modified_time\" content=\"2023-06-27T17:51:01+00:00\" \/>\n<meta property=\"og:image\" content=\"https:\/\/toypek.eu\/wp-content\/uploads\/2023\/06\/Urinoir-2.jpg\" \/>\n\t<meta property=\"og:image:width\" content=\"1200\" \/>\n\t<meta property=\"og:image:height\" content=\"1200\" \/>\n\t<meta property=\"og:image:type\" content=\"image\/jpeg\" \/>\n<meta name=\"twitter:card\" content=\"summary_large_image\" \/>\n<meta name=\"twitter:label1\" content=\"Dur\u00e9e de lecture estim\u00e9e\" \/>\n\t<meta name=\"twitter:data1\" content=\"1 minute\" \/>\n<script type=\"application\/ld+json\" class=\"yoast-schema-graph\">{\"@context\":\"https:\\\/\\\/schema.org\",\"@graph\":[{\"@type\":\"WebPage\",\"@id\":\"https:\\\/\\\/toypek.eu\\\/fr\\\/produit\\\/urinoir\\\/\",\"url\":\"https:\\\/\\\/toypek.eu\\\/fr\\\/produit\\\/urinoir\\\/\",\"name\":\"Produit - Urinoir pour toilettes portables - Toypek.eu\",\"isPartOf\":{\"@id\":\"https:\\\/\\\/toypek.eu\\\/fr\\\/#website\"},\"primaryImageOfPage\":{\"@id\":\"https:\\\/\\\/toypek.eu\\\/fr\\\/produit\\\/urinoir\\\/#primaryimage\"},\"image\":{\"@id\":\"https:\\\/\\\/toypek.eu\\\/fr\\\/produit\\\/urinoir\\\/#primaryimage\"},\"thumbnailUrl\":\"https:\\\/\\\/cdn.toypek.eu\\\/images\\\/Urinoir-2.jpg\",\"datePublished\":\"2023-06-09T10:53:06+00:00\",\"dateModified\":\"2023-06-27T17:51:01+00:00\",\"description\":\"Toypek.eu propose l'option d'ajouter un urinoir \u00e0 la cabine Toypek. L'urinoir offre des avantages pour maintenir la propret\u00e9 de vos toilettes mobiles.\",\"breadcrumb\":{\"@id\":\"https:\\\/\\\/toypek.eu\\\/fr\\\/produit\\\/urinoir\\\/#breadcrumb\"},\"inLanguage\":\"fr-FR\",\"potentialAction\":[{\"@type\":\"ReadAction\",\"target\":[\"https:\\\/\\\/toypek.eu\\\/fr\\\/produit\\\/urinoir\\\/\"]}]},{\"@type\":\"ImageObject\",\"inLanguage\":\"fr-FR\",\"@id\":\"https:\\\/\\\/toypek.eu\\\/fr\\\/produit\\\/urinoir\\\/#primaryimage\",\"url\":\"https:\\\/\\\/cdn.toypek.eu\\\/images\\\/Urinoir-2.jpg\",\"contentUrl\":\"https:\\\/\\\/cdn.toypek.eu\\\/images\\\/Urinoir-2.jpg\",\"width\":1200,\"height\":1200,\"caption\":\"Urinoir\"},{\"@type\":\"BreadcrumbList\",\"@id\":\"https:\\\/\\\/toypek.eu\\\/fr\\\/produit\\\/urinoir\\\/#breadcrumb\",\"itemListElement\":[{\"@type\":\"ListItem\",\"position\":1,\"name\":\"Home\",\"item\":\"https:\\\/\\\/toypek.eu\\\/fr\\\/\"},{\"@type\":\"ListItem\",\"position\":2,\"name\":\"Boutique\",\"item\":\"https:\\\/\\\/toypek.eu\\\/fr\\\/gamme-de-produits\\\/\"},{\"@type\":\"ListItem\",\"position\":3,\"name\":\"Toilette portable Urinoir\"}]},{\"@type\":\"WebSite\",\"@id\":\"https:\\\/\\\/toypek.eu\\\/fr\\\/#website\",\"url\":\"https:\\\/\\\/toypek.eu\\\/fr\\\/\",\"name\":\"Toypek\",\"description\":\"\",\"potentialAction\":[{\"@type\":\"SearchAction\",\"target\":{\"@type\":\"EntryPoint\",\"urlTemplate\":\"https:\\\/\\\/toypek.eu\\\/fr\\\/?s={search_term_string}\"},\"query-input\":{\"@type\":\"PropertyValueSpecification\",\"valueRequired\":true,\"valueName\":\"search_term_string\"}}],\"inLanguage\":\"fr-FR\"}]}<\/script>\n<!-- \/ Yoast SEO Premium plugin. -->","yoast_head_json":{"title":"Produit - Urinoir pour toilettes portables - Toypek.eu","description":"Toypek.eu propose l'option d'ajouter un urinoir \u00e0 la cabine Toypek. L'urinoir offre des avantages pour maintenir la propret\u00e9 de vos toilettes mobiles.","robots":{"index":"index","follow":"follow","max-snippet":"max-snippet:-1","max-image-preview":"max-image-preview:large","max-video-preview":"max-video-preview:-1"},"canonical":"https:\/\/toypek.eu\/fr\/produit\/urinoir\/","og_locale":"fr_FR","og_type":"article","og_title":"Toilette portable Urinoir","og_description":"Toypek.eu propose l'option d'ajouter un urinoir \u00e0 la cabine Toypek. L'urinoir offre des avantages pour maintenir la propret\u00e9 de vos toilettes mobiles.","og_url":"https:\/\/toypek.eu\/fr\/produit\/urinoir\/","og_site_name":"Toypek","article_modified_time":"2023-06-27T17:51:01+00:00","og_image":[{"width":1200,"height":1200,"url":"https:\/\/toypek.eu\/wp-content\/uploads\/2023\/06\/Urinoir-2.jpg","type":"image\/jpeg"}],"twitter_card":"summary_large_image","twitter_misc":{"Dur\u00e9e de lecture estim\u00e9e":"1 minute"},"schema":{"@context":"https:\/\/schema.org","@graph":[{"@type":"WebPage","@id":"https:\/\/toypek.eu\/fr\/produit\/urinoir\/","url":"https:\/\/toypek.eu\/fr\/produit\/urinoir\/","name":"Produit - Urinoir pour toilettes portables - Toypek.eu","isPartOf":{"@id":"https:\/\/toypek.eu\/fr\/#website"},"primaryImageOfPage":{"@id":"https:\/\/toypek.eu\/fr\/produit\/urinoir\/#primaryimage"},"image":{"@id":"https:\/\/toypek.eu\/fr\/produit\/urinoir\/#primaryimage"},"thumbnailUrl":"https:\/\/cdn.toypek.eu\/images\/Urinoir-2.jpg","datePublished":"2023-06-09T10:53:06+00:00","dateModified":"2023-06-27T17:51:01+00:00","description":"Toypek.eu propose l'option d'ajouter un urinoir \u00e0 la cabine Toypek. L'urinoir offre des avantages pour maintenir la propret\u00e9 de vos toilettes mobiles.","breadcrumb":{"@id":"https:\/\/toypek.eu\/fr\/produit\/urinoir\/#breadcrumb"},"inLanguage":"fr-FR","potentialAction":[{"@type":"ReadAction","target":["https:\/\/toypek.eu\/fr\/produit\/urinoir\/"]}]},{"@type":"ImageObject","inLanguage":"fr-FR","@id":"https:\/\/toypek.eu\/fr\/produit\/urinoir\/#primaryimage","url":"https:\/\/cdn.toypek.eu\/images\/Urinoir-2.jpg","contentUrl":"https:\/\/cdn.toypek.eu\/images\/Urinoir-2.jpg","width":1200,"height":1200,"caption":"Urinoir"},{"@type":"BreadcrumbList","@id":"https:\/\/toypek.eu\/fr\/produit\/urinoir\/#breadcrumb","itemListElement":[{"@type":"ListItem","position":1,"name":"Home","item":"https:\/\/toypek.eu\/fr\/"},{"@type":"ListItem","position":2,"name":"Boutique","item":"https:\/\/toypek.eu\/fr\/gamme-de-produits\/"},{"@type":"ListItem","position":3,"name":"Toilette portable Urinoir"}]},{"@type":"WebSite","@id":"https:\/\/toypek.eu\/fr\/#website","url":"https:\/\/toypek.eu\/fr\/","name":"Toypek","description":"","potentialAction":[{"@type":"SearchAction","target":{"@type":"EntryPoint","urlTemplate":"https:\/\/toypek.eu\/fr\/?s={search_term_string}"},"query-input":{"@type":"PropertyValueSpecification","valueRequired":true,"valueName":"search_term_string"}}],"inLanguage":"fr-FR"}]}},"_links":{"self":[{"href":"https:\/\/toypek.eu\/fr\/wp-json\/wp\/v2\/product\/11785","targetHints":{"allow":["GET"]}}],"collection":[{"href":"https:\/\/toypek.eu\/fr\/wp-json\/wp\/v2\/product"}],"about":[{"href":"https:\/\/toypek.eu\/fr\/wp-json\/wp\/v2\/types\/product"}],"replies":[{"embeddable":true,"href":"https:\/\/toypek.eu\/fr\/wp-json\/wp\/v2\/comments?post=11785"}],"wp:featuredmedia":[{"embeddable":true,"href":"https:\/\/toypek.eu\/fr\/wp-json\/wp\/v2\/media\/11771"}],"wp:attachment":[{"href":"https:\/\/toypek.eu\/fr\/wp-json\/wp\/v2\/media?parent=11785"}],"wp:term":[{"taxonomy":"product_brand","embeddable":true,"href":"https:\/\/toypek.eu\/fr\/wp-json\/wp\/v2\/product_brand?post=11785"},{"taxonomy":"product_cat","embeddable":true,"href":"https:\/\/toypek.eu\/fr\/wp-json\/wp\/v2\/product_cat?post=11785"},{"taxonomy":"product_tag","embeddable":true,"href":"https:\/\/toypek.eu\/fr\/wp-json\/wp\/v2\/product_tag?post=11785"}],"curies":[{"name":"wp","href":"https:\/\/api.w.org\/{rel}","templated":true}]}}