{"id":11798,"date":"2023-06-09T12:31:04","date_gmt":"2023-06-09T10:31:04","guid":{"rendered":"http:\/\/toypek.eu\/product\/evergreen-gold-tabletten-2\/"},"modified":"2023-06-27T18:09:17","modified_gmt":"2023-06-27T18:09:17","slug":"comprimes-evergreen-gold","status":"publish","type":"product","link":"https:\/\/toypek.eu\/fr\/produit\/comprimes-evergreen-gold\/","title":{"rendered":"Comprim\u00e9s Evergreen Gold"},"content":{"rendered":"\n<p>Les tablettes EverGreen Gold utilisent des ingr&eacute;dients avanc&eacute;s pour contr&ocirc;ler naturellement les odeurs. Elles d&eacute;composent efficacement le papier et les d&eacute;chets, r&eacute;duisant ainsi les accumulations et les mati&egrave;res organiques. En utilisant le nettoyant pour toilettes portables EverGreen Gold, vous pouvez r&eacute;duire les co&ucirc;ts d&rsquo;&eacute;limination des d&eacute;chets et promouvoir des pratiques respectueuses de l&rsquo;environnement, car il est non toxique et 100 % biod&eacute;gradable. Pour plus de commodit&eacute;, les pastilles de bleuissement peuvent &eacute;galement &ecirc;tre achet&eacute;es sous forme de liquide de toilette en barils. Ces d&eacute;sodorisants polyvalents pour toilettes portables conviennent aussi bien &agrave; l&rsquo;hiver qu&rsquo;&agrave; l&rsquo;&eacute;t&eacute;, ce qui les rend id&eacute;aux pour les longues p&eacute;riodes et les environnements chauds. Les entreprises de services sanitaires trouveront que ces tablettes sont faciles &agrave; utiliser et qu&rsquo;elles permettent de gagner du temps !<\/p>\n<p>Contr&ocirc;le des odeurs enti&egrave;rement naturel pour un environnement agr&eacute;able.<br>\nD&eacute;sodorisants &agrave; action rapide et tr&egrave;s efficaces pour combattre les odeurs.<br>\nCouleur non tachante qui pr&eacute;serve l&rsquo;aspect de vos toilettes portables.<br>\nFonctionne bien dans tous les climats, assurant une performance constante.<br>\nRespectueux de l&rsquo;environnement et biod&eacute;gradable.<br>\nD&eacute;compose le papier et les d&eacute;chets pour une meilleure propret&eacute;.<\/p>\n\n","protected":false},"excerpt":{"rendered":"<p>Personnalisez vos toilettes portables en fonction de vos pr\u00e9f\u00e9rences gr\u00e2ce \u00e0 nos unit\u00e9s de toilettes polyvalentes. Pour garantir la propret\u00e9, nous proposons des nettoyants pour toilettes portables tels que les tablettes Evergreen Gold, tr\u00e8s efficaces. Lors de l&rsquo;achat d&rsquo;un WC portable, il est essentiel de prendre en compte son utilisation, les options de couleur, les caract\u00e9ristiques suppl\u00e9mentaires et l&rsquo;entretien. Vous avez m\u00eame la possibilit\u00e9 de faire fabriquer les unit\u00e9s de toilettes dans la couleur de votre choix.<\/p>\n","protected":false},"featured_media":11794,"comment_status":"open","ping_status":"closed","template":"","meta":{"_acf_changed":false,"_joinchat":[]},"product_brand":[],"product_cat":[81],"product_tag":[],"class_list":{"0":"post-11798","1":"product","2":"type-product","3":"status-publish","4":"has-post-thumbnail","6":"product_cat-tablettes-de-toilette","8":"first","9":"instock","10":"shipping-taxable","11":"product-type-simple"},"acf":[],"yoast_head":"<!-- This site is optimized with the Yoast SEO Premium plugin v20.8 (Yoast SEO v27.4) - https:\/\/yoast.com\/product\/yoast-seo-premium-wordpress\/ -->\n<title>Produit - Comprim\u00e9s Evergreen Gold, d\u00e9sodorisants pour toilettes<\/title>\n<meta name=\"description\" content=\"Les comprim\u00e9s EverGreen Gold utilisent des ingr\u00e9dients avanc\u00e9s pour contr\u00f4ler naturellement les odeurs.\" \/>\n<meta name=\"robots\" content=\"index, follow, max-snippet:-1, max-image-preview:large, max-video-preview:-1\" \/>\n<link rel=\"canonical\" href=\"https:\/\/toypek.eu\/fr\/produit\/comprimes-evergreen-gold\/\" \/>\n<meta property=\"og:locale\" content=\"fr_FR\" \/>\n<meta property=\"og:type\" content=\"article\" \/>\n<meta property=\"og:title\" content=\"Comprim\u00e9s Evergreen Gold\" \/>\n<meta property=\"og:description\" content=\"Les comprim\u00e9s EverGreen Gold utilisent des ingr\u00e9dients avanc\u00e9s pour contr\u00f4ler naturellement les odeurs.\" \/>\n<meta property=\"og:url\" content=\"https:\/\/toypek.eu\/fr\/produit\/comprimes-evergreen-gold\/\" \/>\n<meta property=\"og:site_name\" content=\"Toypek\" \/>\n<meta property=\"article:modified_time\" content=\"2023-06-27T18:09:17+00:00\" \/>\n<meta property=\"og:image\" content=\"https:\/\/toypek.eu\/wp-content\/uploads\/2023\/06\/Evergreen-tablets.jpg\" \/>\n\t<meta property=\"og:image:width\" content=\"623\" \/>\n\t<meta property=\"og:image:height\" content=\"294\" \/>\n\t<meta property=\"og:image:type\" content=\"image\/jpeg\" \/>\n<meta name=\"twitter:card\" content=\"summary_large_image\" \/>\n<meta name=\"twitter:label1\" content=\"Dur\u00e9e de lecture estim\u00e9e\" \/>\n\t<meta name=\"twitter:data1\" content=\"1 minute\" \/>\n<script type=\"application\/ld+json\" class=\"yoast-schema-graph\">{\"@context\":\"https:\\\/\\\/schema.org\",\"@graph\":[{\"@type\":\"WebPage\",\"@id\":\"https:\\\/\\\/toypek.eu\\\/fr\\\/produit\\\/comprimes-evergreen-gold\\\/\",\"url\":\"https:\\\/\\\/toypek.eu\\\/fr\\\/produit\\\/comprimes-evergreen-gold\\\/\",\"name\":\"Produit - Comprim\u00e9s Evergreen Gold, d\u00e9sodorisants pour toilettes\",\"isPartOf\":{\"@id\":\"https:\\\/\\\/toypek.eu\\\/fr\\\/#website\"},\"primaryImageOfPage\":{\"@id\":\"https:\\\/\\\/toypek.eu\\\/fr\\\/produit\\\/comprimes-evergreen-gold\\\/#primaryimage\"},\"image\":{\"@id\":\"https:\\\/\\\/toypek.eu\\\/fr\\\/produit\\\/comprimes-evergreen-gold\\\/#primaryimage\"},\"thumbnailUrl\":\"https:\\\/\\\/cdn.toypek.eu\\\/images\\\/Evergreen-tablets.jpg\",\"datePublished\":\"2023-06-09T10:31:04+00:00\",\"dateModified\":\"2023-06-27T18:09:17+00:00\",\"description\":\"Les comprim\u00e9s EverGreen Gold utilisent des ingr\u00e9dients avanc\u00e9s pour contr\u00f4ler naturellement les odeurs.\",\"breadcrumb\":{\"@id\":\"https:\\\/\\\/toypek.eu\\\/fr\\\/produit\\\/comprimes-evergreen-gold\\\/#breadcrumb\"},\"inLanguage\":\"fr-FR\",\"potentialAction\":[{\"@type\":\"ReadAction\",\"target\":[\"https:\\\/\\\/toypek.eu\\\/fr\\\/produit\\\/comprimes-evergreen-gold\\\/\"]}]},{\"@type\":\"ImageObject\",\"inLanguage\":\"fr-FR\",\"@id\":\"https:\\\/\\\/toypek.eu\\\/fr\\\/produit\\\/comprimes-evergreen-gold\\\/#primaryimage\",\"url\":\"https:\\\/\\\/cdn.toypek.eu\\\/images\\\/Evergreen-tablets.jpg\",\"contentUrl\":\"https:\\\/\\\/cdn.toypek.eu\\\/images\\\/Evergreen-tablets.jpg\",\"width\":623,\"height\":294,\"caption\":\"Evergreen Gold tabletten\"},{\"@type\":\"BreadcrumbList\",\"@id\":\"https:\\\/\\\/toypek.eu\\\/fr\\\/produit\\\/comprimes-evergreen-gold\\\/#breadcrumb\",\"itemListElement\":[{\"@type\":\"ListItem\",\"position\":1,\"name\":\"Home\",\"item\":\"https:\\\/\\\/toypek.eu\\\/fr\\\/\"},{\"@type\":\"ListItem\",\"position\":2,\"name\":\"Boutique\",\"item\":\"https:\\\/\\\/toypek.eu\\\/fr\\\/gamme-de-produits\\\/\"},{\"@type\":\"ListItem\",\"position\":3,\"name\":\"Comprim\u00e9s Evergreen Gold\"}]},{\"@type\":\"WebSite\",\"@id\":\"https:\\\/\\\/toypek.eu\\\/fr\\\/#website\",\"url\":\"https:\\\/\\\/toypek.eu\\\/fr\\\/\",\"name\":\"Toypek\",\"description\":\"\",\"potentialAction\":[{\"@type\":\"SearchAction\",\"target\":{\"@type\":\"EntryPoint\",\"urlTemplate\":\"https:\\\/\\\/toypek.eu\\\/fr\\\/?s={search_term_string}\"},\"query-input\":{\"@type\":\"PropertyValueSpecification\",\"valueRequired\":true,\"valueName\":\"search_term_string\"}}],\"inLanguage\":\"fr-FR\"}]}<\/script>\n<!-- \/ Yoast SEO Premium plugin. -->","yoast_head_json":{"title":"Produit - Comprim\u00e9s Evergreen Gold, d\u00e9sodorisants pour toilettes","description":"Les comprim\u00e9s EverGreen Gold utilisent des ingr\u00e9dients avanc\u00e9s pour contr\u00f4ler naturellement les odeurs.","robots":{"index":"index","follow":"follow","max-snippet":"max-snippet:-1","max-image-preview":"max-image-preview:large","max-video-preview":"max-video-preview:-1"},"canonical":"https:\/\/toypek.eu\/fr\/produit\/comprimes-evergreen-gold\/","og_locale":"fr_FR","og_type":"article","og_title":"Comprim\u00e9s Evergreen Gold","og_description":"Les comprim\u00e9s EverGreen Gold utilisent des ingr\u00e9dients avanc\u00e9s pour contr\u00f4ler naturellement les odeurs.","og_url":"https:\/\/toypek.eu\/fr\/produit\/comprimes-evergreen-gold\/","og_site_name":"Toypek","article_modified_time":"2023-06-27T18:09:17+00:00","og_image":[{"width":623,"height":294,"url":"https:\/\/toypek.eu\/wp-content\/uploads\/2023\/06\/Evergreen-tablets.jpg","type":"image\/jpeg"}],"twitter_card":"summary_large_image","twitter_misc":{"Dur\u00e9e de lecture estim\u00e9e":"1 minute"},"schema":{"@context":"https:\/\/schema.org","@graph":[{"@type":"WebPage","@id":"https:\/\/toypek.eu\/fr\/produit\/comprimes-evergreen-gold\/","url":"https:\/\/toypek.eu\/fr\/produit\/comprimes-evergreen-gold\/","name":"Produit - Comprim\u00e9s Evergreen Gold, d\u00e9sodorisants pour toilettes","isPartOf":{"@id":"https:\/\/toypek.eu\/fr\/#website"},"primaryImageOfPage":{"@id":"https:\/\/toypek.eu\/fr\/produit\/comprimes-evergreen-gold\/#primaryimage"},"image":{"@id":"https:\/\/toypek.eu\/fr\/produit\/comprimes-evergreen-gold\/#primaryimage"},"thumbnailUrl":"https:\/\/cdn.toypek.eu\/images\/Evergreen-tablets.jpg","datePublished":"2023-06-09T10:31:04+00:00","dateModified":"2023-06-27T18:09:17+00:00","description":"Les comprim\u00e9s EverGreen Gold utilisent des ingr\u00e9dients avanc\u00e9s pour contr\u00f4ler naturellement les odeurs.","breadcrumb":{"@id":"https:\/\/toypek.eu\/fr\/produit\/comprimes-evergreen-gold\/#breadcrumb"},"inLanguage":"fr-FR","potentialAction":[{"@type":"ReadAction","target":["https:\/\/toypek.eu\/fr\/produit\/comprimes-evergreen-gold\/"]}]},{"@type":"ImageObject","inLanguage":"fr-FR","@id":"https:\/\/toypek.eu\/fr\/produit\/comprimes-evergreen-gold\/#primaryimage","url":"https:\/\/cdn.toypek.eu\/images\/Evergreen-tablets.jpg","contentUrl":"https:\/\/cdn.toypek.eu\/images\/Evergreen-tablets.jpg","width":623,"height":294,"caption":"Evergreen Gold tabletten"},{"@type":"BreadcrumbList","@id":"https:\/\/toypek.eu\/fr\/produit\/comprimes-evergreen-gold\/#breadcrumb","itemListElement":[{"@type":"ListItem","position":1,"name":"Home","item":"https:\/\/toypek.eu\/fr\/"},{"@type":"ListItem","position":2,"name":"Boutique","item":"https:\/\/toypek.eu\/fr\/gamme-de-produits\/"},{"@type":"ListItem","position":3,"name":"Comprim\u00e9s Evergreen Gold"}]},{"@type":"WebSite","@id":"https:\/\/toypek.eu\/fr\/#website","url":"https:\/\/toypek.eu\/fr\/","name":"Toypek","description":"","potentialAction":[{"@type":"SearchAction","target":{"@type":"EntryPoint","urlTemplate":"https:\/\/toypek.eu\/fr\/?s={search_term_string}"},"query-input":{"@type":"PropertyValueSpecification","valueRequired":true,"valueName":"search_term_string"}}],"inLanguage":"fr-FR"}]}},"_links":{"self":[{"href":"https:\/\/toypek.eu\/fr\/wp-json\/wp\/v2\/product\/11798","targetHints":{"allow":["GET"]}}],"collection":[{"href":"https:\/\/toypek.eu\/fr\/wp-json\/wp\/v2\/product"}],"about":[{"href":"https:\/\/toypek.eu\/fr\/wp-json\/wp\/v2\/types\/product"}],"replies":[{"embeddable":true,"href":"https:\/\/toypek.eu\/fr\/wp-json\/wp\/v2\/comments?post=11798"}],"wp:featuredmedia":[{"embeddable":true,"href":"https:\/\/toypek.eu\/fr\/wp-json\/wp\/v2\/media\/11794"}],"wp:attachment":[{"href":"https:\/\/toypek.eu\/fr\/wp-json\/wp\/v2\/media?parent=11798"}],"wp:term":[{"taxonomy":"product_brand","embeddable":true,"href":"https:\/\/toypek.eu\/fr\/wp-json\/wp\/v2\/product_brand?post=11798"},{"taxonomy":"product_cat","embeddable":true,"href":"https:\/\/toypek.eu\/fr\/wp-json\/wp\/v2\/product_cat?post=11798"},{"taxonomy":"product_tag","embeddable":true,"href":"https:\/\/toypek.eu\/fr\/wp-json\/wp\/v2\/product_tag?post=11798"}],"curies":[{"name":"wp","href":"https:\/\/api.w.org\/{rel}","templated":true}]}}