{"id":11822,"date":"2023-06-09T13:09:41","date_gmt":"2023-06-09T13:09:41","guid":{"rendered":"http:\/\/toypek.eu\/product\/single-toiletaanhanger-2\/"},"modified":"2025-11-24T14:36:44","modified_gmt":"2025-11-24T13:36:44","slug":"remorque-sanitaire-type-1","status":"publish","type":"product","link":"https:\/\/toypek.eu\/fr\/produit\/remorque-sanitaire-type-1\/","title":{"rendered":"Remorque sanitaire Type 1"},"content":{"rendered":"\n<p>\nLa remorque sanitaire simple Type 1 est fabriqu&eacute;e &agrave; partir de mat&eacute;riaux de haute qualit&eacute; et est fournie avec une d&eacute;claration COC, permettant son utilisation dans toute l&rsquo;Europe. Elle est &eacute;quip&eacute;e de 2 ou 3 pieds de stabilisation ainsi que d&rsquo;une &eacute;chelle &agrave; marches grillag&eacute;es, facile &agrave; nettoyer.\n<\/p>\n<p>\nCes remorques sanitaires portables sont sp&eacute;cialement con&ccedil;ues pour accueillir nos cabines Toypek. Les cabines sont solidement fix&eacute;es &agrave; la remorque sanitaire simple Type 1 au moyen de coins d&rsquo;ancrage, de plaques en aluminium, de boulons et d&rsquo;&eacute;crous de s&eacute;curit&eacute;.<br>\nLa remorque dispose &eacute;galement d&rsquo;anneaux d&rsquo;arrimage pour s&eacute;curiser les cabines &agrave; l&rsquo;aide de sangles de tension, garantissant leur maintien pendant le transport.\n<\/p>\n<p>\nNos remorques sanitaires sont faciles &agrave; nettoyer, n&eacute;cessitent peu d&rsquo;entretien et peuvent &ecirc;tre utilis&eacute;es sur tout type de terrain.<\/p>\n\n","protected":false},"excerpt":{"rendered":"<p>Composez votre propre remorque sanitaire selon vos souhaits. Nos remorques sanitaires peuvent \u00eatre enti\u00e8rement personnalis\u00e9es selon vos besoins. Si vous envisagez de louer des produits sanitaires mobiles, il est judicieux de r\u00e9fl\u00e9chir \u00e0 l&rsquo;utilisation pr\u00e9vue, aux options suppl\u00e9mentaires, aux couleurs et aux quantit\u00e9s n\u00e9cessaires. De plus, les loueurs sont souvent confront\u00e9s \u00e0 des activit\u00e9s de transport, et nos remorques sanitaires peuvent vous simplifier la t\u00e2che\u202f!<\/p>\n","protected":false},"featured_media":11236,"comment_status":"open","ping_status":"closed","template":"","meta":{"_acf_changed":false,"_joinchat":[]},"product_brand":[],"product_cat":[69],"product_tag":[],"class_list":{"0":"post-11822","1":"product","2":"type-product","3":"status-publish","4":"has-post-thumbnail","6":"product_cat-remorque-de-toilette","8":"first","9":"instock","10":"shipping-taxable","11":"product-type-variable"},"acf":[],"yoast_head":"<!-- This site is optimized with the Yoast SEO Premium plugin v20.8 (Yoast SEO v27.4) - https:\/\/yoast.com\/product\/yoast-seo-premium-wordpress\/ -->\n<title>Remorque de toilettes portables individuelle \u00e0 vendre | Topyek<\/title>\n<meta name=\"description\" content=\"La remorque de toilette individuelle de type 1 est fabriqu\u00e9e avec des mat\u00e9riaux de haute qualit\u00e9 \u2713 D\u00e9claration du COC \u2713 Longue dur\u00e9e de vie\" \/>\n<meta name=\"robots\" content=\"index, follow, max-snippet:-1, max-image-preview:large, max-video-preview:-1\" \/>\n<link rel=\"canonical\" href=\"https:\/\/toypek.eu\/fr\/produit\/remorque-sanitaire-type-1\/\" \/>\n<meta property=\"og:locale\" content=\"fr_FR\" \/>\n<meta property=\"og:type\" content=\"article\" \/>\n<meta property=\"og:title\" content=\"Remorque sanitaire Type 1\" \/>\n<meta property=\"og:description\" content=\"La remorque de toilette individuelle de type 1 est fabriqu\u00e9e avec des mat\u00e9riaux de haute qualit\u00e9 \u2713 D\u00e9claration du COC \u2713 Longue dur\u00e9e de vie\" \/>\n<meta property=\"og:url\" content=\"https:\/\/toypek.eu\/fr\/produit\/remorque-sanitaire-type-1\/\" \/>\n<meta property=\"og:site_name\" content=\"Toypek\" \/>\n<meta property=\"article:modified_time\" content=\"2025-11-24T13:36:44+00:00\" \/>\n<meta property=\"og:image\" content=\"https:\/\/cdn.toypek.eu\/images\/tp-img-216.png\" \/>\n\t<meta property=\"og:image:width\" content=\"1000\" \/>\n\t<meta property=\"og:image:height\" content=\"1000\" \/>\n\t<meta property=\"og:image:type\" content=\"image\/png\" \/>\n<meta name=\"twitter:card\" content=\"summary_large_image\" \/>\n<meta name=\"twitter:label1\" content=\"Dur\u00e9e de lecture estim\u00e9e\" \/>\n\t<meta name=\"twitter:data1\" content=\"1 minute\" \/>\n<script type=\"application\/ld+json\" class=\"yoast-schema-graph\">{\"@context\":\"https:\\\/\\\/schema.org\",\"@graph\":[{\"@type\":\"WebPage\",\"@id\":\"https:\\\/\\\/toypek.eu\\\/fr\\\/produit\\\/remorque-sanitaire-type-1\\\/\",\"url\":\"https:\\\/\\\/toypek.eu\\\/fr\\\/produit\\\/remorque-sanitaire-type-1\\\/\",\"name\":\"Remorque de toilettes portables individuelle \u00e0 vendre | Topyek\",\"isPartOf\":{\"@id\":\"https:\\\/\\\/toypek.eu\\\/fr\\\/#website\"},\"primaryImageOfPage\":{\"@id\":\"https:\\\/\\\/toypek.eu\\\/fr\\\/produit\\\/remorque-sanitaire-type-1\\\/#primaryimage\"},\"image\":{\"@id\":\"https:\\\/\\\/toypek.eu\\\/fr\\\/produit\\\/remorque-sanitaire-type-1\\\/#primaryimage\"},\"thumbnailUrl\":\"https:\\\/\\\/cdn.toypek.eu\\\/images\\\/tp-img-216.png\",\"datePublished\":\"2023-06-09T13:09:41+00:00\",\"dateModified\":\"2025-11-24T13:36:44+00:00\",\"description\":\"La remorque de toilette individuelle de type 1 est fabriqu\u00e9e avec des mat\u00e9riaux de haute qualit\u00e9 \u2713 D\u00e9claration du COC \u2713 Longue dur\u00e9e de vie\",\"breadcrumb\":{\"@id\":\"https:\\\/\\\/toypek.eu\\\/fr\\\/produit\\\/remorque-sanitaire-type-1\\\/#breadcrumb\"},\"inLanguage\":\"fr-FR\",\"potentialAction\":[{\"@type\":\"ReadAction\",\"target\":[\"https:\\\/\\\/toypek.eu\\\/fr\\\/produit\\\/remorque-sanitaire-type-1\\\/\"]}]},{\"@type\":\"ImageObject\",\"inLanguage\":\"fr-FR\",\"@id\":\"https:\\\/\\\/toypek.eu\\\/fr\\\/produit\\\/remorque-sanitaire-type-1\\\/#primaryimage\",\"url\":\"https:\\\/\\\/cdn.toypek.eu\\\/images\\\/tp-img-216.png\",\"contentUrl\":\"https:\\\/\\\/cdn.toypek.eu\\\/images\\\/tp-img-216.png\",\"width\":1000,\"height\":1000},{\"@type\":\"BreadcrumbList\",\"@id\":\"https:\\\/\\\/toypek.eu\\\/fr\\\/produit\\\/remorque-sanitaire-type-1\\\/#breadcrumb\",\"itemListElement\":[{\"@type\":\"ListItem\",\"position\":1,\"name\":\"Home\",\"item\":\"https:\\\/\\\/toypek.eu\\\/fr\\\/\"},{\"@type\":\"ListItem\",\"position\":2,\"name\":\"Boutique\",\"item\":\"https:\\\/\\\/toypek.eu\\\/fr\\\/gamme-de-produits\\\/\"},{\"@type\":\"ListItem\",\"position\":3,\"name\":\"Remorque sanitaire Type 1\"}]},{\"@type\":\"WebSite\",\"@id\":\"https:\\\/\\\/toypek.eu\\\/fr\\\/#website\",\"url\":\"https:\\\/\\\/toypek.eu\\\/fr\\\/\",\"name\":\"Toypek\",\"description\":\"\",\"potentialAction\":[{\"@type\":\"SearchAction\",\"target\":{\"@type\":\"EntryPoint\",\"urlTemplate\":\"https:\\\/\\\/toypek.eu\\\/fr\\\/?s={search_term_string}\"},\"query-input\":{\"@type\":\"PropertyValueSpecification\",\"valueRequired\":true,\"valueName\":\"search_term_string\"}}],\"inLanguage\":\"fr-FR\"}]}<\/script>\n<!-- \/ Yoast SEO Premium plugin. -->","yoast_head_json":{"title":"Remorque de toilettes portables individuelle \u00e0 vendre | Topyek","description":"La remorque de toilette individuelle de type 1 est fabriqu\u00e9e avec des mat\u00e9riaux de haute qualit\u00e9 \u2713 D\u00e9claration du COC \u2713 Longue dur\u00e9e de vie","robots":{"index":"index","follow":"follow","max-snippet":"max-snippet:-1","max-image-preview":"max-image-preview:large","max-video-preview":"max-video-preview:-1"},"canonical":"https:\/\/toypek.eu\/fr\/produit\/remorque-sanitaire-type-1\/","og_locale":"fr_FR","og_type":"article","og_title":"Remorque sanitaire Type 1","og_description":"La remorque de toilette individuelle de type 1 est fabriqu\u00e9e avec des mat\u00e9riaux de haute qualit\u00e9 \u2713 D\u00e9claration du COC \u2713 Longue dur\u00e9e de vie","og_url":"https:\/\/toypek.eu\/fr\/produit\/remorque-sanitaire-type-1\/","og_site_name":"Toypek","article_modified_time":"2025-11-24T13:36:44+00:00","og_image":[{"width":1000,"height":1000,"url":"https:\/\/cdn.toypek.eu\/images\/tp-img-216.png","type":"image\/png"}],"twitter_card":"summary_large_image","twitter_misc":{"Dur\u00e9e de lecture estim\u00e9e":"1 minute"},"schema":{"@context":"https:\/\/schema.org","@graph":[{"@type":"WebPage","@id":"https:\/\/toypek.eu\/fr\/produit\/remorque-sanitaire-type-1\/","url":"https:\/\/toypek.eu\/fr\/produit\/remorque-sanitaire-type-1\/","name":"Remorque de toilettes portables individuelle \u00e0 vendre | Topyek","isPartOf":{"@id":"https:\/\/toypek.eu\/fr\/#website"},"primaryImageOfPage":{"@id":"https:\/\/toypek.eu\/fr\/produit\/remorque-sanitaire-type-1\/#primaryimage"},"image":{"@id":"https:\/\/toypek.eu\/fr\/produit\/remorque-sanitaire-type-1\/#primaryimage"},"thumbnailUrl":"https:\/\/cdn.toypek.eu\/images\/tp-img-216.png","datePublished":"2023-06-09T13:09:41+00:00","dateModified":"2025-11-24T13:36:44+00:00","description":"La remorque de toilette individuelle de type 1 est fabriqu\u00e9e avec des mat\u00e9riaux de haute qualit\u00e9 \u2713 D\u00e9claration du COC \u2713 Longue dur\u00e9e de vie","breadcrumb":{"@id":"https:\/\/toypek.eu\/fr\/produit\/remorque-sanitaire-type-1\/#breadcrumb"},"inLanguage":"fr-FR","potentialAction":[{"@type":"ReadAction","target":["https:\/\/toypek.eu\/fr\/produit\/remorque-sanitaire-type-1\/"]}]},{"@type":"ImageObject","inLanguage":"fr-FR","@id":"https:\/\/toypek.eu\/fr\/produit\/remorque-sanitaire-type-1\/#primaryimage","url":"https:\/\/cdn.toypek.eu\/images\/tp-img-216.png","contentUrl":"https:\/\/cdn.toypek.eu\/images\/tp-img-216.png","width":1000,"height":1000},{"@type":"BreadcrumbList","@id":"https:\/\/toypek.eu\/fr\/produit\/remorque-sanitaire-type-1\/#breadcrumb","itemListElement":[{"@type":"ListItem","position":1,"name":"Home","item":"https:\/\/toypek.eu\/fr\/"},{"@type":"ListItem","position":2,"name":"Boutique","item":"https:\/\/toypek.eu\/fr\/gamme-de-produits\/"},{"@type":"ListItem","position":3,"name":"Remorque sanitaire Type 1"}]},{"@type":"WebSite","@id":"https:\/\/toypek.eu\/fr\/#website","url":"https:\/\/toypek.eu\/fr\/","name":"Toypek","description":"","potentialAction":[{"@type":"SearchAction","target":{"@type":"EntryPoint","urlTemplate":"https:\/\/toypek.eu\/fr\/?s={search_term_string}"},"query-input":{"@type":"PropertyValueSpecification","valueRequired":true,"valueName":"search_term_string"}}],"inLanguage":"fr-FR"}]}},"_links":{"self":[{"href":"https:\/\/toypek.eu\/fr\/wp-json\/wp\/v2\/product\/11822","targetHints":{"allow":["GET"]}}],"collection":[{"href":"https:\/\/toypek.eu\/fr\/wp-json\/wp\/v2\/product"}],"about":[{"href":"https:\/\/toypek.eu\/fr\/wp-json\/wp\/v2\/types\/product"}],"replies":[{"embeddable":true,"href":"https:\/\/toypek.eu\/fr\/wp-json\/wp\/v2\/comments?post=11822"}],"wp:featuredmedia":[{"embeddable":true,"href":"https:\/\/toypek.eu\/fr\/wp-json\/wp\/v2\/media\/11236"}],"wp:attachment":[{"href":"https:\/\/toypek.eu\/fr\/wp-json\/wp\/v2\/media?parent=11822"}],"wp:term":[{"taxonomy":"product_brand","embeddable":true,"href":"https:\/\/toypek.eu\/fr\/wp-json\/wp\/v2\/product_brand?post=11822"},{"taxonomy":"product_cat","embeddable":true,"href":"https:\/\/toypek.eu\/fr\/wp-json\/wp\/v2\/product_cat?post=11822"},{"taxonomy":"product_tag","embeddable":true,"href":"https:\/\/toypek.eu\/fr\/wp-json\/wp\/v2\/product_tag?post=11822"}],"curies":[{"name":"wp","href":"https:\/\/api.w.org\/{rel}","templated":true}]}}