{"id":12468,"date":"2023-06-09T13:00:57","date_gmt":"2023-06-09T13:00:57","guid":{"rendered":"http:\/\/toypek.eu\/product\/dubbele-toiletaanhanger-2\/"},"modified":"2025-11-24T14:54:06","modified_gmt":"2025-11-24T13:54:06","slug":"remorque-sanitaire-double-type-2","status":"publish","type":"product","link":"https:\/\/toypek.eu\/fr\/produit\/remorque-sanitaire-double-type-2\/","title":{"rendered":"Remorque sanitaire double Type 2"},"content":{"rendered":"\n<p>\nNotre remorque sanitaire double est fabriqu&eacute;e avec des mat&eacute;riaux de haute qualit&eacute; et r&eacute;pond aux normes d&rsquo;inspection en vigueur dans toute l&rsquo;Europe. Elle est &eacute;quip&eacute;e de deux marches et de quatre pieds stabilisateurs pour une stabilit&eacute; optimale.<br>\nSp&eacute;cialement con&ccedil;ues pour accueillir nos cabines Toypek, les cabines de toilettes sont solidement fix&eacute;es &agrave; la remorque &agrave; l&rsquo;aide de quatre plaques en aluminium et de boulons M10 x 80 avec contre-&eacute;crous.<br>\nLa remorque double est facile &agrave; nettoyer, adapt&eacute;e &agrave; diff&eacute;rents types de terrains et n&eacute;cessite tr&egrave;s peu d&rsquo;entretien.\n<\/p>\n<p>Les remorques sanitaires doubles sont &eacute;quip&eacute;es de :<\/p>\n<ul>\n<li>Deux marchepieds arri&egrave;re couvrant toute la largeur de la remorque, plus un marchepied lat&eacute;ral<\/li>\n<li>Une roue de support avant<\/li>\n<li>Deux pieds de support coulissants &agrave; l&rsquo;avant<\/li>\n<li>Deux pieds de support coulissants &agrave; l&rsquo;arri&egrave;re<\/li>\n<li>Clips de plaque d&rsquo;immatriculation mont&eacute;s<\/li>\n<li>Deux plaques en aluminium pour le montage des cabines de toilettes<\/li>\n<\/ul>\n\n","protected":false},"excerpt":{"rendered":"<p>Personnalisez votre remorque sanitaire double selon vos pr\u00e9f\u00e9rences. Nous proposons des remorques adapt\u00e9es pour offrir une solution pratique et portable \u00e0 tous les besoins sanitaires.<br \/>\nNos remorques peuvent \u00eatre enti\u00e8rement configur\u00e9es afin de r\u00e9pondre \u00e0 vos exigences sp\u00e9cifiques. Lors de la location d\u2019unit\u00e9s sanitaires mobiles, il est important de tenir compte de l\u2019usage pr\u00e9vu et de choisir les options, les couleurs et les quantit\u00e9s souhait\u00e9es.<br \/>\nDe plus, nos remorques sanitaires sont con\u00e7ues pour faciliter le transport et soutenir les entreprises de location dans leurs op\u00e9rations quotidiennes.<\/p>\n","protected":false},"featured_media":12237,"comment_status":"open","ping_status":"closed","template":"","meta":{"_acf_changed":false,"_joinchat":[]},"product_brand":[],"product_cat":[69],"product_tag":[],"class_list":{"0":"post-12468","1":"product","2":"type-product","3":"status-publish","4":"has-post-thumbnail","6":"product_cat-remorque-de-toilette","8":"first","9":"instock","10":"shipping-taxable","11":"product-type-variable"},"acf":[],"yoast_head":"<!-- This site is optimized with the Yoast SEO Premium plugin v20.8 (Yoast SEO v27.4) - https:\/\/yoast.com\/product\/yoast-seo-premium-wordpress\/ -->\n<title>Produit - Remorque de toilettes portable et sanitaire double<\/title>\n<meta name=\"description\" content=\"Notre remorque double toilette est construite avec des mat\u00e9riaux de haute qualit\u00e9 et est conforme aux normes d&#039;inspection pour toute l&#039;Europe.\" \/>\n<meta name=\"robots\" content=\"index, follow, max-snippet:-1, max-image-preview:large, max-video-preview:-1\" \/>\n<link rel=\"canonical\" href=\"https:\/\/toypek.eu\/fr\/produit\/remorque-sanitaire-double-type-2\/\" \/>\n<meta property=\"og:locale\" content=\"fr_FR\" \/>\n<meta property=\"og:type\" content=\"article\" \/>\n<meta property=\"og:title\" content=\"Remorque sanitaire double Type 2\" \/>\n<meta property=\"og:description\" content=\"Notre remorque double toilette est construite avec des mat\u00e9riaux de haute qualit\u00e9 et est conforme aux normes d&#039;inspection pour toute l&#039;Europe.\" \/>\n<meta property=\"og:url\" content=\"https:\/\/toypek.eu\/fr\/produit\/remorque-sanitaire-double-type-2\/\" \/>\n<meta property=\"og:site_name\" content=\"Toypek\" \/>\n<meta property=\"article:modified_time\" content=\"2025-11-24T13:54:06+00:00\" \/>\n<meta property=\"og:image\" content=\"https:\/\/cdn.toypek.eu\/images\/tp-img-204.png\" \/>\n\t<meta property=\"og:image:width\" content=\"1000\" \/>\n\t<meta property=\"og:image:height\" content=\"1000\" \/>\n\t<meta property=\"og:image:type\" content=\"image\/png\" \/>\n<meta name=\"twitter:card\" content=\"summary_large_image\" \/>\n<meta name=\"twitter:label1\" content=\"Dur\u00e9e de lecture estim\u00e9e\" \/>\n\t<meta name=\"twitter:data1\" content=\"1 minute\" \/>\n<script type=\"application\/ld+json\" class=\"yoast-schema-graph\">{\"@context\":\"https:\\\/\\\/schema.org\",\"@graph\":[{\"@type\":\"WebPage\",\"@id\":\"https:\\\/\\\/toypek.eu\\\/fr\\\/produit\\\/remorque-sanitaire-double-type-2\\\/\",\"url\":\"https:\\\/\\\/toypek.eu\\\/fr\\\/produit\\\/remorque-sanitaire-double-type-2\\\/\",\"name\":\"Produit - Remorque de toilettes portable et sanitaire double\",\"isPartOf\":{\"@id\":\"https:\\\/\\\/toypek.eu\\\/fr\\\/#website\"},\"primaryImageOfPage\":{\"@id\":\"https:\\\/\\\/toypek.eu\\\/fr\\\/produit\\\/remorque-sanitaire-double-type-2\\\/#primaryimage\"},\"image\":{\"@id\":\"https:\\\/\\\/toypek.eu\\\/fr\\\/produit\\\/remorque-sanitaire-double-type-2\\\/#primaryimage\"},\"thumbnailUrl\":\"https:\\\/\\\/cdn.toypek.eu\\\/images\\\/tp-img-204.png\",\"datePublished\":\"2023-06-09T13:00:57+00:00\",\"dateModified\":\"2025-11-24T13:54:06+00:00\",\"description\":\"Notre remorque double toilette est construite avec des mat\u00e9riaux de haute qualit\u00e9 et est conforme aux normes d'inspection pour toute l'Europe.\",\"breadcrumb\":{\"@id\":\"https:\\\/\\\/toypek.eu\\\/fr\\\/produit\\\/remorque-sanitaire-double-type-2\\\/#breadcrumb\"},\"inLanguage\":\"fr-FR\",\"potentialAction\":[{\"@type\":\"ReadAction\",\"target\":[\"https:\\\/\\\/toypek.eu\\\/fr\\\/produit\\\/remorque-sanitaire-double-type-2\\\/\"]}]},{\"@type\":\"ImageObject\",\"inLanguage\":\"fr-FR\",\"@id\":\"https:\\\/\\\/toypek.eu\\\/fr\\\/produit\\\/remorque-sanitaire-double-type-2\\\/#primaryimage\",\"url\":\"https:\\\/\\\/cdn.toypek.eu\\\/images\\\/tp-img-204.png\",\"contentUrl\":\"https:\\\/\\\/cdn.toypek.eu\\\/images\\\/tp-img-204.png\",\"width\":1000,\"height\":1000},{\"@type\":\"BreadcrumbList\",\"@id\":\"https:\\\/\\\/toypek.eu\\\/fr\\\/produit\\\/remorque-sanitaire-double-type-2\\\/#breadcrumb\",\"itemListElement\":[{\"@type\":\"ListItem\",\"position\":1,\"name\":\"Home\",\"item\":\"https:\\\/\\\/toypek.eu\\\/fr\\\/\"},{\"@type\":\"ListItem\",\"position\":2,\"name\":\"Boutique\",\"item\":\"https:\\\/\\\/toypek.eu\\\/fr\\\/gamme-de-produits\\\/\"},{\"@type\":\"ListItem\",\"position\":3,\"name\":\"Remorque sanitaire double Type 2\"}]},{\"@type\":\"WebSite\",\"@id\":\"https:\\\/\\\/toypek.eu\\\/fr\\\/#website\",\"url\":\"https:\\\/\\\/toypek.eu\\\/fr\\\/\",\"name\":\"Toypek\",\"description\":\"\",\"potentialAction\":[{\"@type\":\"SearchAction\",\"target\":{\"@type\":\"EntryPoint\",\"urlTemplate\":\"https:\\\/\\\/toypek.eu\\\/fr\\\/?s={search_term_string}\"},\"query-input\":{\"@type\":\"PropertyValueSpecification\",\"valueRequired\":true,\"valueName\":\"search_term_string\"}}],\"inLanguage\":\"fr-FR\"}]}<\/script>\n<!-- \/ Yoast SEO Premium plugin. -->","yoast_head_json":{"title":"Produit - Remorque de toilettes portable et sanitaire double","description":"Notre remorque double toilette est construite avec des mat\u00e9riaux de haute qualit\u00e9 et est conforme aux normes d'inspection pour toute l'Europe.","robots":{"index":"index","follow":"follow","max-snippet":"max-snippet:-1","max-image-preview":"max-image-preview:large","max-video-preview":"max-video-preview:-1"},"canonical":"https:\/\/toypek.eu\/fr\/produit\/remorque-sanitaire-double-type-2\/","og_locale":"fr_FR","og_type":"article","og_title":"Remorque sanitaire double Type 2","og_description":"Notre remorque double toilette est construite avec des mat\u00e9riaux de haute qualit\u00e9 et est conforme aux normes d'inspection pour toute l'Europe.","og_url":"https:\/\/toypek.eu\/fr\/produit\/remorque-sanitaire-double-type-2\/","og_site_name":"Toypek","article_modified_time":"2025-11-24T13:54:06+00:00","og_image":[{"width":1000,"height":1000,"url":"https:\/\/cdn.toypek.eu\/images\/tp-img-204.png","type":"image\/png"}],"twitter_card":"summary_large_image","twitter_misc":{"Dur\u00e9e de lecture estim\u00e9e":"1 minute"},"schema":{"@context":"https:\/\/schema.org","@graph":[{"@type":"WebPage","@id":"https:\/\/toypek.eu\/fr\/produit\/remorque-sanitaire-double-type-2\/","url":"https:\/\/toypek.eu\/fr\/produit\/remorque-sanitaire-double-type-2\/","name":"Produit - Remorque de toilettes portable et sanitaire double","isPartOf":{"@id":"https:\/\/toypek.eu\/fr\/#website"},"primaryImageOfPage":{"@id":"https:\/\/toypek.eu\/fr\/produit\/remorque-sanitaire-double-type-2\/#primaryimage"},"image":{"@id":"https:\/\/toypek.eu\/fr\/produit\/remorque-sanitaire-double-type-2\/#primaryimage"},"thumbnailUrl":"https:\/\/cdn.toypek.eu\/images\/tp-img-204.png","datePublished":"2023-06-09T13:00:57+00:00","dateModified":"2025-11-24T13:54:06+00:00","description":"Notre remorque double toilette est construite avec des mat\u00e9riaux de haute qualit\u00e9 et est conforme aux normes d'inspection pour toute l'Europe.","breadcrumb":{"@id":"https:\/\/toypek.eu\/fr\/produit\/remorque-sanitaire-double-type-2\/#breadcrumb"},"inLanguage":"fr-FR","potentialAction":[{"@type":"ReadAction","target":["https:\/\/toypek.eu\/fr\/produit\/remorque-sanitaire-double-type-2\/"]}]},{"@type":"ImageObject","inLanguage":"fr-FR","@id":"https:\/\/toypek.eu\/fr\/produit\/remorque-sanitaire-double-type-2\/#primaryimage","url":"https:\/\/cdn.toypek.eu\/images\/tp-img-204.png","contentUrl":"https:\/\/cdn.toypek.eu\/images\/tp-img-204.png","width":1000,"height":1000},{"@type":"BreadcrumbList","@id":"https:\/\/toypek.eu\/fr\/produit\/remorque-sanitaire-double-type-2\/#breadcrumb","itemListElement":[{"@type":"ListItem","position":1,"name":"Home","item":"https:\/\/toypek.eu\/fr\/"},{"@type":"ListItem","position":2,"name":"Boutique","item":"https:\/\/toypek.eu\/fr\/gamme-de-produits\/"},{"@type":"ListItem","position":3,"name":"Remorque sanitaire double Type 2"}]},{"@type":"WebSite","@id":"https:\/\/toypek.eu\/fr\/#website","url":"https:\/\/toypek.eu\/fr\/","name":"Toypek","description":"","potentialAction":[{"@type":"SearchAction","target":{"@type":"EntryPoint","urlTemplate":"https:\/\/toypek.eu\/fr\/?s={search_term_string}"},"query-input":{"@type":"PropertyValueSpecification","valueRequired":true,"valueName":"search_term_string"}}],"inLanguage":"fr-FR"}]}},"_links":{"self":[{"href":"https:\/\/toypek.eu\/fr\/wp-json\/wp\/v2\/product\/12468","targetHints":{"allow":["GET"]}}],"collection":[{"href":"https:\/\/toypek.eu\/fr\/wp-json\/wp\/v2\/product"}],"about":[{"href":"https:\/\/toypek.eu\/fr\/wp-json\/wp\/v2\/types\/product"}],"replies":[{"embeddable":true,"href":"https:\/\/toypek.eu\/fr\/wp-json\/wp\/v2\/comments?post=12468"}],"wp:featuredmedia":[{"embeddable":true,"href":"https:\/\/toypek.eu\/fr\/wp-json\/wp\/v2\/media\/12237"}],"wp:attachment":[{"href":"https:\/\/toypek.eu\/fr\/wp-json\/wp\/v2\/media?parent=12468"}],"wp:term":[{"taxonomy":"product_brand","embeddable":true,"href":"https:\/\/toypek.eu\/fr\/wp-json\/wp\/v2\/product_brand?post=12468"},{"taxonomy":"product_cat","embeddable":true,"href":"https:\/\/toypek.eu\/fr\/wp-json\/wp\/v2\/product_cat?post=12468"},{"taxonomy":"product_tag","embeddable":true,"href":"https:\/\/toypek.eu\/fr\/wp-json\/wp\/v2\/product_tag?post=12468"}],"curies":[{"name":"wp","href":"https:\/\/api.w.org\/{rel}","templated":true}]}}