{"id":9221,"date":"2023-06-09T12:14:02","date_gmt":"2023-06-09T12:14:02","guid":{"rendered":"http:\/\/toypek.eu\/product\/toypek-mobiel-toilet-2\/"},"modified":"2025-12-17T12:11:04","modified_gmt":"2025-12-17T11:11:04","slug":"plastique-toilette-transportable-avec-reservoir","status":"publish","type":"product","link":"https:\/\/toypek.eu\/fr\/produit\/plastique-toilette-transportable-avec-reservoir\/","title":{"rendered":"Plastique toilette transportable (avec r\u00e9servoir)"},"content":{"rendered":"\n<p>\nNos toilettes mobiles sont fabriqu&eacute;es en plastique HDPE (poly&eacute;thyl&egrave;ne haute densit&eacute;) r&eacute;sistant au vandalisme, ce qui garantit une longue dur&eacute;e de vie et des couleurs qui restent &eacute;clatantes. En choisissant nos cabines sanitaires, vous b&eacute;n&eacute;ficiez d&rsquo;un entretien minimal et d&rsquo;une solution durable.<br>\nCon&ccedil;ues pour r&eacute;pondre aux besoins des loueurs comme des utilisateurs finaux, nos toilettes portatives offrent une r&eacute;ponse adapt&eacute;e &agrave; tous les besoins sanitaires.\n<\/p>\n<h2>Avantages de nos toilettes transportables<\/h2>\n<ul>\n<li>Processus de d&eacute;veloppement rigoureux pour une r&eacute;sistance optimale au vandalisme<\/li>\n<li>Surfaces lisses et faciles &agrave; nettoyer<\/li>\n<li>Poign&eacute;es &eacute;largies pour une manipulation plus confortable<\/li>\n<li>Portes &eacute;quip&eacute;es de deux broches en acier pour une suspension solide<\/li>\n<li>Encoches inf&eacute;rieures pour un chargement et d&eacute;chargement sans effort<\/li>\n<li>Couleurs vives et durables gr&acirc;ce au plastique HDPE (7 points sur 8 en densit&eacute; de couleur)<\/li>\n<li>Ressorts de porte robustes assurant une fermeture fiable<\/li>\n<li>Conception compacte pour un transport rentable<\/li>\n<li>Surfaces publicitaires disponibles sur la porte et les trois panneaux lat&eacute;raux<\/li>\n<li>Si&egrave;ge allong&eacute; offrant plus de confort et r&eacute;duisant les &eacute;claboussures, ce qui facilite le nettoyage des toilettes chimiques<\/li>\n<\/ul>\n<h2>Demandez un devis personnalis&eacute; pour nos toilettes transportables<\/h2>\n<p>\nPour obtenir un devis adapt&eacute; &agrave; vos besoins, contactez-nous directement. Nous vous fournirons une estimation pr&eacute;cise en fonction de votre utilisation &mdash; &eacute;v&eacute;nement, chantier ou toute autre situation n&eacute;cessitant des toilettes mobiles.<br>\nNotre &eacute;quipe est &agrave; votre disposition pour vous pr&eacute;senter les options disponibles et vous aider &agrave; choisir la solution la plus adapt&eacute;e.<\/p>\n\n","protected":false},"excerpt":{"rendered":"<p>Ces toilettes mobiles sont con\u00e7ues pour un usage intensif en location et sur sites temporaires. Fabriqu\u00e9es en plastique HDPE r\u00e9sistant au vandalisme, elles sont durables, faciles \u00e0 entretenir et conservent leur couleur dans le temps. Une solution sanitaire fiable, adapt\u00e9e aux loueurs comme aux utilisateurs finaux.<\/p>\n","protected":false},"featured_media":14356,"comment_status":"open","ping_status":"closed","template":"","meta":{"_acf_changed":false,"_joinchat":[]},"product_brand":[],"product_cat":[86,84],"product_tag":[],"class_list":{"0":"post-9221","1":"product","2":"type-product","3":"status-publish","4":"has-post-thumbnail","6":"product_cat-sanitaires-portables","7":"product_cat-toilettes-mobiles","9":"first","10":"instock","11":"shipping-taxable","12":"product-type-variable"},"acf":[],"yoast_head":"<!-- This site is optimized with the Yoast SEO Premium plugin v20.8 (Yoast SEO v27.4) - https:\/\/yoast.com\/product\/yoast-seo-premium-wordpress\/ -->\n<title>Toilette transportable - Toilettes de chantier \u00e1 vendra | Toypek<\/title>\n<meta name=\"description\" content=\"Optez pour des toilettes transportables et toilettes de chantier de qualit\u00e9 avec Toypek, fournisseur fiable pour les entreprises de location.\" \/>\n<meta name=\"robots\" content=\"noindex, follow\" \/>\n<meta property=\"og:locale\" content=\"fr_FR\" \/>\n<meta property=\"og:type\" content=\"article\" \/>\n<meta property=\"og:title\" content=\"Plastique toilette transportable (avec r\u00e9servoir)\" \/>\n<meta property=\"og:description\" content=\"Optez pour des toilettes transportables et toilettes de chantier de qualit\u00e9 avec Toypek, fournisseur fiable pour les entreprises de location.\" \/>\n<meta property=\"og:url\" content=\"https:\/\/toypek.eu\/fr\/produit\/plastique-toilette-transportable-avec-reservoir\/\" \/>\n<meta property=\"og:site_name\" content=\"Toypek\" \/>\n<meta property=\"article:modified_time\" content=\"2025-12-17T11:11:04+00:00\" \/>\n<meta property=\"og:image\" content=\"https:\/\/cdn.toypek.eu\/images\/tp-img-01-52.png\" \/>\n\t<meta property=\"og:image:width\" content=\"1000\" \/>\n\t<meta property=\"og:image:height\" content=\"1000\" \/>\n\t<meta property=\"og:image:type\" content=\"image\/png\" \/>\n<meta name=\"twitter:card\" content=\"summary_large_image\" \/>\n<meta name=\"twitter:label1\" content=\"Dur\u00e9e de lecture estim\u00e9e\" \/>\n\t<meta name=\"twitter:data1\" content=\"2 minutes\" \/>\n<script type=\"application\/ld+json\" class=\"yoast-schema-graph\">{\"@context\":\"https:\\\/\\\/schema.org\",\"@graph\":[{\"@type\":\"WebPage\",\"@id\":\"https:\\\/\\\/toypek.eu\\\/fr\\\/produit\\\/plastique-toilette-transportable-avec-reservoir\\\/\",\"url\":\"https:\\\/\\\/toypek.eu\\\/fr\\\/produit\\\/plastique-toilette-transportable-avec-reservoir\\\/\",\"name\":\"Toilette transportable - Toilettes de chantier \u00e1 vendra | Toypek\",\"isPartOf\":{\"@id\":\"https:\\\/\\\/toypek.eu\\\/fr\\\/#website\"},\"primaryImageOfPage\":{\"@id\":\"https:\\\/\\\/toypek.eu\\\/fr\\\/produit\\\/plastique-toilette-transportable-avec-reservoir\\\/#primaryimage\"},\"image\":{\"@id\":\"https:\\\/\\\/toypek.eu\\\/fr\\\/produit\\\/plastique-toilette-transportable-avec-reservoir\\\/#primaryimage\"},\"thumbnailUrl\":\"https:\\\/\\\/cdn.toypek.eu\\\/images\\\/tp-img-01-52.png\",\"datePublished\":\"2023-06-09T12:14:02+00:00\",\"dateModified\":\"2025-12-17T11:11:04+00:00\",\"description\":\"Optez pour des toilettes transportables et toilettes de chantier de qualit\u00e9 avec Toypek, fournisseur fiable pour les entreprises de location.\",\"breadcrumb\":{\"@id\":\"https:\\\/\\\/toypek.eu\\\/fr\\\/produit\\\/plastique-toilette-transportable-avec-reservoir\\\/#breadcrumb\"},\"inLanguage\":\"fr-FR\",\"potentialAction\":[{\"@type\":\"ReadAction\",\"target\":[\"https:\\\/\\\/toypek.eu\\\/fr\\\/produit\\\/plastique-toilette-transportable-avec-reservoir\\\/\"]}]},{\"@type\":\"ImageObject\",\"inLanguage\":\"fr-FR\",\"@id\":\"https:\\\/\\\/toypek.eu\\\/fr\\\/produit\\\/plastique-toilette-transportable-avec-reservoir\\\/#primaryimage\",\"url\":\"https:\\\/\\\/cdn.toypek.eu\\\/images\\\/tp-img-01-52.png\",\"contentUrl\":\"https:\\\/\\\/cdn.toypek.eu\\\/images\\\/tp-img-01-52.png\",\"width\":1000,\"height\":1000},{\"@type\":\"BreadcrumbList\",\"@id\":\"https:\\\/\\\/toypek.eu\\\/fr\\\/produit\\\/plastique-toilette-transportable-avec-reservoir\\\/#breadcrumb\",\"itemListElement\":[{\"@type\":\"ListItem\",\"position\":1,\"name\":\"Home\",\"item\":\"https:\\\/\\\/toypek.eu\\\/fr\\\/\"},{\"@type\":\"ListItem\",\"position\":2,\"name\":\"Boutique\",\"item\":\"https:\\\/\\\/toypek.eu\\\/fr\\\/gamme-de-produits\\\/\"},{\"@type\":\"ListItem\",\"position\":3,\"name\":\"Plastique toilette transportable (avec r\u00e9servoir)\"}]},{\"@type\":\"WebSite\",\"@id\":\"https:\\\/\\\/toypek.eu\\\/fr\\\/#website\",\"url\":\"https:\\\/\\\/toypek.eu\\\/fr\\\/\",\"name\":\"Toypek\",\"description\":\"\",\"potentialAction\":[{\"@type\":\"SearchAction\",\"target\":{\"@type\":\"EntryPoint\",\"urlTemplate\":\"https:\\\/\\\/toypek.eu\\\/fr\\\/?s={search_term_string}\"},\"query-input\":{\"@type\":\"PropertyValueSpecification\",\"valueRequired\":true,\"valueName\":\"search_term_string\"}}],\"inLanguage\":\"fr-FR\"}]}<\/script>\n<!-- \/ Yoast SEO Premium plugin. -->","yoast_head_json":{"title":"Toilette transportable - Toilettes de chantier \u00e1 vendra | Toypek","description":"Optez pour des toilettes transportables et toilettes de chantier de qualit\u00e9 avec Toypek, fournisseur fiable pour les entreprises de location.","robots":{"index":"noindex","follow":"follow"},"og_locale":"fr_FR","og_type":"article","og_title":"Plastique toilette transportable (avec r\u00e9servoir)","og_description":"Optez pour des toilettes transportables et toilettes de chantier de qualit\u00e9 avec Toypek, fournisseur fiable pour les entreprises de location.","og_url":"https:\/\/toypek.eu\/fr\/produit\/plastique-toilette-transportable-avec-reservoir\/","og_site_name":"Toypek","article_modified_time":"2025-12-17T11:11:04+00:00","og_image":[{"width":1000,"height":1000,"url":"https:\/\/cdn.toypek.eu\/images\/tp-img-01-52.png","type":"image\/png"}],"twitter_card":"summary_large_image","twitter_misc":{"Dur\u00e9e de lecture estim\u00e9e":"2 minutes"},"schema":{"@context":"https:\/\/schema.org","@graph":[{"@type":"WebPage","@id":"https:\/\/toypek.eu\/fr\/produit\/plastique-toilette-transportable-avec-reservoir\/","url":"https:\/\/toypek.eu\/fr\/produit\/plastique-toilette-transportable-avec-reservoir\/","name":"Toilette transportable - Toilettes de chantier \u00e1 vendra | Toypek","isPartOf":{"@id":"https:\/\/toypek.eu\/fr\/#website"},"primaryImageOfPage":{"@id":"https:\/\/toypek.eu\/fr\/produit\/plastique-toilette-transportable-avec-reservoir\/#primaryimage"},"image":{"@id":"https:\/\/toypek.eu\/fr\/produit\/plastique-toilette-transportable-avec-reservoir\/#primaryimage"},"thumbnailUrl":"https:\/\/cdn.toypek.eu\/images\/tp-img-01-52.png","datePublished":"2023-06-09T12:14:02+00:00","dateModified":"2025-12-17T11:11:04+00:00","description":"Optez pour des toilettes transportables et toilettes de chantier de qualit\u00e9 avec Toypek, fournisseur fiable pour les entreprises de location.","breadcrumb":{"@id":"https:\/\/toypek.eu\/fr\/produit\/plastique-toilette-transportable-avec-reservoir\/#breadcrumb"},"inLanguage":"fr-FR","potentialAction":[{"@type":"ReadAction","target":["https:\/\/toypek.eu\/fr\/produit\/plastique-toilette-transportable-avec-reservoir\/"]}]},{"@type":"ImageObject","inLanguage":"fr-FR","@id":"https:\/\/toypek.eu\/fr\/produit\/plastique-toilette-transportable-avec-reservoir\/#primaryimage","url":"https:\/\/cdn.toypek.eu\/images\/tp-img-01-52.png","contentUrl":"https:\/\/cdn.toypek.eu\/images\/tp-img-01-52.png","width":1000,"height":1000},{"@type":"BreadcrumbList","@id":"https:\/\/toypek.eu\/fr\/produit\/plastique-toilette-transportable-avec-reservoir\/#breadcrumb","itemListElement":[{"@type":"ListItem","position":1,"name":"Home","item":"https:\/\/toypek.eu\/fr\/"},{"@type":"ListItem","position":2,"name":"Boutique","item":"https:\/\/toypek.eu\/fr\/gamme-de-produits\/"},{"@type":"ListItem","position":3,"name":"Plastique toilette transportable (avec r\u00e9servoir)"}]},{"@type":"WebSite","@id":"https:\/\/toypek.eu\/fr\/#website","url":"https:\/\/toypek.eu\/fr\/","name":"Toypek","description":"","potentialAction":[{"@type":"SearchAction","target":{"@type":"EntryPoint","urlTemplate":"https:\/\/toypek.eu\/fr\/?s={search_term_string}"},"query-input":{"@type":"PropertyValueSpecification","valueRequired":true,"valueName":"search_term_string"}}],"inLanguage":"fr-FR"}]}},"_links":{"self":[{"href":"https:\/\/toypek.eu\/fr\/wp-json\/wp\/v2\/product\/9221","targetHints":{"allow":["GET"]}}],"collection":[{"href":"https:\/\/toypek.eu\/fr\/wp-json\/wp\/v2\/product"}],"about":[{"href":"https:\/\/toypek.eu\/fr\/wp-json\/wp\/v2\/types\/product"}],"replies":[{"embeddable":true,"href":"https:\/\/toypek.eu\/fr\/wp-json\/wp\/v2\/comments?post=9221"}],"wp:featuredmedia":[{"embeddable":true,"href":"https:\/\/toypek.eu\/fr\/wp-json\/wp\/v2\/media\/14356"}],"wp:attachment":[{"href":"https:\/\/toypek.eu\/fr\/wp-json\/wp\/v2\/media?parent=9221"}],"wp:term":[{"taxonomy":"product_brand","embeddable":true,"href":"https:\/\/toypek.eu\/fr\/wp-json\/wp\/v2\/product_brand?post=9221"},{"taxonomy":"product_cat","embeddable":true,"href":"https:\/\/toypek.eu\/fr\/wp-json\/wp\/v2\/product_cat?post=9221"},{"taxonomy":"product_tag","embeddable":true,"href":"https:\/\/toypek.eu\/fr\/wp-json\/wp\/v2\/product_tag?post=9221"}],"curies":[{"name":"wp","href":"https:\/\/api.w.org\/{rel}","templated":true}]}}