{"id":9854,"date":"2023-06-09T13:39:20","date_gmt":"2023-06-09T11:39:20","guid":{"rendered":"http:\/\/toypek.eu\/product\/toypek-mobiele-douchecabine-2\/"},"modified":"2025-11-24T13:33:50","modified_gmt":"2025-11-24T12:33:50","slug":"cabine-de-douche-portable-en-plastique","status":"publish","type":"product","link":"https:\/\/toypek.eu\/fr\/produit\/cabine-de-douche-portable-en-plastique\/","title":{"rendered":"Cabine de douche portable en plastique"},"content":{"rendered":"\n<p>\nNos cabines de douche mobiles sont enti&egrave;rement fabriqu&eacute;es en HDPE (poly&eacute;thyl&egrave;ne haute densit&eacute;), y compris le fond sp&eacute;cialement con&ccedil;u pour notre cabine de douche mobile <a href=\"https:\/\/toypek.eu\/fr\">Toypek<\/a>. Gr&acirc;ce &agrave; ce plastique durable, chaque unit&eacute; est &eacute;quip&eacute;e d&rsquo;un sol antid&eacute;rapant et d&rsquo;un bac de douche enti&egrave;rement soud&eacute;. Con&ccedil;ues pour r&eacute;sister au vandalisme, ces cabines offrent des co&ucirc;ts d&rsquo;entretien r&eacute;duits, ce qui les rend id&eacute;ales pour les loueurs et leurs utilisateurs finaux.\n<\/p>\n<h2>Les avantages de la cabine de douche mobile<\/h2>\n<p>Nos douches portatives offrent de nombreux avantages pour les entreprises de location :<\/p>\n<ul>\n<li>Chaque douche portable Toypek.eu est d&eacute;velopp&eacute;e et test&eacute;e de mani&egrave;re approfondie<\/li>\n<li>Les unit&eacute;s sont &eacute;quip&eacute;es d&rsquo;un fond en PE enti&egrave;rement soud&eacute;, de haut en bas<\/li>\n<li>Cabines de douche mobiles faciles &agrave; nettoyer<\/li>\n<li>Poign&eacute;es &eacute;largies et construction l&eacute;g&egrave;re pour une mobilit&eacute; ais&eacute;e sur site<\/li>\n<li>Douches tr&egrave;s &eacute;tanches, avec de l&eacute;g&egrave;res pertes uniquement via les a&eacute;rations, portes ou &eacute;claboussures<\/li>\n<li>Sols antid&eacute;rapants pour une s&eacute;curit&eacute; optimale<\/li>\n<li>Dimensions compactes facilitant le transport<\/li>\n<li>Couleurs vives et durables gr&acirc;ce au HDPE class&eacute; &agrave; 7 points de densit&eacute; sur 8<\/li>\n<li>Portes &eacute;quip&eacute;es de ressorts &agrave; forte force de rappel<\/li>\n<li>Espaces publicitaires int&eacute;gr&eacute;s sur les panneaux lat&eacute;raux et les portes<\/li>\n<\/ul>\n<p>\nPensez &eacute;galement &agrave; ajouter des cabines de change &agrave; vos cabines de douche pour une solution compl&egrave;te. Contactez-nous pour plus d&rsquo;informations et pour d&eacute;couvrir toutes les possibilit&eacute;s. Nous proposons des douches portatives adapt&eacute;es &agrave; tous les besoins professionnels.<\/p>\n\n","protected":false},"excerpt":{"rendered":"<p>D\u00e9couvrez la solution id\u00e9ale dans notre gamme de douches portatives, incluant des unit\u00e9s de douche mobiles et des cabines de douche portatives \u00e0 vendre. Concevez votre cabine de douche mobile selon vos pr\u00e9f\u00e9rences : couleurs, options suppl\u00e9mentaires et quantit\u00e9s souhait\u00e9es.<br \/>\nNous pouvons m\u00eame fabriquer votre cabine de douche temporaire dans la couleur de votre choix.<\/p>\n","protected":false},"featured_media":14421,"comment_status":"open","ping_status":"closed","template":"","meta":{"_acf_changed":false,"_joinchat":[]},"product_brand":[],"product_cat":[83,86],"product_tag":[],"class_list":{"0":"post-9854","1":"product","2":"type-product","3":"status-publish","4":"has-post-thumbnail","6":"product_cat-cabine-de-douche-mobile","7":"product_cat-sanitaires-portables","9":"first","10":"instock","11":"shipping-taxable","12":"product-type-variable"},"acf":[],"yoast_head":"<!-- This site is optimized with the Yoast SEO Premium plugin v20.8 (Yoast SEO v27.4) - https:\/\/yoast.com\/product\/yoast-seo-premium-wordpress\/ -->\n<title>Cabine de Douche Mobile \u00e0 vendre \u2013 Confort et Praticit\u00e9 | Toypek<\/title>\n<meta name=\"description\" content=\"Optez pour une cabine de douche mobile de qualit\u00e9 avec Toypek, fournisseur fiable pour les entreprises de location \u2713 Haute qualit\u00e9 \u2713 Facile \u00e0 entretenir\" \/>\n<meta name=\"robots\" content=\"noindex, follow\" \/>\n<meta property=\"og:locale\" content=\"fr_FR\" \/>\n<meta property=\"og:type\" content=\"article\" \/>\n<meta property=\"og:title\" content=\"Cabine de douche portable en plastique\" \/>\n<meta property=\"og:description\" content=\"Optez pour une cabine de douche mobile de qualit\u00e9 avec Toypek, fournisseur fiable pour les entreprises de location \u2713 Haute qualit\u00e9 \u2713 Facile \u00e0 entretenir\" \/>\n<meta property=\"og:url\" content=\"https:\/\/toypek.eu\/fr\/produit\/cabine-de-douche-portable-en-plastique\/\" \/>\n<meta property=\"og:site_name\" content=\"Toypek\" \/>\n<meta property=\"article:modified_time\" content=\"2025-11-24T12:33:50+00:00\" \/>\n<meta property=\"og:image\" content=\"https:\/\/cdn.toypek.eu\/images\/tp-img-6-9.png\" \/>\n\t<meta property=\"og:image:width\" content=\"1000\" \/>\n\t<meta property=\"og:image:height\" content=\"1000\" \/>\n\t<meta property=\"og:image:type\" content=\"image\/png\" \/>\n<meta name=\"twitter:card\" content=\"summary_large_image\" \/>\n<meta name=\"twitter:label1\" content=\"Dur\u00e9e de lecture estim\u00e9e\" \/>\n\t<meta name=\"twitter:data1\" content=\"2 minutes\" \/>\n<script type=\"application\/ld+json\" class=\"yoast-schema-graph\">{\"@context\":\"https:\\\/\\\/schema.org\",\"@graph\":[{\"@type\":\"WebPage\",\"@id\":\"https:\\\/\\\/toypek.eu\\\/fr\\\/produit\\\/cabine-de-douche-portable-en-plastique\\\/\",\"url\":\"https:\\\/\\\/toypek.eu\\\/fr\\\/produit\\\/cabine-de-douche-portable-en-plastique\\\/\",\"name\":\"Cabine de Douche Mobile \u00e0 vendre \u2013 Confort et Praticit\u00e9 | Toypek\",\"isPartOf\":{\"@id\":\"https:\\\/\\\/toypek.eu\\\/fr\\\/#website\"},\"primaryImageOfPage\":{\"@id\":\"https:\\\/\\\/toypek.eu\\\/fr\\\/produit\\\/cabine-de-douche-portable-en-plastique\\\/#primaryimage\"},\"image\":{\"@id\":\"https:\\\/\\\/toypek.eu\\\/fr\\\/produit\\\/cabine-de-douche-portable-en-plastique\\\/#primaryimage\"},\"thumbnailUrl\":\"https:\\\/\\\/cdn.toypek.eu\\\/images\\\/tp-img-6-9.png\",\"datePublished\":\"2023-06-09T11:39:20+00:00\",\"dateModified\":\"2025-11-24T12:33:50+00:00\",\"description\":\"Optez pour une cabine de douche mobile de qualit\u00e9 avec Toypek, fournisseur fiable pour les entreprises de location \u2713 Haute qualit\u00e9 \u2713 Facile \u00e0 entretenir\",\"breadcrumb\":{\"@id\":\"https:\\\/\\\/toypek.eu\\\/fr\\\/produit\\\/cabine-de-douche-portable-en-plastique\\\/#breadcrumb\"},\"inLanguage\":\"fr-FR\",\"potentialAction\":[{\"@type\":\"ReadAction\",\"target\":[\"https:\\\/\\\/toypek.eu\\\/fr\\\/produit\\\/cabine-de-douche-portable-en-plastique\\\/\"]}]},{\"@type\":\"ImageObject\",\"inLanguage\":\"fr-FR\",\"@id\":\"https:\\\/\\\/toypek.eu\\\/fr\\\/produit\\\/cabine-de-douche-portable-en-plastique\\\/#primaryimage\",\"url\":\"https:\\\/\\\/cdn.toypek.eu\\\/images\\\/tp-img-6-9.png\",\"contentUrl\":\"https:\\\/\\\/cdn.toypek.eu\\\/images\\\/tp-img-6-9.png\",\"width\":1000,\"height\":1000},{\"@type\":\"BreadcrumbList\",\"@id\":\"https:\\\/\\\/toypek.eu\\\/fr\\\/produit\\\/cabine-de-douche-portable-en-plastique\\\/#breadcrumb\",\"itemListElement\":[{\"@type\":\"ListItem\",\"position\":1,\"name\":\"Home\",\"item\":\"https:\\\/\\\/toypek.eu\\\/fr\\\/\"},{\"@type\":\"ListItem\",\"position\":2,\"name\":\"Boutique\",\"item\":\"https:\\\/\\\/toypek.eu\\\/fr\\\/gamme-de-produits\\\/\"},{\"@type\":\"ListItem\",\"position\":3,\"name\":\"Cabine de douche portable en plastique\"}]},{\"@type\":\"WebSite\",\"@id\":\"https:\\\/\\\/toypek.eu\\\/fr\\\/#website\",\"url\":\"https:\\\/\\\/toypek.eu\\\/fr\\\/\",\"name\":\"Toypek\",\"description\":\"\",\"potentialAction\":[{\"@type\":\"SearchAction\",\"target\":{\"@type\":\"EntryPoint\",\"urlTemplate\":\"https:\\\/\\\/toypek.eu\\\/fr\\\/?s={search_term_string}\"},\"query-input\":{\"@type\":\"PropertyValueSpecification\",\"valueRequired\":true,\"valueName\":\"search_term_string\"}}],\"inLanguage\":\"fr-FR\"}]}<\/script>\n<!-- \/ Yoast SEO Premium plugin. -->","yoast_head_json":{"title":"Cabine de Douche Mobile \u00e0 vendre \u2013 Confort et Praticit\u00e9 | Toypek","description":"Optez pour une cabine de douche mobile de qualit\u00e9 avec Toypek, fournisseur fiable pour les entreprises de location \u2713 Haute qualit\u00e9 \u2713 Facile \u00e0 entretenir","robots":{"index":"noindex","follow":"follow"},"og_locale":"fr_FR","og_type":"article","og_title":"Cabine de douche portable en plastique","og_description":"Optez pour une cabine de douche mobile de qualit\u00e9 avec Toypek, fournisseur fiable pour les entreprises de location \u2713 Haute qualit\u00e9 \u2713 Facile \u00e0 entretenir","og_url":"https:\/\/toypek.eu\/fr\/produit\/cabine-de-douche-portable-en-plastique\/","og_site_name":"Toypek","article_modified_time":"2025-11-24T12:33:50+00:00","og_image":[{"width":1000,"height":1000,"url":"https:\/\/cdn.toypek.eu\/images\/tp-img-6-9.png","type":"image\/png"}],"twitter_card":"summary_large_image","twitter_misc":{"Dur\u00e9e de lecture estim\u00e9e":"2 minutes"},"schema":{"@context":"https:\/\/schema.org","@graph":[{"@type":"WebPage","@id":"https:\/\/toypek.eu\/fr\/produit\/cabine-de-douche-portable-en-plastique\/","url":"https:\/\/toypek.eu\/fr\/produit\/cabine-de-douche-portable-en-plastique\/","name":"Cabine de Douche Mobile \u00e0 vendre \u2013 Confort et Praticit\u00e9 | Toypek","isPartOf":{"@id":"https:\/\/toypek.eu\/fr\/#website"},"primaryImageOfPage":{"@id":"https:\/\/toypek.eu\/fr\/produit\/cabine-de-douche-portable-en-plastique\/#primaryimage"},"image":{"@id":"https:\/\/toypek.eu\/fr\/produit\/cabine-de-douche-portable-en-plastique\/#primaryimage"},"thumbnailUrl":"https:\/\/cdn.toypek.eu\/images\/tp-img-6-9.png","datePublished":"2023-06-09T11:39:20+00:00","dateModified":"2025-11-24T12:33:50+00:00","description":"Optez pour une cabine de douche mobile de qualit\u00e9 avec Toypek, fournisseur fiable pour les entreprises de location \u2713 Haute qualit\u00e9 \u2713 Facile \u00e0 entretenir","breadcrumb":{"@id":"https:\/\/toypek.eu\/fr\/produit\/cabine-de-douche-portable-en-plastique\/#breadcrumb"},"inLanguage":"fr-FR","potentialAction":[{"@type":"ReadAction","target":["https:\/\/toypek.eu\/fr\/produit\/cabine-de-douche-portable-en-plastique\/"]}]},{"@type":"ImageObject","inLanguage":"fr-FR","@id":"https:\/\/toypek.eu\/fr\/produit\/cabine-de-douche-portable-en-plastique\/#primaryimage","url":"https:\/\/cdn.toypek.eu\/images\/tp-img-6-9.png","contentUrl":"https:\/\/cdn.toypek.eu\/images\/tp-img-6-9.png","width":1000,"height":1000},{"@type":"BreadcrumbList","@id":"https:\/\/toypek.eu\/fr\/produit\/cabine-de-douche-portable-en-plastique\/#breadcrumb","itemListElement":[{"@type":"ListItem","position":1,"name":"Home","item":"https:\/\/toypek.eu\/fr\/"},{"@type":"ListItem","position":2,"name":"Boutique","item":"https:\/\/toypek.eu\/fr\/gamme-de-produits\/"},{"@type":"ListItem","position":3,"name":"Cabine de douche portable en plastique"}]},{"@type":"WebSite","@id":"https:\/\/toypek.eu\/fr\/#website","url":"https:\/\/toypek.eu\/fr\/","name":"Toypek","description":"","potentialAction":[{"@type":"SearchAction","target":{"@type":"EntryPoint","urlTemplate":"https:\/\/toypek.eu\/fr\/?s={search_term_string}"},"query-input":{"@type":"PropertyValueSpecification","valueRequired":true,"valueName":"search_term_string"}}],"inLanguage":"fr-FR"}]}},"_links":{"self":[{"href":"https:\/\/toypek.eu\/fr\/wp-json\/wp\/v2\/product\/9854","targetHints":{"allow":["GET"]}}],"collection":[{"href":"https:\/\/toypek.eu\/fr\/wp-json\/wp\/v2\/product"}],"about":[{"href":"https:\/\/toypek.eu\/fr\/wp-json\/wp\/v2\/types\/product"}],"replies":[{"embeddable":true,"href":"https:\/\/toypek.eu\/fr\/wp-json\/wp\/v2\/comments?post=9854"}],"wp:featuredmedia":[{"embeddable":true,"href":"https:\/\/toypek.eu\/fr\/wp-json\/wp\/v2\/media\/14421"}],"wp:attachment":[{"href":"https:\/\/toypek.eu\/fr\/wp-json\/wp\/v2\/media?parent=9854"}],"wp:term":[{"taxonomy":"product_brand","embeddable":true,"href":"https:\/\/toypek.eu\/fr\/wp-json\/wp\/v2\/product_brand?post=9854"},{"taxonomy":"product_cat","embeddable":true,"href":"https:\/\/toypek.eu\/fr\/wp-json\/wp\/v2\/product_cat?post=9854"},{"taxonomy":"product_tag","embeddable":true,"href":"https:\/\/toypek.eu\/fr\/wp-json\/wp\/v2\/product_tag?post=9854"}],"curies":[{"name":"wp","href":"https:\/\/api.w.org\/{rel}","templated":true}]}}